{"id":7205,"date":"2023-02-20T12:31:46","date_gmt":"2023-02-20T11:31:46","guid":{"rendered":"https:\/\/trailsofmenorca.com\/randonnees-privees\/"},"modified":"2026-03-28T11:59:41","modified_gmt":"2026-03-28T10:59:41","slug":"randonnees-privees","status":"publish","type":"page","link":"https:\/\/trailsofmenorca.com\/fr\/randonnees-privees\/","title":{"rendered":"Randonn\u00e9es priv\u00e9es"},"content":{"rendered":"\t\t<div data-elementor-type=\"wp-page\" data-elementor-id=\"7205\" class=\"elementor elementor-7205 elementor-153\" data-elementor-post-type=\"page\">\n\t\t\t\t<div class=\"elementor-element elementor-element-44c6832 e-flex e-con-boxed e-con e-parent\" data-id=\"44c6832\" data-element_type=\"container\" data-e-type=\"container\" data-settings=\"{&quot;background_background&quot;:&quot;classic&quot;}\">\n\t\t\t\t\t<div class=\"e-con-inner\">\n\t\t<div class=\"elementor-element elementor-element-f0b1b80 e-con-full e-flex e-con e-child\" data-id=\"f0b1b80\" data-element_type=\"container\" data-e-type=\"container\">\n\t\t\t\t<div class=\"elementor-element elementor-element-8f7a9a3 elementor-widget elementor-widget-heading\" data-id=\"8f7a9a3\" data-element_type=\"widget\" data-e-type=\"widget\" data-widget_type=\"heading.default\">\n\t\t\t\t<div class=\"elementor-widget-container\">\n\t\t\t\t\t<h2 class=\"elementor-heading-title elementor-size-default\">SENTIERS DE MINORQUE<\/h2>\t\t\t\t<\/div>\n\t\t\t\t<\/div>\n\t\t\t\t<div class=\"elementor-element elementor-element-d855f54 elementor-absolute elementor-widget__width-inherit elementor-widget elementor-widget-heading\" data-id=\"d855f54\" data-element_type=\"widget\" data-e-type=\"widget\" data-settings=\"{&quot;_position&quot;:&quot;absolute&quot;}\" data-widget_type=\"heading.default\">\n\t\t\t\t<div class=\"elementor-widget-container\">\n\t\t\t\t\t<span class=\"elementor-heading-title elementor-size-default\">RANDONN\u00c9ES PRIV\u00c9ES<\/span>\t\t\t\t<\/div>\n\t\t\t\t<\/div>\n\t\t\t\t<\/div>\n\t\t\t\t\t<\/div>\n\t\t\t\t<\/div>\n\t\t<div class=\"elementor-element elementor-element-d92b753 e-flex e-con-boxed e-con e-parent\" data-id=\"d92b753\" data-element_type=\"container\" data-e-type=\"container\">\n\t\t\t\t\t<div class=\"e-con-inner\">\n\t\t<div class=\"elementor-element elementor-element-d6a2533 e-con-full e-flex e-con e-child\" data-id=\"d6a2533\" data-element_type=\"container\" data-e-type=\"container\">\n\t\t\t\t<div class=\"elementor-element elementor-element-97aa793 animated-slow elementor-invisible elementor-widget elementor-widget-heading\" data-id=\"97aa793\" data-element_type=\"widget\" data-e-type=\"widget\" data-settings=\"{&quot;_animation&quot;:&quot;fadeInRight&quot;}\" data-widget_type=\"heading.default\">\n\t\t\t\t<div class=\"elementor-widget-container\">\n\t\t\t\t\t<h2 class=\"elementor-heading-title elementor-size-default\">trois niveaux de difficult\u00e9<\/h2>\t\t\t\t<\/div>\n\t\t\t\t<\/div>\n\t\t\t\t<div class=\"elementor-element elementor-element-0ba038c elementor-widget-tablet__width-initial elementor-widget elementor-widget-text-editor\" data-id=\"0ba038c\" data-element_type=\"widget\" data-e-type=\"widget\" data-widget_type=\"text-editor.default\">\n\t\t\t\t<div class=\"elementor-widget-container\">\n\t\t\t\t\t\t\t\t\t<p>\u00cates-vous pr\u00eat \u00e0 partir \u00e0 la d\u00e9couverte et \u00e0 vous immerger dans les merveilles naturelles intactes de Minorque? Rejoignez-moi pour une exp\u00e9rience de randonn\u00e9e inoubliable! <span style=\"color: var( --e-global-color-text ); font-family: var( --e-global-typography-text-font-family ), Sans-serif; font-size: var( --e-global-typography-text-font-size ); font-weight: var( --e-global-typography-text-font-weight );\">Minorque, joyau au c\u0153ur de la M\u00e9diterran\u00e9e, offre des paysages \u00e9poustouflants, des eaux cristallines et un riche patrimoine culturel qui ne demande qu&rsquo;\u00e0 \u00eatre explor\u00e9!<\/span><\/p><p><strong>Trails of Menorca <\/strong>Il offre aux randonneurs des sentiers c\u00f4tiers \u00e0 couper le souffle, une nature sauvage, des sites historiques, une flore et une faune et des vues \u00e9poustouflantes! Mes sentiers sont divis\u00e9s en 3 niveaux de difficult\u00e9 : <strong>Facile<\/strong>,<strong>mod\u00e9r\u00e9<\/strong> et<strong>difficile<\/strong>. (N&rsquo;h\u00e9sitez pas \u00e0 me contacter pour une \u00e9valuation plus personnelle). <\/p><h5><strong>QUEL EST LE CO\u00dbT D&rsquo;UN SENTIER PRIV\u00c9 ET QU&rsquo;EST-CE QUE VOUS OBTENEZ?<\/strong><\/h5><p class=\"p1\"><span class=\"s1\">Une<strong> visite priv\u00e9e d&rsquo;une demi-journ\u00e9e<\/strong> co\u00fbte  <b>240,00 EUR TVA incluse <\/b>  (pour un groupe de 1 \u00e0 4 personnes ; famille\/amis). Si vous voyagez seul, n&rsquo;h\u00e9sitez pas \u00e0 me contacter.<\/span><\/p><p class=\"p1\"><span style=\"text-decoration: underline;\"><strong><span class=\"s1\">Exceptions de prix: <\/span><\/strong><\/span><\/p><p class=\"p1\"><span class=\"s1\">Co\u00fbt de la <strong>visite<\/strong> \u00a0\u00bb <strong>Sunrise &#8211; Easy<\/strong> \u00a0\u00bb et de la <strong>visite \u00ab\u00a0Sunset &#8211; Easy\u00a0\u00bb<\/strong>.  <b>170,00 EUR TTC <\/b>  chacun  <\/span><span class=\"s1\">(pour un groupe de 1 \u00e0 4 personnes ; famille\/amis)<\/span><\/p><p class=\"p1\"><span class=\"s1\"><strong>Veuillez v\u00e9rifier sur chaque circuit ce qui est inclus et ce que vous pouvez apporter.  <\/strong><\/span><strong style=\"color: var( --e-global-color-text ); font-family: var( --e-global-typography-text-font-family ), Sans-serif; font-size: var( --e-global-typography-text-font-size );\">Il suffit d&rsquo;aller en haut de cette page et de consulter la rubrique \u00ab\u00a0Randonn\u00e9es priv\u00e9es\u00a0\u00bb.<\/strong><\/p><p>L&rsquo;heure de d\u00e9but d\u00e9pend de la p\u00e9riode de l&rsquo;ann\u00e9e (en \u00e9t\u00e9 \u00e0 8h00, en hiver plus tard sur demande). Nous pouvons convenir d&rsquo;une heure avec vous. <\/p><p class=\"p1\"><span style=\"text-decoration: underline;\"><span class=\"s1\">Ceci est g\u00e9n\u00e9ralement inclus dans la <strong>randonn\u00e9e priv\u00e9e:<\/strong><\/span><\/span><\/p><ul class=\"ul1\"><li class=\"li1\"><span class=\"s1\">Visite enti\u00e8rement priv\u00e9e: seulement vous et vos amis\/famille (jusqu&rsquo;\u00e0 4 personnes)<\/span><\/li><li class=\"li1\"><span class=\"s1\">Prise en charge et retour \u00e0 votre h\u00e9bergement (ou \u00e0 l&rsquo;endroit convenu)<\/span><\/li><li class=\"li1\"><span class=\"s1\">Un guide professionnel certifi\u00e9, \u00e9quip\u00e9 de mat\u00e9riel de premiers secours, d&rsquo;un t\u00e9l\u00e9phone satellite et d&rsquo;un d\u00e9fibrillateur, qui parle allemand et anglais (plus un peu de fran\u00e7ais et d&rsquo;espagnol).<\/span><\/li><li class=\"li1\"><span class=\"s1\">Bouteilles d&rsquo;eau et fruits frais<\/span><\/li><li class=\"li1\"><span style=\"background-color: transparent;\">Photos et vid\u00e9os<\/span><\/li><li class=\"li1\"><span class=\"s1\">Activit\u00e9s ludiques pour les enfants<\/span><\/li><li class=\"li1\"><span class=\"s1\">Billets d&rsquo;entr\u00e9e, si n\u00e9cessaire<\/span><\/li><li class=\"li1\"><span class=\"s1\">Emprunt de mat\u00e9riel de randonn\u00e9e et de plong\u00e9e, d&rsquo;un sac \u00e0 dos et d&rsquo;une serviette de bain<\/span><\/li><li class=\"li1\"><span class=\"s1\">Une pochette hygi\u00e9nique<\/span><\/li><\/ul><p class=\"p1\"><strong> <\/strong><\/p><h2 class=\"p1\"><strong>COMMENT R\u00c9SERVER<\/strong><\/h2><p class=\"p1\">Si vous souhaitez r\u00e9server une randonn\u00e9e priv\u00e9e, choisissez votre randonn\u00e9e pr\u00e9f\u00e9r\u00e9e, cliquez sur le bouton <strong>\u00ab\u00a0Je suis int\u00e9ress\u00e9<\/strong>\u00a0\u00bb et remplissez le formulaire de contact. Je r\u00e9pondrai \u00e0 votre demande dans les plus brefs d\u00e9lais. <\/p>\t\t\t\t\t\t\t\t<\/div>\n\t\t\t\t<\/div>\n\t\t\t\t<\/div>\n\t\t<div class=\"elementor-element elementor-element-1762653 e-con-full e-flex e-con e-child\" data-id=\"1762653\" data-element_type=\"container\" data-e-type=\"container\">\n\t\t\t\t<div class=\"elementor-element elementor-element-b7b84e3 elementor-hidden-tablet elementor-hidden-mobile elementor-absolute elementor-widget elementor-widget-image\" data-id=\"b7b84e3\" data-element_type=\"widget\" data-e-type=\"widget\" data-settings=\"{&quot;_position&quot;:&quot;absolute&quot;}\" data-widget_type=\"image.default\">\n\t\t\t\t<div class=\"elementor-widget-container\">\n\t\t\t\t\t\t\t\t\t\t\t\t\t\t\t<img fetchpriority=\"high\" decoding=\"async\" width=\"1919\" height=\"2560\" src=\"https:\/\/trailsofmenorca.com\/wp-content\/uploads\/2024\/12\/Red-Rock_13.jpg\" class=\"elementor-animation-float attachment-full size-full wp-image-5412\" alt=\"\" srcset=\"https:\/\/trailsofmenorca.com\/wp-content\/uploads\/2024\/12\/Red-Rock_13.jpg 1919w, https:\/\/trailsofmenorca.com\/wp-content\/uploads\/2024\/12\/Red-Rock_13-225x300.jpg 225w, https:\/\/trailsofmenorca.com\/wp-content\/uploads\/2024\/12\/Red-Rock_13-768x1025.jpg 768w, https:\/\/trailsofmenorca.com\/wp-content\/uploads\/2024\/12\/Red-Rock_13-1151x1536.jpg 1151w, https:\/\/trailsofmenorca.com\/wp-content\/uploads\/2024\/12\/Red-Rock_13-1535x2048.jpg 1535w\" sizes=\"(max-width: 1919px) 100vw, 1919px\" \/>\t\t\t\t\t\t\t\t\t\t\t\t\t\t\t<\/div>\n\t\t\t\t<\/div>\n\t\t\t\t<\/div>\n\t\t<div class=\"elementor-element elementor-element-8b90e26 e-con-full e-flex e-con e-child\" data-id=\"8b90e26\" data-element_type=\"container\" data-e-type=\"container\">\n\t\t\t\t<div class=\"elementor-element elementor-element-f255126 elementor-widget elementor-widget-image\" data-id=\"f255126\" data-element_type=\"widget\" data-e-type=\"widget\" data-widget_type=\"image.default\">\n\t\t\t\t<div class=\"elementor-widget-container\">\n\t\t\t\t\t\t\t\t\t\t\t\t\t\t\t<img decoding=\"async\" width=\"741\" height=\"1024\" src=\"https:\/\/trailsofmenorca.com\/wp-content\/uploads\/2025\/08\/IMG_2362-1-741x1024.jpg\" class=\"attachment-large size-large wp-image-12212\" alt=\"\" srcset=\"https:\/\/trailsofmenorca.com\/wp-content\/uploads\/2025\/08\/IMG_2362-1-741x1024.jpg 741w, https:\/\/trailsofmenorca.com\/wp-content\/uploads\/2025\/08\/IMG_2362-1-217x300.jpg 217w, https:\/\/trailsofmenorca.com\/wp-content\/uploads\/2025\/08\/IMG_2362-1-768x1061.jpg 768w, https:\/\/trailsofmenorca.com\/wp-content\/uploads\/2025\/08\/IMG_2362-1-1112x1536.jpg 1112w, https:\/\/trailsofmenorca.com\/wp-content\/uploads\/2025\/08\/IMG_2362-1.jpg 1179w\" sizes=\"(max-width: 741px) 100vw, 741px\" \/>\t\t\t\t\t\t\t\t\t\t\t\t\t\t\t<\/div>\n\t\t\t\t<\/div>\n\t\t\t\t<\/div>\n\t\t\t\t\t<\/div>\n\t\t\t\t<\/div>\n\t\t\t\t<\/div>\n\t\t","protected":false},"excerpt":{"rendered":"<p>SENTIERS DE MENORQUE RANDONN\u00c9ES PRIV\u00c9ES trois niveaux de difficult\u00e9 \u00cates-vous pr\u00eat \u00e0 partir \u00e0 la d\u00e9couverte et \u00e0 vous immerger dans les merveilles naturelles intactes de Minorque? Rejoignez-moi pour une exp\u00e9rience de randonn\u00e9e inoubliable! Minorque, joyau au c\u0153ur de la M\u00e9diterran\u00e9e, offre des paysages \u00e9poustouflants, des eaux cristallines et un riche patrimoine culturel qui ne [&hellip;]<\/p>\n","protected":false},"author":1,"featured_media":0,"parent":0,"menu_order":0,"comment_status":"closed","ping_status":"closed","template":"elementor_header_footer","meta":{"_joinchat":[],"footnotes":""},"class_list":["post-7205","page","type-page","status-publish","hentry"],"_links":{"self":[{"href":"https:\/\/trailsofmenorca.com\/fr\/wp-json\/wp\/v2\/pages\/7205","targetHints":{"allow":["GET"]}}],"collection":[{"href":"https:\/\/trailsofmenorca.com\/fr\/wp-json\/wp\/v2\/pages"}],"about":[{"href":"https:\/\/trailsofmenorca.com\/fr\/wp-json\/wp\/v2\/types\/page"}],"author":[{"embeddable":true,"href":"https:\/\/trailsofmenorca.com\/fr\/wp-json\/wp\/v2\/users\/1"}],"replies":[{"embeddable":true,"href":"https:\/\/trailsofmenorca.com\/fr\/wp-json\/wp\/v2\/comments?post=7205"}],"version-history":[{"count":0,"href":"https:\/\/trailsofmenorca.com\/fr\/wp-json\/wp\/v2\/pages\/7205\/revisions"}],"wp:attachment":[{"href":"https:\/\/trailsofmenorca.com\/fr\/wp-json\/wp\/v2\/media?parent=7205"}],"curies":[{"name":"wp","href":"https:\/\/api.w.org\/{rel}","templated":true}]}}