{"id":7092,"date":"2024-01-31T10:52:23","date_gmt":"2024-01-31T09:52:23","guid":{"rendered":"https:\/\/trailsofmenorca.com\/le-cami-de-cavalls\/"},"modified":"2026-02-20T15:20:21","modified_gmt":"2026-02-20T14:20:21","slug":"le-cami-de-cavalls","status":"publish","type":"page","link":"https:\/\/trailsofmenorca.com\/fr\/le-cami-de-cavalls\/","title":{"rendered":"Le Cam\u00ed de Cavalls"},"content":{"rendered":"\t\t<div data-elementor-type=\"wp-page\" data-elementor-id=\"7092\" class=\"elementor elementor-7092 elementor-1695\" data-elementor-post-type=\"page\">\n\t\t\t\t<div class=\"elementor-element elementor-element-96932c3 e-flex e-con-boxed e-con e-parent\" data-id=\"96932c3\" data-element_type=\"container\" data-e-type=\"container\" data-settings=\"{&quot;background_background&quot;:&quot;classic&quot;}\">\n\t\t\t\t\t<div class=\"e-con-inner\">\n\t\t<div class=\"elementor-element elementor-element-0e6a98b e-con-full e-flex e-con e-child\" data-id=\"0e6a98b\" data-element_type=\"container\" data-e-type=\"container\">\n\t\t\t\t<div class=\"elementor-element elementor-element-7ff6cff elementor-widget elementor-widget-heading\" data-id=\"7ff6cff\" data-element_type=\"widget\" data-e-type=\"widget\" data-widget_type=\"heading.default\">\n\t\t\t\t<div class=\"elementor-widget-container\">\n\t\t\t\t\t<h2 class=\"elementor-heading-title elementor-size-default\">185 km de beaut\u00e9 pure<\/h2>\t\t\t\t<\/div>\n\t\t\t\t<\/div>\n\t\t\t\t<div class=\"elementor-element elementor-element-c1aa375 elementor-absolute elementor-widget__width-inherit elementor-widget elementor-widget-heading\" data-id=\"c1aa375\" data-element_type=\"widget\" data-e-type=\"widget\" data-settings=\"{&quot;_position&quot;:&quot;absolute&quot;}\" data-widget_type=\"heading.default\">\n\t\t\t\t<div class=\"elementor-widget-container\">\n\t\t\t\t\t<span class=\"elementor-heading-title elementor-size-default\">Le Cam\u00ed de Cavalls<\/span>\t\t\t\t<\/div>\n\t\t\t\t<\/div>\n\t\t\t\t<\/div>\n\t\t\t\t\t<\/div>\n\t\t\t\t<\/div>\n\t\t<div class=\"elementor-element elementor-element-d725fbd e-flex e-con-boxed e-con e-parent\" data-id=\"d725fbd\" data-element_type=\"container\" data-e-type=\"container\">\n\t\t\t\t\t<div class=\"e-con-inner\">\n\t\t<div class=\"elementor-element elementor-element-67763da e-con-full e-flex e-con e-child\" data-id=\"67763da\" data-element_type=\"container\" data-e-type=\"container\">\n\t\t\t\t<div class=\"elementor-element elementor-element-b14b194 elementor-widget elementor-widget-image\" data-id=\"b14b194\" data-element_type=\"widget\" data-e-type=\"widget\" data-settings=\"{&quot;motion_fx_motion_fx_scrolling&quot;:&quot;yes&quot;,&quot;motion_fx_translateY_effect&quot;:&quot;yes&quot;,&quot;motion_fx_translateY_speed&quot;:{&quot;unit&quot;:&quot;px&quot;,&quot;size&quot;:&quot;2&quot;,&quot;sizes&quot;:[]},&quot;motion_fx_devices&quot;:[&quot;desktop&quot;],&quot;motion_fx_translateY_affectedRange&quot;:{&quot;unit&quot;:&quot;%&quot;,&quot;size&quot;:&quot;&quot;,&quot;sizes&quot;:{&quot;start&quot;:0,&quot;end&quot;:100}}}\" data-widget_type=\"image.default\">\n\t\t\t\t<div class=\"elementor-widget-container\">\n\t\t\t\t\t\t\t\t\t\t\t\t\t\t\t<img fetchpriority=\"high\" decoding=\"async\" width=\"634\" height=\"951\" src=\"https:\/\/trailsofmenorca.com\/wp-content\/uploads\/2024\/09\/TrailsCami1-1.jpg\" class=\"attachment-full size-full wp-image-6351\" alt=\"\" srcset=\"https:\/\/trailsofmenorca.com\/wp-content\/uploads\/2024\/09\/TrailsCami1-1.jpg 634w, https:\/\/trailsofmenorca.com\/wp-content\/uploads\/2024\/09\/TrailsCami1-1-200x300.jpg 200w\" sizes=\"(max-width: 634px) 100vw, 634px\" \/>\t\t\t\t\t\t\t\t\t\t\t\t\t\t\t<\/div>\n\t\t\t\t<\/div>\n\t\t\t\t<\/div>\n\t\t<div class=\"elementor-element elementor-element-e1ad991 e-con-full e-flex e-con e-child\" data-id=\"e1ad991\" data-element_type=\"container\" data-e-type=\"container\">\n\t\t<div class=\"elementor-element elementor-element-0dd8a1b e-con-full e-flex e-con e-child\" data-id=\"0dd8a1b\" data-element_type=\"container\" data-e-type=\"container\">\n\t\t<div class=\"elementor-element elementor-element-351c59e e-con-full e-flex e-con e-child\" data-id=\"351c59e\" data-element_type=\"container\" data-e-type=\"container\">\n\t\t\t\t<div class=\"elementor-element elementor-element-c44ddfc elementor-widget elementor-widget-image\" data-id=\"c44ddfc\" data-element_type=\"widget\" data-e-type=\"widget\" data-settings=\"{&quot;motion_fx_motion_fx_scrolling&quot;:&quot;yes&quot;,&quot;motion_fx_translateY_effect&quot;:&quot;yes&quot;,&quot;motion_fx_translateY_direction&quot;:&quot;negative&quot;,&quot;motion_fx_translateY_speed&quot;:{&quot;unit&quot;:&quot;px&quot;,&quot;size&quot;:&quot;0.5&quot;,&quot;sizes&quot;:[]},&quot;motion_fx_translateY_affectedRange&quot;:{&quot;unit&quot;:&quot;%&quot;,&quot;size&quot;:&quot;&quot;,&quot;sizes&quot;:{&quot;start&quot;:&quot;0&quot;,&quot;end&quot;:&quot;30&quot;}},&quot;motion_fx_devices&quot;:[&quot;desktop&quot;]}\" data-widget_type=\"image.default\">\n\t\t\t\t<div class=\"elementor-widget-container\">\n\t\t\t\t\t\t\t\t\t\t\t\t\t\t\t<img decoding=\"async\" width=\"768\" height=\"1024\" src=\"https:\/\/trailsofmenorca.com\/wp-content\/uploads\/2024\/09\/TrailsCami2.jpg\" class=\"attachment-full size-full wp-image-6354\" alt=\"\" srcset=\"https:\/\/trailsofmenorca.com\/wp-content\/uploads\/2024\/09\/TrailsCami2.jpg 768w, https:\/\/trailsofmenorca.com\/wp-content\/uploads\/2024\/09\/TrailsCami2-225x300.jpg 225w\" sizes=\"(max-width: 768px) 100vw, 768px\" \/>\t\t\t\t\t\t\t\t\t\t\t\t\t\t\t<\/div>\n\t\t\t\t<\/div>\n\t\t\t\t<div class=\"elementor-element elementor-element-1a45d1f elementor-widget elementor-widget-image\" data-id=\"1a45d1f\" data-element_type=\"widget\" data-e-type=\"widget\" data-settings=\"{&quot;motion_fx_motion_fx_scrolling&quot;:&quot;yes&quot;,&quot;motion_fx_translateY_effect&quot;:&quot;yes&quot;,&quot;motion_fx_translateY_speed&quot;:{&quot;unit&quot;:&quot;px&quot;,&quot;size&quot;:&quot;1&quot;,&quot;sizes&quot;:[]},&quot;motion_fx_devices&quot;:[&quot;desktop&quot;],&quot;motion_fx_translateY_affectedRange&quot;:{&quot;unit&quot;:&quot;%&quot;,&quot;size&quot;:&quot;&quot;,&quot;sizes&quot;:{&quot;start&quot;:0,&quot;end&quot;:100}}}\" data-widget_type=\"image.default\">\n\t\t\t\t<div class=\"elementor-widget-container\">\n\t\t\t\t\t\t\t\t\t\t\t\t\t\t\t<img decoding=\"async\" width=\"1367\" height=\"873\" src=\"https:\/\/trailsofmenorca.com\/wp-content\/uploads\/2024\/10\/IMG_5785_horses-Menorca_v2.jpg\" class=\"attachment-1536x1536 size-1536x1536 wp-image-6360\" alt=\"\" srcset=\"https:\/\/trailsofmenorca.com\/wp-content\/uploads\/2024\/10\/IMG_5785_horses-Menorca_v2.jpg 1367w, https:\/\/trailsofmenorca.com\/wp-content\/uploads\/2024\/10\/IMG_5785_horses-Menorca_v2-300x192.jpg 300w, https:\/\/trailsofmenorca.com\/wp-content\/uploads\/2024\/10\/IMG_5785_horses-Menorca_v2-1024x654.jpg 1024w, https:\/\/trailsofmenorca.com\/wp-content\/uploads\/2024\/10\/IMG_5785_horses-Menorca_v2-768x490.jpg 768w\" sizes=\"(max-width: 1367px) 100vw, 1367px\" \/>\t\t\t\t\t\t\t\t\t\t\t\t\t\t\t<\/div>\n\t\t\t\t<\/div>\n\t\t\t\t<\/div>\n\t\t<div class=\"elementor-element elementor-element-0eb2efa e-con-full e-flex e-con e-child\" data-id=\"0eb2efa\" data-element_type=\"container\" data-e-type=\"container\">\n\t\t\t\t<div class=\"elementor-element elementor-element-7b52ef2 elementor-widget elementor-widget-heading\" data-id=\"7b52ef2\" data-element_type=\"widget\" data-e-type=\"widget\" data-widget_type=\"heading.default\">\n\t\t\t\t<div class=\"elementor-widget-container\">\n\t\t\t\t\t<h2 class=\"elementor-heading-title elementor-size-small\">Pass\u00e9 et pr\u00e9sent du Cam\u00ed de Cavalls<\/h2>\t\t\t\t<\/div>\n\t\t\t\t<\/div>\n\t\t\t\t<div class=\"elementor-element elementor-element-2e9b248 elementor-widget elementor-widget-text-editor\" data-id=\"2e9b248\" data-element_type=\"widget\" data-e-type=\"widget\" data-widget_type=\"text-editor.default\">\n\t\t\t\t<div class=\"elementor-widget-container\">\n\t\t\t\t\t\t\t\t\t<p class=\"s15\">Depuis la conqu\u00eate catalane en 1287, Minorque abrite ce que l&rsquo;on appelle les \u00ab\u00a0<b>caballeries<\/b>\u00ab\u00a0, de grands domaines \u00e0 caract\u00e8re f\u00e9odal dont les b\u00e9n\u00e9ficiaires percevaient un loyer qui leur permettait d&rsquo;entretenir des chevaliers pour <b>prot\u00e9ger l&rsquo;\u00eele.<\/b>&nbsp;<\/p>\n<p class=\"s15\">L&rsquo;existence de domaines priv\u00e9s \u00e0 Minorque s&rsquo;est maintenue jusqu&rsquo;\u00e0 nos jours et il y a encore des propri\u00e9taires avec des titres de noblesse. Au XIVe si\u00e8cle, le <span class=\"s7\">Cam\u00ed<\/span> de Cavalls (Chemin des chevaux), <b>un sentier longeant toute la c\u00f4te de Menorca<\/b>, se dessinait d\u00e9j\u00e0, puisqu&rsquo;il permettait d&rsquo;acc\u00e9der \u00e0 la plupart des criques et des plages. Mais ce n&rsquo;est qu&rsquo;au XVIIe si\u00e8cle qu&rsquo;il est mentionn\u00e9 par \u00e9crit comme le chemin du tour de l&rsquo;\u00eele de Minorque.  <\/p>\n<p class=\"s15\">L<b>&lsquo;objectif de cette route<\/b> a toujours \u00e9t\u00e9 de fournir aux militaires ou au gouvernement un itin\u00e9raire de patrouille pour <b>surveiller l&rsquo;ensemble de la c\u00f4te<\/b>. Au fil du temps, une vingtaine de tours de d\u00e9fense ont \u00e9t\u00e9 construites, dont certaines sont encore en tr\u00e8s bon \u00e9tat aujourd&rsquo;hui, tandis que d&rsquo;autres ne subsistent pratiquement plus. &nbsp;<\/p>\n<p class=\"s15\">Le fait qu&rsquo;il y ait <b>sept phares<\/b> prouve \u00e0 quel point l&rsquo;\u00eele \u00e9tait dangereuse pour la navigation. Cela est d\u00fb \u00e0 la c\u00f4te accident\u00e9e, pleine de criques, de falaises et de c\u00f4tes escarp\u00e9es. <\/p>\n<p>Le <span class=\"s7\">Cam\u00ed<\/span> de Cavalls n&rsquo;\u00e9tait pas seulement utilis\u00e9 \u00e0 des fins militaires, mais aussi pour les habitants de l&rsquo;\u00eele, qui b\u00e9n\u00e9ficiaient toujours d&rsquo;un passage gratuit. <b>Le droit de passage a \u00e9t\u00e9 pr\u00e9serv\u00e9 jusqu&rsquo;\u00e0 aujourd&rsquo;hui<\/b>.  Peu utilis\u00e9 au d\u00e9but du XXe si\u00e8cle, il s&rsquo;est peu \u00e0 peu d\u00e9grad\u00e9. Dans les ann\u00e9es 1980, les habitants de Minorque ont commenc\u00e9 \u00e0 prendre conscience de la valeur de leur patrimoine naturel et culturel. Une loi a \u00e9t\u00e9 adopt\u00e9e <b>pour ouvrir ce sentier \u00e0 tous<\/b>.  &nbsp;<\/p><p>En 2009, l&rsquo;\u00e9quipe technique du conseil insulaire de Minorque a achev\u00e9 la premi\u00e8re phase de mise en \u0153uvre pour faire du <span class=\"s7\">Cam\u00ed<\/span> de Cavalls le \u00ab\u00a0<b>sentier de grande randonn\u00e9e 223<\/b>\u00ab\u00a0. Aujourd&rsquo;hui encore, le conseil insulaire est responsable de l&rsquo;entretien et de la gestion des tron\u00e7ons de l&rsquo;itin\u00e9raire. <\/p>\t\t\t\t\t\t\t\t<\/div>\n\t\t\t\t<\/div>\n\t\t\t\t<div class=\"elementor-element elementor-element-ec1c534 elementor-align-left elementor-mobile-align-left elementor-widget__width-inherit elementor-widget elementor-widget-button\" data-id=\"ec1c534\" data-element_type=\"widget\" data-e-type=\"widget\" data-widget_type=\"button.default\">\n\t\t\t\t<div class=\"elementor-widget-container\">\n\t\t\t\t\t\t\t\t\t<div class=\"elementor-button-wrapper\">\n\t\t\t\t\t<a class=\"elementor-button elementor-button-link elementor-size-sm\" href=\"https:\/\/trailsofmenorca.com\/fr\/plus-dinformations-cami-de-cavalls\/\">\n\t\t\t\t\t\t<span class=\"elementor-button-content-wrapper\">\n\t\t\t\t\t\t\t\t\t<span class=\"elementor-button-text\">PLUS D'INFOS et comment r\u00e9server<\/span>\n\t\t\t\t\t<\/span>\n\t\t\t\t\t<\/a>\n\t\t\t\t<\/div>\n\t\t\t\t\t\t\t\t<\/div>\n\t\t\t\t<\/div>\n\t\t\t\t<\/div>\n\t\t\t\t<\/div>\n\t\t\t\t<\/div>\n\t\t\t\t\t<\/div>\n\t\t\t\t<\/div>\n\t\t\t\t<section class=\"elementor-section elementor-top-section elementor-element elementor-element-5c8ee90 elementor-section-boxed elementor-section-height-default elementor-section-height-default\" data-id=\"5c8ee90\" data-element_type=\"section\" data-e-type=\"section\">\n\t\t\t\t\t\t<div class=\"elementor-container elementor-column-gap-default\">\n\t\t\t\t\t<div class=\"elementor-column elementor-col-100 elementor-top-column elementor-element elementor-element-990d4e1\" data-id=\"990d4e1\" data-element_type=\"column\" data-e-type=\"column\">\n\t\t\t<div class=\"elementor-widget-wrap elementor-element-populated\">\n\t\t\t\t\t\t<div class=\"elementor-element elementor-element-0d4d570 elementor-widget elementor-widget-spacer\" data-id=\"0d4d570\" data-element_type=\"widget\" data-e-type=\"widget\" data-widget_type=\"spacer.default\">\n\t\t\t\t<div class=\"elementor-widget-container\">\n\t\t\t\t\t\t\t<div class=\"elementor-spacer\">\n\t\t\t<div class=\"elementor-spacer-inner\"><\/div>\n\t\t<\/div>\n\t\t\t\t\t\t<\/div>\n\t\t\t\t<\/div>\n\t\t\t\t\t<\/div>\n\t\t<\/div>\n\t\t\t\t\t<\/div>\n\t\t<\/section>\n\t\t\t\t<\/div>\n\t\t","protected":false},"excerpt":{"rendered":"<p>185 km de beaut\u00e9 pure Le Cam\u00ed de Cavalls Pass\u00e9 et pr\u00e9sent du Cam\u00ed de Cavalls Depuis la conqu\u00eate catalane en 1287, Minorque abrite ce que l&rsquo;on appelle les \u00ab\u00a0caballeries\u00ab\u00a0, de grands domaines \u00e0 caract\u00e8re f\u00e9odal dont les b\u00e9n\u00e9ficiaires percevaient un loyer qui leur permettait d&rsquo;entretenir des chevaliers pour prot\u00e9ger l&rsquo;\u00eele.&nbsp; L&rsquo;existence de domaines priv\u00e9s [&hellip;]<\/p>\n","protected":false},"author":1,"featured_media":0,"parent":0,"menu_order":0,"comment_status":"closed","ping_status":"closed","template":"elementor_header_footer","meta":{"_joinchat":[],"footnotes":""},"class_list":["post-7092","page","type-page","status-publish","hentry"],"_links":{"self":[{"href":"https:\/\/trailsofmenorca.com\/fr\/wp-json\/wp\/v2\/pages\/7092","targetHints":{"allow":["GET"]}}],"collection":[{"href":"https:\/\/trailsofmenorca.com\/fr\/wp-json\/wp\/v2\/pages"}],"about":[{"href":"https:\/\/trailsofmenorca.com\/fr\/wp-json\/wp\/v2\/types\/page"}],"author":[{"embeddable":true,"href":"https:\/\/trailsofmenorca.com\/fr\/wp-json\/wp\/v2\/users\/1"}],"replies":[{"embeddable":true,"href":"https:\/\/trailsofmenorca.com\/fr\/wp-json\/wp\/v2\/comments?post=7092"}],"version-history":[{"count":0,"href":"https:\/\/trailsofmenorca.com\/fr\/wp-json\/wp\/v2\/pages\/7092\/revisions"}],"wp:attachment":[{"href":"https:\/\/trailsofmenorca.com\/fr\/wp-json\/wp\/v2\/media?parent=7092"}],"curies":[{"name":"wp","href":"https:\/\/api.w.org\/{rel}","templated":true}]}}