{"id":7053,"date":"2023-09-05T14:52:40","date_gmt":"2023-09-05T12:52:40","guid":{"rendered":"https:\/\/trailsofmenorca.com\/conditions-generales-dutilisation\/"},"modified":"2025-02-13T18:11:31","modified_gmt":"2025-02-13T17:11:31","slug":"conditions-generales-dutilisation","status":"publish","type":"page","link":"https:\/\/trailsofmenorca.com\/fr\/conditions-generales-dutilisation\/","title":{"rendered":"Conditions g\u00e9n\u00e9rales d&rsquo;utilisation"},"content":{"rendered":"\t\t<div data-elementor-type=\"wp-page\" data-elementor-id=\"7053\" class=\"elementor elementor-7053 elementor-1124\" data-elementor-post-type=\"page\">\n\t\t\t\t\t\t<section class=\"elementor-section elementor-top-section elementor-element elementor-element-7d8163b elementor-section-boxed elementor-section-height-default elementor-section-height-default\" data-id=\"7d8163b\" data-element_type=\"section\" data-e-type=\"section\" data-settings=\"{&quot;background_background&quot;:&quot;classic&quot;}\">\n\t\t\t\t\t\t\t<div class=\"elementor-background-overlay\"><\/div>\n\t\t\t\t\t\t\t<div class=\"elementor-container elementor-column-gap-default\">\n\t\t\t\t\t<div class=\"elementor-column elementor-col-100 elementor-top-column elementor-element elementor-element-1a37969\" data-id=\"1a37969\" data-element_type=\"column\" data-e-type=\"column\">\n\t\t\t<div class=\"elementor-widget-wrap elementor-element-populated\">\n\t\t\t\t\t\t<div class=\"elementor-element elementor-element-5db4387 elementor-widget elementor-widget-heading\" data-id=\"5db4387\" data-element_type=\"widget\" data-e-type=\"widget\" data-widget_type=\"heading.default\">\n\t\t\t\t<div class=\"elementor-widget-container\">\n\t\t\t\t\t<h2 class=\"elementor-heading-title elementor-size-default\">conditions g\u00e9n\u00e9rales<\/h2>\t\t\t\t<\/div>\n\t\t\t\t<\/div>\n\t\t\t\t<div class=\"elementor-element elementor-element-a60189c elementor-absolute elementor-widget elementor-widget-heading\" data-id=\"a60189c\" data-element_type=\"widget\" data-e-type=\"widget\" data-settings=\"{&quot;_position&quot;:&quot;absolute&quot;}\" data-widget_type=\"heading.default\">\n\t\t\t\t<div class=\"elementor-widget-container\">\n\t\t\t\t\t<span class=\"elementor-heading-title elementor-size-default\">Conditions g\u00e9n\u00e9rales<\/span>\t\t\t\t<\/div>\n\t\t\t\t<\/div>\n\t\t\t\t\t<\/div>\n\t\t<\/div>\n\t\t\t\t\t<\/div>\n\t\t<\/section>\n\t\t\t\t<section class=\"elementor-section elementor-top-section elementor-element elementor-element-d998051 elementor-section-boxed elementor-section-height-default elementor-section-height-default\" data-id=\"d998051\" data-element_type=\"section\" data-e-type=\"section\">\n\t\t\t\t\t\t<div class=\"elementor-container elementor-column-gap-default\">\n\t\t\t\t\t<div class=\"elementor-column elementor-col-100 elementor-top-column elementor-element elementor-element-c498e7d\" data-id=\"c498e7d\" data-element_type=\"column\" data-e-type=\"column\">\n\t\t\t<div class=\"elementor-widget-wrap elementor-element-populated\">\n\t\t\t\t\t\t<div class=\"elementor-element elementor-element-38a5bc4 elementor-widget elementor-widget-spacer\" data-id=\"38a5bc4\" data-element_type=\"widget\" data-e-type=\"widget\" data-widget_type=\"spacer.default\">\n\t\t\t\t<div class=\"elementor-widget-container\">\n\t\t\t\t\t\t\t<div class=\"elementor-spacer\">\n\t\t\t<div class=\"elementor-spacer-inner\"><\/div>\n\t\t<\/div>\n\t\t\t\t\t\t<\/div>\n\t\t\t\t<\/div>\n\t\t\t\t<div class=\"elementor-element elementor-element-cde2426 elementor-widget elementor-widget-text-editor\" data-id=\"cde2426\" data-element_type=\"widget\" data-e-type=\"widget\" data-widget_type=\"text-editor.default\">\n\t\t\t\t<div class=\"elementor-widget-container\">\n\t\t\t\t\t\t\t\t\t<div class=\"page\" title=\"Page 1\"><div class=\"layoutArea\"><div class=\"column\"><p><strong>Trails of Menorca<\/strong><\/p><p><strong>Trails of Menorca\u00a0\u00bb est une entreprise individuelle de droit allemand, dont le si\u00e8ge social est situ\u00e9 \u00e0 83126 Flintsbach am Inn, Allemagne. <\/strong> <\/p><\/div><\/div><\/div>\t\t\t\t\t\t\t\t<\/div>\n\t\t\t\t<\/div>\n\t\t\t\t\t<\/div>\n\t\t<\/div>\n\t\t\t\t\t<\/div>\n\t\t<\/section>\n\t\t\t\t<section class=\"elementor-section elementor-top-section elementor-element elementor-element-4148c5c elementor-section-boxed elementor-section-height-default elementor-section-height-default\" data-id=\"4148c5c\" data-element_type=\"section\" data-e-type=\"section\">\n\t\t\t\t\t\t<div class=\"elementor-container elementor-column-gap-default\">\n\t\t\t\t\t<div class=\"elementor-column elementor-col-100 elementor-top-column elementor-element elementor-element-43a16cd\" data-id=\"43a16cd\" data-element_type=\"column\" data-e-type=\"column\">\n\t\t\t<div class=\"elementor-widget-wrap elementor-element-populated\">\n\t\t\t\t\t\t<div class=\"elementor-element elementor-element-9191f32 elementor-widget elementor-widget-text-editor\" data-id=\"9191f32\" data-element_type=\"widget\" data-e-type=\"widget\" data-widget_type=\"text-editor.default\">\n\t\t\t\t<div class=\"elementor-widget-container\">\n\t\t\t\t\t\t\t\t\t<div class=\"page\" title=\"Page 1\"><div class=\"layoutArea\"><div class=\"column\"><p>Salutations de Trails of Menorca! Nous sommes ravis de vous accueillir alors que nous nous lan\u00e7ons ensemble dans l&rsquo;exploration et l&rsquo;aventure. Notre volont\u00e9 d&rsquo;offrir des exp\u00e9riences de randonn\u00e9e m\u00e9morables va de pair avec la clart\u00e9 et la transparence de tous les aspects de notre activit\u00e9. C&rsquo;est pourquoi nous avons cr\u00e9\u00e9 cette page de conditions g\u00e9n\u00e9rales afin d&rsquo;\u00e9tablir une base solide pour notre relation avec vous, notre compagnon d&rsquo;aventure.   <\/p><p>Avant de lacer vos chaussures et de partir sur les sentiers avec nous, nous vous demandons de prendre un moment pour vous familiariser avec les conditions g\u00e9n\u00e9rales d\u00e9crites ici. Ces conditions r\u00e9gissent vos interactions avec notre entreprise, y compris la r\u00e9servation de randonn\u00e9es, l&rsquo;utilisation de notre site web et l&rsquo;utilisation de nos services. En vous engageant avec nous, vous reconnaissez et acceptez de respecter ces conditions.  <\/p><p>\u00c0 Trails of Menorca, nous sommes passionn\u00e9s par le partage des merveilles des grands espaces avec vous. Les pr\u00e9sentes conditions g\u00e9n\u00e9rales refl\u00e8tent non seulement notre engagement \u00e0 garantir une exp\u00e9rience s\u00fbre et agr\u00e9able, mais aussi notre volont\u00e9 de traiter nos aventuriers avec respect et \u00e9quit\u00e9. <\/p><p>Le d\u00e9veloppement du tourisme durable n\u00e9cessite une perspective holistique dans le but d&rsquo;am\u00e9liorer la qualit\u00e9 de vie des habitants et des visiteurs. Il s&rsquo;agit de pr\u00e9server les bases naturelles de la vie, de combiner les besoins des visiteurs et des habitants avec ceux de la conservation de la nature et de la protection de l&rsquo;environnement, et de s&rsquo;efforcer d&rsquo;atteindre un d\u00e9veloppement socialement acceptable \u00e0 long terme avec une forte valeur ajout\u00e9e r\u00e9gionale. <\/p><p>Si vous avez des questions ou si vous souhaitez obtenir des \u00e9claircissements sur l&rsquo;une ou l&rsquo;autre partie de ces conditions, n&rsquo;h\u00e9sitez pas \u00e0 contacter notre \u00e9quipe. Nous sommes l\u00e0 pour faire en sorte que votre voyage de randonn\u00e9e soit le plus agr\u00e9able et le plus enrichissant possible. <\/p><p>Merci d&rsquo;avoir choisi Trails of Menorca pour vos aventures de randonn\u00e9e. Nous sommes ravis de vous compter parmi nous et nous avons h\u00e2te d&rsquo;explorer les sentiers ensemble. <\/p><p>Cr\u00e9ons des souvenirs inoubliables, un pas apr\u00e8s l&rsquo;autre !<\/p><\/div><p><strong>Cliquez sur le bouton ci-dessous et consultez les conditions g\u00e9n\u00e9rales.<\/strong><\/p><\/div><\/div>\t\t\t\t\t\t\t\t<\/div>\n\t\t\t\t<\/div>\n\t\t\t\t\t<\/div>\n\t\t<\/div>\n\t\t\t\t\t<\/div>\n\t\t<\/section>\n\t\t\t\t<section class=\"elementor-section elementor-top-section elementor-element elementor-element-9d52074 elementor-section-boxed elementor-section-height-default elementor-section-height-default\" data-id=\"9d52074\" data-element_type=\"section\" data-e-type=\"section\">\n\t\t\t\t\t\t<div class=\"elementor-container elementor-column-gap-default\">\n\t\t\t\t\t<div class=\"elementor-column elementor-col-100 elementor-top-column elementor-element elementor-element-bed2507\" data-id=\"bed2507\" data-element_type=\"column\" data-e-type=\"column\">\n\t\t\t<div class=\"elementor-widget-wrap\">\n\t\t\t\t\t\t\t<\/div>\n\t\t<\/div>\n\t\t\t\t\t<\/div>\n\t\t<\/section>\n\t\t\t\t<section class=\"elementor-section elementor-top-section elementor-element elementor-element-0963c7c elementor-section-boxed elementor-section-height-default elementor-section-height-default\" data-id=\"0963c7c\" data-element_type=\"section\" data-e-type=\"section\">\n\t\t\t\t\t\t<div class=\"elementor-container elementor-column-gap-default\">\n\t\t\t\t\t<div class=\"elementor-column elementor-col-100 elementor-top-column elementor-element elementor-element-5858da2\" data-id=\"5858da2\" data-element_type=\"column\" data-e-type=\"column\">\n\t\t\t<div class=\"elementor-widget-wrap elementor-element-populated\">\n\t\t\t\t\t\t<div class=\"elementor-element elementor-element-5c810bd elementor-widget elementor-widget-spacer\" data-id=\"5c810bd\" data-element_type=\"widget\" data-e-type=\"widget\" data-widget_type=\"spacer.default\">\n\t\t\t\t<div class=\"elementor-widget-container\">\n\t\t\t\t\t\t\t<div class=\"elementor-spacer\">\n\t\t\t<div class=\"elementor-spacer-inner\"><\/div>\n\t\t<\/div>\n\t\t\t\t\t\t<\/div>\n\t\t\t\t<\/div>\n\t\t\t\t<div class=\"elementor-element elementor-element-a9616f1 elementor-align-center elementor-widget elementor-widget-button\" data-id=\"a9616f1\" data-element_type=\"widget\" data-e-type=\"widget\" data-widget_type=\"button.default\">\n\t\t\t\t<div class=\"elementor-widget-container\">\n\t\t\t\t\t\t\t\t\t<div class=\"elementor-button-wrapper\">\n\t\t\t\t\t<a class=\"elementor-button elementor-button-link elementor-size-sm\" href=\"https:\/\/trailsofmenorca.com\/wp-content\/uploads\/2024\/09\/General-Terms-and-Conditions.pdf\" target=\"_blank\">\n\t\t\t\t\t\t<span class=\"elementor-button-content-wrapper\">\n\t\t\t\t\t\t\t\t\t<span class=\"elementor-button-text\">FICHIER PDF<\/span>\n\t\t\t\t\t<\/span>\n\t\t\t\t\t<\/a>\n\t\t\t\t<\/div>\n\t\t\t\t\t\t\t\t<\/div>\n\t\t\t\t<\/div>\n\t\t\t\t\t<\/div>\n\t\t<\/div>\n\t\t\t\t\t<\/div>\n\t\t<\/section>\n\t\t\t\t<section class=\"elementor-section elementor-top-section elementor-element elementor-element-a02c48a elementor-section-boxed elementor-section-height-default elementor-section-height-default\" data-id=\"a02c48a\" data-element_type=\"section\" data-e-type=\"section\">\n\t\t\t\t\t\t<div class=\"elementor-container elementor-column-gap-default\">\n\t\t\t\t\t<div class=\"elementor-column elementor-col-100 elementor-top-column elementor-element elementor-element-03558d4\" data-id=\"03558d4\" data-element_type=\"column\" data-e-type=\"column\">\n\t\t\t<div class=\"elementor-widget-wrap elementor-element-populated\">\n\t\t\t\t\t\t<div class=\"elementor-element elementor-element-c2c1dab elementor-widget elementor-widget-spacer\" data-id=\"c2c1dab\" data-element_type=\"widget\" data-e-type=\"widget\" data-widget_type=\"spacer.default\">\n\t\t\t\t<div class=\"elementor-widget-container\">\n\t\t\t\t\t\t\t<div class=\"elementor-spacer\">\n\t\t\t<div class=\"elementor-spacer-inner\"><\/div>\n\t\t<\/div>\n\t\t\t\t\t\t<\/div>\n\t\t\t\t<\/div>\n\t\t\t\t\t<\/div>\n\t\t<\/div>\n\t\t\t\t\t<\/div>\n\t\t<\/section>\n\t\t\t\t<\/div>\n\t\t","protected":false},"excerpt":{"rendered":"<p>conditions g\u00e9n\u00e9rales Conditions g\u00e9n\u00e9rales Trails of Menorca Trails of Menorca\u00a0\u00bb est une entreprise individuelle de droit allemand, dont le si\u00e8ge social est situ\u00e9 \u00e0 83126 Flintsbach am Inn, Allemagne. Salutations de Trails of Menorca! Nous sommes ravis de vous accueillir alors que nous nous lan\u00e7ons ensemble dans l&rsquo;exploration et l&rsquo;aventure. Notre volont\u00e9 d&rsquo;offrir des exp\u00e9riences [&hellip;]<\/p>\n","protected":false},"author":1,"featured_media":0,"parent":0,"menu_order":0,"comment_status":"closed","ping_status":"closed","template":"elementor_header_footer","meta":{"_joinchat":[],"footnotes":""},"class_list":["post-7053","page","type-page","status-publish","hentry"],"_links":{"self":[{"href":"https:\/\/trailsofmenorca.com\/fr\/wp-json\/wp\/v2\/pages\/7053","targetHints":{"allow":["GET"]}}],"collection":[{"href":"https:\/\/trailsofmenorca.com\/fr\/wp-json\/wp\/v2\/pages"}],"about":[{"href":"https:\/\/trailsofmenorca.com\/fr\/wp-json\/wp\/v2\/types\/page"}],"author":[{"embeddable":true,"href":"https:\/\/trailsofmenorca.com\/fr\/wp-json\/wp\/v2\/users\/1"}],"replies":[{"embeddable":true,"href":"https:\/\/trailsofmenorca.com\/fr\/wp-json\/wp\/v2\/comments?post=7053"}],"version-history":[{"count":0,"href":"https:\/\/trailsofmenorca.com\/fr\/wp-json\/wp\/v2\/pages\/7053\/revisions"}],"wp:attachment":[{"href":"https:\/\/trailsofmenorca.com\/fr\/wp-json\/wp\/v2\/media?parent=7053"}],"curies":[{"name":"wp","href":"https:\/\/api.w.org\/{rel}","templated":true}]}}