{"id":7043,"date":"2023-09-07T14:25:11","date_gmt":"2023-09-07T12:25:11","guid":{"rendered":"https:\/\/trailsofmenorca.com\/nos-soins\/"},"modified":"2026-04-10T17:41:14","modified_gmt":"2026-04-10T15:41:14","slug":"nos-soins","status":"publish","type":"page","link":"https:\/\/trailsofmenorca.com\/fr\/nos-soins\/","title":{"rendered":"Nos soins"},"content":{"rendered":"\t\t<div data-elementor-type=\"wp-page\" data-elementor-id=\"7043\" class=\"elementor elementor-7043 elementor-1390\" data-elementor-post-type=\"page\">\n\t\t\t\t<div class=\"elementor-element elementor-element-0933b18 e-flex e-con-boxed e-con e-parent\" data-id=\"0933b18\" data-element_type=\"container\" data-e-type=\"container\" data-settings=\"{&quot;background_background&quot;:&quot;classic&quot;}\">\n\t\t\t\t\t<div class=\"e-con-inner\">\n\t\t<div class=\"elementor-element elementor-element-ef15408 e-con-full e-flex e-con e-child\" data-id=\"ef15408\" data-element_type=\"container\" data-e-type=\"container\">\n\t\t\t\t<div class=\"elementor-element elementor-element-f482e62 elementor-widget elementor-widget-heading\" data-id=\"f482e62\" data-element_type=\"widget\" data-e-type=\"widget\" data-widget_type=\"heading.default\">\n\t\t\t\t<div class=\"elementor-widget-container\">\n\t\t\t\t\t<h2 class=\"elementor-heading-title elementor-size-default\">Trebaluger Equine Rescue<\/h2>\t\t\t\t<\/div>\n\t\t\t\t<\/div>\n\t\t\t\t<div class=\"elementor-element elementor-element-bfca33d elementor-widget elementor-widget-image\" data-id=\"bfca33d\" data-element_type=\"widget\" data-e-type=\"widget\" data-widget_type=\"image.default\">\n\t\t\t\t<div class=\"elementor-widget-container\">\n\t\t\t\t\t\t\t\t\t\t\t\t\t\t\t<img fetchpriority=\"high\" decoding=\"async\" width=\"800\" height=\"184\" src=\"https:\/\/trailsofmenorca.com\/wp-content\/uploads\/2023\/02\/Paard-1024x236.png\" class=\"attachment-large size-large wp-image-5901\" alt=\"\" srcset=\"https:\/\/trailsofmenorca.com\/wp-content\/uploads\/2023\/02\/Paard-1024x236.png 1024w, https:\/\/trailsofmenorca.com\/wp-content\/uploads\/2023\/02\/Paard-300x69.png 300w, https:\/\/trailsofmenorca.com\/wp-content\/uploads\/2023\/02\/Paard-768x177.png 768w, https:\/\/trailsofmenorca.com\/wp-content\/uploads\/2023\/02\/Paard-1536x354.png 1536w, https:\/\/trailsofmenorca.com\/wp-content\/uploads\/2023\/02\/Paard-2048x472.png 2048w\" sizes=\"(max-width: 800px) 100vw, 800px\" \/>\t\t\t\t\t\t\t\t\t\t\t\t\t\t\t<\/div>\n\t\t\t\t<\/div>\n\t\t\t\t<div class=\"elementor-element elementor-element-013f09f elementor-absolute elementor-widget elementor-widget-heading\" data-id=\"013f09f\" data-element_type=\"widget\" data-e-type=\"widget\" data-settings=\"{&quot;_position&quot;:&quot;absolute&quot;}\" data-widget_type=\"heading.default\">\n\t\t\t\t<div class=\"elementor-widget-container\">\n\t\t\t\t\t<span class=\"elementor-heading-title elementor-size-default\">NOS SOINS<\/span>\t\t\t\t<\/div>\n\t\t\t\t<\/div>\n\t\t\t\t<\/div>\n\t\t\t\t\t<\/div>\n\t\t\t\t<\/div>\n\t\t<div class=\"elementor-element elementor-element-08b7866 e-flex e-con-boxed e-con e-parent\" data-id=\"08b7866\" data-element_type=\"container\" data-e-type=\"container\">\n\t\t\t\t\t<div class=\"e-con-inner\">\n\t\t<div class=\"elementor-element elementor-element-b1b77cc e-con-full e-flex e-con e-child\" data-id=\"b1b77cc\" data-element_type=\"container\" data-e-type=\"container\">\n\t\t\t\t<div class=\"elementor-element elementor-element-f9559b9 elementor-widget elementor-widget-heading\" data-id=\"f9559b9\" data-element_type=\"widget\" data-e-type=\"widget\" data-widget_type=\"heading.default\">\n\t\t\t\t<div class=\"elementor-widget-container\">\n\t\t\t\t\t<h2 class=\"elementor-heading-title elementor-size-default\">Nous pouvons faire la diff\u00e9rence<\/h2>\t\t\t\t<\/div>\n\t\t\t\t<\/div>\n\t\t\t\t<\/div>\n\t\t<div class=\"elementor-element elementor-element-9df694a e-con-full e-flex e-con e-child\" data-id=\"9df694a\" data-element_type=\"container\" data-e-type=\"container\">\n\t\t\t\t<div class=\"elementor-element elementor-element-ee7e556 elementor-widget elementor-widget-text-editor\" data-id=\"ee7e556\" data-element_type=\"widget\" data-e-type=\"widget\" data-widget_type=\"text-editor.default\">\n\t\t\t\t<div class=\"elementor-widget-container\">\n\t\t\t\t\t\t\t\t\t<p class=\"p1\">Je crois au pouvoir de l&rsquo;aventure et au fait de rendre \u00e0 la communaut\u00e9 ce qu&rsquo;elle a re\u00e7u. Je suis ravie d&rsquo;annoncer notre partenariat avec <strong>Trebaluger Equine Rescue<\/strong>, une organisation qui se consacre au bien-\u00eatre des chevaux et autres animaux dans le besoin. <\/p>\t\t\t\t\t\t\t\t<\/div>\n\t\t\t\t<\/div>\n\t\t\t\t<\/div>\n\t\t<div class=\"elementor-element elementor-element-8498eea e-con-full e-flex e-con e-child\" data-id=\"8498eea\" data-element_type=\"container\" data-e-type=\"container\">\n\t\t\t\t<div class=\"elementor-element elementor-element-b6d7d4a elementor-widget elementor-widget-image\" data-id=\"b6d7d4a\" data-element_type=\"widget\" data-e-type=\"widget\" data-widget_type=\"image.default\">\n\t\t\t\t<div class=\"elementor-widget-container\">\n\t\t\t\t\t\t\t\t\t\t\t\t\t\t\t<img decoding=\"async\" width=\"1250\" height=\"742\" src=\"https:\/\/trailsofmenorca.com\/wp-content\/uploads\/2023\/09\/horse1.jpg\" class=\"elementor-animation-float attachment-full size-full wp-image-6324\" alt=\"\" srcset=\"https:\/\/trailsofmenorca.com\/wp-content\/uploads\/2023\/09\/horse1.jpg 1250w, https:\/\/trailsofmenorca.com\/wp-content\/uploads\/2023\/09\/horse1-300x178.jpg 300w, https:\/\/trailsofmenorca.com\/wp-content\/uploads\/2023\/09\/horse1-1024x608.jpg 1024w, https:\/\/trailsofmenorca.com\/wp-content\/uploads\/2023\/09\/horse1-768x456.jpg 768w\" sizes=\"(max-width: 1250px) 100vw, 1250px\" \/>\t\t\t\t\t\t\t\t\t\t\t\t\t\t\t<\/div>\n\t\t\t\t<\/div>\n\t\t\t\t<div class=\"elementor-element elementor-element-ad64259 elementor-widget elementor-widget-image\" data-id=\"ad64259\" data-element_type=\"widget\" data-e-type=\"widget\" data-widget_type=\"image.default\">\n\t\t\t\t<div class=\"elementor-widget-container\">\n\t\t\t\t\t\t\t\t\t\t\t\t\t\t\t<img decoding=\"async\" width=\"458\" height=\"263\" src=\"https:\/\/trailsofmenorca.com\/wp-content\/uploads\/2023\/09\/86b51c0fd169584b1b23adb184c24291.jpeg\" class=\"elementor-animation-float attachment-full size-full wp-image-6327\" alt=\"\" srcset=\"https:\/\/trailsofmenorca.com\/wp-content\/uploads\/2023\/09\/86b51c0fd169584b1b23adb184c24291.jpeg 458w, https:\/\/trailsofmenorca.com\/wp-content\/uploads\/2023\/09\/86b51c0fd169584b1b23adb184c24291-300x172.jpeg 300w\" sizes=\"(max-width: 458px) 100vw, 458px\" \/>\t\t\t\t\t\t\t\t\t\t\t\t\t\t\t<\/div>\n\t\t\t\t<\/div>\n\t\t\t\t<\/div>\n\t\t<div class=\"elementor-element elementor-element-76b0134 e-con-full e-flex e-con e-child\" data-id=\"76b0134\" data-element_type=\"container\" data-e-type=\"container\">\n\t\t\t\t<div class=\"elementor-element elementor-element-22c6c8d elementor-widget elementor-widget-image\" data-id=\"22c6c8d\" data-element_type=\"widget\" data-e-type=\"widget\" data-widget_type=\"image.default\">\n\t\t\t\t<div class=\"elementor-widget-container\">\n\t\t\t\t\t\t\t\t\t\t\t\t\t\t\t<img loading=\"lazy\" decoding=\"async\" width=\"732\" height=\"1024\" src=\"https:\/\/trailsofmenorca.com\/wp-content\/uploads\/2023\/09\/IMG_5699.webp\" class=\"elementor-animation-float attachment-2048x2048 size-2048x2048 wp-image-6333\" alt=\"\" srcset=\"https:\/\/trailsofmenorca.com\/wp-content\/uploads\/2023\/09\/IMG_5699.webp 732w, https:\/\/trailsofmenorca.com\/wp-content\/uploads\/2023\/09\/IMG_5699-214x300.webp 214w\" sizes=\"(max-width: 732px) 100vw, 732px\" \/>\t\t\t\t\t\t\t\t\t\t\t\t\t\t\t<\/div>\n\t\t\t\t<\/div>\n\t\t\t\t<div class=\"elementor-element elementor-element-feb6da3 elementor-widget elementor-widget-image\" data-id=\"feb6da3\" data-element_type=\"widget\" data-e-type=\"widget\" data-widget_type=\"image.default\">\n\t\t\t\t<div class=\"elementor-widget-container\">\n\t\t\t\t\t\t\t\t\t\t\t\t\t\t\t<img loading=\"lazy\" decoding=\"async\" width=\"1600\" height=\"1200\" src=\"https:\/\/trailsofmenorca.com\/wp-content\/uploads\/2023\/09\/160580780_858334618232149_4185372825049665355_n.jpeg\" class=\"elementor-animation-float attachment-full size-full wp-image-6330\" alt=\"\" srcset=\"https:\/\/trailsofmenorca.com\/wp-content\/uploads\/2023\/09\/160580780_858334618232149_4185372825049665355_n.jpeg 1600w, https:\/\/trailsofmenorca.com\/wp-content\/uploads\/2023\/09\/160580780_858334618232149_4185372825049665355_n-300x225.jpeg 300w, https:\/\/trailsofmenorca.com\/wp-content\/uploads\/2023\/09\/160580780_858334618232149_4185372825049665355_n-1024x768.jpeg 1024w, https:\/\/trailsofmenorca.com\/wp-content\/uploads\/2023\/09\/160580780_858334618232149_4185372825049665355_n-768x576.jpeg 768w, https:\/\/trailsofmenorca.com\/wp-content\/uploads\/2023\/09\/160580780_858334618232149_4185372825049665355_n-1536x1152.jpeg 1536w\" sizes=\"(max-width: 1600px) 100vw, 1600px\" \/>\t\t\t\t\t\t\t\t\t\t\t\t\t\t\t<\/div>\n\t\t\t\t<\/div>\n\t\t\t\t<\/div>\n\t\t<div class=\"elementor-element elementor-element-0504222 e-con-full e-flex e-con e-child\" data-id=\"0504222\" data-element_type=\"container\" data-e-type=\"container\">\n\t\t\t\t<div class=\"elementor-element elementor-element-56f5a56 elementor-widget elementor-widget-heading\" data-id=\"56f5a56\" data-element_type=\"widget\" data-e-type=\"widget\" data-widget_type=\"heading.default\">\n\t\t\t\t<div class=\"elementor-widget-container\">\n\t\t\t\t\t<h2 class=\"elementor-heading-title elementor-size-default\">Pourquoi Trebaluger Equine Rescue ?<\/h2>\t\t\t\t<\/div>\n\t\t\t\t<\/div>\n\t\t\t\t<div class=\"elementor-element elementor-element-e80b422 elementor-widget elementor-widget-text-editor\" data-id=\"e80b422\" data-element_type=\"widget\" data-e-type=\"widget\" data-widget_type=\"text-editor.default\">\n\t\t\t\t<div class=\"elementor-widget-container\">\n\t\t\t\t\t\t\t\t\t<p>Trebaluger Equine Rescue est plus qu&rsquo;un simple sanctuaire ; c&rsquo;est un symbole de compassion et d&rsquo;engagement pour le sauvetage, la r\u00e9habilitation et les soins des chevaux et autres animaux qui ont souffert de n\u00e9gligence, de maltraitance ou d&rsquo;abandon. Leur travail transforme la vie de ces animaux remarquables et de beaucoup d&rsquo;autres qui y ont trouv\u00e9 un foyer. <\/p>\t\t\t\t\t\t\t\t<\/div>\n\t\t\t\t<\/div>\n\t\t\t\t<div class=\"elementor-element elementor-element-8378ecf elementor-widget elementor-widget-heading\" data-id=\"8378ecf\" data-element_type=\"widget\" data-e-type=\"widget\" data-widget_type=\"heading.default\">\n\t\t\t\t<div class=\"elementor-widget-container\">\n\t\t\t\t\t<h2 class=\"elementor-heading-title elementor-size-default\">Comment fonctionne notre parrainage :<\/h2>\t\t\t\t<\/div>\n\t\t\t\t<\/div>\n\t\t\t\t<div class=\"elementor-element elementor-element-3ef748d elementor-widget elementor-widget-text-editor\" data-id=\"3ef748d\" data-element_type=\"widget\" data-e-type=\"widget\" data-widget_type=\"text-editor.default\">\n\t\t\t\t<div class=\"elementor-widget-container\">\n\t\t\t\t\t\t\t\t\t<p>Trails of Menorca contribue au Trebaluger Equine Rescue. Cela ne vous co\u00fbte rien de plus mais a un impact significatif sur le bien-\u00eatre de ces magnifiques cr\u00e9atures. Votre geste fait la diff\u00e9rence :  <\/p>\t\t\t\t\t\t\t\t<\/div>\n\t\t\t\t<\/div>\n\t\t\t\t<div class=\"elementor-element elementor-element-b52526d elementor-widget elementor-widget-heading\" data-id=\"b52526d\" data-element_type=\"widget\" data-e-type=\"widget\" data-widget_type=\"heading.default\">\n\t\t\t\t<div class=\"elementor-widget-container\">\n\t\t\t\t\t<h2 class=\"elementor-heading-title elementor-size-default\">Vos pas font la diff\u00e9rence :<\/h2>\t\t\t\t<\/div>\n\t\t\t\t<\/div>\n\t\t\t\t<div class=\"elementor-element elementor-element-a72b7f8 elementor-widget elementor-widget-text-editor\" data-id=\"a72b7f8\" data-element_type=\"widget\" data-e-type=\"widget\" data-widget_type=\"text-editor.default\">\n\t\t\t\t<div class=\"elementor-widget-container\">\n\t\t\t\t\t\t\t\t\t<p>Chaque randonn\u00e9e que vous entreprenez avec Trails of Menorca contribue \u00e0.. :<\/p><ol><li><div class=\"s5\"><span class=\"s7\">Sauvetage et r\u00e9habilitation :<\/span> Notre soutien contribue au sauvetage et \u00e0 la r\u00e9habilitation de chevaux et d&rsquo;autres animaux confront\u00e9s \u00e0 l&rsquo;adversit\u00e9, en veillant \u00e0 ce qu&rsquo;ils re\u00e7oivent les soins et l&rsquo;attention qu&rsquo;ils m\u00e9ritent.<\/div><\/li><li><div class=\"s5\"><span class=\"s7\">Nutrition et sant\u00e9 :<\/span> Nos contributions permettent de fournir des aliments nutritifs et des soins m\u00e9dicaux essentiels, garantissant ainsi leur bien-\u00eatre sur la voie de la gu\u00e9rison.<\/div><\/li><li><div class=\"s5\"><span class=\"s7\">\u00c9ducation de la communaut\u00e9 :<\/span> En parrainant le Trebaluger Equine Rescue, nous soutenons \u00e9galement ses programmes \u00e9ducatifs, qui sensibilisent au bien-\u00eatre des animaux et encouragent la propri\u00e9t\u00e9 responsable.<\/div><\/li><\/ol>\t\t\t\t\t\t\t\t<\/div>\n\t\t\t\t<\/div>\n\t\t\t\t<\/div>\n\t\t\t\t\t<\/div>\n\t\t\t\t<\/div>\n\t\t<div class=\"elementor-element elementor-element-42b7c86 animated-slow e-flex e-con-boxed elementor-invisible e-con e-parent\" data-id=\"42b7c86\" data-element_type=\"container\" data-e-type=\"container\" data-settings=\"{&quot;background_background&quot;:&quot;classic&quot;,&quot;animation&quot;:&quot;fadeInUp&quot;}\">\n\t\t\t\t\t<div class=\"e-con-inner\">\n\t\t<div class=\"elementor-element elementor-element-c1e80da e-con-full e-flex e-con e-child\" data-id=\"c1e80da\" data-element_type=\"container\" data-e-type=\"container\">\n\t\t\t\t<div class=\"elementor-element elementor-element-151ea6c elementor-widget elementor-widget-heading\" data-id=\"151ea6c\" data-element_type=\"widget\" data-e-type=\"widget\" data-widget_type=\"heading.default\">\n\t\t\t\t<div class=\"elementor-widget-container\">\n\t\t\t\t\t<h2 class=\"elementor-heading-title elementor-size-default\">Nous pouvons faire la diff\u00e9rence<\/h2>\t\t\t\t<\/div>\n\t\t\t\t<\/div>\n\t\t\t\t<div class=\"elementor-element elementor-element-9c68638 elementor-widget elementor-widget-text-editor\" data-id=\"9c68638\" data-element_type=\"widget\" data-e-type=\"widget\" data-widget_type=\"text-editor.default\">\n\t\t\t\t<div class=\"elementor-widget-container\">\n\t\t\t\t\t\t\t\t\t<p>Trails of Menorca fait partie d&rsquo;un mouvement de compassion qui se soucie profond\u00e9ment des animaux dans le besoin. Nous pouvons cr\u00e9er un avenir meilleur pour ces animaux incroyables. <\/p>\t\t\t\t\t\t\t\t<\/div>\n\t\t\t\t<\/div>\n\t\t\t\t<div class=\"elementor-element elementor-element-4c1c9a7 elementor-align-center elementor-mobile-align-center elementor-widget elementor-widget-button\" data-id=\"4c1c9a7\" data-element_type=\"widget\" data-e-type=\"widget\" data-widget_type=\"button.default\">\n\t\t\t\t<div class=\"elementor-widget-container\">\n\t\t\t\t\t\t\t\t\t<div class=\"elementor-button-wrapper\">\n\t\t\t\t\t<a class=\"elementor-button elementor-button-link elementor-size-sm\" href=\"https:\/\/trebalugerequinerescue.com\/\" target=\"_blank\" rel=\"noopener\">\n\t\t\t\t\t\t<span class=\"elementor-button-content-wrapper\">\n\t\t\t\t\t\t\t\t\t<span class=\"elementor-button-text\">Plus d'informations<\/span>\n\t\t\t\t\t<\/span>\n\t\t\t\t\t<\/a>\n\t\t\t\t<\/div>\n\t\t\t\t\t\t\t\t<\/div>\n\t\t\t\t<\/div>\n\t\t\t\t<\/div>\n\t\t\t\t\t<\/div>\n\t\t\t\t<\/div>\n\t\t\t\t<\/div>\n\t\t","protected":false},"excerpt":{"rendered":"<p>Trebaluger Equine Rescue NOS SOINS Nous pouvons faire la diff\u00e9rence Je crois au pouvoir de l&rsquo;aventure et au fait de rendre \u00e0 la communaut\u00e9 ce qu&rsquo;elle a re\u00e7u. Je suis ravie d&rsquo;annoncer notre partenariat avec Trebaluger Equine Rescue, une organisation qui se consacre au bien-\u00eatre des chevaux et autres animaux dans le besoin. Pourquoi Trebaluger [&hellip;]<\/p>\n","protected":false},"author":1,"featured_media":0,"parent":0,"menu_order":0,"comment_status":"closed","ping_status":"closed","template":"elementor_header_footer","meta":{"_joinchat":[],"footnotes":""},"class_list":["post-7043","page","type-page","status-publish","hentry"],"_links":{"self":[{"href":"https:\/\/trailsofmenorca.com\/fr\/wp-json\/wp\/v2\/pages\/7043","targetHints":{"allow":["GET"]}}],"collection":[{"href":"https:\/\/trailsofmenorca.com\/fr\/wp-json\/wp\/v2\/pages"}],"about":[{"href":"https:\/\/trailsofmenorca.com\/fr\/wp-json\/wp\/v2\/types\/page"}],"author":[{"embeddable":true,"href":"https:\/\/trailsofmenorca.com\/fr\/wp-json\/wp\/v2\/users\/1"}],"replies":[{"embeddable":true,"href":"https:\/\/trailsofmenorca.com\/fr\/wp-json\/wp\/v2\/comments?post=7043"}],"version-history":[{"count":2,"href":"https:\/\/trailsofmenorca.com\/fr\/wp-json\/wp\/v2\/pages\/7043\/revisions"}],"predecessor-version":[{"id":14127,"href":"https:\/\/trailsofmenorca.com\/fr\/wp-json\/wp\/v2\/pages\/7043\/revisions\/14127"}],"wp:attachment":[{"href":"https:\/\/trailsofmenorca.com\/fr\/wp-json\/wp\/v2\/media?parent=7043"}],"curies":[{"name":"wp","href":"https:\/\/api.w.org\/{rel}","templated":true}]}}