{"id":7033,"date":"2023-09-05T14:32:25","date_gmt":"2023-09-05T12:32:25","guid":{"rendered":"https:\/\/trailsofmenorca.com\/declaration-de-risque-et-de-responsabilite\/"},"modified":"2025-06-16T09:37:48","modified_gmt":"2025-06-16T07:37:48","slug":"declaration-de-risque-et-de-responsabilite","status":"publish","type":"page","link":"https:\/\/trailsofmenorca.com\/fr\/declaration-de-risque-et-de-responsabilite\/","title":{"rendered":"D\u00e9claration de risque et de responsabilit\u00e9"},"content":{"rendered":"\t\t<div data-elementor-type=\"wp-page\" data-elementor-id=\"7033\" class=\"elementor elementor-7033 elementor-1113\" data-elementor-post-type=\"page\">\n\t\t\t\t\t\t<section class=\"elementor-section elementor-top-section elementor-element elementor-element-581d405 elementor-section-boxed elementor-section-height-default elementor-section-height-default\" data-id=\"581d405\" data-element_type=\"section\" data-e-type=\"section\" data-settings=\"{&quot;background_background&quot;:&quot;classic&quot;}\">\n\t\t\t\t\t\t\t<div class=\"elementor-background-overlay\"><\/div>\n\t\t\t\t\t\t\t<div class=\"elementor-container elementor-column-gap-default\">\n\t\t\t\t\t<div class=\"elementor-column elementor-col-100 elementor-top-column elementor-element elementor-element-bdb28a2\" data-id=\"bdb28a2\" data-element_type=\"column\" data-e-type=\"column\">\n\t\t\t<div class=\"elementor-widget-wrap elementor-element-populated\">\n\t\t\t\t\t\t<div class=\"elementor-element elementor-element-7a944d3 elementor-widget elementor-widget-heading\" data-id=\"7a944d3\" data-element_type=\"widget\" data-e-type=\"widget\" data-widget_type=\"heading.default\">\n\t\t\t\t<div class=\"elementor-widget-container\">\n\t\t\t\t\t<h2 class=\"elementor-heading-title elementor-size-default\">D\u00e9claration de risque et de responsabilit\u00e9<\/h2>\t\t\t\t<\/div>\n\t\t\t\t<\/div>\n\t\t\t\t<div class=\"elementor-element elementor-element-07c0758 elementor-absolute elementor-widget elementor-widget-heading\" data-id=\"07c0758\" data-element_type=\"widget\" data-e-type=\"widget\" data-settings=\"{&quot;_position&quot;:&quot;absolute&quot;}\" data-widget_type=\"heading.default\">\n\t\t\t\t<div class=\"elementor-widget-container\">\n\t\t\t\t\t<span class=\"elementor-heading-title elementor-size-default\">D\u00e9claration de risque et de responsabilit\u00e9<\/span>\t\t\t\t<\/div>\n\t\t\t\t<\/div>\n\t\t\t\t\t<\/div>\n\t\t<\/div>\n\t\t\t\t\t<\/div>\n\t\t<\/section>\n\t\t\t\t<section class=\"elementor-section elementor-top-section elementor-element elementor-element-f4cf691 elementor-section-boxed elementor-section-height-default elementor-section-height-default\" data-id=\"f4cf691\" data-element_type=\"section\" data-e-type=\"section\">\n\t\t\t\t\t\t<div class=\"elementor-container elementor-column-gap-default\">\n\t\t\t\t\t<div class=\"elementor-column elementor-col-100 elementor-top-column elementor-element elementor-element-f2ea7c0\" data-id=\"f2ea7c0\" data-element_type=\"column\" data-e-type=\"column\">\n\t\t\t<div class=\"elementor-widget-wrap elementor-element-populated\">\n\t\t\t\t\t\t<div class=\"elementor-element elementor-element-4804730 elementor-widget elementor-widget-spacer\" data-id=\"4804730\" data-element_type=\"widget\" data-e-type=\"widget\" data-widget_type=\"spacer.default\">\n\t\t\t\t<div class=\"elementor-widget-container\">\n\t\t\t\t\t\t\t<div class=\"elementor-spacer\">\n\t\t\t<div class=\"elementor-spacer-inner\"><\/div>\n\t\t<\/div>\n\t\t\t\t\t\t<\/div>\n\t\t\t\t<\/div>\n\t\t\t\t<div class=\"elementor-element elementor-element-d690ad4 elementor-widget elementor-widget-text-editor\" data-id=\"d690ad4\" data-element_type=\"widget\" data-e-type=\"widget\" data-widget_type=\"text-editor.default\">\n\t\t\t\t<div class=\"elementor-widget-container\">\n\t\t\t\t\t\t\t\t\t<div class=\"page\" title=\"Page 1\"><div class=\"layoutArea\"><div class=\"column\"><p><strong>Trails of Menorca<\/strong><\/p><p><strong>Trails of Menorcaest une entreprise individuelle de droit allemand, dont le si\u00e8ge social est situ\u00e9 \u00e0 83126 Flintsbach am Inn, Allemagne. Num\u00e9ro de la chambre de commerce : XXXXXXXXX <\/strong><\/p><\/div><\/div><\/div>\t\t\t\t\t\t\t\t<\/div>\n\t\t\t\t<\/div>\n\t\t\t\t\t<\/div>\n\t\t<\/div>\n\t\t\t\t\t<\/div>\n\t\t<\/section>\n\t\t\t\t<section class=\"elementor-section elementor-top-section elementor-element elementor-element-0a1d6a8 elementor-section-boxed elementor-section-height-default elementor-section-height-default\" data-id=\"0a1d6a8\" data-element_type=\"section\" data-e-type=\"section\">\n\t\t\t\t\t\t<div class=\"elementor-container elementor-column-gap-default\">\n\t\t\t\t\t<div class=\"elementor-column elementor-col-100 elementor-top-column elementor-element elementor-element-8631a2c\" data-id=\"8631a2c\" data-element_type=\"column\" data-e-type=\"column\">\n\t\t\t<div class=\"elementor-widget-wrap elementor-element-populated\">\n\t\t\t\t\t\t<div class=\"elementor-element elementor-element-8c9ade8 elementor-widget elementor-widget-text-editor\" data-id=\"8c9ade8\" data-element_type=\"widget\" data-e-type=\"widget\" data-widget_type=\"text-editor.default\">\n\t\t\t\t<div class=\"elementor-widget-container\">\n\t\t\t\t\t\t\t\t\t<div class=\"page\" title=\"Page 1\"><div class=\"layoutArea\"><div class=\"column\"><h5><strong>D\u00e9claration de risque et de responsabilit\u00e9<\/strong><\/h5><\/div><\/div><\/div><div class=\"page\" title=\"Page 1\"><div class=\"layoutArea\"><div class=\"column\"><p class=\"p1\">Le client principal de la r\u00e9servation d\u00e9clare en son nom propre et au nom des autres participants \u00e0 la r\u00e9servation, ci-apr\u00e8s d\u00e9nomm\u00e9s \u00ab\u00a0les participants\u00a0\u00bb, que les participants ont \u00e9t\u00e9 inform\u00e9s qu&rsquo;en effectuant la r\u00e9servation, tous les participants d\u00e9clarent qu&rsquo;ils comprennent et acceptent pleinement le pr\u00e9sent document : \u00ab\u00a0les participants\u00a0\u00bb, que les participants ont \u00e9t\u00e9 inform\u00e9s qu&rsquo;en effectuant la r\u00e9servation, tous les participants d\u00e9clarent qu&rsquo;ils la comprennent et l&rsquo;acceptent pleinement.  <\/p><\/div><\/div><\/div><p class=\"p1\"><span class=\"s1\">Il s&rsquo;agit des points suivants :<span class=\"Apple-converted-space\"> <\/span><\/span><\/p><ul class=\"ul1\"><li class=\"li3\"><div class=\"s5\">L&rsquo;organisateur (&lsquo;Trails of Menorca&rsquo;) recommande aux participants d&rsquo;\u00eatre en bonne sant\u00e9 et en bonne condition physique avant leur participation.<\/div><\/li><li class=\"li3\"><div class=\"s5\">Qu&rsquo;il existe des risques\/dangers inh\u00e9rents \u00e0 l&rsquo;activit\u00e9\/aux activit\u00e9s \u00e0 laquelle\/auxquelles les participants participeront, y compris &#8211; mais sans s&rsquo;y limiter &#8211; le risque d&rsquo;endommagement\/de perte de biens, le risque que les services d&rsquo;urgence ne puissent pas atteindre les participants, le risque de blessure physique (grave) et le risque de d\u00e9c\u00e8s.<\/div><\/li><li class=\"li3\"><div class=\"s5\">que les participants sont eux-m\u00eames responsables de leur sant\u00e9 et de leur s\u00e9curit\u00e9 et que la participation se fait donc express\u00e9ment \u00e0 leurs risques et p\u00e9rils.<\/div><\/li><li class=\"li3\"><div class=\"s5\">L&rsquo;organisateur et toutes les personnes (de soutien) li\u00e9es \u00e0 lui et engag\u00e9es par lui (instructeurs, guides, etc.) ne sont en aucun cas responsables \u00e0 l&rsquo;\u00e9gard des participants ou de tiers (famille\/proches parents\/h\u00e9ritiers\/soignants) de toute cons\u00e9quence (perte mat\u00e9rielle\/intangible) subie par les participants ou des tiers dans le cadre de la participation des participants \u00e0 l&rsquo;activit\u00e9\/aux activit\u00e9s.<\/div><\/li><li class=\"li3\"><div class=\"s5\">Que les participants ont \u00e9t\u00e9 express\u00e9ment inform\u00e9s par l&rsquo;organisateur des risques \/ dangers susmentionn\u00e9s.  <p> <\/p><\/div><\/li><\/ul>\t\t\t\t\t\t\t\t<\/div>\n\t\t\t\t<\/div>\n\t\t\t\t\t<\/div>\n\t\t<\/div>\n\t\t\t\t\t<\/div>\n\t\t<\/section>\n\t\t\t\t<section class=\"elementor-section elementor-top-section elementor-element elementor-element-4479068 elementor-section-boxed elementor-section-height-default elementor-section-height-default\" data-id=\"4479068\" data-element_type=\"section\" data-e-type=\"section\">\n\t\t\t\t\t\t<div class=\"elementor-container elementor-column-gap-default\">\n\t\t\t\t\t<div class=\"elementor-column elementor-col-100 elementor-top-column elementor-element elementor-element-1d9f216\" data-id=\"1d9f216\" data-element_type=\"column\" data-e-type=\"column\">\n\t\t\t<div class=\"elementor-widget-wrap elementor-element-populated\">\n\t\t\t\t\t\t<div class=\"elementor-element elementor-element-5d72fd1 elementor-widget elementor-widget-spacer\" data-id=\"5d72fd1\" data-element_type=\"widget\" data-e-type=\"widget\" data-widget_type=\"spacer.default\">\n\t\t\t\t<div class=\"elementor-widget-container\">\n\t\t\t\t\t\t\t<div class=\"elementor-spacer\">\n\t\t\t<div class=\"elementor-spacer-inner\"><\/div>\n\t\t<\/div>\n\t\t\t\t\t\t<\/div>\n\t\t\t\t<\/div>\n\t\t\t\t\t<\/div>\n\t\t<\/div>\n\t\t\t\t\t<\/div>\n\t\t<\/section>\n\t\t\t\t<section class=\"elementor-section elementor-top-section elementor-element elementor-element-9a392e5 elementor-section-boxed elementor-section-height-default elementor-section-height-default\" data-id=\"9a392e5\" data-element_type=\"section\" data-e-type=\"section\">\n\t\t\t\t\t\t<div class=\"elementor-container elementor-column-gap-default\">\n\t\t\t\t\t<div class=\"elementor-column elementor-col-100 elementor-top-column elementor-element elementor-element-06bfc39\" data-id=\"06bfc39\" data-element_type=\"column\" data-e-type=\"column\">\n\t\t\t<div class=\"elementor-widget-wrap elementor-element-populated\">\n\t\t\t\t\t\t<div class=\"elementor-element elementor-element-a93bf07 elementor-align-center elementor-widget elementor-widget-button\" data-id=\"a93bf07\" data-element_type=\"widget\" data-e-type=\"widget\" data-widget_type=\"button.default\">\n\t\t\t\t<div class=\"elementor-widget-container\">\n\t\t\t\t\t\t\t\t\t<div class=\"elementor-button-wrapper\">\n\t\t\t\t\t<a class=\"elementor-button elementor-button-link elementor-size-sm\" href=\"https:\/\/trailsofmenorca.com\/wp-content\/uploads\/2023\/09\/Risk-Liability-Declaration.pdf\" target=\"_blank\">\n\t\t\t\t\t\t<span class=\"elementor-button-content-wrapper\">\n\t\t\t\t\t\t\t\t\t<span class=\"elementor-button-text\">FICHIER PDF<\/span>\n\t\t\t\t\t<\/span>\n\t\t\t\t\t<\/a>\n\t\t\t\t<\/div>\n\t\t\t\t\t\t\t\t<\/div>\n\t\t\t\t<\/div>\n\t\t\t\t\t<\/div>\n\t\t<\/div>\n\t\t\t\t\t<\/div>\n\t\t<\/section>\n\t\t\t\t<section class=\"elementor-section elementor-top-section elementor-element elementor-element-07d7bfa elementor-section-boxed elementor-section-height-default elementor-section-height-default\" data-id=\"07d7bfa\" data-element_type=\"section\" data-e-type=\"section\">\n\t\t\t\t\t\t<div class=\"elementor-container elementor-column-gap-default\">\n\t\t\t\t\t<div class=\"elementor-column elementor-col-100 elementor-top-column elementor-element elementor-element-d958420\" data-id=\"d958420\" data-element_type=\"column\" data-e-type=\"column\">\n\t\t\t<div class=\"elementor-widget-wrap elementor-element-populated\">\n\t\t\t\t\t\t<div class=\"elementor-element elementor-element-bd9728c elementor-widget elementor-widget-spacer\" data-id=\"bd9728c\" data-element_type=\"widget\" data-e-type=\"widget\" data-widget_type=\"spacer.default\">\n\t\t\t\t<div class=\"elementor-widget-container\">\n\t\t\t\t\t\t\t<div class=\"elementor-spacer\">\n\t\t\t<div class=\"elementor-spacer-inner\"><\/div>\n\t\t<\/div>\n\t\t\t\t\t\t<\/div>\n\t\t\t\t<\/div>\n\t\t\t\t\t<\/div>\n\t\t<\/div>\n\t\t\t\t\t<\/div>\n\t\t<\/section>\n\t\t\t\t<\/div>\n\t\t","protected":false},"excerpt":{"rendered":"<p>D\u00e9claration de risque et de responsabilit\u00e9 D\u00e9claration de risque et de responsabilit\u00e9 Trails of Menorca Trails of Menorcaest une entreprise individuelle de droit allemand, dont le si\u00e8ge social est situ\u00e9 \u00e0 83126 Flintsbach am Inn, Allemagne. Num\u00e9ro de la chambre de commerce : XXXXXXXXX D\u00e9claration de risque et de responsabilit\u00e9 Le client principal de la [&hellip;]<\/p>\n","protected":false},"author":1,"featured_media":0,"parent":0,"menu_order":0,"comment_status":"closed","ping_status":"closed","template":"elementor_header_footer","meta":{"_joinchat":[],"footnotes":""},"class_list":["post-7033","page","type-page","status-publish","hentry"],"_links":{"self":[{"href":"https:\/\/trailsofmenorca.com\/fr\/wp-json\/wp\/v2\/pages\/7033","targetHints":{"allow":["GET"]}}],"collection":[{"href":"https:\/\/trailsofmenorca.com\/fr\/wp-json\/wp\/v2\/pages"}],"about":[{"href":"https:\/\/trailsofmenorca.com\/fr\/wp-json\/wp\/v2\/types\/page"}],"author":[{"embeddable":true,"href":"https:\/\/trailsofmenorca.com\/fr\/wp-json\/wp\/v2\/users\/1"}],"replies":[{"embeddable":true,"href":"https:\/\/trailsofmenorca.com\/fr\/wp-json\/wp\/v2\/comments?post=7033"}],"version-history":[{"count":0,"href":"https:\/\/trailsofmenorca.com\/fr\/wp-json\/wp\/v2\/pages\/7033\/revisions"}],"wp:attachment":[{"href":"https:\/\/trailsofmenorca.com\/fr\/wp-json\/wp\/v2\/media?parent=7033"}],"curies":[{"name":"wp","href":"https:\/\/api.w.org\/{rel}","templated":true}]}}