{"id":12941,"date":"2025-06-12T18:11:52","date_gmt":"2025-06-12T16:11:52","guid":{"rendered":"https:\/\/trailsofmenorca.com\/declaration-de-confidentialite\/"},"modified":"2026-02-20T15:19:43","modified_gmt":"2026-02-20T14:19:43","slug":"declaration-de-confidentialite","status":"publish","type":"page","link":"https:\/\/trailsofmenorca.com\/fr\/declaration-de-confidentialite\/","title":{"rendered":"D\u00e9claration de confidentialit\u00e9"},"content":{"rendered":"\t\t<div data-elementor-type=\"wp-page\" data-elementor-id=\"12941\" class=\"elementor elementor-12941 elementor-11300\" data-elementor-post-type=\"page\">\n\t\t\t\t\t\t<section class=\"elementor-section elementor-top-section elementor-element elementor-element-260b653a elementor-section-boxed elementor-section-height-default elementor-section-height-default\" data-id=\"260b653a\" data-element_type=\"section\" data-e-type=\"section\" data-settings=\"{&quot;background_background&quot;:&quot;classic&quot;}\">\n\t\t\t\t\t\t\t<div class=\"elementor-background-overlay\"><\/div>\n\t\t\t\t\t\t\t<div class=\"elementor-container elementor-column-gap-default\">\n\t\t\t\t\t<div class=\"elementor-column elementor-col-100 elementor-top-column elementor-element elementor-element-7ef93fdf\" data-id=\"7ef93fdf\" data-element_type=\"column\" data-e-type=\"column\">\n\t\t\t<div class=\"elementor-widget-wrap elementor-element-populated\">\n\t\t\t\t\t\t<div class=\"elementor-element elementor-element-3949696f elementor-widget elementor-widget-heading\" data-id=\"3949696f\" data-element_type=\"widget\" data-e-type=\"widget\" data-widget_type=\"heading.default\">\n\t\t\t\t<div class=\"elementor-widget-container\">\n\t\t\t\t\t<h2 class=\"elementor-heading-title elementor-size-default\">D\u00e9claration de confidentialit\u00e9  \n<\/h2>\t\t\t\t<\/div>\n\t\t\t\t<\/div>\n\t\t\t\t<div class=\"elementor-element elementor-element-4ef5bbdc elementor-absolute elementor-widget elementor-widget-heading\" data-id=\"4ef5bbdc\" data-element_type=\"widget\" data-e-type=\"widget\" data-settings=\"{&quot;_position&quot;:&quot;absolute&quot;}\" data-widget_type=\"heading.default\">\n\t\t\t\t<div class=\"elementor-widget-container\">\n\t\t\t\t\t<span class=\"elementor-heading-title elementor-size-default\">D\u00e9claration de confidentialit\u00e9  \n<\/span>\t\t\t\t<\/div>\n\t\t\t\t<\/div>\n\t\t\t\t\t<\/div>\n\t\t<\/div>\n\t\t\t\t\t<\/div>\n\t\t<\/section>\n\t\t\t\t<section class=\"elementor-section elementor-top-section elementor-element elementor-element-2b595fe2 elementor-section-boxed elementor-section-height-default elementor-section-height-default\" data-id=\"2b595fe2\" data-element_type=\"section\" data-e-type=\"section\">\n\t\t\t\t\t\t<div class=\"elementor-container elementor-column-gap-default\">\n\t\t\t\t\t<div class=\"elementor-column elementor-col-100 elementor-top-column elementor-element elementor-element-7d42ab1a\" data-id=\"7d42ab1a\" data-element_type=\"column\" data-e-type=\"column\">\n\t\t\t<div class=\"elementor-widget-wrap elementor-element-populated\">\n\t\t\t\t\t\t<div class=\"elementor-element elementor-element-599b7b55 elementor-widget elementor-widget-text-editor\" data-id=\"599b7b55\" data-element_type=\"widget\" data-e-type=\"widget\" data-widget_type=\"text-editor.default\">\n\t\t\t\t<div class=\"elementor-widget-container\">\n\t\t\t\t\t\t\t\t\t<p>Trails of Menorca est responsable du traitement des donn\u00e9es personnelles comme indiqu\u00e9 dans la pr\u00e9sente d\u00e9claration de confidentialit\u00e9. Si vous estimez que vos donn\u00e9es ne sont pas correctement prot\u00e9g\u00e9es ou qu&rsquo;il existe des indices d&rsquo;utilisation abusive, veuillez nous contacter \u00e0 l&rsquo;adresse info@trailsofmenorca.com. <\/p><p>Vous pouvez partager des donn\u00e9es avec nous de diff\u00e9rentes mani\u00e8res, notamment :<br>&#8211; par le biais de notre site web \/ des syst\u00e8mes li\u00e9s<br>&#8211; par t\u00e9l\u00e9phone<br>&#8211; par le biais du formulaire de contact \/ de la fonction de chat sur le site web<br>&#8211; par le biais d&rsquo;un consentement verbal, de l&rsquo;envoi d&rsquo;un d\u00e9pliant, de Facebook et d&rsquo;Instagram.<\/p>\t\t\t\t\t\t\t\t<\/div>\n\t\t\t\t<\/div>\n\t\t\t\t<div class=\"elementor-element elementor-element-30c211aa elementor-widget elementor-widget-heading\" data-id=\"30c211aa\" data-element_type=\"widget\" data-e-type=\"widget\" data-widget_type=\"heading.default\">\n\t\t\t\t<div class=\"elementor-widget-container\">\n\t\t\t\t\t<h3 class=\"elementor-heading-title elementor-size-default\">Donn\u00e9es personnelles que nous traitons<\/h3>\t\t\t\t<\/div>\n\t\t\t\t<\/div>\n\t\t\t\t<div class=\"elementor-element elementor-element-645b634 elementor-widget elementor-widget-text-editor\" data-id=\"645b634\" data-element_type=\"widget\" data-e-type=\"widget\" data-widget_type=\"text-editor.default\">\n\t\t\t\t<div class=\"elementor-widget-container\">\n\t\t\t\t\t\t\t\t\t<p>Trails of Menorca traite vos donn\u00e9es personnelles parce que vous faites appel \u00e0 nos services et\/ou parce que vous nous les fournissez vous-m\u00eame. Voici un r\u00e9sum\u00e9 des donn\u00e9es personnelles que nous traitons :<br>&#8211; Pr\u00e9nom et nom<br>&#8211; Adresse<br>&#8211; Num\u00e9ro de t\u00e9l\u00e9phone<br>&#8211; Adresse e-mail<br>&#8211; Donn\u00e9es sur vos activit\u00e9s sur notre site web<br>&#8211; Donn\u00e9es sur votre comportement de navigation sur diff\u00e9rents sites web (par exemple, parce que cette entreprise fait partie d&rsquo;un r\u00e9seau publicitaire)<br>&#8211; Navigateur Internet et type d&rsquo;appareil<br>&#8211; Num\u00e9ro de compte bancaire <\/p>\t\t\t\t\t\t\t\t<\/div>\n\t\t\t\t<\/div>\n\t\t\t\t<div class=\"elementor-element elementor-element-c12179f elementor-widget elementor-widget-heading\" data-id=\"c12179f\" data-element_type=\"widget\" data-e-type=\"widget\" data-widget_type=\"heading.default\">\n\t\t\t\t<div class=\"elementor-widget-container\">\n\t\t\t\t\t<h3 class=\"elementor-heading-title elementor-size-default\">Donn\u00e9es personnelles sensibles que nous traitons<\/h3>\t\t\t\t<\/div>\n\t\t\t\t<\/div>\n\t\t\t\t<div class=\"elementor-element elementor-element-5a85e4c elementor-widget elementor-widget-text-editor\" data-id=\"5a85e4c\" data-element_type=\"widget\" data-e-type=\"widget\" data-widget_type=\"text-editor.default\">\n\t\t\t\t<div class=\"elementor-widget-container\">\n\t\t\t\t\t\t\t\t\t<p>Notre site web et\/ou service n&rsquo;est pas destin\u00e9 \u00e0 collecter des donn\u00e9es sur les visiteurs du site web \u00e2g\u00e9s de moins de 16 ans, \u00e0 moins qu&rsquo;ils n&rsquo;aient l&rsquo;autorisation de leurs parents ou de leur tuteur. Toutefois, nous ne pouvons pas v\u00e9rifier si un visiteur est \u00e2g\u00e9 de plus de 16 ans. Nous recommandons donc aux parents de suivre les activit\u00e9s en ligne de leurs enfants (<br>) afin d&rsquo;\u00e9viter que des donn\u00e9es concernant les enfants ne soient collect\u00e9es sans l&rsquo;autorisation des parents. Si vous avez la certitude que nous avons collect\u00e9 des donn\u00e9es personnelles sur un mineur sans son autorisation, veuillez nous contacter \u00e0 l&rsquo;adresse info@trailsofmenorca.com, et nous supprimerons ces informations.   <\/p>\t\t\t\t\t\t\t\t<\/div>\n\t\t\t\t<\/div>\n\t\t\t\t<div class=\"elementor-element elementor-element-3984df7 elementor-widget elementor-widget-heading\" data-id=\"3984df7\" data-element_type=\"widget\" data-e-type=\"widget\" data-widget_type=\"heading.default\">\n\t\t\t\t<div class=\"elementor-widget-container\">\n\t\t\t\t\t<h3 class=\"elementor-heading-title elementor-size-default\">La finalit\u00e9 pour laquelle nous traitons les donn\u00e9es \u00e0 caract\u00e8re personnel et sur la base de quel principe  <\/h3>\t\t\t\t<\/div>\n\t\t\t\t<\/div>\n\t\t\t\t<div class=\"elementor-element elementor-element-b20151e elementor-widget elementor-widget-text-editor\" data-id=\"b20151e\" data-element_type=\"widget\" data-e-type=\"widget\" data-widget_type=\"text-editor.default\">\n\t\t\t\t<div class=\"elementor-widget-container\">\n\t\t\t\t\t\t\t\t\t<p>Trails of Menorca traite vos donn\u00e9es \u00e0 caract\u00e8re personnel aux fins suivantes :<br>&#8211; Activit\u00e9s administratives : par exemple, traitement de votre paiement<br>&#8211; Pour pouvoir vous appeler ou vous envoyer un e-mail si cela est n\u00e9cessaire pour fournir notre service<br>&#8211; Pour vous informer des changements apport\u00e9s \u00e0 nos services et\/ou produits<br>&#8211; Trails of Menorca analyse votre comportement sur le site Web afin de pouvoir l&rsquo;am\u00e9liorer et d&rsquo;adapter les produits et\/ou services offerts \u00e0 vos pr\u00e9f\u00e9rences.<br>&#8211; Trails of Menorca suit votre comportement de navigation sur diff\u00e9rents sites web pour nous aider \u00e0 adapter nos produits et\/ou services \u00e0 vos besoins.<br>&#8211; Trails of Menorca traite \u00e9galement des donn\u00e9es \u00e0 caract\u00e8re personnel si la loi l&rsquo;exige, comme les informations n\u00e9cessaires \u00e0 notre d\u00e9claration fiscale.<\/p>\t\t\t\t\t\t\t\t<\/div>\n\t\t\t\t<\/div>\n\t\t\t\t<div class=\"elementor-element elementor-element-cb02447 elementor-widget elementor-widget-heading\" data-id=\"cb02447\" data-element_type=\"widget\" data-e-type=\"widget\" data-widget_type=\"heading.default\">\n\t\t\t\t<div class=\"elementor-widget-container\">\n\t\t\t\t\t<h3 class=\"elementor-heading-title elementor-size-default\">Dur\u00e9e de conservation des donn\u00e9es \u00e0 caract\u00e8re personnel  <\/h3>\t\t\t\t<\/div>\n\t\t\t\t<\/div>\n\t\t\t\t<div class=\"elementor-element elementor-element-535edef elementor-widget elementor-widget-text-editor\" data-id=\"535edef\" data-element_type=\"widget\" data-e-type=\"widget\" data-widget_type=\"text-editor.default\">\n\t\t\t\t<div class=\"elementor-widget-container\">\n\t\t\t\t\t\t\t\t\t<p>Trails of Menorca ne conservera pas vos donn\u00e9es personnelles plus longtemps que ce qui est strictement n\u00e9cessaire pour atteindre les objectifs pour lesquels vos donn\u00e9es sont collect\u00e9es. Nous conservons vos donn\u00e9es aussi longtemps que vous \u00eates notre client. Cela signifie que nous conservons votre profil de client jusqu&rsquo;\u00e0 ce que vous indiquiez \u00e0<br>que vous ne souhaitez plus utiliser nos services. Si vous nous en informez, nous consid\u00e9rerons \u00e9galement cela comme une demande d&rsquo;oubli. En vertu des obligations administratives applicables, nous devons conserver les factures contenant vos donn\u00e9es (personnelles), et nous conserverons donc ces donn\u00e9es jusqu&rsquo;\u00e0 la fin de la p\u00e9riode de conservation applicable. Toutefois, les employ\u00e9s n&rsquo;auront plus acc\u00e8s \u00e0 votre profil de client et aux documents que nous avons produits \u00e0 la suite de vos instructions.     <\/p>\t\t\t\t\t\t\t\t<\/div>\n\t\t\t\t<\/div>\n\t\t\t\t<div class=\"elementor-element elementor-element-e8fd2d8 elementor-widget elementor-widget-heading\" data-id=\"e8fd2d8\" data-element_type=\"widget\" data-e-type=\"widget\" data-widget_type=\"heading.default\">\n\t\t\t\t<div class=\"elementor-widget-container\">\n\t\t\t\t\t<h3 class=\"elementor-heading-title elementor-size-default\">Partage de donn\u00e9es personnelles avec des tiers  <\/h3>\t\t\t\t<\/div>\n\t\t\t\t<\/div>\n\t\t\t\t<div class=\"elementor-element elementor-element-633ba26 elementor-widget elementor-widget-text-editor\" data-id=\"633ba26\" data-element_type=\"widget\" data-e-type=\"widget\" data-widget_type=\"text-editor.default\">\n\t\t\t\t<div class=\"elementor-widget-container\">\n\t\t\t\t\t\t\t\t\t<p>Trails of Menorca ne vend pas vos donn\u00e9es \u00e0 des tiers et ne les met \u00e0 disposition que si cela est n\u00e9cessaire pour l&rsquo;ex\u00e9cution de notre contrat avec vous ou pour respecter une obligation l\u00e9gale. Nous concluons un accord de sous-traitance avec les entreprises qui traitent vos donn\u00e9es en notre nom afin de garantir le m\u00eame niveau de s\u00e9curit\u00e9 et de confidentialit\u00e9 pour vos donn\u00e9es.<br>Trails of Menorca reste responsable de ce traitement. <\/p>\t\t\t\t\t\t\t\t<\/div>\n\t\t\t\t<\/div>\n\t\t\t\t<div class=\"elementor-element elementor-element-5044204 elementor-widget elementor-widget-heading\" data-id=\"5044204\" data-element_type=\"widget\" data-e-type=\"widget\" data-widget_type=\"heading.default\">\n\t\t\t\t<div class=\"elementor-widget-container\">\n\t\t\t\t\t<h3 class=\"elementor-heading-title elementor-size-default\">Processeurs de paiement  <\/h3>\t\t\t\t<\/div>\n\t\t\t\t<\/div>\n\t\t\t\t<div class=\"elementor-element elementor-element-db148ad elementor-widget elementor-widget-text-editor\" data-id=\"db148ad\" data-element_type=\"widget\" data-e-type=\"widget\" data-widget_type=\"text-editor.default\">\n\t\t\t\t<div class=\"elementor-widget-container\">\n\t\t\t\t\t\t\t\t\t<p>Mollie<br>Nous utilisons la plateforme Mollie pour traiter (une partie) des paiements par l&rsquo;interm\u00e9diaire de notre site web. Mollie traite votre nom, votre adresse et votre lieu de r\u00e9sidence, ainsi que vos donn\u00e9es de paiement telles que votre num\u00e9ro de compte bancaire ou de carte de cr\u00e9dit. Mollie a pris des mesures techniques et organisationnelles appropri\u00e9es pour prot\u00e9ger vos donn\u00e9es \u00e0 caract\u00e8re personnel. Mollie se r\u00e9serve le droit d&rsquo;utiliser vos donn\u00e9es pour am\u00e9liorer le service et, dans ce cadre, de partager des donn\u00e9es (anonymes) avec des tiers. Toutes les garanties \u00e9num\u00e9r\u00e9es ci-dessus concernant la protection de vos donn\u00e9es personnelles s&rsquo;appliquent \u00e9galement aux parties des services de Mollie pour lesquelles elle fait appel \u00e0 des tiers. Mollie ne conservera pas vos donn\u00e9es plus longtemps que les d\u00e9lais l\u00e9gaux ne le permettent.     <\/p>\t\t\t\t\t\t\t\t<\/div>\n\t\t\t\t<\/div>\n\t\t\t\t<div class=\"elementor-element elementor-element-e71ddc7 elementor-widget elementor-widget-heading\" data-id=\"e71ddc7\" data-element_type=\"widget\" data-e-type=\"widget\" data-widget_type=\"heading.default\">\n\t\t\t\t<div class=\"elementor-widget-container\">\n\t\t\t\t\t<h3 class=\"elementor-heading-title elementor-size-default\">Cookies ou technologies comparables que nous utilisons  <\/h3>\t\t\t\t<\/div>\n\t\t\t\t<\/div>\n\t\t\t\t<div class=\"elementor-element elementor-element-c767506 elementor-widget elementor-widget-text-editor\" data-id=\"c767506\" data-element_type=\"widget\" data-e-type=\"widget\" data-widget_type=\"text-editor.default\">\n\t\t\t\t<div class=\"elementor-widget-container\">\n\t\t\t\t\t\t\t\t\t<p>Trails of Menorca utilise des cookies fonctionnels, analytiques et de suivi. Un cookie est un petit fichier texte qui est enregistr\u00e9 dans le navigateur de votre ordinateur, tablette ou smartphone lorsque vous visitez ce site Web pour la premi\u00e8re fois. Trails of Menorca utilise des cookies ayant une fonction purement technique. Ils garantissent que le site web fonctionne correctement et que vos param\u00e8tres de pr\u00e9f\u00e9rence sont enregistr\u00e9s, par exemple. Ces cookies sont \u00e9galement utilis\u00e9s pour assurer le bon fonctionnement du site web et pour pouvoir l&rsquo;optimiser. Nous installons \u00e9galement des cookies qui suivent votre comportement de navigation afin de pouvoir vous proposer un contenu et des publicit\u00e9s sur mesure. Lors de votre premi\u00e8re visite sur notre site web, nous vous avons inform\u00e9 de l&rsquo;existence de ces cookies et nous vous avons demand\u00e9 la permission de les installer. Vous pouvez refuser les cookies en param\u00e9trant votre navigateur Internet de mani\u00e8re \u00e0 ce qu&rsquo;il ne stocke plus de cookies. Vous pouvez \u00e9galement supprimer toutes les informations enregistr\u00e9es pr\u00e9c\u00e9demment via les param\u00e8tres de votre navigateur.<br>Des cookies sont \u00e9galement install\u00e9s sur ce site web par des tiers tels que des annonceurs et\/ou des soci\u00e9t\u00e9s de m\u00e9dias sociaux. Une liste de ces cookies est donn\u00e9e ci-dessous :         <\/p>\t\t\t\t\t\t\t\t<\/div>\n\t\t\t\t<\/div>\n\t\t\t\t<div class=\"elementor-element elementor-element-f966bcf elementor-widget elementor-widget-heading\" data-id=\"f966bcf\" data-element_type=\"widget\" data-e-type=\"widget\" data-widget_type=\"heading.default\">\n\t\t\t\t<div class=\"elementor-widget-container\">\n\t\t\t\t\t<h3 class=\"elementor-heading-title elementor-size-default\">[Google Analytics]<\/h3>\t\t\t\t<\/div>\n\t\t\t\t<\/div>\n\t\t\t\t<div class=\"elementor-element elementor-element-ebe04eb elementor-widget elementor-widget-text-editor\" data-id=\"ebe04eb\" data-element_type=\"widget\" data-e-type=\"widget\" data-widget_type=\"text-editor.default\">\n\t\t\t\t<div class=\"elementor-widget-container\">\n\t\t\t\t\t\t\t\t\t<p>Des cookies de la soci\u00e9t\u00e9 am\u00e9ricaine Google sont install\u00e9s sur notre site web dans le cadre du service \u00ab\u00a0Analytics\u00a0\u00bb. Nous utilisons ce service pour suivre et obtenir des rapports sur la fa\u00e7on dont les visiteurs utilisent le site web. Ce sous-traitant peut \u00eatre tenu par les lois et r\u00e9glementations applicables de donner acc\u00e8s \u00e0 ces donn\u00e9es. Nous collectons des informations sur votre comportement de navigation et les transmettons \u00e0 Google. Google peut interpr\u00e9ter ces informations en conjonction avec d&rsquo;autres ensembles de donn\u00e9es et ainsi suivre vos mouvements sur Internet. Google utilise ces informations pour proposer des publicit\u00e9s cibl\u00e9es (Adwords) et d&rsquo;autres services et produits Google, entre autres.     <\/p>\t\t\t\t\t\t\t\t<\/div>\n\t\t\t\t<\/div>\n\t\t\t\t<div class=\"elementor-element elementor-element-9025cec elementor-widget elementor-widget-heading\" data-id=\"9025cec\" data-element_type=\"widget\" data-e-type=\"widget\" data-widget_type=\"heading.default\">\n\t\t\t\t<div class=\"elementor-widget-container\">\n\t\t\t\t\t<h3 class=\"elementor-heading-title elementor-size-default\">Traiter, modifier ou supprimer des donn\u00e9es  <\/h3>\t\t\t\t<\/div>\n\t\t\t\t<\/div>\n\t\t\t\t<div class=\"elementor-element elementor-element-0b4c64d elementor-widget elementor-widget-text-editor\" data-id=\"0b4c64d\" data-element_type=\"widget\" data-e-type=\"widget\" data-widget_type=\"text-editor.default\">\n\t\t\t\t<div class=\"elementor-widget-container\">\n\t\t\t\t\t\t\t\t\t<p>Vous avez le droit d&rsquo;acc\u00e9der \u00e0 vos donn\u00e9es personnelles, de les corriger ou de les supprimer. Vous avez \u00e9galement le droit de r\u00e9tracter votre autorisation pour le traitement des donn\u00e9es ou de vous opposer au traitement de vos donn\u00e9es personnelles par Trails of Menorca, et vous avez le droit de transf\u00e9rer des donn\u00e9es. Cela signifie que vous pouvez nous demander de vous envoyer les donn\u00e9es personnelles que nous poss\u00e9dons \u00e0 votre sujet, ou \u00e0 une autre organisation que vous aurez sp\u00e9cifi\u00e9e dans un fichier informatique. Vous pouvez envoyer une demande d&rsquo;acc\u00e8s, de correction, de suppression ou de transfert de vos donn\u00e9es \u00e0 caract\u00e8re personnel ou une demande de r\u00e9tractation de votre autorisation ou d&rsquo;opposition au traitement de vos donn\u00e9es \u00e0 caract\u00e8re personnel \u00e0 info@trailsofmenorca.com. Afin de nous assurer que la demande d&rsquo;acc\u00e8s a \u00e9t\u00e9 faite par vous, nous vous demandons de joindre une copie de votre preuve d&rsquo;identit\u00e9 \u00e0 la demande. Veuillez masquer la photo de votre passeport, la MRZ (zone de lecture automatique, la bande de chiffres au bas du passeport), le num\u00e9ro de votre passeport et le num\u00e9ro de service du citoyen (BSN) sur cette copie. Ceci afin de prot\u00e9ger votre vie priv\u00e9e.      <\/p>\t\t\t\t\t\t\t\t<\/div>\n\t\t\t\t<\/div>\n\t\t\t\t<div class=\"elementor-element elementor-element-f58c15f elementor-widget elementor-widget-text-editor\" data-id=\"f58c15f\" data-element_type=\"widget\" data-e-type=\"widget\" data-widget_type=\"text-editor.default\">\n\t\t\t\t<div class=\"elementor-widget-container\">\n\t\t\t\t\t\t\t\t\t<p>Nous r\u00e9pondrons \u00e0 votre demande dans les plus brefs d\u00e9lais, et en tout cas dans un d\u00e9lai de quatre semaines. Trails of Menorca attire \u00e9galement votre attention sur le fait que vous pouvez d\u00e9poser une plainte aupr\u00e8s du r\u00e9gulateur national, l&rsquo;Autorit\u00e9 espagnole de protection des donn\u00e9es (Agencia Espa\u00f1ola de Protecci\u00f3n de Datos | AEPD) Agencia Espa\u00f1ola de Protecci\u00f3n de Datos | AEPD. <\/p>\t\t\t\t\t\t\t\t<\/div>\n\t\t\t\t<\/div>\n\t\t\t\t<div class=\"elementor-element elementor-element-35ddf84 elementor-widget elementor-widget-heading\" data-id=\"35ddf84\" data-element_type=\"widget\" data-e-type=\"widget\" data-widget_type=\"heading.default\">\n\t\t\t\t<div class=\"elementor-widget-container\">\n\t\t\t\t\t<h3 class=\"elementor-heading-title elementor-size-default\">Comment nous s\u00e9curisons les donn\u00e9es personnelles<\/h3>\t\t\t\t<\/div>\n\t\t\t\t<\/div>\n\t\t\t\t<div class=\"elementor-element elementor-element-359b096 elementor-widget elementor-widget-text-editor\" data-id=\"359b096\" data-element_type=\"widget\" data-e-type=\"widget\" data-widget_type=\"text-editor.default\">\n\t\t\t\t<div class=\"elementor-widget-container\">\n\t\t\t\t\t\t\t\t\t<p>Trails of Menorca prend au s\u00e9rieux la protection de vos donn\u00e9es et prend les mesures appropri\u00e9es pour emp\u00eacher toute utilisation abusive, perte, acc\u00e8s non autoris\u00e9, publication non d\u00e9sir\u00e9e et modification non autoris\u00e9e. Si vous estimez que vos donn\u00e9es ne sont pas correctement prot\u00e9g\u00e9es ou s&rsquo;il existe des indices d&rsquo;utilisation abusive, veuillez nous contacter \u00e0 l&rsquo;adresse info@trailsofmenorca.com. <\/p>\t\t\t\t\t\t\t\t<\/div>\n\t\t\t\t<\/div>\n\t\t\t\t<div class=\"elementor-element elementor-element-5504dd8 elementor-widget elementor-widget-heading\" data-id=\"5504dd8\" data-element_type=\"widget\" data-e-type=\"widget\" data-widget_type=\"heading.default\">\n\t\t\t\t<div class=\"elementor-widget-container\">\n\t\t\t\t\t<h3 class=\"elementor-heading-title elementor-size-default\">Coordonn\u00e9es (Impressum)<\/h3>\t\t\t\t<\/div>\n\t\t\t\t<\/div>\n\t\t\t\t<div class=\"elementor-element elementor-element-62f9174 elementor-widget elementor-widget-text-editor\" data-id=\"62f9174\" data-element_type=\"widget\" data-e-type=\"widget\" data-widget_type=\"text-editor.default\">\n\t\t\t\t<div class=\"elementor-widget-container\">\n\t\t\t\t\t\t\t\t\t<p>Trails of Menorca, Carrer des Ullastres 3, 07711 Binissafuller, Menorca, Illes Baleares<br>E-Mail : Info@trailsofmenorca.com<br>Personnes de contact pour les questions de confidentialit\u00e9 : Vanessa Rainers<\/p>\t\t\t\t\t\t\t\t<\/div>\n\t\t\t\t<\/div>\n\t\t\t\t\t<\/div>\n\t\t<\/div>\n\t\t\t\t\t<\/div>\n\t\t<\/section>\n\t\t\t\t<section class=\"elementor-section elementor-top-section elementor-element elementor-element-2b44f8b elementor-section-boxed elementor-section-height-default elementor-section-height-default\" data-id=\"2b44f8b\" data-element_type=\"section\" data-e-type=\"section\">\n\t\t\t\t\t\t<div class=\"elementor-container elementor-column-gap-default\">\n\t\t\t\t\t<div class=\"elementor-column elementor-col-100 elementor-top-column elementor-element elementor-element-faf973d\" data-id=\"faf973d\" data-element_type=\"column\" data-e-type=\"column\">\n\t\t\t<div class=\"elementor-widget-wrap elementor-element-populated\">\n\t\t\t\t\t\t<div class=\"elementor-element elementor-element-ed369d7 elementor-widget elementor-widget-spacer\" data-id=\"ed369d7\" data-element_type=\"widget\" data-e-type=\"widget\" data-widget_type=\"spacer.default\">\n\t\t\t\t<div class=\"elementor-widget-container\">\n\t\t\t\t\t\t\t<div class=\"elementor-spacer\">\n\t\t\t<div class=\"elementor-spacer-inner\"><\/div>\n\t\t<\/div>\n\t\t\t\t\t\t<\/div>\n\t\t\t\t<\/div>\n\t\t\t\t\t<\/div>\n\t\t<\/div>\n\t\t\t\t\t<\/div>\n\t\t<\/section>\n\t\t\t\t<section class=\"elementor-section elementor-top-section elementor-element elementor-element-5c8ee90 elementor-section-boxed elementor-section-height-default elementor-section-height-default\" data-id=\"5c8ee90\" data-element_type=\"section\" data-e-type=\"section\">\n\t\t\t\t\t\t<div class=\"elementor-container elementor-column-gap-default\">\n\t\t\t\t\t<div class=\"elementor-column elementor-col-100 elementor-top-column elementor-element elementor-element-990d4e1\" data-id=\"990d4e1\" data-element_type=\"column\" data-e-type=\"column\">\n\t\t\t<div class=\"elementor-widget-wrap elementor-element-populated\">\n\t\t\t\t\t\t<div class=\"elementor-element elementor-element-0d4d570 elementor-widget elementor-widget-spacer\" data-id=\"0d4d570\" data-element_type=\"widget\" data-e-type=\"widget\" data-widget_type=\"spacer.default\">\n\t\t\t\t<div class=\"elementor-widget-container\">\n\t\t\t\t\t\t\t<div class=\"elementor-spacer\">\n\t\t\t<div class=\"elementor-spacer-inner\"><\/div>\n\t\t<\/div>\n\t\t\t\t\t\t<\/div>\n\t\t\t\t<\/div>\n\t\t\t\t\t<\/div>\n\t\t<\/div>\n\t\t\t\t\t<\/div>\n\t\t<\/section>\n\t\t\t\t<\/div>\n\t\t","protected":false},"excerpt":{"rendered":"<p>D\u00e9claration de confidentialit\u00e9 D\u00e9claration de confidentialit\u00e9 Trails of Menorca est responsable du traitement des donn\u00e9es personnelles comme indiqu\u00e9 dans la pr\u00e9sente d\u00e9claration de confidentialit\u00e9. Si vous estimez que vos donn\u00e9es ne sont pas correctement prot\u00e9g\u00e9es ou qu&rsquo;il existe des indices d&rsquo;utilisation abusive, veuillez nous contacter \u00e0 l&rsquo;adresse info@trailsofmenorca.com. Vous pouvez partager des donn\u00e9es avec nous [&hellip;]<\/p>\n","protected":false},"author":5,"featured_media":0,"parent":0,"menu_order":0,"comment_status":"closed","ping_status":"closed","template":"elementor_header_footer","meta":{"_joinchat":[],"footnotes":""},"class_list":["post-12941","page","type-page","status-publish","hentry"],"_links":{"self":[{"href":"https:\/\/trailsofmenorca.com\/fr\/wp-json\/wp\/v2\/pages\/12941","targetHints":{"allow":["GET"]}}],"collection":[{"href":"https:\/\/trailsofmenorca.com\/fr\/wp-json\/wp\/v2\/pages"}],"about":[{"href":"https:\/\/trailsofmenorca.com\/fr\/wp-json\/wp\/v2\/types\/page"}],"author":[{"embeddable":true,"href":"https:\/\/trailsofmenorca.com\/fr\/wp-json\/wp\/v2\/users\/5"}],"replies":[{"embeddable":true,"href":"https:\/\/trailsofmenorca.com\/fr\/wp-json\/wp\/v2\/comments?post=12941"}],"version-history":[{"count":0,"href":"https:\/\/trailsofmenorca.com\/fr\/wp-json\/wp\/v2\/pages\/12941\/revisions"}],"wp:attachment":[{"href":"https:\/\/trailsofmenorca.com\/fr\/wp-json\/wp\/v2\/media?parent=12941"}],"curies":[{"name":"wp","href":"https:\/\/api.w.org\/{rel}","templated":true}]}}