{"id":10157,"date":"2025-04-23T18:30:32","date_gmt":"2025-04-23T16:30:32","guid":{"rendered":"https:\/\/trailsofmenorca.com\/prices\/"},"modified":"2026-04-12T12:28:48","modified_gmt":"2026-04-12T10:28:48","slug":"prix","status":"publish","type":"page","link":"https:\/\/trailsofmenorca.com\/fr\/prix\/","title":{"rendered":"Prix\u200b"},"content":{"rendered":"\t\t<div data-elementor-type=\"wp-page\" data-elementor-id=\"10157\" class=\"elementor elementor-10157 elementor-10118\" data-elementor-post-type=\"page\">\n\t\t\t\t<div class=\"elementor-element elementor-element-65f4e8a e-flex e-con-boxed e-con e-parent\" data-id=\"65f4e8a\" data-element_type=\"container\" data-e-type=\"container\" data-settings=\"{&quot;background_background&quot;:&quot;classic&quot;}\">\n\t\t\t\t\t<div class=\"e-con-inner\">\n\t\t<div class=\"elementor-element elementor-element-a6d6428 e-con-full e-flex e-con e-child\" data-id=\"a6d6428\" data-element_type=\"container\" data-e-type=\"container\">\n\t\t\t\t<div class=\"elementor-element elementor-element-dc118b2 elementor-widget elementor-widget-heading\" data-id=\"dc118b2\" data-element_type=\"widget\" data-e-type=\"widget\" data-widget_type=\"heading.default\">\n\t\t\t\t<div class=\"elementor-widget-container\">\n\t\t\t\t\t<h2 class=\"elementor-heading-title elementor-size-default\">Prix\u200b<\/h2>\t\t\t\t<\/div>\n\t\t\t\t<\/div>\n\t\t\t\t<div class=\"elementor-element elementor-element-8306d5f elementor-absolute elementor-widget__width-inherit elementor-widget elementor-widget-heading\" data-id=\"8306d5f\" data-element_type=\"widget\" data-e-type=\"widget\" data-settings=\"{&quot;_position&quot;:&quot;absolute&quot;}\" data-widget_type=\"heading.default\">\n\t\t\t\t<div class=\"elementor-widget-container\">\n\t\t\t\t\t<span class=\"elementor-heading-title elementor-size-default\">Prix\u200b<\/span>\t\t\t\t<\/div>\n\t\t\t\t<\/div>\n\t\t\t\t<\/div>\n\t\t\t\t\t<\/div>\n\t\t\t\t<\/div>\n\t\t<div class=\"elementor-element elementor-element-39cb5ed e-flex e-con-boxed e-con e-parent\" data-id=\"39cb5ed\" data-element_type=\"container\" data-e-type=\"container\">\n\t\t\t\t\t<div class=\"e-con-inner\">\n\t\t<div class=\"elementor-element elementor-element-5b3267d e-con-full e-flex e-con e-child\" data-id=\"5b3267d\" data-element_type=\"container\" data-e-type=\"container\" data-settings=\"{&quot;background_background&quot;:&quot;classic&quot;}\">\n\t\t\t\t<div class=\"elementor-element elementor-element-c1902b4 elementor-widget elementor-widget-heading\" data-id=\"c1902b4\" data-element_type=\"widget\" data-e-type=\"widget\" data-widget_type=\"heading.default\">\n\t\t\t\t<div class=\"elementor-widget-container\">\n\t\t\t\t\t<h2 class=\"elementor-heading-title elementor-size-default\">Randonn\u00e9es priv\u00e9es<\/h2>\t\t\t\t<\/div>\n\t\t\t\t<\/div>\n\t\t\t\t<div class=\"elementor-element elementor-element-7a1eaaa elementor-widget elementor-widget-heading\" data-id=\"7a1eaaa\" data-element_type=\"widget\" data-e-type=\"widget\" data-widget_type=\"heading.default\">\n\t\t\t\t<div class=\"elementor-widget-container\">\n\t\t\t\t\t<h2 class=\"elementor-heading-title elementor-size-small\">COMBIEN CO\u00dbTE UNE RANDONN\u00c9E PRIV\u00c9E?<\/h2>\t\t\t\t<\/div>\n\t\t\t\t<\/div>\n\t\t\t\t<div class=\"elementor-element elementor-element-768e207 elementor-widget elementor-widget-text-editor\" data-id=\"768e207\" data-element_type=\"widget\" data-e-type=\"widget\" data-widget_type=\"text-editor.default\">\n\t\t\t\t<div class=\"elementor-widget-container\">\n\t\t\t\t\t\t\t\t\t<p class=\"p1\"><span data-sheets-root=\"1\">Toutes les<b> visites priv\u00e9es <\/b>d&rsquo;une demi-journ\u00e9e co\u00fbtent <b>240,00 EUR TVA incluse  <\/b>par personne<br>(pour un groupe de 1 \u00e0 4 personnes ; famille\/amis).<\/span><\/p><p>Que vous soyez plus de quatre personnes ou que vous voyagiez seul, n&rsquo;h\u00e9sitez pas \u00e0 me contacter.<\/p><p><span data-sheets-root=\"1\"><br>Heure de d\u00e9but \u00e0 convenir (g\u00e9n\u00e9ralement entre 8 h et 9 h)<\/span><\/p>\t\t\t\t\t\t\t\t<\/div>\n\t\t\t\t<\/div>\n\t\t\t\t<div class=\"elementor-element elementor-element-a5f788a elementor-widget elementor-widget-text-editor\" data-id=\"a5f788a\" data-element_type=\"widget\" data-e-type=\"widget\" data-widget_type=\"text-editor.default\">\n\t\t\t\t<div class=\"elementor-widget-container\">\n\t\t\t\t\t\t\t\t\t<p class=\"p1\"><span data-sheets-root=\"1\">Excursion \u00ab <b>Lever du soleil<\/b> \u00bb (facile) et excursion \u00ab <b>Coucher de soleil<\/b> \u00bb (facile)<br \/><b>Prix: 170,00<\/b> <b>EUR, TVA comprise <\/b> par personne<br \/>(pour un groupe de 1 \u00e0 4 personnes ; famille\/amis) <\/span><span data-sheets-root=\"1\">Si vous \u00eates plusieurs, merci de me contacter.<\/span><\/p><p class=\"p1\"><span data-sheets-root=\"1\">Les horaires de d\u00e9part seront fix\u00e9s en fonction de la p\u00e9riode de l&rsquo;ann\u00e9e.<\/span><\/p>\t\t\t\t\t\t\t\t<\/div>\n\t\t\t\t<\/div>\n\t\t\t\t<div class=\"elementor-element elementor-element-ec90f88 elementor-widget elementor-widget-text-editor\" data-id=\"ec90f88\" data-element_type=\"widget\" data-e-type=\"widget\" data-widget_type=\"text-editor.default\">\n\t\t\t\t<div class=\"elementor-widget-container\">\n\t\t\t\t\t\t\t\t\t<p class=\"p1\">D\u00e9couvrez une s\u00e9lection de visites priv\u00e9es en cliquant sur<br>\u00ab <b>Randonn\u00e9es priv\u00e9es<\/b> \u00bb dans le menu.<\/p>\t\t\t\t\t\t\t\t<\/div>\n\t\t\t\t<\/div>\n\t\t\t\t<div class=\"elementor-element elementor-element-cba79f0 elementor-widget elementor-widget-heading\" data-id=\"cba79f0\" data-element_type=\"widget\" data-e-type=\"widget\" data-widget_type=\"heading.default\">\n\t\t\t\t<div class=\"elementor-widget-container\">\n\t\t\t\t\t<h2 class=\"elementor-heading-title elementor-size-small\">QU'EST-CE QUI EST INCLUS DANS UNE RANDONN\u00c9E PRIV\u00c9E?<\/h2>\t\t\t\t<\/div>\n\t\t\t\t<\/div>\n\t\t\t\t<div class=\"elementor-element elementor-element-532250f elementor-widget elementor-widget-text-editor\" data-id=\"532250f\" data-element_type=\"widget\" data-e-type=\"widget\" data-widget_type=\"text-editor.default\">\n\t\t\t\t<div class=\"elementor-widget-container\">\n\t\t\t\t\t\t\t\t\t<ul><li>Visite enti\u00e8rement priv\u00e9e: seulement vous et vos amis\/famille (jusqu&rsquo;\u00e0 4 personnes)<\/li><li>Transport \u00e0 bord de mon Land Rover Defender : prise en charge et d\u00e9pose \u00e0 votre lieu d&rsquo;h\u00e9bergement (ou \u00e0 l&rsquo;endroit convenu)<\/li><li>Un guide professionnel certifi\u00e9, form\u00e9 aux premiers secours, \u00e9quip\u00e9 d&rsquo;un t\u00e9l\u00e9phone satellite et d&rsquo;un d\u00e9fibrillateur (AED), parlant allemand et anglais (ainsi qu&rsquo;un peu de fran\u00e7ais et d&rsquo;espagnol, et ayant une bonne compr\u00e9hension de l&rsquo;italien).<\/li><li>Bouteilles d&rsquo;eau, fruits frais<\/li><li><span style=\"background-color: transparent;\">Photos et vid\u00e9os (\u00e0 partager ensuite via Dropbox)<\/span><\/li><li>Activit\u00e9s ludiques pour les enfants<\/li><li>Billets d&rsquo;entr\u00e9e, si n\u00e9cessaire<\/li><li>Location de mat\u00e9riel de randonn\u00e9e, de plong\u00e9e avec tuba, de sac \u00e0 dos et de serviette<\/li><li>Une trousse de toilette et des mouchoirs<\/li><\/ul>\t\t\t\t\t\t\t\t<\/div>\n\t\t\t\t<\/div>\n\t\t\t\t<div class=\"elementor-element elementor-element-5a9082a elementor-widget elementor-widget-heading\" data-id=\"5a9082a\" data-element_type=\"widget\" data-e-type=\"widget\" data-widget_type=\"heading.default\">\n\t\t\t\t<div class=\"elementor-widget-container\">\n\t\t\t\t\t<h2 class=\"elementor-heading-title elementor-size-small\">COMMENT R\u00c9SERVER <\/h2>\t\t\t\t<\/div>\n\t\t\t\t<\/div>\n\t\t\t\t<div class=\"elementor-element elementor-element-b86258a elementor-widget elementor-widget-text-editor\" data-id=\"b86258a\" data-element_type=\"widget\" data-e-type=\"widget\" data-widget_type=\"text-editor.default\">\n\t\t\t\t<div class=\"elementor-widget-container\">\n\t\t\t\t\t\t\t\t\t<p>Si vous souhaitez r\u00e9server une randonn\u00e9e priv\u00e9e, rendez-vous sur la page du sentier qui vous int\u00e9resse et cliquez sur le bouton \u00ab <b>Je suis int\u00e9ress\u00e9<\/b> \u00bb. Vous pouvez \u00e9galement me contacter via le bouton \u00ab <b>Contact<\/b> \u00bb dans le menu. Veuillez remplir le formulaire et je vous r\u00e9pondrai dans les plus brefs d\u00e9lais.<\/p><p>Si vous avez des questions, n&rsquo;h\u00e9sitez pas \u00e0 me contacter au <a href=\"Tel: +34691146453\"><b>+34<\/b> <b>691 146 453<\/b><\/a> ou \u00e0 m&rsquo;envoyer un e-mail \u00e0 l&rsquo;adresse suivante: <strong><a href=\"Mail to: info@trailsofmenorca.com\">info@trailsofmenorca.com<\/a><\/strong><\/p>\t\t\t\t\t\t\t\t<\/div>\n\t\t\t\t<\/div>\n\t\t\t\t<\/div>\n\t\t<div class=\"elementor-element elementor-element-e58b47c e-con-full e-flex e-con e-child\" data-id=\"e58b47c\" data-element_type=\"container\" data-e-type=\"container\" data-settings=\"{&quot;background_background&quot;:&quot;classic&quot;}\">\n\t\t\t\t<div class=\"elementor-element elementor-element-3520820 elementor-widget elementor-widget-heading\" data-id=\"3520820\" data-element_type=\"widget\" data-e-type=\"widget\" data-widget_type=\"heading.default\">\n\t\t\t\t<div class=\"elementor-widget-container\">\n\t\t\t\t\t<h2 class=\"elementor-heading-title elementor-size-default\">Visites personnalis\u00e9es\nCon\u00e7ues sur mesure pour vous<\/h2>\t\t\t\t<\/div>\n\t\t\t\t<\/div>\n\t\t\t\t<div class=\"elementor-element elementor-element-0e49af7 elementor-widget elementor-widget-heading\" data-id=\"0e49af7\" data-element_type=\"widget\" data-e-type=\"widget\" data-widget_type=\"heading.default\">\n\t\t\t\t<div class=\"elementor-widget-container\">\n\t\t\t\t\t<h2 class=\"elementor-heading-title elementor-size-small\">COMBIEN CO\u00dbTE UNE VISITE INDIVIDUELLE?<\/h2>\t\t\t\t<\/div>\n\t\t\t\t<\/div>\n\t\t\t\t<div class=\"elementor-element elementor-element-b098245 elementor-widget elementor-widget-text-editor\" data-id=\"b098245\" data-element_type=\"widget\" data-e-type=\"widget\" data-widget_type=\"text-editor.default\">\n\t\t\t\t<div class=\"elementor-widget-container\">\n\t\t\t\t\t\t\t\t\t<p>En fonction de ce que vous souhaitez faire et voir pendant votre s\u00e9jour, je vous enverrai une offre personnalis\u00e9e gratuite par e-mail.<\/p>\t\t\t\t\t\t\t\t<\/div>\n\t\t\t\t<\/div>\n\t\t\t\t<div class=\"elementor-element elementor-element-8a7047e elementor-widget elementor-widget-text-editor\" data-id=\"8a7047e\" data-element_type=\"widget\" data-e-type=\"widget\" data-widget_type=\"text-editor.default\">\n\t\t\t\t<div class=\"elementor-widget-container\">\n\t\t\t\t\t\t\t\t\t<p>Le transport aller-retour depuis et vers votre h\u00e9bergement \u00e0 bord de mon Land Rover Defender est inclus.<\/p>\t\t\t\t\t\t\t\t<\/div>\n\t\t\t\t<\/div>\n\t\t\t\t<div class=\"elementor-element elementor-element-da0ebe0 elementor-widget elementor-widget-text-editor\" data-id=\"da0ebe0\" data-element_type=\"widget\" data-e-type=\"widget\" data-widget_type=\"text-editor.default\">\n\t\t\t\t<div class=\"elementor-widget-container\">\n\t\t\t\t\t\t\t\t\t<p>Les randonn\u00e9es et visites individuelles sont g\u00e9n\u00e9ralement propos\u00e9es pour un maximum de 4 personnes. Si vous \u00eates plus nombreux, veuillez me contacter pour discuter des diff\u00e9rentes possibilit\u00e9s. <\/p>\t\t\t\t\t\t\t\t<\/div>\n\t\t\t\t<\/div>\n\t\t\t\t<div class=\"elementor-element elementor-element-220c2d6 elementor-widget elementor-widget-text-editor\" data-id=\"220c2d6\" data-element_type=\"widget\" data-e-type=\"widget\" data-widget_type=\"text-editor.default\">\n\t\t\t\t<div class=\"elementor-widget-container\">\n\t\t\t\t\t\t\t\t\t<p>Une demi-journ\u00e9e ou une journ\u00e9e compl\u00e8te<\/p>\t\t\t\t\t\t\t\t<\/div>\n\t\t\t\t<\/div>\n\t\t\t\t<div class=\"elementor-element elementor-element-254448c elementor-widget elementor-widget-text-editor\" data-id=\"254448c\" data-element_type=\"widget\" data-e-type=\"widget\" data-widget_type=\"text-editor.default\">\n\t\t\t\t<div class=\"elementor-widget-container\">\n\t\t\t\t\t\t\t\t\t<p>N&rsquo;h\u00e9sitez pas \u00e0 organiser votre emploi du temps comme bon vous semble. Je peux vous aider si vous avez besoin de conseils. \u00c0 votre rythme et selon vos disponibilit\u00e9s.  <\/p>\t\t\t\t\t\t\t\t<\/div>\n\t\t\t\t<\/div>\n\t\t\t\t<div class=\"elementor-element elementor-element-e00d1ab elementor-widget elementor-widget-heading\" data-id=\"e00d1ab\" data-element_type=\"widget\" data-e-type=\"widget\" data-widget_type=\"heading.default\">\n\t\t\t\t<div class=\"elementor-widget-container\">\n\t\t\t\t\t<h2 class=\"elementor-heading-title elementor-size-small\">QU'EST-CE QUI EST INCLUS DANS UNE RANDONN\u00c9E INDIVIDUELLE?<\/h2>\t\t\t\t<\/div>\n\t\t\t\t<\/div>\n\t\t\t\t<div class=\"elementor-element elementor-element-7682eb0 elementor-widget elementor-widget-text-editor\" data-id=\"7682eb0\" data-element_type=\"widget\" data-e-type=\"widget\" data-widget_type=\"text-editor.default\">\n\t\t\t\t<div class=\"elementor-widget-container\">\n\t\t\t\t\t\t\t\t\t<p>Nous pouvons en discuter en priv\u00e9.<\/p>\t\t\t\t\t\t\t\t<\/div>\n\t\t\t\t<\/div>\n\t\t\t\t<div class=\"elementor-element elementor-element-3d9f7d5 elementor-widget elementor-widget-heading\" data-id=\"3d9f7d5\" data-element_type=\"widget\" data-e-type=\"widget\" data-widget_type=\"heading.default\">\n\t\t\t\t<div class=\"elementor-widget-container\">\n\t\t\t\t\t<h2 class=\"elementor-heading-title elementor-size-small\">COORDONN\u00c9ES ET COMMENT ME CONTACTER<\/h2>\t\t\t\t<\/div>\n\t\t\t\t<\/div>\n\t\t\t\t<div class=\"elementor-element elementor-element-baabab1 elementor-widget elementor-widget-text-editor\" data-id=\"baabab1\" data-element_type=\"widget\" data-e-type=\"widget\" data-widget_type=\"text-editor.default\">\n\t\t\t\t<div class=\"elementor-widget-container\">\n\t\t\t\t\t\t\t\t\t<p>Merci de m&rsquo;envoyer un message via le formulaire \u00ab <b>Contact<\/b> \u00bb dans le menu ou de me contacter directement :<\/p>\n<p>Vanessa Rainers<br><a href=\"mailto:info@trailsofmenorca.com\">info@trailsofmenorca.com<\/a><br><b>Mobile:<\/b> <a href=\"tel:+34691146453\">+34 691 146 453<\/a><\/p>\t\t\t\t\t\t\t\t<\/div>\n\t\t\t\t<\/div>\n\t\t\t\t<\/div>\n\t\t\t\t\t<\/div>\n\t\t\t\t<\/div>\n\t\t\t\t<\/div>\n\t\t","protected":false},"excerpt":{"rendered":"<p>Prix\u200b Prix\u200b Randonn\u00e9es priv\u00e9es COMBIEN CO\u00dbTE UNE RANDONN\u00c9E PRIV\u00c9E? Toutes les visites priv\u00e9es d&rsquo;une demi-journ\u00e9e co\u00fbtent 240,00 EUR TVA incluse par personne(pour un groupe de 1 \u00e0 4 personnes ; famille\/amis). Que vous soyez plus de quatre personnes ou que vous voyagiez seul, n&rsquo;h\u00e9sitez pas \u00e0 me contacter. Heure de d\u00e9but \u00e0 convenir (g\u00e9n\u00e9ralement entre [&hellip;]<\/p>\n","protected":false},"author":5,"featured_media":0,"parent":0,"menu_order":0,"comment_status":"closed","ping_status":"closed","template":"elementor_header_footer","meta":{"_joinchat":[],"footnotes":""},"class_list":["post-10157","page","type-page","status-publish","hentry"],"_links":{"self":[{"href":"https:\/\/trailsofmenorca.com\/fr\/wp-json\/wp\/v2\/pages\/10157","targetHints":{"allow":["GET"]}}],"collection":[{"href":"https:\/\/trailsofmenorca.com\/fr\/wp-json\/wp\/v2\/pages"}],"about":[{"href":"https:\/\/trailsofmenorca.com\/fr\/wp-json\/wp\/v2\/types\/page"}],"author":[{"embeddable":true,"href":"https:\/\/trailsofmenorca.com\/fr\/wp-json\/wp\/v2\/users\/5"}],"replies":[{"embeddable":true,"href":"https:\/\/trailsofmenorca.com\/fr\/wp-json\/wp\/v2\/comments?post=10157"}],"version-history":[{"count":7,"href":"https:\/\/trailsofmenorca.com\/fr\/wp-json\/wp\/v2\/pages\/10157\/revisions"}],"predecessor-version":[{"id":14150,"href":"https:\/\/trailsofmenorca.com\/fr\/wp-json\/wp\/v2\/pages\/10157\/revisions\/14150"}],"wp:attachment":[{"href":"https:\/\/trailsofmenorca.com\/fr\/wp-json\/wp\/v2\/media?parent=10157"}],"curies":[{"name":"wp","href":"https:\/\/api.w.org\/{rel}","templated":true}]}}