{"id":7188,"date":"2023-02-20T12:31:46","date_gmt":"2023-02-20T11:31:46","guid":{"rendered":"https:\/\/trailsofmenorca.com\/excursiones-privadas\/"},"modified":"2026-04-03T09:34:30","modified_gmt":"2026-04-03T07:34:30","slug":"excursiones-privadas","status":"publish","type":"page","link":"https:\/\/trailsofmenorca.com\/es\/excursiones-privadas\/","title":{"rendered":"Excursiones privadas"},"content":{"rendered":"\t\t<div data-elementor-type=\"wp-page\" data-elementor-id=\"7188\" class=\"elementor elementor-7188 elementor-153\" data-elementor-post-type=\"page\">\n\t\t\t\t<div class=\"elementor-element elementor-element-44c6832 e-flex e-con-boxed e-con e-parent\" data-id=\"44c6832\" data-element_type=\"container\" data-e-type=\"container\" data-settings=\"{&quot;background_background&quot;:&quot;classic&quot;}\">\n\t\t\t\t\t<div class=\"e-con-inner\">\n\t\t<div class=\"elementor-element elementor-element-f0b1b80 e-con-full e-flex e-con e-child\" data-id=\"f0b1b80\" data-element_type=\"container\" data-e-type=\"container\">\n\t\t\t\t<div class=\"elementor-element elementor-element-8f7a9a3 elementor-widget elementor-widget-heading\" data-id=\"8f7a9a3\" data-element_type=\"widget\" data-e-type=\"widget\" data-widget_type=\"heading.default\">\n\t\t\t\t<div class=\"elementor-widget-container\">\n\t\t\t\t\t<h2 class=\"elementor-heading-title elementor-size-default\">TRAILS OF MENORCA<\/h2>\t\t\t\t<\/div>\n\t\t\t\t<\/div>\n\t\t\t\t<div class=\"elementor-element elementor-element-d855f54 elementor-absolute elementor-widget__width-inherit elementor-widget elementor-widget-heading\" data-id=\"d855f54\" data-element_type=\"widget\" data-e-type=\"widget\" data-settings=\"{&quot;_position&quot;:&quot;absolute&quot;}\" data-widget_type=\"heading.default\">\n\t\t\t\t<div class=\"elementor-widget-container\">\n\t\t\t\t\t<span class=\"elementor-heading-title elementor-size-default\">EXCURSIONES PRIVADAS<\/span>\t\t\t\t<\/div>\n\t\t\t\t<\/div>\n\t\t\t\t<\/div>\n\t\t\t\t\t<\/div>\n\t\t\t\t<\/div>\n\t\t<div class=\"elementor-element elementor-element-d92b753 e-flex e-con-boxed e-con e-parent\" data-id=\"d92b753\" data-element_type=\"container\" data-e-type=\"container\">\n\t\t\t\t\t<div class=\"e-con-inner\">\n\t\t<div class=\"elementor-element elementor-element-d6a2533 e-con-full e-flex e-con e-child\" data-id=\"d6a2533\" data-element_type=\"container\" data-e-type=\"container\">\n\t\t\t\t<div class=\"elementor-element elementor-element-97aa793 animated-slow elementor-invisible elementor-widget elementor-widget-heading\" data-id=\"97aa793\" data-element_type=\"widget\" data-e-type=\"widget\" data-settings=\"{&quot;_animation&quot;:&quot;fadeInRight&quot;}\" data-widget_type=\"heading.default\">\n\t\t\t\t<div class=\"elementor-widget-container\">\n\t\t\t\t\t<h2 class=\"elementor-heading-title elementor-size-default\">Tres niveles de dificultad<\/h2>\t\t\t\t<\/div>\n\t\t\t\t<\/div>\n\t\t\t\t<div class=\"elementor-element elementor-element-0ba038c elementor-widget-tablet__width-initial elementor-widget elementor-widget-text-editor\" data-id=\"0ba038c\" data-element_type=\"widget\" data-e-type=\"widget\" data-widget_type=\"text-editor.default\">\n\t\t\t\t<div class=\"elementor-widget-container\">\n\t\t\t\t\t\t\t\t\t<p>\u00bfEst\u00e1 listo para embarcarse en un viaje de descubrimiento y sumergirse en las maravillas naturales v\u00edrgenes de Menorca? \u00danase a m\u00ed para vivir una experiencia de senderismo inolvidable.  <span style=\"color: var( --e-global-color-text ); font-family: var( --e-global-typography-text-font-family ), Sans-serif; font-size: var( --e-global-typography-text-font-size ); font-weight: var( --e-global-typography-text-font-weight );\">Menorca, una joya en el coraz\u00f3n del Mediterr\u00e1neo, cuenta con impresionantes paisajes, aguas cristalinas y un rico patrimonio cultural por descubrir.<\/span><\/p><p><strong>Trails of Menorca <\/strong>ofrece a los excursionistas impresionantes senderos costeros, naturaleza ind\u00f3mita, lugares hist\u00f3ricos, flora y fauna e impresionantes vistas. Mis senderos se dividen en 3 niveles de dificultad: <strong>F\u00e1cil<\/strong>, <strong>moderado<\/strong> y <strong>desafiante<\/strong>. (Por favor, p\u00f3ngase en contacto conmigo para una evaluaci\u00f3n m\u00e1s personal).  <\/p><h5><strong>\u00bfCU\u00c1NTO CUESTA UN SENDERO PRIVADO Y QU\u00c9 SE OBTIENE?<\/strong><\/h5><p class=\"p1\"><span class=\"s1\">Una<strong> visita privada de medio d\u00eda<\/strong> cuesta  <b>240,00 EUR IVA incl. <\/b>  (para un grupo de 1-4 personas; familia\/amigos). Si viajas solo, ponte en contacto conmigo.<\/span><\/p><p class=\"p1\"><span style=\"text-decoration: underline;\"><strong><span class=\"s1\">Excepciones de precio:  <\/span><\/strong><\/span><\/p><p class=\"p1\"><span class=\"s1\">El <strong>tour<\/strong> <strong>Amanecer &#8211; F\u00e1cil<\/strong> y el <strong>tour Atardecer &#8211; F\u00e1cil<\/strong> cuestan  <b>170,00 EUR IVA incl. <\/b>  cada  <\/span><span class=\"s1\">(para un grupo de 1-4 personas; familia\/amigos)<\/span><\/p><p class=\"p1\"><span class=\"s1\"><strong>Por favor, compruebe en cada tour lo que est\u00e1 incluido y lo que puede traer.  <\/strong><\/span><strong style=\"color: var( --e-global-color-text ); font-family: var( --e-global-typography-text-font-family ), Sans-serif; font-size: var( --e-global-typography-text-font-size );\">Vaya a la parte superior de esta p\u00e1gina y consulte la secci\u00f3n \u00abExcursiones privadas\u00bb.<\/strong><\/p><p>La hora de inicio depende de la \u00e9poca del a\u00f1o (en verano a las 8:00 horas, en invierno, si se solicita, m\u00e1s tarde). Podemos acordar una hora con usted. <\/p><p class=\"p1\"><span style=\"text-decoration: underline;\"><span class=\"s1\">Por lo general, esto se incluye en la <strong>Caminata Privada<\/strong>:<\/span><\/span><\/p><ul class=\"ul1\"><li class=\"li1\"><span class=\"s1\">Recorrido totalmente privado: s\u00f3lo usted y sus amigos\/familiares (hasta 4 personas)<\/span><\/li><li class=\"li1\"><span class=\"s1\">Recogida y entrega en su alojamiento (o lugar acordado)<\/span><\/li><li class=\"li1\"><span class=\"s1\">Un gu\u00eda profesional titulado equipado con primeros auxilios, tel\u00e9fono v\u00eda sat\u00e9lite y AED (desfibrilador) que habla alem\u00e1n e ingl\u00e9s (adem\u00e1s de algo de franc\u00e9s y espa\u00f1ol).<\/span><\/li><li class=\"li1\"><span class=\"s1\">Botellas de agua y fruta fresca<\/span><\/li><li class=\"li1\"><span style=\"background-color: transparent;\">Fotos y v\u00eddeos<\/span><\/li><li class=\"li1\"><span class=\"s1\">Actividades divertidas para los ni\u00f1os<\/span><\/li><li class=\"li1\"><span class=\"s1\">Entradas, si son necesarias<\/span><\/li><li class=\"li1\"><span class=\"s1\">Pr\u00e9stamo de equipo de senderismo y snorkel, mochila y toalla<\/span><\/li><li class=\"li1\"><span class=\"s1\">Una bolsa higi\u00e9nica<\/span><\/li><\/ul><p class=\"p1\"><strong> <\/strong><\/p><h2 class=\"p1\"><strong>C\u00d3MO RESERVAR<\/strong><\/h2><p class=\"p1\">Si desea reservar una ruta privada, elija su ruta favorita, pulse el bot\u00f3n <strong>\u00abEstoy interesado<\/strong>\u00bb y rellene el formulario de contacto. En breve responder\u00e9 a su solicitud. <\/p>\t\t\t\t\t\t\t\t<\/div>\n\t\t\t\t<\/div>\n\t\t\t\t<\/div>\n\t\t<div class=\"elementor-element elementor-element-1762653 e-con-full e-flex e-con e-child\" data-id=\"1762653\" data-element_type=\"container\" data-e-type=\"container\">\n\t\t\t\t<div class=\"elementor-element elementor-element-b7b84e3 elementor-hidden-tablet elementor-hidden-mobile elementor-absolute elementor-widget elementor-widget-image\" data-id=\"b7b84e3\" data-element_type=\"widget\" data-e-type=\"widget\" data-settings=\"{&quot;_position&quot;:&quot;absolute&quot;}\" data-widget_type=\"image.default\">\n\t\t\t\t<div class=\"elementor-widget-container\">\n\t\t\t\t\t\t\t\t\t\t\t\t\t\t\t<img fetchpriority=\"high\" decoding=\"async\" width=\"1919\" height=\"2560\" src=\"https:\/\/trailsofmenorca.com\/wp-content\/uploads\/2024\/12\/Red-Rock_13.jpg\" class=\"elementor-animation-float attachment-full size-full wp-image-5414\" alt=\"\" srcset=\"https:\/\/trailsofmenorca.com\/wp-content\/uploads\/2024\/12\/Red-Rock_13.jpg 1919w, https:\/\/trailsofmenorca.com\/wp-content\/uploads\/2024\/12\/Red-Rock_13-225x300.jpg 225w, https:\/\/trailsofmenorca.com\/wp-content\/uploads\/2024\/12\/Red-Rock_13-768x1025.jpg 768w, https:\/\/trailsofmenorca.com\/wp-content\/uploads\/2024\/12\/Red-Rock_13-1151x1536.jpg 1151w, https:\/\/trailsofmenorca.com\/wp-content\/uploads\/2024\/12\/Red-Rock_13-1535x2048.jpg 1535w\" sizes=\"(max-width: 1919px) 100vw, 1919px\" \/>\t\t\t\t\t\t\t\t\t\t\t\t\t\t\t<\/div>\n\t\t\t\t<\/div>\n\t\t\t\t<\/div>\n\t\t<div class=\"elementor-element elementor-element-8b90e26 e-con-full e-flex e-con e-child\" data-id=\"8b90e26\" data-element_type=\"container\" data-e-type=\"container\">\n\t\t\t\t<div class=\"elementor-element elementor-element-f255126 elementor-widget elementor-widget-image\" data-id=\"f255126\" data-element_type=\"widget\" data-e-type=\"widget\" data-widget_type=\"image.default\">\n\t\t\t\t<div class=\"elementor-widget-container\">\n\t\t\t\t\t\t\t\t\t\t\t\t\t\t\t<img decoding=\"async\" width=\"741\" height=\"1024\" src=\"https:\/\/trailsofmenorca.com\/wp-content\/uploads\/2025\/08\/IMG_2362-1-741x1024.jpg\" class=\"attachment-large size-large wp-image-12214\" alt=\"\" srcset=\"https:\/\/trailsofmenorca.com\/wp-content\/uploads\/2025\/08\/IMG_2362-1-741x1024.jpg 741w, https:\/\/trailsofmenorca.com\/wp-content\/uploads\/2025\/08\/IMG_2362-1-217x300.jpg 217w, https:\/\/trailsofmenorca.com\/wp-content\/uploads\/2025\/08\/IMG_2362-1-768x1061.jpg 768w, https:\/\/trailsofmenorca.com\/wp-content\/uploads\/2025\/08\/IMG_2362-1-1112x1536.jpg 1112w, https:\/\/trailsofmenorca.com\/wp-content\/uploads\/2025\/08\/IMG_2362-1.jpg 1179w\" sizes=\"(max-width: 741px) 100vw, 741px\" \/>\t\t\t\t\t\t\t\t\t\t\t\t\t\t\t<\/div>\n\t\t\t\t<\/div>\n\t\t\t\t<\/div>\n\t\t\t\t\t<\/div>\n\t\t\t\t<\/div>\n\t\t\t\t<\/div>\n\t\t","protected":false},"excerpt":{"rendered":"<p>TRAILS OF MENORCA EXCURSIONES PRIVADAS Tres niveles de dificultad \u00bfEst\u00e1 listo para embarcarse en un viaje de descubrimiento y sumergirse en las maravillas naturales v\u00edrgenes de Menorca? \u00danase a m\u00ed para vivir una experiencia de senderismo inolvidable. Menorca, una joya en el coraz\u00f3n del Mediterr\u00e1neo, cuenta con impresionantes paisajes, aguas cristalinas y un rico patrimonio [&hellip;]<\/p>\n","protected":false},"author":1,"featured_media":0,"parent":0,"menu_order":0,"comment_status":"closed","ping_status":"closed","template":"elementor_header_footer","meta":{"_joinchat":[],"footnotes":""},"class_list":["post-7188","page","type-page","status-publish","hentry"],"_links":{"self":[{"href":"https:\/\/trailsofmenorca.com\/es\/wp-json\/wp\/v2\/pages\/7188","targetHints":{"allow":["GET"]}}],"collection":[{"href":"https:\/\/trailsofmenorca.com\/es\/wp-json\/wp\/v2\/pages"}],"about":[{"href":"https:\/\/trailsofmenorca.com\/es\/wp-json\/wp\/v2\/types\/page"}],"author":[{"embeddable":true,"href":"https:\/\/trailsofmenorca.com\/es\/wp-json\/wp\/v2\/users\/1"}],"replies":[{"embeddable":true,"href":"https:\/\/trailsofmenorca.com\/es\/wp-json\/wp\/v2\/comments?post=7188"}],"version-history":[{"count":4,"href":"https:\/\/trailsofmenorca.com\/es\/wp-json\/wp\/v2\/pages\/7188\/revisions"}],"predecessor-version":[{"id":14052,"href":"https:\/\/trailsofmenorca.com\/es\/wp-json\/wp\/v2\/pages\/7188\/revisions\/14052"}],"wp:attachment":[{"href":"https:\/\/trailsofmenorca.com\/es\/wp-json\/wp\/v2\/media?parent=7188"}],"curies":[{"name":"wp","href":"https:\/\/api.w.org\/{rel}","templated":true}]}}