{"id":7083,"date":"2024-01-31T10:52:23","date_gmt":"2024-01-31T09:52:23","guid":{"rendered":"https:\/\/trailsofmenorca.com\/el-cami-de-cavalls\/"},"modified":"2026-02-20T15:20:15","modified_gmt":"2026-02-20T14:20:15","slug":"el-cami-de-cavalls","status":"publish","type":"page","link":"https:\/\/trailsofmenorca.com\/es\/el-cami-de-cavalls\/","title":{"rendered":"El Cam\u00ed de Cavalls"},"content":{"rendered":"\t\t<div data-elementor-type=\"wp-page\" data-elementor-id=\"7083\" class=\"elementor elementor-7083 elementor-1695\" data-elementor-post-type=\"page\">\n\t\t\t\t\t\t<section class=\"elementor-section elementor-top-section elementor-element elementor-element-260b653a elementor-section-boxed elementor-section-height-default elementor-section-height-default\" data-id=\"260b653a\" data-element_type=\"section\" data-e-type=\"section\" data-settings=\"{&quot;background_background&quot;:&quot;classic&quot;}\">\n\t\t\t\t\t\t\t<div class=\"elementor-background-overlay\"><\/div>\n\t\t\t\t\t\t\t<div class=\"elementor-container elementor-column-gap-default\">\n\t\t\t\t\t<div class=\"elementor-column elementor-col-100 elementor-top-column elementor-element elementor-element-7ef93fdf\" data-id=\"7ef93fdf\" data-element_type=\"column\" data-e-type=\"column\">\n\t\t\t<div class=\"elementor-widget-wrap elementor-element-populated\">\n\t\t\t\t\t\t<div class=\"elementor-element elementor-element-3949696f elementor-widget elementor-widget-heading\" data-id=\"3949696f\" data-element_type=\"widget\" data-e-type=\"widget\" data-widget_type=\"heading.default\">\n\t\t\t\t<div class=\"elementor-widget-container\">\n\t\t\t\t\t<h2 class=\"elementor-heading-title elementor-size-default\">185 km de pura belleza<\/h2>\t\t\t\t<\/div>\n\t\t\t\t<\/div>\n\t\t\t\t<div class=\"elementor-element elementor-element-4ef5bbdc elementor-absolute elementor-widget elementor-widget-heading\" data-id=\"4ef5bbdc\" data-element_type=\"widget\" data-e-type=\"widget\" data-settings=\"{&quot;_position&quot;:&quot;absolute&quot;}\" data-widget_type=\"heading.default\">\n\t\t\t\t<div class=\"elementor-widget-container\">\n\t\t\t\t\t<span class=\"elementor-heading-title elementor-size-default\">Cam\u00ed de Cavalls - GR 223<\/span>\t\t\t\t<\/div>\n\t\t\t\t<\/div>\n\t\t\t\t\t<\/div>\n\t\t<\/div>\n\t\t\t\t\t<\/div>\n\t\t<\/section>\n\t\t\t\t<section class=\"elementor-section elementor-top-section elementor-element elementor-element-6b86274 elementor-reverse-tablet elementor-reverse-mobile elementor-section-boxed elementor-section-height-default elementor-section-height-default\" data-id=\"6b86274\" data-element_type=\"section\" data-e-type=\"section\">\n\t\t\t\t\t\t<div class=\"elementor-container elementor-column-gap-default\">\n\t\t\t\t\t<div class=\"elementor-column elementor-col-50 elementor-top-column elementor-element elementor-element-3d04b3cf\" data-id=\"3d04b3cf\" data-element_type=\"column\" data-e-type=\"column\">\n\t\t\t<div class=\"elementor-widget-wrap elementor-element-populated\">\n\t\t\t\t\t\t<div class=\"elementor-element elementor-element-2ba3edd3 elementor-widget elementor-widget-image\" data-id=\"2ba3edd3\" data-element_type=\"widget\" data-e-type=\"widget\" data-settings=\"{&quot;motion_fx_motion_fx_scrolling&quot;:&quot;yes&quot;,&quot;motion_fx_translateY_effect&quot;:&quot;yes&quot;,&quot;motion_fx_translateY_speed&quot;:{&quot;unit&quot;:&quot;px&quot;,&quot;size&quot;:&quot;2&quot;,&quot;sizes&quot;:[]},&quot;motion_fx_devices&quot;:[&quot;desktop&quot;],&quot;motion_fx_translateY_affectedRange&quot;:{&quot;unit&quot;:&quot;%&quot;,&quot;size&quot;:&quot;&quot;,&quot;sizes&quot;:{&quot;start&quot;:0,&quot;end&quot;:100}}}\" data-widget_type=\"image.default\">\n\t\t\t\t<div class=\"elementor-widget-container\">\n\t\t\t\t\t\t\t\t\t\t\t\t\t\t\t<img fetchpriority=\"high\" decoding=\"async\" width=\"634\" height=\"951\" src=\"https:\/\/trailsofmenorca.com\/wp-content\/uploads\/2024\/09\/TrailsCami1-1.jpg\" class=\"attachment-full size-full wp-image-6353\" alt=\"\" srcset=\"https:\/\/trailsofmenorca.com\/wp-content\/uploads\/2024\/09\/TrailsCami1-1.jpg 634w, https:\/\/trailsofmenorca.com\/wp-content\/uploads\/2024\/09\/TrailsCami1-1-200x300.jpg 200w\" sizes=\"(max-width: 634px) 100vw, 634px\" \/>\t\t\t\t\t\t\t\t\t\t\t\t\t\t\t<\/div>\n\t\t\t\t<\/div>\n\t\t\t\t\t<\/div>\n\t\t<\/div>\n\t\t\t\t<div class=\"elementor-column elementor-col-50 elementor-top-column elementor-element elementor-element-6a31a307\" data-id=\"6a31a307\" data-element_type=\"column\" data-e-type=\"column\">\n\t\t\t<div class=\"elementor-widget-wrap elementor-element-populated\">\n\t\t\t\t\t\t<section class=\"elementor-section elementor-inner-section elementor-element elementor-element-7c2a293a elementor-section-full_width elementor-reverse-tablet elementor-reverse-mobile elementor-section-height-default elementor-section-height-default\" data-id=\"7c2a293a\" data-element_type=\"section\" data-e-type=\"section\">\n\t\t\t\t\t\t<div class=\"elementor-container elementor-column-gap-default\">\n\t\t\t\t\t<div class=\"elementor-column elementor-col-50 elementor-inner-column elementor-element elementor-element-4446d983\" data-id=\"4446d983\" data-element_type=\"column\" data-e-type=\"column\">\n\t\t\t<div class=\"elementor-widget-wrap elementor-element-populated\">\n\t\t\t\t\t\t<div class=\"elementor-element elementor-element-18ee8c46 elementor-widget elementor-widget-image\" data-id=\"18ee8c46\" data-element_type=\"widget\" data-e-type=\"widget\" data-settings=\"{&quot;motion_fx_motion_fx_scrolling&quot;:&quot;yes&quot;,&quot;motion_fx_translateY_effect&quot;:&quot;yes&quot;,&quot;motion_fx_translateY_direction&quot;:&quot;negative&quot;,&quot;motion_fx_translateY_speed&quot;:{&quot;unit&quot;:&quot;px&quot;,&quot;size&quot;:&quot;0.5&quot;,&quot;sizes&quot;:[]},&quot;motion_fx_translateY_affectedRange&quot;:{&quot;unit&quot;:&quot;%&quot;,&quot;size&quot;:&quot;&quot;,&quot;sizes&quot;:{&quot;start&quot;:&quot;0&quot;,&quot;end&quot;:&quot;30&quot;}},&quot;motion_fx_devices&quot;:[&quot;desktop&quot;]}\" data-widget_type=\"image.default\">\n\t\t\t\t<div class=\"elementor-widget-container\">\n\t\t\t\t\t\t\t\t\t\t\t\t\t\t\t<img decoding=\"async\" width=\"768\" height=\"1024\" src=\"https:\/\/trailsofmenorca.com\/wp-content\/uploads\/2024\/09\/TrailsCami2.jpg\" class=\"attachment-full size-full wp-image-6356\" alt=\"\" srcset=\"https:\/\/trailsofmenorca.com\/wp-content\/uploads\/2024\/09\/TrailsCami2.jpg 768w, https:\/\/trailsofmenorca.com\/wp-content\/uploads\/2024\/09\/TrailsCami2-225x300.jpg 225w\" sizes=\"(max-width: 768px) 100vw, 768px\" \/>\t\t\t\t\t\t\t\t\t\t\t\t\t\t\t<\/div>\n\t\t\t\t<\/div>\n\t\t\t\t<div class=\"elementor-element elementor-element-6ce18f8f elementor-widget elementor-widget-image\" data-id=\"6ce18f8f\" data-element_type=\"widget\" data-e-type=\"widget\" data-settings=\"{&quot;motion_fx_motion_fx_scrolling&quot;:&quot;yes&quot;,&quot;motion_fx_translateY_effect&quot;:&quot;yes&quot;,&quot;motion_fx_translateY_speed&quot;:{&quot;unit&quot;:&quot;px&quot;,&quot;size&quot;:&quot;1&quot;,&quot;sizes&quot;:[]},&quot;motion_fx_devices&quot;:[&quot;desktop&quot;],&quot;motion_fx_translateY_affectedRange&quot;:{&quot;unit&quot;:&quot;%&quot;,&quot;size&quot;:&quot;&quot;,&quot;sizes&quot;:{&quot;start&quot;:0,&quot;end&quot;:100}}}\" data-widget_type=\"image.default\">\n\t\t\t\t<div class=\"elementor-widget-container\">\n\t\t\t\t\t\t\t\t\t\t\t\t\t\t\t<img decoding=\"async\" width=\"1367\" height=\"873\" src=\"https:\/\/trailsofmenorca.com\/wp-content\/uploads\/2024\/10\/IMG_5785_horses-Menorca_v2.jpg\" class=\"attachment-1536x1536 size-1536x1536 wp-image-6362\" alt=\"\" srcset=\"https:\/\/trailsofmenorca.com\/wp-content\/uploads\/2024\/10\/IMG_5785_horses-Menorca_v2.jpg 1367w, https:\/\/trailsofmenorca.com\/wp-content\/uploads\/2024\/10\/IMG_5785_horses-Menorca_v2-300x192.jpg 300w, https:\/\/trailsofmenorca.com\/wp-content\/uploads\/2024\/10\/IMG_5785_horses-Menorca_v2-1024x654.jpg 1024w, https:\/\/trailsofmenorca.com\/wp-content\/uploads\/2024\/10\/IMG_5785_horses-Menorca_v2-768x490.jpg 768w\" sizes=\"(max-width: 1367px) 100vw, 1367px\" \/>\t\t\t\t\t\t\t\t\t\t\t\t\t\t\t<\/div>\n\t\t\t\t<\/div>\n\t\t\t\t\t<\/div>\n\t\t<\/div>\n\t\t\t\t<div class=\"elementor-column elementor-col-50 elementor-inner-column elementor-element elementor-element-75097b96\" data-id=\"75097b96\" data-element_type=\"column\" data-e-type=\"column\">\n\t\t\t<div class=\"elementor-widget-wrap elementor-element-populated\">\n\t\t\t\t\t\t<div class=\"elementor-element elementor-element-70ea1105 elementor-widget elementor-widget-heading\" data-id=\"70ea1105\" data-element_type=\"widget\" data-e-type=\"widget\" data-widget_type=\"heading.default\">\n\t\t\t\t<div class=\"elementor-widget-container\">\n\t\t\t\t\t<h2 class=\"elementor-heading-title elementor-size-small\">Pasado y presente del Cam\u00ed de Cavalls<\/h2>\t\t\t\t<\/div>\n\t\t\t\t<\/div>\n\t\t\t\t<div class=\"elementor-element elementor-element-0e7def2 elementor-widget elementor-widget-text-editor\" data-id=\"0e7def2\" data-element_type=\"widget\" data-e-type=\"widget\" data-widget_type=\"text-editor.default\">\n\t\t\t\t<div class=\"elementor-widget-container\">\n\t\t\t\t\t\t\t\t\t<p class=\"s15\">Desde la conquista catalana en 1287, Menorca ha acogido las llamadas \u00ab<strong>caballer\u00edas<\/strong>\u00ab, grandes propiedades de car\u00e1cter feudal, cuyos beneficiarios recib\u00edan una renta que les permit\u00eda mantener caballeros para <strong>proteger la isla<\/strong>.<\/p><p class=\"s15\">La existencia de fincas privadas en Menorca ha llegado hasta nuestros d\u00edas y todav\u00eda hay propietarios con t\u00edtulos nobiliarios. En el siglo 14 ya tomaba forma el <span class=\"s7\">Cam\u00ed<\/span> de Cavalls, un sendero <strong>que recorr\u00eda toda la costa de Menorca<\/strong> y que serv\u00eda para llegar a la mayor\u00eda de las calas y playas. Pero no fue hasta el siglo 17 cuando se mencion\u00f3 por escrito como la ruta que rodeaba la isla de Menorca.<\/p><p class=\"s15\"><strong>El prop\u00f3sito de esta ruta<\/strong> siempre ha sido proporcionar a los militares o al gobierno una ruta de patrulla <strong>para vigilar toda la costa<\/strong>. A lo largo del tiempo se construyeron una veintena de torres de defensa, algunas de las cuales se conservan hoy en muy buen estado, mientras que de otras apenas queda nada.\u00a0<\/p><p class=\"s15\">El hecho de que tambi\u00e9n haya <strong>siete faros<\/strong> demuestra lo peligrosa que era la isla para la navegaci\u00f3n. Esto se debe a la accidentada costa, llena de ensenadas, acantilados y costas escarpadas.<\/p><p>El <span class=\"s7\">Cam\u00ed<\/span> de Cavalls no s\u00f3lo se utilizaba con fines militares, sino tambi\u00e9n para los isle\u00f1os, que siempre disfrutaban de paso libre. <strong>El derecho de paso se ha conservado hasta nuestros d\u00edas.<\/strong> Como apenas se utilizaba a principios del siglo 20, poco a poco se fue deteriorando. En los a\u00f1os 80, los menorquines empezaron a darse cuenta del valor de su patrimonio natural y cultural. Se aprob\u00f3 una ley para <strong>abrir este sendero a todo el mundo.\u00a0<\/strong><\/p><p>En 2009, el equipo t\u00e9cnico del Consell Insular de Menorca finaliz\u00f3 la primera fase de ejecuci\u00f3n para convertir el <span class=\"s7\">Cam\u00ed<\/span> de Cavalls en el <strong>\u00abGran Recorrido 223\u00bb<\/strong>. A\u00fan hoy, el Consell Insular se encarga del mantenimiento y gesti\u00f3n de los tramos del recorrido.<\/p>\t\t\t\t\t\t\t\t<\/div>\n\t\t\t\t<\/div>\n\t\t\t\t<div class=\"elementor-element elementor-element-4d84eec elementor-align-left elementor-mobile-align-left elementor-widget__width-inherit elementor-widget elementor-widget-button\" data-id=\"4d84eec\" data-element_type=\"widget\" data-e-type=\"widget\" data-widget_type=\"button.default\">\n\t\t\t\t<div class=\"elementor-widget-container\">\n\t\t\t\t\t\t\t\t\t<div class=\"elementor-button-wrapper\">\n\t\t\t\t\t<a class=\"elementor-button elementor-button-link elementor-size-sm\" href=\"https:\/\/trailsofmenorca.com\/es\/mas-informacion-cami-de-cavalls\/\">\n\t\t\t\t\t\t<span class=\"elementor-button-content-wrapper\">\n\t\t\t\t\t\t\t\t\t<span class=\"elementor-button-text\">M\u00c1S INFORMACI\u00d3N<\/span>\n\t\t\t\t\t<\/span>\n\t\t\t\t\t<\/a>\n\t\t\t\t<\/div>\n\t\t\t\t\t\t\t\t<\/div>\n\t\t\t\t<\/div>\n\t\t\t\t\t<\/div>\n\t\t<\/div>\n\t\t\t\t\t<\/div>\n\t\t<\/section>\n\t\t\t\t\t<\/div>\n\t\t<\/div>\n\t\t\t\t\t<\/div>\n\t\t<\/section>\n\t\t\t\t<section class=\"elementor-section elementor-top-section elementor-element elementor-element-5c8ee90 elementor-section-boxed elementor-section-height-default elementor-section-height-default\" data-id=\"5c8ee90\" data-element_type=\"section\" data-e-type=\"section\">\n\t\t\t\t\t\t<div class=\"elementor-container elementor-column-gap-default\">\n\t\t\t\t\t<div class=\"elementor-column elementor-col-100 elementor-top-column elementor-element elementor-element-990d4e1\" data-id=\"990d4e1\" data-element_type=\"column\" data-e-type=\"column\">\n\t\t\t<div class=\"elementor-widget-wrap elementor-element-populated\">\n\t\t\t\t\t\t<div class=\"elementor-element elementor-element-0d4d570 elementor-widget elementor-widget-spacer\" data-id=\"0d4d570\" data-element_type=\"widget\" data-e-type=\"widget\" data-widget_type=\"spacer.default\">\n\t\t\t\t<div class=\"elementor-widget-container\">\n\t\t\t\t\t\t\t<div class=\"elementor-spacer\">\n\t\t\t<div class=\"elementor-spacer-inner\"><\/div>\n\t\t<\/div>\n\t\t\t\t\t\t<\/div>\n\t\t\t\t<\/div>\n\t\t\t\t\t<\/div>\n\t\t<\/div>\n\t\t\t\t\t<\/div>\n\t\t<\/section>\n\t\t\t\t<\/div>\n\t\t","protected":false},"excerpt":{"rendered":"<p>185 km de pura belleza Cam\u00ed de Cavalls &#8211; GR 223 Pasado y presente del Cam\u00ed de Cavalls Desde la conquista catalana en 1287, Menorca ha acogido las llamadas \u00abcaballer\u00edas\u00ab, grandes propiedades de car\u00e1cter feudal, cuyos beneficiarios recib\u00edan una renta que les permit\u00eda mantener caballeros para proteger la isla. La existencia de fincas privadas en [&hellip;]<\/p>\n","protected":false},"author":1,"featured_media":0,"parent":0,"menu_order":0,"comment_status":"closed","ping_status":"closed","template":"elementor_header_footer","meta":{"_joinchat":[],"footnotes":""},"class_list":["post-7083","page","type-page","status-publish","hentry"],"_links":{"self":[{"href":"https:\/\/trailsofmenorca.com\/es\/wp-json\/wp\/v2\/pages\/7083","targetHints":{"allow":["GET"]}}],"collection":[{"href":"https:\/\/trailsofmenorca.com\/es\/wp-json\/wp\/v2\/pages"}],"about":[{"href":"https:\/\/trailsofmenorca.com\/es\/wp-json\/wp\/v2\/types\/page"}],"author":[{"embeddable":true,"href":"https:\/\/trailsofmenorca.com\/es\/wp-json\/wp\/v2\/users\/1"}],"replies":[{"embeddable":true,"href":"https:\/\/trailsofmenorca.com\/es\/wp-json\/wp\/v2\/comments?post=7083"}],"version-history":[{"count":0,"href":"https:\/\/trailsofmenorca.com\/es\/wp-json\/wp\/v2\/pages\/7083\/revisions"}],"wp:attachment":[{"href":"https:\/\/trailsofmenorca.com\/es\/wp-json\/wp\/v2\/media?parent=7083"}],"curies":[{"name":"wp","href":"https:\/\/api.w.org\/{rel}","templated":true}]}}