{"id":7057,"date":"2023-09-07T14:25:11","date_gmt":"2023-09-07T12:25:11","guid":{"rendered":"https:\/\/trailsofmenorca.com\/nuestros-cuidados\/"},"modified":"2026-04-10T17:41:14","modified_gmt":"2026-04-10T15:41:14","slug":"nuestros-cuidados","status":"publish","type":"page","link":"https:\/\/trailsofmenorca.com\/es\/nuestros-cuidados\/","title":{"rendered":"Nuestros cuidados"},"content":{"rendered":"\t\t<div data-elementor-type=\"wp-page\" data-elementor-id=\"7057\" class=\"elementor elementor-7057 elementor-1390\" data-elementor-post-type=\"page\">\n\t\t\t\t<div class=\"elementor-element elementor-element-0933b18 e-flex e-con-boxed e-con e-parent\" data-id=\"0933b18\" data-element_type=\"container\" data-e-type=\"container\" data-settings=\"{&quot;background_background&quot;:&quot;classic&quot;}\">\n\t\t\t\t\t<div class=\"e-con-inner\">\n\t\t<div class=\"elementor-element elementor-element-ef15408 e-con-full e-flex e-con e-child\" data-id=\"ef15408\" data-element_type=\"container\" data-e-type=\"container\">\n\t\t\t\t<div class=\"elementor-element elementor-element-f482e62 elementor-widget elementor-widget-heading\" data-id=\"f482e62\" data-element_type=\"widget\" data-e-type=\"widget\" data-widget_type=\"heading.default\">\n\t\t\t\t<div class=\"elementor-widget-container\">\n\t\t\t\t\t<h2 class=\"elementor-heading-title elementor-size-default\">Rescate equino Trebaluger<\/h2>\t\t\t\t<\/div>\n\t\t\t\t<\/div>\n\t\t\t\t<div class=\"elementor-element elementor-element-bfca33d elementor-widget elementor-widget-image\" data-id=\"bfca33d\" data-element_type=\"widget\" data-e-type=\"widget\" data-widget_type=\"image.default\">\n\t\t\t\t<div class=\"elementor-widget-container\">\n\t\t\t\t\t\t\t\t\t\t\t\t\t\t\t<img fetchpriority=\"high\" decoding=\"async\" width=\"800\" height=\"184\" src=\"https:\/\/trailsofmenorca.com\/wp-content\/uploads\/2023\/02\/Paard-1024x236.png\" class=\"attachment-large size-large wp-image-5903\" alt=\"\" srcset=\"https:\/\/trailsofmenorca.com\/wp-content\/uploads\/2023\/02\/Paard-1024x236.png 1024w, https:\/\/trailsofmenorca.com\/wp-content\/uploads\/2023\/02\/Paard-300x69.png 300w, https:\/\/trailsofmenorca.com\/wp-content\/uploads\/2023\/02\/Paard-768x177.png 768w, https:\/\/trailsofmenorca.com\/wp-content\/uploads\/2023\/02\/Paard-1536x354.png 1536w, https:\/\/trailsofmenorca.com\/wp-content\/uploads\/2023\/02\/Paard-2048x472.png 2048w\" sizes=\"(max-width: 800px) 100vw, 800px\" \/>\t\t\t\t\t\t\t\t\t\t\t\t\t\t\t<\/div>\n\t\t\t\t<\/div>\n\t\t\t\t<div class=\"elementor-element elementor-element-013f09f elementor-absolute elementor-widget elementor-widget-heading\" data-id=\"013f09f\" data-element_type=\"widget\" data-e-type=\"widget\" data-settings=\"{&quot;_position&quot;:&quot;absolute&quot;}\" data-widget_type=\"heading.default\">\n\t\t\t\t<div class=\"elementor-widget-container\">\n\t\t\t\t\t<span class=\"elementor-heading-title elementor-size-default\">NUESTROS CUIDADOS<\/span>\t\t\t\t<\/div>\n\t\t\t\t<\/div>\n\t\t\t\t<\/div>\n\t\t\t\t\t<\/div>\n\t\t\t\t<\/div>\n\t\t<div class=\"elementor-element elementor-element-08b7866 e-flex e-con-boxed e-con e-parent\" data-id=\"08b7866\" data-element_type=\"container\" data-e-type=\"container\">\n\t\t\t\t\t<div class=\"e-con-inner\">\n\t\t<div class=\"elementor-element elementor-element-b1b77cc e-con-full e-flex e-con e-child\" data-id=\"b1b77cc\" data-element_type=\"container\" data-e-type=\"container\">\n\t\t\t\t<div class=\"elementor-element elementor-element-f9559b9 elementor-widget elementor-widget-heading\" data-id=\"f9559b9\" data-element_type=\"widget\" data-e-type=\"widget\" data-widget_type=\"heading.default\">\n\t\t\t\t<div class=\"elementor-widget-container\">\n\t\t\t\t\t<h2 class=\"elementor-heading-title elementor-size-default\">podemos marcar la diferencia<\/h2>\t\t\t\t<\/div>\n\t\t\t\t<\/div>\n\t\t\t\t<\/div>\n\t\t<div class=\"elementor-element elementor-element-9df694a e-con-full e-flex e-con e-child\" data-id=\"9df694a\" data-element_type=\"container\" data-e-type=\"container\">\n\t\t\t\t<div class=\"elementor-element elementor-element-ee7e556 elementor-widget elementor-widget-text-editor\" data-id=\"ee7e556\" data-element_type=\"widget\" data-e-type=\"widget\" data-widget_type=\"text-editor.default\">\n\t\t\t\t<div class=\"elementor-widget-container\">\n\t\t\t\t\t\t\t\t\t<p class=\"p1\">Creo en el poder de la aventura y en devolver algo a la comunidad. Estoy encantada de anunciar nuestra colaboraci\u00f3n con <strong>Trebaluger Equine Rescue<\/strong>, una organizaci\u00f3n dedicada al bienestar de los caballos y otros animales necesitados. <\/p>\t\t\t\t\t\t\t\t<\/div>\n\t\t\t\t<\/div>\n\t\t\t\t<\/div>\n\t\t<div class=\"elementor-element elementor-element-8498eea e-con-full e-flex e-con e-child\" data-id=\"8498eea\" data-element_type=\"container\" data-e-type=\"container\">\n\t\t\t\t<div class=\"elementor-element elementor-element-b6d7d4a elementor-widget elementor-widget-image\" data-id=\"b6d7d4a\" data-element_type=\"widget\" data-e-type=\"widget\" data-widget_type=\"image.default\">\n\t\t\t\t<div class=\"elementor-widget-container\">\n\t\t\t\t\t\t\t\t\t\t\t\t\t\t\t<img decoding=\"async\" width=\"1250\" height=\"742\" src=\"https:\/\/trailsofmenorca.com\/wp-content\/uploads\/2023\/09\/horse1.jpg\" class=\"elementor-animation-float attachment-full size-full wp-image-6326\" alt=\"\" srcset=\"https:\/\/trailsofmenorca.com\/wp-content\/uploads\/2023\/09\/horse1.jpg 1250w, https:\/\/trailsofmenorca.com\/wp-content\/uploads\/2023\/09\/horse1-300x178.jpg 300w, https:\/\/trailsofmenorca.com\/wp-content\/uploads\/2023\/09\/horse1-1024x608.jpg 1024w, https:\/\/trailsofmenorca.com\/wp-content\/uploads\/2023\/09\/horse1-768x456.jpg 768w\" sizes=\"(max-width: 1250px) 100vw, 1250px\" \/>\t\t\t\t\t\t\t\t\t\t\t\t\t\t\t<\/div>\n\t\t\t\t<\/div>\n\t\t\t\t<div class=\"elementor-element elementor-element-ad64259 elementor-widget elementor-widget-image\" data-id=\"ad64259\" data-element_type=\"widget\" data-e-type=\"widget\" data-widget_type=\"image.default\">\n\t\t\t\t<div class=\"elementor-widget-container\">\n\t\t\t\t\t\t\t\t\t\t\t\t\t\t\t<img decoding=\"async\" width=\"458\" height=\"263\" src=\"https:\/\/trailsofmenorca.com\/wp-content\/uploads\/2023\/09\/86b51c0fd169584b1b23adb184c24291.jpeg\" class=\"elementor-animation-float attachment-full size-full wp-image-6329\" alt=\"\" srcset=\"https:\/\/trailsofmenorca.com\/wp-content\/uploads\/2023\/09\/86b51c0fd169584b1b23adb184c24291.jpeg 458w, https:\/\/trailsofmenorca.com\/wp-content\/uploads\/2023\/09\/86b51c0fd169584b1b23adb184c24291-300x172.jpeg 300w\" sizes=\"(max-width: 458px) 100vw, 458px\" \/>\t\t\t\t\t\t\t\t\t\t\t\t\t\t\t<\/div>\n\t\t\t\t<\/div>\n\t\t\t\t<\/div>\n\t\t<div class=\"elementor-element elementor-element-76b0134 e-con-full e-flex e-con e-child\" data-id=\"76b0134\" data-element_type=\"container\" data-e-type=\"container\">\n\t\t\t\t<div class=\"elementor-element elementor-element-22c6c8d elementor-widget elementor-widget-image\" data-id=\"22c6c8d\" data-element_type=\"widget\" data-e-type=\"widget\" data-widget_type=\"image.default\">\n\t\t\t\t<div class=\"elementor-widget-container\">\n\t\t\t\t\t\t\t\t\t\t\t\t\t\t\t<img loading=\"lazy\" decoding=\"async\" width=\"732\" height=\"1024\" src=\"https:\/\/trailsofmenorca.com\/wp-content\/uploads\/2023\/09\/IMG_5699.webp\" class=\"elementor-animation-float attachment-2048x2048 size-2048x2048 wp-image-6335\" alt=\"\" srcset=\"https:\/\/trailsofmenorca.com\/wp-content\/uploads\/2023\/09\/IMG_5699.webp 732w, https:\/\/trailsofmenorca.com\/wp-content\/uploads\/2023\/09\/IMG_5699-214x300.webp 214w\" sizes=\"(max-width: 732px) 100vw, 732px\" \/>\t\t\t\t\t\t\t\t\t\t\t\t\t\t\t<\/div>\n\t\t\t\t<\/div>\n\t\t\t\t<div class=\"elementor-element elementor-element-feb6da3 elementor-widget elementor-widget-image\" data-id=\"feb6da3\" data-element_type=\"widget\" data-e-type=\"widget\" data-widget_type=\"image.default\">\n\t\t\t\t<div class=\"elementor-widget-container\">\n\t\t\t\t\t\t\t\t\t\t\t\t\t\t\t<img loading=\"lazy\" decoding=\"async\" width=\"1600\" height=\"1200\" src=\"https:\/\/trailsofmenorca.com\/wp-content\/uploads\/2023\/09\/160580780_858334618232149_4185372825049665355_n.jpeg\" class=\"elementor-animation-float attachment-full size-full wp-image-6332\" alt=\"\" srcset=\"https:\/\/trailsofmenorca.com\/wp-content\/uploads\/2023\/09\/160580780_858334618232149_4185372825049665355_n.jpeg 1600w, https:\/\/trailsofmenorca.com\/wp-content\/uploads\/2023\/09\/160580780_858334618232149_4185372825049665355_n-300x225.jpeg 300w, https:\/\/trailsofmenorca.com\/wp-content\/uploads\/2023\/09\/160580780_858334618232149_4185372825049665355_n-1024x768.jpeg 1024w, https:\/\/trailsofmenorca.com\/wp-content\/uploads\/2023\/09\/160580780_858334618232149_4185372825049665355_n-768x576.jpeg 768w, https:\/\/trailsofmenorca.com\/wp-content\/uploads\/2023\/09\/160580780_858334618232149_4185372825049665355_n-1536x1152.jpeg 1536w\" sizes=\"(max-width: 1600px) 100vw, 1600px\" \/>\t\t\t\t\t\t\t\t\t\t\t\t\t\t\t<\/div>\n\t\t\t\t<\/div>\n\t\t\t\t<\/div>\n\t\t<div class=\"elementor-element elementor-element-0504222 e-con-full e-flex e-con e-child\" data-id=\"0504222\" data-element_type=\"container\" data-e-type=\"container\">\n\t\t\t\t<div class=\"elementor-element elementor-element-56f5a56 elementor-widget elementor-widget-heading\" data-id=\"56f5a56\" data-element_type=\"widget\" data-e-type=\"widget\" data-widget_type=\"heading.default\">\n\t\t\t\t<div class=\"elementor-widget-container\">\n\t\t\t\t\t<h2 class=\"elementor-heading-title elementor-size-default\">\u00bfPor qu\u00e9 Trebaluger Equine Rescue?<\/h2>\t\t\t\t<\/div>\n\t\t\t\t<\/div>\n\t\t\t\t<div class=\"elementor-element elementor-element-e80b422 elementor-widget elementor-widget-text-editor\" data-id=\"e80b422\" data-element_type=\"widget\" data-e-type=\"widget\" data-widget_type=\"text-editor.default\">\n\t\t\t\t<div class=\"elementor-widget-container\">\n\t\t\t\t\t\t\t\t\t<p>Trebaluger Equine Rescue es m\u00e1s que un santuario: es un s\u00edmbolo de compasi\u00f3n y compromiso con el rescate, la rehabilitaci\u00f3n y el cuidado de caballos y otros animales que han sufrido negligencia, maltrato o abandono. Su labor transforma la vida de estos extraordinarios animales y de muchos otros que han encontrado all\u00ed un hogar. <\/p>\t\t\t\t\t\t\t\t<\/div>\n\t\t\t\t<\/div>\n\t\t\t\t<div class=\"elementor-element elementor-element-8378ecf elementor-widget elementor-widget-heading\" data-id=\"8378ecf\" data-element_type=\"widget\" data-e-type=\"widget\" data-widget_type=\"heading.default\">\n\t\t\t\t<div class=\"elementor-widget-container\">\n\t\t\t\t\t<h2 class=\"elementor-heading-title elementor-size-default\">C\u00f3mo funciona nuestro patrocinio:<\/h2>\t\t\t\t<\/div>\n\t\t\t\t<\/div>\n\t\t\t\t<div class=\"elementor-element elementor-element-3ef748d elementor-widget elementor-widget-text-editor\" data-id=\"3ef748d\" data-element_type=\"widget\" data-e-type=\"widget\" data-widget_type=\"text-editor.default\">\n\t\t\t\t<div class=\"elementor-widget-container\">\n\t\t\t\t\t\t\t\t\t<p>Trails of Menorca contribuye a Trebaluger Equine Rescue. Esto no supone ning\u00fan coste adicional para usted, pero tiene un impacto significativo en el bienestar de estas magn\u00edficas criaturas. Tus pasos marcan la diferencia:  <\/p>\t\t\t\t\t\t\t\t<\/div>\n\t\t\t\t<\/div>\n\t\t\t\t<div class=\"elementor-element elementor-element-b52526d elementor-widget elementor-widget-heading\" data-id=\"b52526d\" data-element_type=\"widget\" data-e-type=\"widget\" data-widget_type=\"heading.default\">\n\t\t\t\t<div class=\"elementor-widget-container\">\n\t\t\t\t\t<h2 class=\"elementor-heading-title elementor-size-default\">Tus pasos marcan la diferencia:<\/h2>\t\t\t\t<\/div>\n\t\t\t\t<\/div>\n\t\t\t\t<div class=\"elementor-element elementor-element-a72b7f8 elementor-widget elementor-widget-text-editor\" data-id=\"a72b7f8\" data-element_type=\"widget\" data-e-type=\"widget\" data-widget_type=\"text-editor.default\">\n\t\t\t\t<div class=\"elementor-widget-container\">\n\t\t\t\t\t\t\t\t\t<p>Cada excursi\u00f3n que emprendes con Trails of Menorca contribuye a:<\/p><ol><li><div class=\"s5\"><span class=\"s7\">Rescate y recuperaci\u00f3n:<\/span> Nuestro apoyo contribuye al rescate y rehabilitaci\u00f3n de caballos y otros animales que se enfrentan a la adversidad, garantizando que reciban los cuidados y la atenci\u00f3n que merecen.<\/div><\/li><li><div class=\"s5\"><span class=\"s7\">Nutrici\u00f3n y salud:<\/span> Nuestras contribuciones ayudan a proporcionar alimentos nutritivos y atenci\u00f3n m\u00e9dica esencial, garantizando su bienestar en su camino hacia la recuperaci\u00f3n.<\/div><\/li><li><div class=\"s5\"><span class=\"s7\">Educaci\u00f3n comunitaria:<\/span> Al patrocinar a Trebaluger Equine Rescue, tambi\u00e9n apoyamos sus programas educativos, que conciencian sobre el bienestar animal y fomentan la propiedad responsable.<\/div><\/li><\/ol>\t\t\t\t\t\t\t\t<\/div>\n\t\t\t\t<\/div>\n\t\t\t\t<\/div>\n\t\t\t\t\t<\/div>\n\t\t\t\t<\/div>\n\t\t<div class=\"elementor-element elementor-element-42b7c86 animated-slow e-flex e-con-boxed elementor-invisible e-con e-parent\" data-id=\"42b7c86\" data-element_type=\"container\" data-e-type=\"container\" data-settings=\"{&quot;background_background&quot;:&quot;classic&quot;,&quot;animation&quot;:&quot;fadeInUp&quot;}\">\n\t\t\t\t\t<div class=\"e-con-inner\">\n\t\t<div class=\"elementor-element elementor-element-c1e80da e-con-full e-flex e-con e-child\" data-id=\"c1e80da\" data-element_type=\"container\" data-e-type=\"container\">\n\t\t\t\t<div class=\"elementor-element elementor-element-151ea6c elementor-widget elementor-widget-heading\" data-id=\"151ea6c\" data-element_type=\"widget\" data-e-type=\"widget\" data-widget_type=\"heading.default\">\n\t\t\t\t<div class=\"elementor-widget-container\">\n\t\t\t\t\t<h2 class=\"elementor-heading-title elementor-size-default\">Podemos marcar la diferencia<\/h2>\t\t\t\t<\/div>\n\t\t\t\t<\/div>\n\t\t\t\t<div class=\"elementor-element elementor-element-9c68638 elementor-widget elementor-widget-text-editor\" data-id=\"9c68638\" data-element_type=\"widget\" data-e-type=\"widget\" data-widget_type=\"text-editor.default\">\n\t\t\t\t<div class=\"elementor-widget-container\">\n\t\t\t\t\t\t\t\t\t<p>Trails of Menorca forma parte de un movimiento compasivo que se preocupa profundamente por los animales necesitados. Podemos crear un futuro mejor para estos incre\u00edbles animales. <\/p>\t\t\t\t\t\t\t\t<\/div>\n\t\t\t\t<\/div>\n\t\t\t\t<div class=\"elementor-element elementor-element-4c1c9a7 elementor-align-center elementor-mobile-align-center elementor-widget elementor-widget-button\" data-id=\"4c1c9a7\" data-element_type=\"widget\" data-e-type=\"widget\" data-widget_type=\"button.default\">\n\t\t\t\t<div class=\"elementor-widget-container\">\n\t\t\t\t\t\t\t\t\t<div class=\"elementor-button-wrapper\">\n\t\t\t\t\t<a class=\"elementor-button elementor-button-link elementor-size-sm\" href=\"https:\/\/trebalugerequinerescue.com\/\" target=\"_blank\" rel=\"noopener\">\n\t\t\t\t\t\t<span class=\"elementor-button-content-wrapper\">\n\t\t\t\t\t\t\t\t\t<span class=\"elementor-button-text\">m\u00e1s informaci\u00f3n<\/span>\n\t\t\t\t\t<\/span>\n\t\t\t\t\t<\/a>\n\t\t\t\t<\/div>\n\t\t\t\t\t\t\t\t<\/div>\n\t\t\t\t<\/div>\n\t\t\t\t<\/div>\n\t\t\t\t\t<\/div>\n\t\t\t\t<\/div>\n\t\t\t\t<\/div>\n\t\t","protected":false},"excerpt":{"rendered":"<p>Rescate equino Trebaluger NUESTROS CUIDADOS podemos marcar la diferencia Creo en el poder de la aventura y en devolver algo a la comunidad. Estoy encantada de anunciar nuestra colaboraci\u00f3n con Trebaluger Equine Rescue, una organizaci\u00f3n dedicada al bienestar de los caballos y otros animales necesitados. \u00bfPor qu\u00e9 Trebaluger Equine Rescue? Trebaluger Equine Rescue es m\u00e1s [&hellip;]<\/p>\n","protected":false},"author":1,"featured_media":0,"parent":0,"menu_order":0,"comment_status":"closed","ping_status":"closed","template":"elementor_header_footer","meta":{"_joinchat":[],"footnotes":""},"class_list":["post-7057","page","type-page","status-publish","hentry"],"_links":{"self":[{"href":"https:\/\/trailsofmenorca.com\/es\/wp-json\/wp\/v2\/pages\/7057","targetHints":{"allow":["GET"]}}],"collection":[{"href":"https:\/\/trailsofmenorca.com\/es\/wp-json\/wp\/v2\/pages"}],"about":[{"href":"https:\/\/trailsofmenorca.com\/es\/wp-json\/wp\/v2\/types\/page"}],"author":[{"embeddable":true,"href":"https:\/\/trailsofmenorca.com\/es\/wp-json\/wp\/v2\/users\/1"}],"replies":[{"embeddable":true,"href":"https:\/\/trailsofmenorca.com\/es\/wp-json\/wp\/v2\/comments?post=7057"}],"version-history":[{"count":2,"href":"https:\/\/trailsofmenorca.com\/es\/wp-json\/wp\/v2\/pages\/7057\/revisions"}],"predecessor-version":[{"id":14123,"href":"https:\/\/trailsofmenorca.com\/es\/wp-json\/wp\/v2\/pages\/7057\/revisions\/14123"}],"wp:attachment":[{"href":"https:\/\/trailsofmenorca.com\/es\/wp-json\/wp\/v2\/media?parent=7057"}],"curies":[{"name":"wp","href":"https:\/\/api.w.org\/{rel}","templated":true}]}}