{"id":7042,"date":"2023-09-05T14:52:40","date_gmt":"2023-09-05T12:52:40","guid":{"rendered":"https:\/\/trailsofmenorca.com\/condiciones-generales\/"},"modified":"2025-02-13T18:11:31","modified_gmt":"2025-02-13T17:11:31","slug":"condiciones-generales","status":"publish","type":"page","link":"https:\/\/trailsofmenorca.com\/es\/condiciones-generales\/","title":{"rendered":"Condiciones generales"},"content":{"rendered":"\t\t<div data-elementor-type=\"wp-page\" data-elementor-id=\"7042\" class=\"elementor elementor-7042 elementor-1124\" data-elementor-post-type=\"page\">\n\t\t\t\t\t\t<section class=\"elementor-section elementor-top-section elementor-element elementor-element-7d8163b elementor-section-boxed elementor-section-height-default elementor-section-height-default\" data-id=\"7d8163b\" data-element_type=\"section\" data-e-type=\"section\" data-settings=\"{&quot;background_background&quot;:&quot;classic&quot;}\">\n\t\t\t\t\t\t\t<div class=\"elementor-background-overlay\"><\/div>\n\t\t\t\t\t\t\t<div class=\"elementor-container elementor-column-gap-default\">\n\t\t\t\t\t<div class=\"elementor-column elementor-col-100 elementor-top-column elementor-element elementor-element-1a37969\" data-id=\"1a37969\" data-element_type=\"column\" data-e-type=\"column\">\n\t\t\t<div class=\"elementor-widget-wrap elementor-element-populated\">\n\t\t\t\t\t\t<div class=\"elementor-element elementor-element-5db4387 elementor-widget elementor-widget-heading\" data-id=\"5db4387\" data-element_type=\"widget\" data-e-type=\"widget\" data-widget_type=\"heading.default\">\n\t\t\t\t<div class=\"elementor-widget-container\">\n\t\t\t\t\t<h2 class=\"elementor-heading-title elementor-size-default\">condiciones generales<\/h2>\t\t\t\t<\/div>\n\t\t\t\t<\/div>\n\t\t\t\t<div class=\"elementor-element elementor-element-a60189c elementor-absolute elementor-widget elementor-widget-heading\" data-id=\"a60189c\" data-element_type=\"widget\" data-e-type=\"widget\" data-settings=\"{&quot;_position&quot;:&quot;absolute&quot;}\" data-widget_type=\"heading.default\">\n\t\t\t\t<div class=\"elementor-widget-container\">\n\t\t\t\t\t<span class=\"elementor-heading-title elementor-size-default\">Condiciones generales<\/span>\t\t\t\t<\/div>\n\t\t\t\t<\/div>\n\t\t\t\t\t<\/div>\n\t\t<\/div>\n\t\t\t\t\t<\/div>\n\t\t<\/section>\n\t\t\t\t<section class=\"elementor-section elementor-top-section elementor-element elementor-element-d998051 elementor-section-boxed elementor-section-height-default elementor-section-height-default\" data-id=\"d998051\" data-element_type=\"section\" data-e-type=\"section\">\n\t\t\t\t\t\t<div class=\"elementor-container elementor-column-gap-default\">\n\t\t\t\t\t<div class=\"elementor-column elementor-col-100 elementor-top-column elementor-element elementor-element-c498e7d\" data-id=\"c498e7d\" data-element_type=\"column\" data-e-type=\"column\">\n\t\t\t<div class=\"elementor-widget-wrap elementor-element-populated\">\n\t\t\t\t\t\t<div class=\"elementor-element elementor-element-38a5bc4 elementor-widget elementor-widget-spacer\" data-id=\"38a5bc4\" data-element_type=\"widget\" data-e-type=\"widget\" data-widget_type=\"spacer.default\">\n\t\t\t\t<div class=\"elementor-widget-container\">\n\t\t\t\t\t\t\t<div class=\"elementor-spacer\">\n\t\t\t<div class=\"elementor-spacer-inner\"><\/div>\n\t\t<\/div>\n\t\t\t\t\t\t<\/div>\n\t\t\t\t<\/div>\n\t\t\t\t<div class=\"elementor-element elementor-element-cde2426 elementor-widget elementor-widget-text-editor\" data-id=\"cde2426\" data-element_type=\"widget\" data-e-type=\"widget\" data-widget_type=\"text-editor.default\">\n\t\t\t\t<div class=\"elementor-widget-container\">\n\t\t\t\t\t\t\t\t\t<div class=\"page\" title=\"P\u00e1gina 1\"><div class=\"layoutArea\"><div class=\"column\"><p><strong>Trails of Menorca<\/strong><\/p><p><strong>Trails of Menorcaes una sociedad unipersonal de derecho alem\u00e1n con domicilio social en 83126 Flintsbach am Inn, Alemania <\/strong>.  <\/p><\/div><\/div><\/div>\t\t\t\t\t\t\t\t<\/div>\n\t\t\t\t<\/div>\n\t\t\t\t\t<\/div>\n\t\t<\/div>\n\t\t\t\t\t<\/div>\n\t\t<\/section>\n\t\t\t\t<section class=\"elementor-section elementor-top-section elementor-element elementor-element-4148c5c elementor-section-boxed elementor-section-height-default elementor-section-height-default\" data-id=\"4148c5c\" data-element_type=\"section\" data-e-type=\"section\">\n\t\t\t\t\t\t<div class=\"elementor-container elementor-column-gap-default\">\n\t\t\t\t\t<div class=\"elementor-column elementor-col-100 elementor-top-column elementor-element elementor-element-43a16cd\" data-id=\"43a16cd\" data-element_type=\"column\" data-e-type=\"column\">\n\t\t\t<div class=\"elementor-widget-wrap elementor-element-populated\">\n\t\t\t\t\t\t<div class=\"elementor-element elementor-element-9191f32 elementor-widget elementor-widget-text-editor\" data-id=\"9191f32\" data-element_type=\"widget\" data-e-type=\"widget\" data-widget_type=\"text-editor.default\">\n\t\t\t\t<div class=\"elementor-widget-container\">\n\t\t\t\t\t\t\t\t\t<div class=\"page\" title=\"P\u00e1gina 1\"><div class=\"layoutArea\"><div class=\"column\"><p>\u00a1Saludos desde Trails of Menorca! Estamos encantados de tenerte aqu\u00ed mientras nos embarcamos juntos en el viaje de la exploraci\u00f3n y la aventura. Nuestra dedicaci\u00f3n a proporcionar experiencias de senderismo memorables va unida a la garant\u00eda de claridad y transparencia en todos los aspectos de nuestra actividad. Por eso hemos creado esta p\u00e1gina de Condiciones Generales, para establecer una base s\u00f3lida en nuestra relaci\u00f3n contigo, nuestro compa\u00f1ero de aventuras.   <\/p><p>Antes de que te calces las botas y salgas a caminar con nosotros, te pedimos que te familiarices con las condiciones aqu\u00ed expuestas. Estas condiciones rigen sus interacciones con nuestra empresa, incluida la reserva de excursiones, el uso de nuestro sitio web y la utilizaci\u00f3n de nuestros servicios. Al colaborar con nosotros, reconoce y acepta cumplir estas condiciones.  <\/p><p>En Trails of Menorca, nos apasiona compartir contigo las maravillas de la naturaleza. Estos t\u00e9rminos y condiciones no s\u00f3lo reflejan nuestro compromiso de garantizar una experiencia segura y agradable, sino que tambi\u00e9n ponen de relieve nuestra dedicaci\u00f3n a tratar a nuestros aventureros con respeto y equidad. <\/p><p>El desarrollo del turismo sostenible requiere una perspectiva hol\u00edstica con el objetivo de mejorar la calidad de vida tanto de la poblaci\u00f3n local como de los visitantes. Se trata de preservar las bases naturales de la vida, combinando las necesidades de los visitantes y la poblaci\u00f3n local con las de la conservaci\u00f3n de la naturaleza y la protecci\u00f3n del medio ambiente y procurando un desarrollo socialmente aceptable a largo plazo con un alto valor a\u00f1adido regional. <\/p><p>Si tiene alguna pregunta o necesita alguna aclaraci\u00f3n sobre alguna parte de estos t\u00e9rminos y condiciones, no dude en ponerse en contacto con nuestro equipo. Estamos aqu\u00ed para hacer que su viaje de senderismo sea lo m\u00e1s agradable y enriquecedor posible. <\/p><p>Gracias por elegir Trails of Menorca para sus aventuras de senderismo. Estamos encantados de tenerte a bordo, y no podemos esperar a explorar los senderos juntos. <\/p><p>Creemos recuerdos inolvidables, paso a paso.<\/p><\/div><p><strong>Haga clic en el bot\u00f3n siguiente y consulte las condiciones generales<\/strong><\/p><\/div><\/div>\t\t\t\t\t\t\t\t<\/div>\n\t\t\t\t<\/div>\n\t\t\t\t\t<\/div>\n\t\t<\/div>\n\t\t\t\t\t<\/div>\n\t\t<\/section>\n\t\t\t\t<section class=\"elementor-section elementor-top-section elementor-element elementor-element-9d52074 elementor-section-boxed elementor-section-height-default elementor-section-height-default\" data-id=\"9d52074\" data-element_type=\"section\" data-e-type=\"section\">\n\t\t\t\t\t\t<div class=\"elementor-container elementor-column-gap-default\">\n\t\t\t\t\t<div class=\"elementor-column elementor-col-100 elementor-top-column elementor-element elementor-element-bed2507\" data-id=\"bed2507\" data-element_type=\"column\" data-e-type=\"column\">\n\t\t\t<div class=\"elementor-widget-wrap\">\n\t\t\t\t\t\t\t<\/div>\n\t\t<\/div>\n\t\t\t\t\t<\/div>\n\t\t<\/section>\n\t\t\t\t<section class=\"elementor-section elementor-top-section elementor-element elementor-element-0963c7c elementor-section-boxed elementor-section-height-default elementor-section-height-default\" data-id=\"0963c7c\" data-element_type=\"section\" data-e-type=\"section\">\n\t\t\t\t\t\t<div class=\"elementor-container elementor-column-gap-default\">\n\t\t\t\t\t<div class=\"elementor-column elementor-col-100 elementor-top-column elementor-element elementor-element-5858da2\" data-id=\"5858da2\" data-element_type=\"column\" data-e-type=\"column\">\n\t\t\t<div class=\"elementor-widget-wrap elementor-element-populated\">\n\t\t\t\t\t\t<div class=\"elementor-element elementor-element-5c810bd elementor-widget elementor-widget-spacer\" data-id=\"5c810bd\" data-element_type=\"widget\" data-e-type=\"widget\" data-widget_type=\"spacer.default\">\n\t\t\t\t<div class=\"elementor-widget-container\">\n\t\t\t\t\t\t\t<div class=\"elementor-spacer\">\n\t\t\t<div class=\"elementor-spacer-inner\"><\/div>\n\t\t<\/div>\n\t\t\t\t\t\t<\/div>\n\t\t\t\t<\/div>\n\t\t\t\t<div class=\"elementor-element elementor-element-a9616f1 elementor-align-center elementor-widget elementor-widget-button\" data-id=\"a9616f1\" data-element_type=\"widget\" data-e-type=\"widget\" data-widget_type=\"button.default\">\n\t\t\t\t<div class=\"elementor-widget-container\">\n\t\t\t\t\t\t\t\t\t<div class=\"elementor-button-wrapper\">\n\t\t\t\t\t<a class=\"elementor-button elementor-button-link elementor-size-sm\" href=\"https:\/\/trailsofmenorca.com\/wp-content\/uploads\/2024\/09\/General-Terms-and-Conditions.pdf\" target=\"_blank\">\n\t\t\t\t\t\t<span class=\"elementor-button-content-wrapper\">\n\t\t\t\t\t\t\t\t\t<span class=\"elementor-button-text\">ARCHIVO PDF<\/span>\n\t\t\t\t\t<\/span>\n\t\t\t\t\t<\/a>\n\t\t\t\t<\/div>\n\t\t\t\t\t\t\t\t<\/div>\n\t\t\t\t<\/div>\n\t\t\t\t\t<\/div>\n\t\t<\/div>\n\t\t\t\t\t<\/div>\n\t\t<\/section>\n\t\t\t\t<section class=\"elementor-section elementor-top-section elementor-element elementor-element-a02c48a elementor-section-boxed elementor-section-height-default elementor-section-height-default\" data-id=\"a02c48a\" data-element_type=\"section\" data-e-type=\"section\">\n\t\t\t\t\t\t<div class=\"elementor-container elementor-column-gap-default\">\n\t\t\t\t\t<div class=\"elementor-column elementor-col-100 elementor-top-column elementor-element elementor-element-03558d4\" data-id=\"03558d4\" data-element_type=\"column\" data-e-type=\"column\">\n\t\t\t<div class=\"elementor-widget-wrap elementor-element-populated\">\n\t\t\t\t\t\t<div class=\"elementor-element elementor-element-c2c1dab elementor-widget elementor-widget-spacer\" data-id=\"c2c1dab\" data-element_type=\"widget\" data-e-type=\"widget\" data-widget_type=\"spacer.default\">\n\t\t\t\t<div class=\"elementor-widget-container\">\n\t\t\t\t\t\t\t<div class=\"elementor-spacer\">\n\t\t\t<div class=\"elementor-spacer-inner\"><\/div>\n\t\t<\/div>\n\t\t\t\t\t\t<\/div>\n\t\t\t\t<\/div>\n\t\t\t\t\t<\/div>\n\t\t<\/div>\n\t\t\t\t\t<\/div>\n\t\t<\/section>\n\t\t\t\t<\/div>\n\t\t","protected":false},"excerpt":{"rendered":"<p>condiciones generales Condiciones generales Trails of Menorca Trails of Menorcaes una sociedad unipersonal de derecho alem\u00e1n con domicilio social en 83126 Flintsbach am Inn, Alemania . \u00a1Saludos desde Trails of Menorca! Estamos encantados de tenerte aqu\u00ed mientras nos embarcamos juntos en el viaje de la exploraci\u00f3n y la aventura. Nuestra dedicaci\u00f3n a proporcionar experiencias de [&hellip;]<\/p>\n","protected":false},"author":1,"featured_media":0,"parent":0,"menu_order":0,"comment_status":"closed","ping_status":"closed","template":"elementor_header_footer","meta":{"_joinchat":[],"footnotes":""},"class_list":["post-7042","page","type-page","status-publish","hentry"],"_links":{"self":[{"href":"https:\/\/trailsofmenorca.com\/es\/wp-json\/wp\/v2\/pages\/7042","targetHints":{"allow":["GET"]}}],"collection":[{"href":"https:\/\/trailsofmenorca.com\/es\/wp-json\/wp\/v2\/pages"}],"about":[{"href":"https:\/\/trailsofmenorca.com\/es\/wp-json\/wp\/v2\/types\/page"}],"author":[{"embeddable":true,"href":"https:\/\/trailsofmenorca.com\/es\/wp-json\/wp\/v2\/users\/1"}],"replies":[{"embeddable":true,"href":"https:\/\/trailsofmenorca.com\/es\/wp-json\/wp\/v2\/comments?post=7042"}],"version-history":[{"count":0,"href":"https:\/\/trailsofmenorca.com\/es\/wp-json\/wp\/v2\/pages\/7042\/revisions"}],"wp:attachment":[{"href":"https:\/\/trailsofmenorca.com\/es\/wp-json\/wp\/v2\/media?parent=7042"}],"curies":[{"name":"wp","href":"https:\/\/api.w.org\/{rel}","templated":true}]}}