{"id":7024,"date":"2023-09-05T14:32:25","date_gmt":"2023-09-05T12:32:25","guid":{"rendered":"https:\/\/trailsofmenorca.com\/declaracion-de-riesgo-y-responsabilidad\/"},"modified":"2025-06-16T09:37:47","modified_gmt":"2025-06-16T07:37:47","slug":"declaracion-de-riesgo-y-responsabilidad","status":"publish","type":"page","link":"https:\/\/trailsofmenorca.com\/es\/declaracion-de-riesgo-y-responsabilidad\/","title":{"rendered":"Declaraci\u00f3n de riesgo y responsabilidad"},"content":{"rendered":"\t\t<div data-elementor-type=\"wp-page\" data-elementor-id=\"7024\" class=\"elementor elementor-7024 elementor-1113\" data-elementor-post-type=\"page\">\n\t\t\t\t\t\t<section class=\"elementor-section elementor-top-section elementor-element elementor-element-581d405 elementor-section-boxed elementor-section-height-default elementor-section-height-default\" data-id=\"581d405\" data-element_type=\"section\" data-e-type=\"section\" data-settings=\"{&quot;background_background&quot;:&quot;classic&quot;}\">\n\t\t\t\t\t\t\t<div class=\"elementor-background-overlay\"><\/div>\n\t\t\t\t\t\t\t<div class=\"elementor-container elementor-column-gap-default\">\n\t\t\t\t\t<div class=\"elementor-column elementor-col-100 elementor-top-column elementor-element elementor-element-bdb28a2\" data-id=\"bdb28a2\" data-element_type=\"column\" data-e-type=\"column\">\n\t\t\t<div class=\"elementor-widget-wrap elementor-element-populated\">\n\t\t\t\t\t\t<div class=\"elementor-element elementor-element-7a944d3 elementor-widget elementor-widget-heading\" data-id=\"7a944d3\" data-element_type=\"widget\" data-e-type=\"widget\" data-widget_type=\"heading.default\">\n\t\t\t\t<div class=\"elementor-widget-container\">\n\t\t\t\t\t<h2 class=\"elementor-heading-title elementor-size-default\">Declaraci\u00f3n de riesgo y responsabilidad<\/h2>\t\t\t\t<\/div>\n\t\t\t\t<\/div>\n\t\t\t\t<div class=\"elementor-element elementor-element-07c0758 elementor-absolute elementor-widget elementor-widget-heading\" data-id=\"07c0758\" data-element_type=\"widget\" data-e-type=\"widget\" data-settings=\"{&quot;_position&quot;:&quot;absolute&quot;}\" data-widget_type=\"heading.default\">\n\t\t\t\t<div class=\"elementor-widget-container\">\n\t\t\t\t\t<span class=\"elementor-heading-title elementor-size-default\">Declaraci\u00f3n de riesgo y responsabilidad<\/span>\t\t\t\t<\/div>\n\t\t\t\t<\/div>\n\t\t\t\t\t<\/div>\n\t\t<\/div>\n\t\t\t\t\t<\/div>\n\t\t<\/section>\n\t\t\t\t<section class=\"elementor-section elementor-top-section elementor-element elementor-element-f4cf691 elementor-section-boxed elementor-section-height-default elementor-section-height-default\" data-id=\"f4cf691\" data-element_type=\"section\" data-e-type=\"section\">\n\t\t\t\t\t\t<div class=\"elementor-container elementor-column-gap-default\">\n\t\t\t\t\t<div class=\"elementor-column elementor-col-100 elementor-top-column elementor-element elementor-element-f2ea7c0\" data-id=\"f2ea7c0\" data-element_type=\"column\" data-e-type=\"column\">\n\t\t\t<div class=\"elementor-widget-wrap elementor-element-populated\">\n\t\t\t\t\t\t<div class=\"elementor-element elementor-element-4804730 elementor-widget elementor-widget-spacer\" data-id=\"4804730\" data-element_type=\"widget\" data-e-type=\"widget\" data-widget_type=\"spacer.default\">\n\t\t\t\t<div class=\"elementor-widget-container\">\n\t\t\t\t\t\t\t<div class=\"elementor-spacer\">\n\t\t\t<div class=\"elementor-spacer-inner\"><\/div>\n\t\t<\/div>\n\t\t\t\t\t\t<\/div>\n\t\t\t\t<\/div>\n\t\t\t\t<div class=\"elementor-element elementor-element-d690ad4 elementor-widget elementor-widget-text-editor\" data-id=\"d690ad4\" data-element_type=\"widget\" data-e-type=\"widget\" data-widget_type=\"text-editor.default\">\n\t\t\t\t<div class=\"elementor-widget-container\">\n\t\t\t\t\t\t\t\t\t<div class=\"page\" title=\"P\u00e1gina 1\"><div class=\"layoutArea\"><div class=\"column\"><p><strong>Trails of Menorca<\/strong><\/p><p><strong>Trails of Menorcaes una sociedad unipersonal de derecho alem\u00e1n con domicilio social en 83126 Flintsbach am Inn, Alemania. N\u00famero de la C\u00e1mara de Comercio: XXXXXXXXXXX <\/strong><\/p><\/div><\/div><\/div>\t\t\t\t\t\t\t\t<\/div>\n\t\t\t\t<\/div>\n\t\t\t\t\t<\/div>\n\t\t<\/div>\n\t\t\t\t\t<\/div>\n\t\t<\/section>\n\t\t\t\t<section class=\"elementor-section elementor-top-section elementor-element elementor-element-0a1d6a8 elementor-section-boxed elementor-section-height-default elementor-section-height-default\" data-id=\"0a1d6a8\" data-element_type=\"section\" data-e-type=\"section\">\n\t\t\t\t\t\t<div class=\"elementor-container elementor-column-gap-default\">\n\t\t\t\t\t<div class=\"elementor-column elementor-col-100 elementor-top-column elementor-element elementor-element-8631a2c\" data-id=\"8631a2c\" data-element_type=\"column\" data-e-type=\"column\">\n\t\t\t<div class=\"elementor-widget-wrap elementor-element-populated\">\n\t\t\t\t\t\t<div class=\"elementor-element elementor-element-8c9ade8 elementor-widget elementor-widget-text-editor\" data-id=\"8c9ade8\" data-element_type=\"widget\" data-e-type=\"widget\" data-widget_type=\"text-editor.default\">\n\t\t\t\t<div class=\"elementor-widget-container\">\n\t\t\t\t\t\t\t\t\t<div class=\"page\" title=\"P\u00e1gina 1\"><div class=\"layoutArea\"><div class=\"column\"><h5><strong>Declaraci\u00f3n de riesgo y responsabilidad<\/strong><\/h5><\/div><\/div><\/div><div class=\"page\" title=\"P\u00e1gina 1\"><div class=\"layoutArea\"><div class=\"column\"><p class=\"p1\">El cliente principal de la reserva declara en su propio nombre y en nombre de los dem\u00e1s participantes en la reserva, en lo sucesivo denominados: \u00ablos participantes\u00bb, que han sido informados de que, al efectuar la reserva, todos los participantes declaran comprenderla y aceptarla plenamente.  <\/p><\/div><\/div><\/div><p class=\"p1\"><span class=\"s1\">Se trata de lo siguiente:<span class=\"Apple-converted-space\"> <\/span><\/span><\/p><ul class=\"ul1\"><li class=\"li3\"><div class=\"s5\">Que el organizador (&#8216;Trails of Menorca&#8217;) aconseje a los participantes que se encuentren en buen estado de salud y forma f\u00edsica antes de participar.<\/div><\/li><li class=\"li3\"><div class=\"s5\">Que existen riesgos\/peligros inherentes para los participantes asociados a la actividad\/actividades en las que participar\u00e1n los participantes, incluyendo -pero no limit\u00e1ndose a- el riesgo de que se da\u00f1en\/pierdan bienes, el riesgo de que los servicios de emergencia no puedan llegar hasta los participantes, el riesgo de lesiones f\u00edsicas (graves) y el riesgo de muerte.<\/div><\/li><li class=\"li3\"><div class=\"s5\">Que los propios participantes son responsables de su salud y seguridad y que, por lo tanto, la participaci\u00f3n es en todo caso expresamente por su cuenta y riesgo.<\/div><\/li><li class=\"li3\"><div class=\"s5\">Que el organizador y todas las personas (de apoyo) relacionadas con \u00e9l y contratadas por \u00e9l (instructores, gu\u00edas, etc.) no son en ning\u00fan caso responsables frente a los participantes o terceros (familiares\/pr\u00f3ximos parientes\/herederos\/cuidadores) de cualquier consecuencia (p\u00e9rdida tangible\/intangible) sufrida por los participantes o terceros en relaci\u00f3n con la participaci\u00f3n de los participantes en la actividad\/actividades.<\/div><\/li><li class=\"li3\"><div class=\"s5\">Que los participantes han sido expresamente informados por el organizador de los riesgos\/peligros mencionados.  <p> <\/p><\/div><\/li><\/ul>\t\t\t\t\t\t\t\t<\/div>\n\t\t\t\t<\/div>\n\t\t\t\t\t<\/div>\n\t\t<\/div>\n\t\t\t\t\t<\/div>\n\t\t<\/section>\n\t\t\t\t<section class=\"elementor-section elementor-top-section elementor-element elementor-element-4479068 elementor-section-boxed elementor-section-height-default elementor-section-height-default\" data-id=\"4479068\" data-element_type=\"section\" data-e-type=\"section\">\n\t\t\t\t\t\t<div class=\"elementor-container elementor-column-gap-default\">\n\t\t\t\t\t<div class=\"elementor-column elementor-col-100 elementor-top-column elementor-element elementor-element-1d9f216\" data-id=\"1d9f216\" data-element_type=\"column\" data-e-type=\"column\">\n\t\t\t<div class=\"elementor-widget-wrap elementor-element-populated\">\n\t\t\t\t\t\t<div class=\"elementor-element elementor-element-5d72fd1 elementor-widget elementor-widget-spacer\" data-id=\"5d72fd1\" data-element_type=\"widget\" data-e-type=\"widget\" data-widget_type=\"spacer.default\">\n\t\t\t\t<div class=\"elementor-widget-container\">\n\t\t\t\t\t\t\t<div class=\"elementor-spacer\">\n\t\t\t<div class=\"elementor-spacer-inner\"><\/div>\n\t\t<\/div>\n\t\t\t\t\t\t<\/div>\n\t\t\t\t<\/div>\n\t\t\t\t\t<\/div>\n\t\t<\/div>\n\t\t\t\t\t<\/div>\n\t\t<\/section>\n\t\t\t\t<section class=\"elementor-section elementor-top-section elementor-element elementor-element-9a392e5 elementor-section-boxed elementor-section-height-default elementor-section-height-default\" data-id=\"9a392e5\" data-element_type=\"section\" data-e-type=\"section\">\n\t\t\t\t\t\t<div class=\"elementor-container elementor-column-gap-default\">\n\t\t\t\t\t<div class=\"elementor-column elementor-col-100 elementor-top-column elementor-element elementor-element-06bfc39\" data-id=\"06bfc39\" data-element_type=\"column\" data-e-type=\"column\">\n\t\t\t<div class=\"elementor-widget-wrap elementor-element-populated\">\n\t\t\t\t\t\t<div class=\"elementor-element elementor-element-a93bf07 elementor-align-center elementor-widget elementor-widget-button\" data-id=\"a93bf07\" data-element_type=\"widget\" data-e-type=\"widget\" data-widget_type=\"button.default\">\n\t\t\t\t<div class=\"elementor-widget-container\">\n\t\t\t\t\t\t\t\t\t<div class=\"elementor-button-wrapper\">\n\t\t\t\t\t<a class=\"elementor-button elementor-button-link elementor-size-sm\" href=\"https:\/\/trailsofmenorca.com\/wp-content\/uploads\/2023\/09\/Risk-Liability-Declaration.pdf\" target=\"_blank\">\n\t\t\t\t\t\t<span class=\"elementor-button-content-wrapper\">\n\t\t\t\t\t\t\t\t\t<span class=\"elementor-button-text\">ARCHIVO PDF<\/span>\n\t\t\t\t\t<\/span>\n\t\t\t\t\t<\/a>\n\t\t\t\t<\/div>\n\t\t\t\t\t\t\t\t<\/div>\n\t\t\t\t<\/div>\n\t\t\t\t\t<\/div>\n\t\t<\/div>\n\t\t\t\t\t<\/div>\n\t\t<\/section>\n\t\t\t\t<section class=\"elementor-section elementor-top-section elementor-element elementor-element-07d7bfa elementor-section-boxed elementor-section-height-default elementor-section-height-default\" data-id=\"07d7bfa\" data-element_type=\"section\" data-e-type=\"section\">\n\t\t\t\t\t\t<div class=\"elementor-container elementor-column-gap-default\">\n\t\t\t\t\t<div class=\"elementor-column elementor-col-100 elementor-top-column elementor-element elementor-element-d958420\" data-id=\"d958420\" data-element_type=\"column\" data-e-type=\"column\">\n\t\t\t<div class=\"elementor-widget-wrap elementor-element-populated\">\n\t\t\t\t\t\t<div class=\"elementor-element elementor-element-bd9728c elementor-widget elementor-widget-spacer\" data-id=\"bd9728c\" data-element_type=\"widget\" data-e-type=\"widget\" data-widget_type=\"spacer.default\">\n\t\t\t\t<div class=\"elementor-widget-container\">\n\t\t\t\t\t\t\t<div class=\"elementor-spacer\">\n\t\t\t<div class=\"elementor-spacer-inner\"><\/div>\n\t\t<\/div>\n\t\t\t\t\t\t<\/div>\n\t\t\t\t<\/div>\n\t\t\t\t\t<\/div>\n\t\t<\/div>\n\t\t\t\t\t<\/div>\n\t\t<\/section>\n\t\t\t\t<\/div>\n\t\t","protected":false},"excerpt":{"rendered":"<p>Declaraci\u00f3n de riesgo y responsabilidad Declaraci\u00f3n de riesgo y responsabilidad Trails of Menorca Trails of Menorcaes una sociedad unipersonal de derecho alem\u00e1n con domicilio social en 83126 Flintsbach am Inn, Alemania. N\u00famero de la C\u00e1mara de Comercio: XXXXXXXXXXX Declaraci\u00f3n de riesgo y responsabilidad El cliente principal de la reserva declara en su propio nombre y [&hellip;]<\/p>\n","protected":false},"author":1,"featured_media":0,"parent":0,"menu_order":0,"comment_status":"closed","ping_status":"closed","template":"elementor_header_footer","meta":{"_joinchat":[],"footnotes":""},"class_list":["post-7024","page","type-page","status-publish","hentry"],"_links":{"self":[{"href":"https:\/\/trailsofmenorca.com\/es\/wp-json\/wp\/v2\/pages\/7024","targetHints":{"allow":["GET"]}}],"collection":[{"href":"https:\/\/trailsofmenorca.com\/es\/wp-json\/wp\/v2\/pages"}],"about":[{"href":"https:\/\/trailsofmenorca.com\/es\/wp-json\/wp\/v2\/types\/page"}],"author":[{"embeddable":true,"href":"https:\/\/trailsofmenorca.com\/es\/wp-json\/wp\/v2\/users\/1"}],"replies":[{"embeddable":true,"href":"https:\/\/trailsofmenorca.com\/es\/wp-json\/wp\/v2\/comments?post=7024"}],"version-history":[{"count":0,"href":"https:\/\/trailsofmenorca.com\/es\/wp-json\/wp\/v2\/pages\/7024\/revisions"}],"wp:attachment":[{"href":"https:\/\/trailsofmenorca.com\/es\/wp-json\/wp\/v2\/media?parent=7024"}],"curies":[{"name":"wp","href":"https:\/\/api.w.org\/{rel}","templated":true}]}}