{"id":6988,"date":"2023-08-28T11:38:43","date_gmt":"2023-08-28T09:38:43","guid":{"rendered":"https:\/\/trailsofmenorca.com\/sobre-nosotros\/"},"modified":"2026-03-25T09:25:55","modified_gmt":"2026-03-25T08:25:55","slug":"sobre-nosotros","status":"publish","type":"page","link":"https:\/\/trailsofmenorca.com\/es\/sobre-nosotros\/","title":{"rendered":"Sobre m\u00ed"},"content":{"rendered":"\t\t<div data-elementor-type=\"wp-page\" data-elementor-id=\"6988\" class=\"elementor elementor-6988 elementor-717\" data-elementor-post-type=\"page\">\n\t\t\t\t\t\t<section class=\"elementor-section elementor-top-section elementor-element elementor-element-260b653a elementor-section-boxed elementor-section-height-default elementor-section-height-default\" data-id=\"260b653a\" data-element_type=\"section\" data-e-type=\"section\" data-settings=\"{&quot;background_background&quot;:&quot;classic&quot;}\">\n\t\t\t\t\t\t\t<div class=\"elementor-background-overlay\"><\/div>\n\t\t\t\t\t\t\t<div class=\"elementor-container elementor-column-gap-default\">\n\t\t\t\t\t<div class=\"elementor-column elementor-col-100 elementor-top-column elementor-element elementor-element-7ef93fdf\" data-id=\"7ef93fdf\" data-element_type=\"column\" data-e-type=\"column\">\n\t\t\t<div class=\"elementor-widget-wrap elementor-element-populated\">\n\t\t\t\t\t\t<div class=\"elementor-element elementor-element-3949696f elementor-widget elementor-widget-heading\" data-id=\"3949696f\" data-element_type=\"widget\" data-e-type=\"widget\" data-widget_type=\"heading.default\">\n\t\t\t\t<div class=\"elementor-widget-container\">\n\t\t\t\t\t<h2 class=\"elementor-heading-title elementor-size-default\">Sobre m\u00ed<\/h2>\t\t\t\t<\/div>\n\t\t\t\t<\/div>\n\t\t\t\t<div class=\"elementor-element elementor-element-4ef5bbdc elementor-absolute elementor-widget elementor-widget-heading\" data-id=\"4ef5bbdc\" data-element_type=\"widget\" data-e-type=\"widget\" data-settings=\"{&quot;_position&quot;:&quot;absolute&quot;}\" data-widget_type=\"heading.default\">\n\t\t\t\t<div class=\"elementor-widget-container\">\n\t\t\t\t\t<span class=\"elementor-heading-title elementor-size-default\">Sobre m\u00ed<\/span>\t\t\t\t<\/div>\n\t\t\t\t<\/div>\n\t\t\t\t\t<\/div>\n\t\t<\/div>\n\t\t\t\t\t<\/div>\n\t\t<\/section>\n\t\t\t\t<section class=\"elementor-section elementor-top-section elementor-element elementor-element-2b595fe2 elementor-section-boxed elementor-section-height-default elementor-section-height-default\" data-id=\"2b595fe2\" data-element_type=\"section\" data-e-type=\"section\">\n\t\t\t\t\t\t<div class=\"elementor-container elementor-column-gap-default\">\n\t\t\t\t\t<div class=\"elementor-column elementor-col-50 elementor-top-column elementor-element elementor-element-7d42ab1a\" data-id=\"7d42ab1a\" data-element_type=\"column\" data-e-type=\"column\">\n\t\t\t<div class=\"elementor-widget-wrap elementor-element-populated\">\n\t\t\t\t\t\t<div class=\"elementor-element elementor-element-30c211aa elementor-widget elementor-widget-heading\" data-id=\"30c211aa\" data-element_type=\"widget\" data-e-type=\"widget\" data-widget_type=\"heading.default\">\n\t\t\t\t<div class=\"elementor-widget-container\">\n\t\t\t\t\t<h2 class=\"elementor-heading-title elementor-size-default\">\u00bfTe gusta explorar nuevas rutas? \u00a1Empiece su viaje con Trails of Menorca \n! <\/h2>\t\t\t\t<\/div>\n\t\t\t\t<\/div>\n\t\t\t\t\t<\/div>\n\t\t<\/div>\n\t\t\t\t<div class=\"elementor-column elementor-col-50 elementor-top-column elementor-element elementor-element-5a85f268\" data-id=\"5a85f268\" data-element_type=\"column\" data-e-type=\"column\">\n\t\t\t<div class=\"elementor-widget-wrap elementor-element-populated\">\n\t\t\t\t\t\t<div class=\"elementor-element elementor-element-599b7b55 elementor-widget elementor-widget-text-editor\" data-id=\"599b7b55\" data-element_type=\"widget\" data-e-type=\"widget\" data-widget_type=\"text-editor.default\">\n\t\t\t\t<div class=\"elementor-widget-container\">\n\t\t\t\t\t\t\t\t\t<p class=\"p1\">Ya seas un aventurero, un alma rom\u00e1ntica o un buscador de serenidad, la belleza de Menorca te invita a embarcarte en un viaje de maravillas y descubrimientos.<\/p><p class=\"p1\">Reserva tu excursi\u00f3n de senderismo con Trails of Menorca y sum\u00e9rjete en la naturaleza de la isla solo o con tu acompa\u00f1ante. Impr\u00e9gnate de la rica historia de la isla y crea recuerdos que quedar\u00e1n grabados en tu coraz\u00f3n para siempre. Menorca es la isla donde la belleza no tiene l\u00edmites.<\/p>\t\t\t\t\t\t\t\t<\/div>\n\t\t\t\t<\/div>\n\t\t\t\t\t<\/div>\n\t\t<\/div>\n\t\t\t\t\t<\/div>\n\t\t<\/section>\n\t\t\t\t<section class=\"elementor-section elementor-top-section elementor-element elementor-element-6b86274 elementor-reverse-tablet elementor-reverse-mobile elementor-section-boxed elementor-section-height-default elementor-section-height-default\" data-id=\"6b86274\" data-element_type=\"section\" data-e-type=\"section\">\n\t\t\t\t\t\t<div class=\"elementor-container elementor-column-gap-default\">\n\t\t\t\t\t<div class=\"elementor-column elementor-col-100 elementor-top-column elementor-element elementor-element-6a31a307\" data-id=\"6a31a307\" data-element_type=\"column\" data-e-type=\"column\">\n\t\t\t<div class=\"elementor-widget-wrap elementor-element-populated\">\n\t\t\t\t\t\t<section class=\"elementor-section elementor-inner-section elementor-element elementor-element-7c2a293a elementor-section-full_width elementor-reverse-tablet elementor-reverse-mobile elementor-section-height-default elementor-section-height-default\" data-id=\"7c2a293a\" data-element_type=\"section\" data-e-type=\"section\">\n\t\t\t\t\t\t<div class=\"elementor-container elementor-column-gap-default\">\n\t\t\t\t\t<div class=\"elementor-column elementor-col-50 elementor-inner-column elementor-element elementor-element-75097b96\" data-id=\"75097b96\" data-element_type=\"column\" data-e-type=\"column\">\n\t\t\t<div class=\"elementor-widget-wrap elementor-element-populated\">\n\t\t\t\t\t\t<div class=\"elementor-element elementor-element-9fd98c3 elementor-absolute elementor-widget elementor-widget-image\" data-id=\"9fd98c3\" data-element_type=\"widget\" data-e-type=\"widget\" data-settings=\"{&quot;_position&quot;:&quot;absolute&quot;}\" data-widget_type=\"image.default\">\n\t\t\t\t<div class=\"elementor-widget-container\">\n\t\t\t\t\t\t\t\t\t\t\t\t\t\t\t<img fetchpriority=\"high\" decoding=\"async\" width=\"768\" height=\"1024\" src=\"https:\/\/trailsofmenorca.com\/wp-content\/uploads\/2024\/09\/IMG_5806-768x1024.jpg\" class=\"attachment-large size-large wp-image-6296\" alt=\"\" srcset=\"https:\/\/trailsofmenorca.com\/wp-content\/uploads\/2024\/09\/IMG_5806-768x1024.jpg 768w, https:\/\/trailsofmenorca.com\/wp-content\/uploads\/2024\/09\/IMG_5806-225x300.jpg 225w, https:\/\/trailsofmenorca.com\/wp-content\/uploads\/2024\/09\/IMG_5806-1152x1536.jpg 1152w, https:\/\/trailsofmenorca.com\/wp-content\/uploads\/2024\/09\/IMG_5806-rotated.jpg 1512w\" sizes=\"(max-width: 768px) 100vw, 768px\" \/>\t\t\t\t\t\t\t\t\t\t\t\t\t\t\t<\/div>\n\t\t\t\t<\/div>\n\t\t\t\t\t<\/div>\n\t\t<\/div>\n\t\t\t\t<div class=\"elementor-column elementor-col-50 elementor-inner-column elementor-element elementor-element-f03b3f5\" data-id=\"f03b3f5\" data-element_type=\"column\" data-e-type=\"column\">\n\t\t\t<div class=\"elementor-widget-wrap elementor-element-populated\">\n\t\t\t\t\t\t<div class=\"elementor-element elementor-element-15cb102 elementor-widget elementor-widget-heading\" data-id=\"15cb102\" data-element_type=\"widget\" data-e-type=\"widget\" data-widget_type=\"heading.default\">\n\t\t\t\t<div class=\"elementor-widget-container\">\n\t\t\t\t\t<h3 class=\"elementor-heading-title elementor-size-default\">Encantado de conocerte.<\/h3>\t\t\t\t<\/div>\n\t\t\t\t<\/div>\n\t\t\t\t<div class=\"elementor-element elementor-element-0397fbc elementor-widget elementor-widget-heading\" data-id=\"0397fbc\" data-element_type=\"widget\" data-e-type=\"widget\" data-widget_type=\"heading.default\">\n\t\t\t\t<div class=\"elementor-widget-container\">\n\t\t\t\t\t<h2 class=\"elementor-heading-title elementor-size-small\">VANESSA RAINERS - GU\u00cdA PROFESIONAL Y EXCURSIONISTA APASIONADA - \u00a1LE DA LA BIENVENIDA!<\/h2>\t\t\t\t<\/div>\n\t\t\t\t<\/div>\n\t\t\t\t<div class=\"elementor-element elementor-element-e7d165e elementor-widget__width-initial elementor-widget elementor-widget-text-editor\" data-id=\"e7d165e\" data-element_type=\"widget\" data-e-type=\"widget\" data-widget_type=\"text-editor.default\">\n\t\t\t\t<div class=\"elementor-widget-container\">\n\t\t\t\t\t\t\t\t\t<p>La empresa \u00abTrails of Menorca\u00bb fue fundada con \u00e9xito bajo la direcci\u00f3n de Milan Grijmans y ahora Vanessa Rainers la dirige con mucho coraz\u00f3n y pasi\u00f3n.<\/p><p>Cuento con muchos a\u00f1os de experiencia en los Prealpes, pero tambi\u00e9n en los Alpes altos de Alemania, Austria y Suiza.<\/p><p>Soy gu\u00eda de naturaleza y senderismo titulada (Natursport Akademie GmbH &#8211; NAka) y socorrista titulada. Aqu\u00ed, en Menorca, he abierto un nuevo y emocionante cap\u00edtulo en mi vida. Este nuevo cap\u00edtulo me permite combinar mi afici\u00f3n con mi profesi\u00f3n. Soy una apasionada del senderismo, me encanta la naturaleza y me he enamorado del impresionante paisaje de Menorca. Menorca es una isla a\u00fan muy virgen y pintoresca del archipi\u00e9lago balear.<\/p><p>El senderismo me permite combinar de forma maravillosa varias de mis pasiones: la emoci\u00f3n de la aventura, el disfrute de la naturaleza, los retos f\u00edsicos del senderismo y las enriquecedoras experiencias con personas muy diferentes.<\/p><p>Por eso, \u00abTrails of Menorca\u00bb ofrece a personas de todas las edades la oportunidad perfecta para sumergirse en la impresionante naturaleza, desconectar de las constantes distracciones digitales y no tener que preocuparse por nada m\u00e1s que por reconectar con uno mismo y disfrutar de la naturaleza. Una experiencia \u00fanica y maravillosa para todos aquellos que hayan decidido explorar la belleza ind\u00f3mita de Menorca.<\/p><p>\u00a0<\/p>\t\t\t\t\t\t\t\t<\/div>\n\t\t\t\t<\/div>\n\t\t\t\t\t<\/div>\n\t\t<\/div>\n\t\t\t\t\t<\/div>\n\t\t<\/section>\n\t\t\t\t\t<\/div>\n\t\t<\/div>\n\t\t\t\t\t<\/div>\n\t\t<\/section>\n\t\t\t\t<section class=\"elementor-section elementor-top-section elementor-element elementor-element-36504579 elementor-section-height-min-height elementor-section-items-stretch elementor-section-full_width elementor-section-height-default\" data-id=\"36504579\" data-element_type=\"section\" data-e-type=\"section\" data-settings=\"{&quot;motion_fx_motion_fx_scrolling&quot;:&quot;yes&quot;,&quot;motion_fx_translateY_effect&quot;:&quot;yes&quot;,&quot;motion_fx_translateY_direction&quot;:&quot;negative&quot;,&quot;motion_fx_translateY_speed&quot;:{&quot;unit&quot;:&quot;px&quot;,&quot;size&quot;:&quot;1.5&quot;,&quot;sizes&quot;:[]},&quot;motion_fx_translateY_affectedRange&quot;:{&quot;unit&quot;:&quot;%&quot;,&quot;size&quot;:&quot;&quot;,&quot;sizes&quot;:{&quot;start&quot;:&quot;0&quot;,&quot;end&quot;:&quot;50&quot;}},&quot;motion_fx_devices&quot;:[&quot;desktop&quot;,&quot;tablet&quot;,&quot;mobile&quot;]}\">\n\t\t\t\t\t\t<div class=\"elementor-container elementor-column-gap-default\">\n\t\t\t\t\t<div class=\"elementor-column elementor-col-100 elementor-top-column elementor-element elementor-element-6c296895\" data-id=\"6c296895\" data-element_type=\"column\" data-e-type=\"column\" data-settings=\"{&quot;background_background&quot;:&quot;classic&quot;}\">\n\t\t\t<div class=\"elementor-widget-wrap elementor-element-populated\">\n\t\t\t\t\t<div class=\"elementor-background-overlay\"><\/div>\n\t\t\t\t\t\t<div class=\"elementor-element elementor-element-16e9c82c elementor-widget__width-initial elementor-widget elementor-widget-heading\" data-id=\"16e9c82c\" data-element_type=\"widget\" data-e-type=\"widget\" data-widget_type=\"heading.default\">\n\t\t\t\t<div class=\"elementor-widget-container\">\n\t\t\t\t\t<h2 class=\"elementor-heading-title elementor-size-default\">Gente estupenda. Senderos incre\u00edbles.   \nHermosa Menorca.<\/h2>\t\t\t\t<\/div>\n\t\t\t\t<\/div>\n\t\t\t\t<section class=\"elementor-section elementor-inner-section elementor-element elementor-element-781666ec elementor-section-boxed elementor-section-height-default elementor-section-height-default\" data-id=\"781666ec\" data-element_type=\"section\" data-e-type=\"section\">\n\t\t\t\t\t\t<div class=\"elementor-container elementor-column-gap-default\">\n\t\t\t\t\t<div class=\"elementor-column elementor-col-100 elementor-inner-column elementor-element elementor-element-7f728141\" data-id=\"7f728141\" data-element_type=\"column\" data-e-type=\"column\">\n\t\t\t<div class=\"elementor-widget-wrap\">\n\t\t\t\t\t\t\t<\/div>\n\t\t<\/div>\n\t\t\t\t\t<\/div>\n\t\t<\/section>\n\t\t\t\t\t<\/div>\n\t\t<\/div>\n\t\t\t\t\t<\/div>\n\t\t<\/section>\n\t\t\t\t<section class=\"elementor-section elementor-top-section elementor-element elementor-element-7dbe9708 elementor-section-full_width elementor-reverse-tablet elementor-reverse-mobile elementor-section-height-default elementor-section-height-default\" data-id=\"7dbe9708\" data-element_type=\"section\" data-e-type=\"section\">\n\t\t\t\t\t\t<div class=\"elementor-container elementor-column-gap-default\">\n\t\t\t\t\t<div class=\"elementor-column elementor-col-33 elementor-top-column elementor-element elementor-element-3e6b57dc\" data-id=\"3e6b57dc\" data-element_type=\"column\" data-e-type=\"column\">\n\t\t\t<div class=\"elementor-widget-wrap elementor-element-populated\">\n\t\t\t\t\t\t<div class=\"elementor-element elementor-element-431f7d2d elementor-widget elementor-widget-image\" data-id=\"431f7d2d\" data-element_type=\"widget\" data-e-type=\"widget\" data-widget_type=\"image.default\">\n\t\t\t\t<div class=\"elementor-widget-container\">\n\t\t\t\t\t\t\t\t\t\t\t\t\t\t\t<img decoding=\"async\" width=\"745\" height=\"2560\" src=\"https:\/\/trailsofmenorca.com\/wp-content\/uploads\/2024\/12\/Red-Rock_17.jpg\" class=\"elementor-animation-float attachment-full size-full wp-image-5426\" alt=\"\" srcset=\"https:\/\/trailsofmenorca.com\/wp-content\/uploads\/2024\/12\/Red-Rock_17.jpg 745w, https:\/\/trailsofmenorca.com\/wp-content\/uploads\/2024\/12\/Red-Rock_17-87x300.jpg 87w, https:\/\/trailsofmenorca.com\/wp-content\/uploads\/2024\/12\/Red-Rock_17-298x1024.jpg 298w, https:\/\/trailsofmenorca.com\/wp-content\/uploads\/2024\/12\/Red-Rock_17-447x1536.jpg 447w, https:\/\/trailsofmenorca.com\/wp-content\/uploads\/2024\/12\/Red-Rock_17-596x2048.jpg 596w\" sizes=\"(max-width: 745px) 100vw, 745px\" \/>\t\t\t\t\t\t\t\t\t\t\t\t\t\t\t<\/div>\n\t\t\t\t<\/div>\n\t\t\t\t\t<\/div>\n\t\t<\/div>\n\t\t\t\t<div class=\"elementor-column elementor-col-33 elementor-top-column elementor-element elementor-element-22a80b38\" data-id=\"22a80b38\" data-element_type=\"column\" data-e-type=\"column\">\n\t\t\t<div class=\"elementor-widget-wrap elementor-element-populated\">\n\t\t\t\t\t\t<div class=\"elementor-element elementor-element-659c98a3 elementor-widget elementor-widget-image\" data-id=\"659c98a3\" data-element_type=\"widget\" data-e-type=\"widget\" data-widget_type=\"image.default\">\n\t\t\t\t<div class=\"elementor-widget-container\">\n\t\t\t\t\t\t\t\t\t\t\t\t\t\t\t<img decoding=\"async\" width=\"500\" height=\"625\" src=\"https:\/\/trailsofmenorca.com\/wp-content\/uploads\/2024\/10\/Sunrise-Hike-Moderate_4.png\" class=\"elementor-animation-float attachment-large size-large wp-image-4802\" alt=\"\" srcset=\"https:\/\/trailsofmenorca.com\/wp-content\/uploads\/2024\/10\/Sunrise-Hike-Moderate_4.png 500w, https:\/\/trailsofmenorca.com\/wp-content\/uploads\/2024\/10\/Sunrise-Hike-Moderate_4-240x300.png 240w\" sizes=\"(max-width: 500px) 100vw, 500px\" \/>\t\t\t\t\t\t\t\t\t\t\t\t\t\t\t<\/div>\n\t\t\t\t<\/div>\n\t\t\t\t<div class=\"elementor-element elementor-element-60429cc4 elementor-widget elementor-widget-image\" data-id=\"60429cc4\" data-element_type=\"widget\" data-e-type=\"widget\" data-widget_type=\"image.default\">\n\t\t\t\t<div class=\"elementor-widget-container\">\n\t\t\t\t\t\t\t\t\t\t\t\t\t\t\t<img loading=\"lazy\" decoding=\"async\" width=\"1920\" height=\"2560\" src=\"https:\/\/trailsofmenorca.com\/wp-content\/uploads\/2024\/12\/Nature-Parc-3.jpg\" class=\"elementor-animation-float attachment-full size-full wp-image-4985\" alt=\"\" srcset=\"https:\/\/trailsofmenorca.com\/wp-content\/uploads\/2024\/12\/Nature-Parc-3.jpg 1920w, https:\/\/trailsofmenorca.com\/wp-content\/uploads\/2024\/12\/Nature-Parc-3-225x300.jpg 225w, https:\/\/trailsofmenorca.com\/wp-content\/uploads\/2024\/12\/Nature-Parc-3-768x1024.jpg 768w, https:\/\/trailsofmenorca.com\/wp-content\/uploads\/2024\/12\/Nature-Parc-3-1152x1536.jpg 1152w, https:\/\/trailsofmenorca.com\/wp-content\/uploads\/2024\/12\/Nature-Parc-3-1536x2048.jpg 1536w\" sizes=\"(max-width: 1920px) 100vw, 1920px\" \/>\t\t\t\t\t\t\t\t\t\t\t\t\t\t\t<\/div>\n\t\t\t\t<\/div>\n\t\t\t\t\t<\/div>\n\t\t<\/div>\n\t\t\t\t<div class=\"elementor-column elementor-col-33 elementor-top-column elementor-element elementor-element-5ff0b14f\" data-id=\"5ff0b14f\" data-element_type=\"column\" data-e-type=\"column\">\n\t\t\t<div class=\"elementor-widget-wrap elementor-element-populated\">\n\t\t\t\t\t\t<div class=\"elementor-element elementor-element-18d413b elementor-widget elementor-widget-heading\" data-id=\"18d413b\" data-element_type=\"widget\" data-e-type=\"widget\" data-widget_type=\"heading.default\">\n\t\t\t\t<div class=\"elementor-widget-container\">\n\t\t\t\t\t<h3 class=\"elementor-heading-title elementor-size-default\">Trails of Menorca. A su medida <\/h3>\t\t\t\t<\/div>\n\t\t\t\t<\/div>\n\t\t\t\t<div class=\"elementor-element elementor-element-4a6e9691 elementor-widget elementor-widget-heading\" data-id=\"4a6e9691\" data-element_type=\"widget\" data-e-type=\"widget\" data-widget_type=\"heading.default\">\n\t\t\t\t<div class=\"elementor-widget-container\">\n\t\t\t\t\t<h2 class=\"elementor-heading-title elementor-size-default\">Proporcionamos senderos especiales\n<br>a trav\u00e9s de Menorca.<\/h2>\t\t\t\t<\/div>\n\t\t\t\t<\/div>\n\t\t\t\t<section class=\"elementor-section elementor-inner-section elementor-element elementor-element-29eef67b elementor-section-boxed elementor-section-height-default elementor-section-height-default\" data-id=\"29eef67b\" data-element_type=\"section\" data-e-type=\"section\">\n\t\t\t\t\t\t<div class=\"elementor-container elementor-column-gap-default\">\n\t\t\t\t\t<div class=\"elementor-column elementor-col-100 elementor-inner-column elementor-element elementor-element-f9c6936\" data-id=\"f9c6936\" data-element_type=\"column\" data-e-type=\"column\">\n\t\t\t<div class=\"elementor-widget-wrap elementor-element-populated\">\n\t\t\t\t\t\t<div class=\"elementor-element elementor-element-4ef3d6c7 elementor-widget elementor-widget-heading\" data-id=\"4ef3d6c7\" data-element_type=\"widget\" data-e-type=\"widget\" data-widget_type=\"heading.default\">\n\t\t\t\t<div class=\"elementor-widget-container\">\n\t\t\t\t\t<h3 class=\"elementor-heading-title elementor-size-default\">El senderismo es mi pasi\u00f3n.<\/h3>\t\t\t\t<\/div>\n\t\t\t\t<\/div>\n\t\t\t\t<div class=\"elementor-element elementor-element-2062f6ef elementor-widget elementor-widget-text-editor\" data-id=\"2062f6ef\" data-element_type=\"widget\" data-e-type=\"widget\" data-widget_type=\"text-editor.default\">\n\t\t\t\t<div class=\"elementor-widget-container\">\n\t\t\t\t\t\t\t\t\t<p class=\"p1\">Cr\u00e9eme, el senderismo no es solo tu pasi\u00f3n, tambi\u00e9n es la m\u00eda. \u00a1Y lo ha sido durante muchos a\u00f1os! He recorrido miles de kil\u00f3metros por senderos en Alemania, Suiza, Austria y ahora en Menorca. La experiencia que he adquirido la he tra\u00eddo a esta hermosa isla del archipi\u00e9lago balear y se puede disfrutar con Trails of Menorca.<\/p>\t\t\t\t\t\t\t\t<\/div>\n\t\t\t\t<\/div>\n\t\t\t\t<div class=\"elementor-element elementor-element-6efc497d elementor-widget elementor-widget-heading\" data-id=\"6efc497d\" data-element_type=\"widget\" data-e-type=\"widget\" data-widget_type=\"heading.default\">\n\t\t\t\t<div class=\"elementor-widget-container\">\n\t\t\t\t\t<h3 class=\"elementor-heading-title elementor-size-default\">Conozca Menorca<\/h3>\t\t\t\t<\/div>\n\t\t\t\t<\/div>\n\t\t\t\t<div class=\"elementor-element elementor-element-4baaf85b elementor-widget elementor-widget-text-editor\" data-id=\"4baaf85b\" data-element_type=\"widget\" data-e-type=\"widget\" data-widget_type=\"text-editor.default\">\n\t\t\t\t<div class=\"elementor-widget-container\">\n\t\t\t\t\t\t\t\t\t<p class=\"p1\">Durante la excursi\u00f3n, no solo disfrutar\u00e1s de toda la belleza que Menorca tiene para ofrecer, sino que tambi\u00e9n tendr\u00e1s la oportunidad de aprender mucho sobre la isla. Podr\u00e1s conocer la flora y fauna \u00fanicas de la isla, incluida su diversa vida vegetal y los h\u00e1bitats de la fauna local. Descubrir\u00e1s las caracter\u00edsticas geol\u00f3gicas de la isla, como sus escarpados acantilados, cuevas y la formaci\u00f3n de sus paisajes a lo largo del tiempo, y explorar\u00e1s la rica historia de Menorca a trav\u00e9s de yacimientos arqueol\u00f3gicos, como antiguos asentamientos, monumentos megal\u00edticos y cuevas prehist\u00f3ricas.<\/p>\t\t\t\t\t\t\t\t<\/div>\n\t\t\t\t<\/div>\n\t\t\t\t<div class=\"elementor-element elementor-element-bc982b2 elementor-align-left elementor-mobile-align-center elementor-widget elementor-widget-button\" data-id=\"bc982b2\" data-element_type=\"widget\" data-e-type=\"widget\" data-widget_type=\"button.default\">\n\t\t\t\t<div class=\"elementor-widget-container\">\n\t\t\t\t\t\t\t\t\t<div class=\"elementor-button-wrapper\">\n\t\t\t\t\t<a class=\"elementor-button elementor-button-link elementor-size-sm\" href=\"https:\/\/trailsofmenorca.com\/es\/excursiones-privadas\/\">\n\t\t\t\t\t\t<span class=\"elementor-button-content-wrapper\">\n\t\t\t\t\t\t\t\t\t<span class=\"elementor-button-text\">Mu\u00e9strame los tours<\/span>\n\t\t\t\t\t<\/span>\n\t\t\t\t\t<\/a>\n\t\t\t\t<\/div>\n\t\t\t\t\t\t\t\t<\/div>\n\t\t\t\t<\/div>\n\t\t\t\t\t<\/div>\n\t\t<\/div>\n\t\t\t\t\t<\/div>\n\t\t<\/section>\n\t\t\t\t<div class=\"elementor-element elementor-element-915f08d elementor-widget elementor-widget-text-editor\" data-id=\"915f08d\" data-element_type=\"widget\" data-e-type=\"widget\" data-widget_type=\"text-editor.default\">\n\t\t\t\t<div class=\"elementor-widget-container\">\n\t\t\t\t\t\t\t\t\t<p>\u00bfSiempre has querido hacer senderismo en Menorca? Pues no lo dudes m\u00e1s. Este es el momento perfecto para hacerlo! Trails of Menorca ha reunido para ti los 12 senderos m\u00e1s bonitos. En esta p\u00e1gina encontrar\u00e1 descripciones de los mismos, que van de f\u00e1ciles a exigentes. Invitamos a todos, desde los principiantes hasta los excursionistas m\u00e1s experimentados, a unirse a nosotros para pasar un d\u00eda de senderismo inolvidable.<\/p>\n<p><strong>Si desea consultar los distintos senderos<\/strong>, vaya a la parte superior de esta p\u00e1gina y elija&nbsp;<strong>\u00abExcursiones privadas<\/strong>\u00ab.<\/p>\n<p>Haga clic en cada sendero para recibir una descripci\u00f3n completa.<\/p>\n<h3><strong>Reservar una excursi\u00f3n: <\/strong><\/h3>\n<p>Env\u00edeme un mensaje a trav\u00e9s de mi <a href=\"https:\/\/trailsofmenorca.com\/es\/contacto\/\"><b>formulario de contacto<\/b><\/a>.<\/p>\t\t\t\t\t\t\t\t<\/div>\n\t\t\t\t<\/div>\n\t\t\t\t\t<\/div>\n\t\t<\/div>\n\t\t\t\t\t<\/div>\n\t\t<\/section>\n\t\t\t\t<\/div>\n\t\t","protected":false},"excerpt":{"rendered":"<p>Sobre m\u00ed Sobre m\u00ed \u00bfTe gusta explorar nuevas rutas? \u00a1Empiece su viaje con Trails of Menorca ! Ya seas un aventurero, un alma rom\u00e1ntica o un buscador de serenidad, la belleza de Menorca te invita a embarcarte en un viaje de maravillas y descubrimientos. Reserva tu excursi\u00f3n de senderismo con Trails of Menorca y sum\u00e9rjete [&hellip;]<\/p>\n","protected":false},"author":1,"featured_media":0,"parent":0,"menu_order":0,"comment_status":"closed","ping_status":"closed","template":"elementor_header_footer","meta":{"_joinchat":[],"footnotes":""},"class_list":["post-6988","page","type-page","status-publish","hentry"],"_links":{"self":[{"href":"https:\/\/trailsofmenorca.com\/es\/wp-json\/wp\/v2\/pages\/6988","targetHints":{"allow":["GET"]}}],"collection":[{"href":"https:\/\/trailsofmenorca.com\/es\/wp-json\/wp\/v2\/pages"}],"about":[{"href":"https:\/\/trailsofmenorca.com\/es\/wp-json\/wp\/v2\/types\/page"}],"author":[{"embeddable":true,"href":"https:\/\/trailsofmenorca.com\/es\/wp-json\/wp\/v2\/users\/1"}],"replies":[{"embeddable":true,"href":"https:\/\/trailsofmenorca.com\/es\/wp-json\/wp\/v2\/comments?post=6988"}],"version-history":[{"count":0,"href":"https:\/\/trailsofmenorca.com\/es\/wp-json\/wp\/v2\/pages\/6988\/revisions"}],"wp:attachment":[{"href":"https:\/\/trailsofmenorca.com\/es\/wp-json\/wp\/v2\/media?parent=6988"}],"curies":[{"name":"wp","href":"https:\/\/api.w.org\/{rel}","templated":true}]}}