{"id":12936,"date":"2025-06-12T17:59:36","date_gmt":"2025-06-12T15:59:36","guid":{"rendered":"https:\/\/trailsofmenorca.com\/declaracion-de-riesgo-y-responsabilidad-2\/"},"modified":"2026-02-20T15:19:35","modified_gmt":"2026-02-20T14:19:35","slug":"declaracion-de-riesgo-y-responsabilidad-2","status":"publish","type":"page","link":"https:\/\/trailsofmenorca.com\/es\/declaracion-de-riesgo-y-responsabilidad-2\/","title":{"rendered":"Declaraci\u00f3n de riesgo y responsabilidad"},"content":{"rendered":"\t\t<div data-elementor-type=\"wp-page\" data-elementor-id=\"12936\" class=\"elementor elementor-12936 elementor-11294\" data-elementor-post-type=\"page\">\n\t\t\t\t\t\t<section class=\"elementor-section elementor-top-section elementor-element elementor-element-260b653a elementor-section-boxed elementor-section-height-default elementor-section-height-default\" data-id=\"260b653a\" data-element_type=\"section\" data-e-type=\"section\" data-settings=\"{&quot;background_background&quot;:&quot;classic&quot;}\">\n\t\t\t\t\t\t\t<div class=\"elementor-background-overlay\"><\/div>\n\t\t\t\t\t\t\t<div class=\"elementor-container elementor-column-gap-default\">\n\t\t\t\t\t<div class=\"elementor-column elementor-col-100 elementor-top-column elementor-element elementor-element-7ef93fdf\" data-id=\"7ef93fdf\" data-element_type=\"column\" data-e-type=\"column\">\n\t\t\t<div class=\"elementor-widget-wrap elementor-element-populated\">\n\t\t\t\t\t\t<div class=\"elementor-element elementor-element-3949696f elementor-widget elementor-widget-heading\" data-id=\"3949696f\" data-element_type=\"widget\" data-e-type=\"widget\" data-widget_type=\"heading.default\">\n\t\t\t\t<div class=\"elementor-widget-container\">\n\t\t\t\t\t<h2 class=\"elementor-heading-title elementor-size-default\">Declaraci\u00f3n de riesgo y responsabilidad:<\/h2>\t\t\t\t<\/div>\n\t\t\t\t<\/div>\n\t\t\t\t<div class=\"elementor-element elementor-element-4ef5bbdc elementor-absolute elementor-widget elementor-widget-heading\" data-id=\"4ef5bbdc\" data-element_type=\"widget\" data-e-type=\"widget\" data-settings=\"{&quot;_position&quot;:&quot;absolute&quot;}\" data-widget_type=\"heading.default\">\n\t\t\t\t<div class=\"elementor-widget-container\">\n\t\t\t\t\t<span class=\"elementor-heading-title elementor-size-default\">Declaraci\u00f3n de riesgo y responsabilidad:<\/span>\t\t\t\t<\/div>\n\t\t\t\t<\/div>\n\t\t\t\t\t<\/div>\n\t\t<\/div>\n\t\t\t\t\t<\/div>\n\t\t<\/section>\n\t\t\t\t<section class=\"elementor-section elementor-top-section elementor-element elementor-element-2b595fe2 elementor-section-boxed elementor-section-height-default elementor-section-height-default\" data-id=\"2b595fe2\" data-element_type=\"section\" data-e-type=\"section\">\n\t\t\t\t\t\t<div class=\"elementor-container elementor-column-gap-default\">\n\t\t\t\t\t<div class=\"elementor-column elementor-col-100 elementor-top-column elementor-element elementor-element-7d42ab1a\" data-id=\"7d42ab1a\" data-element_type=\"column\" data-e-type=\"column\">\n\t\t\t<div class=\"elementor-widget-wrap elementor-element-populated\">\n\t\t\t\t\t\t<div class=\"elementor-element elementor-element-5a9bc75 elementor-widget elementor-widget-heading\" data-id=\"5a9bc75\" data-element_type=\"widget\" data-e-type=\"widget\" data-widget_type=\"heading.default\">\n\t\t\t\t<div class=\"elementor-widget-container\">\n\t\t\t\t\t<h3 class=\"elementor-heading-title elementor-size-default\">Trails of Menorca<\/h3>\t\t\t\t<\/div>\n\t\t\t\t<\/div>\n\t\t\t\t<div class=\"elementor-element elementor-element-599b7b55 elementor-widget elementor-widget-text-editor\" data-id=\"599b7b55\" data-element_type=\"widget\" data-e-type=\"widget\" data-widget_type=\"text-editor.default\">\n\t\t\t\t<div class=\"elementor-widget-container\">\n\t\t\t\t\t\t\t\t\t<p>Trails of Menorca\u00bb es una sociedad unipersonal de derecho espa\u00f1ol, con domicilio social en 07711 Binissafuller, Carrer des Ullastres 3, Menorca, Illes Baleares.<\/p>\t\t\t\t\t\t\t\t<\/div>\n\t\t\t\t<\/div>\n\t\t\t\t<div class=\"elementor-element elementor-element-30c211aa elementor-widget elementor-widget-heading\" data-id=\"30c211aa\" data-element_type=\"widget\" data-e-type=\"widget\" data-widget_type=\"heading.default\">\n\t\t\t\t<div class=\"elementor-widget-container\">\n\t\t\t\t\t<h3 class=\"elementor-heading-title elementor-size-default\">Declaraci\u00f3n de riesgo y responsabilidad<\/h3>\t\t\t\t<\/div>\n\t\t\t\t<\/div>\n\t\t\t\t<div class=\"elementor-element elementor-element-645b634 elementor-widget elementor-widget-text-editor\" data-id=\"645b634\" data-element_type=\"widget\" data-e-type=\"widget\" data-widget_type=\"text-editor.default\">\n\t\t\t\t<div class=\"elementor-widget-container\">\n\t\t\t\t\t\t\t\t\t<p>El cliente principal de la reserva declara en su propio nombre y en el de los dem\u00e1s participantes en la reserva, en lo sucesivo denominados: \u00ablos participantes\u00bb, que \u00e9stos han sido informados de que, al efectuar la reserva, todos los participantes declaran comprenderla y aceptarla plenamente.<\/p>\t\t\t\t\t\t\t\t<\/div>\n\t\t\t\t<\/div>\n\t\t\t\t<div class=\"elementor-element elementor-element-62a72b0 elementor-widget elementor-widget-text-editor\" data-id=\"62a72b0\" data-element_type=\"widget\" data-e-type=\"widget\" data-widget_type=\"text-editor.default\">\n\t\t\t\t<div class=\"elementor-widget-container\">\n\t\t\t\t\t\t\t\t\t<p>Se trata de lo siguiente:<\/p><ul><li>Que el organizador (&#8216;Trails of Menorca&#8217;) aconseje a los participantes que se encuentren en buen estado de salud y forma f\u00edsica antes de participar.<\/li><li>Que existen riesgos\/peligros inherentes para los participantes asociados a la actividad\/actividades en las que participar\u00e1n los participantes, incluyendo -pero no limit\u00e1ndose a- el riesgo de que se da\u00f1en\/pierdan bienes, el riesgo de que los servicios de emergencia no puedan llegar hasta los participantes, el riesgo de lesiones f\u00edsicas (graves) y el riesgo de muerte.<\/li><li>Que los propios participantes son responsables de su salud y seguridad y que, por lo tanto, la participaci\u00f3n es en todo caso expresamente por su cuenta y riesgo.  <\/li><li>Que el organizador y todas las personas (de apoyo) relacionadas con \u00e9l y contratadas por \u00e9l (instructores, gu\u00edas, etc.) no son en ning\u00fan caso responsables con respecto a los participantes o terceros (familiares\/pr\u00f3ximos parientes\/herederos\/cuidadores) de cualquier consecuencia<br>(p\u00e9rdida tangible\/intangible) sufrida por los participantes o terceros en relaci\u00f3n con la participaci\u00f3n de los participantes en la actividad\/actividades.<\/li><li>Que los participantes han sido expresamente informados por el organizador de los riesgos\/peligros mencionados.<\/li><\/ul>\t\t\t\t\t\t\t\t<\/div>\n\t\t\t\t<\/div>\n\t\t\t\t\t<\/div>\n\t\t<\/div>\n\t\t\t\t\t<\/div>\n\t\t<\/section>\n\t\t\t\t<section class=\"elementor-section elementor-top-section elementor-element elementor-element-2b44f8b elementor-section-boxed elementor-section-height-default elementor-section-height-default\" data-id=\"2b44f8b\" data-element_type=\"section\" data-e-type=\"section\">\n\t\t\t\t\t\t<div class=\"elementor-container elementor-column-gap-default\">\n\t\t\t\t\t<div class=\"elementor-column elementor-col-100 elementor-top-column elementor-element elementor-element-faf973d\" data-id=\"faf973d\" data-element_type=\"column\" data-e-type=\"column\">\n\t\t\t<div class=\"elementor-widget-wrap elementor-element-populated\">\n\t\t\t\t\t\t<div class=\"elementor-element elementor-element-ed369d7 elementor-widget elementor-widget-spacer\" data-id=\"ed369d7\" data-element_type=\"widget\" data-e-type=\"widget\" data-widget_type=\"spacer.default\">\n\t\t\t\t<div class=\"elementor-widget-container\">\n\t\t\t\t\t\t\t<div class=\"elementor-spacer\">\n\t\t\t<div class=\"elementor-spacer-inner\"><\/div>\n\t\t<\/div>\n\t\t\t\t\t\t<\/div>\n\t\t\t\t<\/div>\n\t\t\t\t\t<\/div>\n\t\t<\/div>\n\t\t\t\t\t<\/div>\n\t\t<\/section>\n\t\t\t\t<section class=\"elementor-section elementor-top-section elementor-element elementor-element-5c8ee90 elementor-section-boxed elementor-section-height-default elementor-section-height-default\" data-id=\"5c8ee90\" data-element_type=\"section\" data-e-type=\"section\">\n\t\t\t\t\t\t<div class=\"elementor-container elementor-column-gap-default\">\n\t\t\t\t\t<div class=\"elementor-column elementor-col-100 elementor-top-column elementor-element elementor-element-990d4e1\" data-id=\"990d4e1\" data-element_type=\"column\" data-e-type=\"column\">\n\t\t\t<div class=\"elementor-widget-wrap elementor-element-populated\">\n\t\t\t\t\t\t<div class=\"elementor-element elementor-element-0d4d570 elementor-widget elementor-widget-spacer\" data-id=\"0d4d570\" data-element_type=\"widget\" data-e-type=\"widget\" data-widget_type=\"spacer.default\">\n\t\t\t\t<div class=\"elementor-widget-container\">\n\t\t\t\t\t\t\t<div class=\"elementor-spacer\">\n\t\t\t<div class=\"elementor-spacer-inner\"><\/div>\n\t\t<\/div>\n\t\t\t\t\t\t<\/div>\n\t\t\t\t<\/div>\n\t\t\t\t\t<\/div>\n\t\t<\/div>\n\t\t\t\t\t<\/div>\n\t\t<\/section>\n\t\t\t\t<\/div>\n\t\t","protected":false},"excerpt":{"rendered":"<p>Declaraci\u00f3n de riesgo y responsabilidad: Declaraci\u00f3n de riesgo y responsabilidad: Trails of Menorca Trails of Menorca\u00bb es una sociedad unipersonal de derecho espa\u00f1ol, con domicilio social en 07711 Binissafuller, Carrer des Ullastres 3, Menorca, Illes Baleares. Declaraci\u00f3n de riesgo y responsabilidad El cliente principal de la reserva declara en su propio nombre y en el [&hellip;]<\/p>\n","protected":false},"author":5,"featured_media":0,"parent":0,"menu_order":0,"comment_status":"closed","ping_status":"closed","template":"elementor_header_footer","meta":{"_joinchat":[],"footnotes":""},"class_list":["post-12936","page","type-page","status-publish","hentry"],"_links":{"self":[{"href":"https:\/\/trailsofmenorca.com\/es\/wp-json\/wp\/v2\/pages\/12936","targetHints":{"allow":["GET"]}}],"collection":[{"href":"https:\/\/trailsofmenorca.com\/es\/wp-json\/wp\/v2\/pages"}],"about":[{"href":"https:\/\/trailsofmenorca.com\/es\/wp-json\/wp\/v2\/types\/page"}],"author":[{"embeddable":true,"href":"https:\/\/trailsofmenorca.com\/es\/wp-json\/wp\/v2\/users\/5"}],"replies":[{"embeddable":true,"href":"https:\/\/trailsofmenorca.com\/es\/wp-json\/wp\/v2\/comments?post=12936"}],"version-history":[{"count":0,"href":"https:\/\/trailsofmenorca.com\/es\/wp-json\/wp\/v2\/pages\/12936\/revisions"}],"wp:attachment":[{"href":"https:\/\/trailsofmenorca.com\/es\/wp-json\/wp\/v2\/media?parent=12936"}],"curies":[{"name":"wp","href":"https:\/\/api.w.org\/{rel}","templated":true}]}}