{"id":12925,"date":"2025-06-12T18:11:52","date_gmt":"2025-06-12T16:11:52","guid":{"rendered":"https:\/\/trailsofmenorca.com\/declaracion-de-confidencialidad\/"},"modified":"2026-02-20T15:19:32","modified_gmt":"2026-02-20T14:19:32","slug":"declaracion-de-confidencialidad","status":"publish","type":"page","link":"https:\/\/trailsofmenorca.com\/es\/declaracion-de-confidencialidad\/","title":{"rendered":"Declaraci\u00f3n de confidencialidad"},"content":{"rendered":"\t\t<div data-elementor-type=\"wp-page\" data-elementor-id=\"12925\" class=\"elementor elementor-12925 elementor-11300\" data-elementor-post-type=\"page\">\n\t\t\t\t\t\t<section class=\"elementor-section elementor-top-section elementor-element elementor-element-260b653a elementor-section-boxed elementor-section-height-default elementor-section-height-default\" data-id=\"260b653a\" data-element_type=\"section\" data-e-type=\"section\" data-settings=\"{&quot;background_background&quot;:&quot;classic&quot;}\">\n\t\t\t\t\t\t\t<div class=\"elementor-background-overlay\"><\/div>\n\t\t\t\t\t\t\t<div class=\"elementor-container elementor-column-gap-default\">\n\t\t\t\t\t<div class=\"elementor-column elementor-col-100 elementor-top-column elementor-element elementor-element-7ef93fdf\" data-id=\"7ef93fdf\" data-element_type=\"column\" data-e-type=\"column\">\n\t\t\t<div class=\"elementor-widget-wrap elementor-element-populated\">\n\t\t\t\t\t\t<div class=\"elementor-element elementor-element-3949696f elementor-widget elementor-widget-heading\" data-id=\"3949696f\" data-element_type=\"widget\" data-e-type=\"widget\" data-widget_type=\"heading.default\">\n\t\t\t\t<div class=\"elementor-widget-container\">\n\t\t\t\t\t<h2 class=\"elementor-heading-title elementor-size-default\">Declaraci\u00f3n de confidencialidad  \n<\/h2>\t\t\t\t<\/div>\n\t\t\t\t<\/div>\n\t\t\t\t<div class=\"elementor-element elementor-element-4ef5bbdc elementor-absolute elementor-widget elementor-widget-heading\" data-id=\"4ef5bbdc\" data-element_type=\"widget\" data-e-type=\"widget\" data-settings=\"{&quot;_position&quot;:&quot;absolute&quot;}\" data-widget_type=\"heading.default\">\n\t\t\t\t<div class=\"elementor-widget-container\">\n\t\t\t\t\t<span class=\"elementor-heading-title elementor-size-default\">Declaraci\u00f3n de confidencialidad  \n<\/span>\t\t\t\t<\/div>\n\t\t\t\t<\/div>\n\t\t\t\t\t<\/div>\n\t\t<\/div>\n\t\t\t\t\t<\/div>\n\t\t<\/section>\n\t\t\t\t<section class=\"elementor-section elementor-top-section elementor-element elementor-element-2b595fe2 elementor-section-boxed elementor-section-height-default elementor-section-height-default\" data-id=\"2b595fe2\" data-element_type=\"section\" data-e-type=\"section\">\n\t\t\t\t\t\t<div class=\"elementor-container elementor-column-gap-default\">\n\t\t\t\t\t<div class=\"elementor-column elementor-col-100 elementor-top-column elementor-element elementor-element-7d42ab1a\" data-id=\"7d42ab1a\" data-element_type=\"column\" data-e-type=\"column\">\n\t\t\t<div class=\"elementor-widget-wrap elementor-element-populated\">\n\t\t\t\t\t\t<div class=\"elementor-element elementor-element-599b7b55 elementor-widget elementor-widget-text-editor\" data-id=\"599b7b55\" data-element_type=\"widget\" data-e-type=\"widget\" data-widget_type=\"text-editor.default\">\n\t\t\t\t<div class=\"elementor-widget-container\">\n\t\t\t\t\t\t\t\t\t<p>Trails of Menorca es responsable del tratamiento de los datos de car\u00e1cter personal conforme a lo establecido en la presente Declaraci\u00f3n de Privacidad. Si considera que sus datos no est\u00e1n debidamente protegidos o existen indicios de uso indebido, p\u00f3ngase en contacto con nosotros en info@trailsofmenorca.com. <\/p><p>Puede compartir sus datos con nosotros de varias formas:<br>&#8211; a trav\u00e9s de nuestro sitio web o sistemas vinculados<br>&#8211; por tel\u00e9fono<br>&#8211; a trav\u00e9s del formulario de contacto o la funci\u00f3n de chat del sitio web<br>&#8211; mediante consentimiento verbal, env\u00edo de folletos, Facebook e Instagram.<\/p>\t\t\t\t\t\t\t\t<\/div>\n\t\t\t\t<\/div>\n\t\t\t\t<div class=\"elementor-element elementor-element-30c211aa elementor-widget elementor-widget-heading\" data-id=\"30c211aa\" data-element_type=\"widget\" data-e-type=\"widget\" data-widget_type=\"heading.default\">\n\t\t\t\t<div class=\"elementor-widget-container\">\n\t\t\t\t\t<h3 class=\"elementor-heading-title elementor-size-default\">Datos personales que tratamos<\/h3>\t\t\t\t<\/div>\n\t\t\t\t<\/div>\n\t\t\t\t<div class=\"elementor-element elementor-element-645b634 elementor-widget elementor-widget-text-editor\" data-id=\"645b634\" data-element_type=\"widget\" data-e-type=\"widget\" data-widget_type=\"text-editor.default\">\n\t\t\t\t<div class=\"elementor-widget-container\">\n\t\t\t\t\t\t\t\t\t<p>Trails of Menorca trata sus datos personales porque usted hace uso de nuestros servicios y\/o porque usted mismo nos los facilita. A continuaci\u00f3n se ofrece un resumen de los datos personales que tratamos:<br>&#8211; Nombre y apellidos<br>&#8211; Direcci\u00f3n<br>&#8211; N\u00famero de tel\u00e9fono<br>&#8211; Direcci\u00f3n de correo electr\u00f3nico<br>&#8211; Datos sobre sus actividades en nuestro sitio web<br>&#8211; Datos sobre su comportamiento de navegaci\u00f3n en diferentes sitios web (por ejemplo, porque esta empresa forma parte de una red publicitaria)<br>&#8211; Navegador de Internet y tipo de dispositivo<br>&#8211; N\u00famero de cuenta bancaria. <\/p>\t\t\t\t\t\t\t\t<\/div>\n\t\t\t\t<\/div>\n\t\t\t\t<div class=\"elementor-element elementor-element-c12179f elementor-widget elementor-widget-heading\" data-id=\"c12179f\" data-element_type=\"widget\" data-e-type=\"widget\" data-widget_type=\"heading.default\">\n\t\t\t\t<div class=\"elementor-widget-container\">\n\t\t\t\t\t<h3 class=\"elementor-heading-title elementor-size-default\">Datos personales sensibles que tratamos<\/h3>\t\t\t\t<\/div>\n\t\t\t\t<\/div>\n\t\t\t\t<div class=\"elementor-element elementor-element-5a85e4c elementor-widget elementor-widget-text-editor\" data-id=\"5a85e4c\" data-element_type=\"widget\" data-e-type=\"widget\" data-widget_type=\"text-editor.default\">\n\t\t\t\t<div class=\"elementor-widget-container\">\n\t\t\t\t\t\t\t\t\t<p>Nuestro sitio web y\/o servicio no est\u00e1 destinado a recoger datos sobre visitantes del sitio web menores de 16 a\u00f1os, a menos que cuenten con el permiso de sus padres o tutores. Sin embargo, no podemos comprobar si un visitante es mayor de 16 a\u00f1os. Por lo tanto, recomendamos a los padres que se impliquen en las actividades en l\u00ednea de sus hijos a trav\u00e9s de<br>para evitar que se recopilen datos sobre menores sin su permiso. Si est\u00e1 seguro de que hemos recopilado datos personales de un menor sin su permiso, p\u00f3ngase en contacto con nosotros en info@trailsofmenorca.com, y eliminaremos esta informaci\u00f3n.   <\/p>\t\t\t\t\t\t\t\t<\/div>\n\t\t\t\t<\/div>\n\t\t\t\t<div class=\"elementor-element elementor-element-3984df7 elementor-widget elementor-widget-heading\" data-id=\"3984df7\" data-element_type=\"widget\" data-e-type=\"widget\" data-widget_type=\"heading.default\">\n\t\t\t\t<div class=\"elementor-widget-container\">\n\t\t\t\t\t<h3 class=\"elementor-heading-title elementor-size-default\">La finalidad para la que tratamos los datos personales y en qu\u00e9 principio nos basamos  <\/h3>\t\t\t\t<\/div>\n\t\t\t\t<\/div>\n\t\t\t\t<div class=\"elementor-element elementor-element-b20151e elementor-widget elementor-widget-text-editor\" data-id=\"b20151e\" data-element_type=\"widget\" data-e-type=\"widget\" data-widget_type=\"text-editor.default\">\n\t\t\t\t<div class=\"elementor-widget-container\">\n\t\t\t\t\t\t\t\t\t<p>Trails of Menorca procesa sus datos personales para los siguientes fines:<br>&#8211; Actividades administrativas: por ejemplo, gestionar su pago<br>&#8211; Poder llamarle o enviarle un correo electr\u00f3nico si es necesario para prestarle nuestro servicio<br>&#8211; Informarle sobre cambios en nuestros servicios y\/o productos<br>&#8211; Trails of Menorca analiza su comportamiento en la web para poder mejorarla y adecuar los productos y\/o servicios ofrecidos a sus preferencias.<br>&#8211; Trails of Menorca rastrea su comportamiento de navegaci\u00f3n en varios sitios web para ayudarnos a adaptar nuestros productos y\/o servicios a sus necesidades.<br>&#8211; Trails of Menorca tambi\u00e9n procesa datos personales si estamos obligados a hacerlo por ley, como la informaci\u00f3n que necesitamos para nuestra declaraci\u00f3n de impuestos.<\/p>\t\t\t\t\t\t\t\t<\/div>\n\t\t\t\t<\/div>\n\t\t\t\t<div class=\"elementor-element elementor-element-cb02447 elementor-widget elementor-widget-heading\" data-id=\"cb02447\" data-element_type=\"widget\" data-e-type=\"widget\" data-widget_type=\"heading.default\">\n\t\t\t\t<div class=\"elementor-widget-container\">\n\t\t\t\t\t<h3 class=\"elementor-heading-title elementor-size-default\">Cu\u00e1nto tiempo conservamos los datos personales  <\/h3>\t\t\t\t<\/div>\n\t\t\t\t<\/div>\n\t\t\t\t<div class=\"elementor-element elementor-element-535edef elementor-widget elementor-widget-text-editor\" data-id=\"535edef\" data-element_type=\"widget\" data-e-type=\"widget\" data-widget_type=\"text-editor.default\">\n\t\t\t\t<div class=\"elementor-widget-container\">\n\t\t\t\t\t\t\t\t\t<p>Trails of Menorca no conservar\u00e1 sus datos personales durante m\u00e1s tiempo del estrictamente necesario para alcanzar los fines para los que se recogieron sus datos. Conservamos sus datos mientras usted sea nuestro cliente. Esto significa que conservamos su perfil de cliente hasta que nos indique a<br>que no desea seguir utilizando nuestros servicios. Si nos informa de ello, lo tomaremos tambi\u00e9n como una solicitud de olvido. En virtud de las obligaciones administrativas aplicables, debemos conservar las facturas que contengan sus datos (personales), por lo que conservaremos estos datos hasta que finalice el per\u00edodo de conservaci\u00f3n aplicable. Sin embargo, los empleados dejar\u00e1n de tener acceso a su perfil de cliente y a los documentos que hayamos elaborado a ra\u00edz de sus instrucciones.     <\/p>\t\t\t\t\t\t\t\t<\/div>\n\t\t\t\t<\/div>\n\t\t\t\t<div class=\"elementor-element elementor-element-e8fd2d8 elementor-widget elementor-widget-heading\" data-id=\"e8fd2d8\" data-element_type=\"widget\" data-e-type=\"widget\" data-widget_type=\"heading.default\">\n\t\t\t\t<div class=\"elementor-widget-container\">\n\t\t\t\t\t<h3 class=\"elementor-heading-title elementor-size-default\">Compartir datos personales con terceros  <\/h3>\t\t\t\t<\/div>\n\t\t\t\t<\/div>\n\t\t\t\t<div class=\"elementor-element elementor-element-633ba26 elementor-widget elementor-widget-text-editor\" data-id=\"633ba26\" data-element_type=\"widget\" data-e-type=\"widget\" data-widget_type=\"text-editor.default\">\n\t\t\t\t<div class=\"elementor-widget-container\">\n\t\t\t\t\t\t\t\t\t<p>Trails of Menorca no vender\u00e1 sus datos a terceros y s\u00f3lo los pondr\u00e1 a su disposici\u00f3n si es necesario para la ejecuci\u00f3n de nuestro contrato con usted o para cumplir una obligaci\u00f3n legal. Celebramos un acuerdo de procesamiento con empresas que procesan sus datos en nuestro nombre con el fin de garantizar el mismo nivel de seguridad y confidencialidad de sus datos.<br>Trails of Menorca sigue siendo responsable de este procesamiento. <\/p>\t\t\t\t\t\t\t\t<\/div>\n\t\t\t\t<\/div>\n\t\t\t\t<div class=\"elementor-element elementor-element-5044204 elementor-widget elementor-widget-heading\" data-id=\"5044204\" data-element_type=\"widget\" data-e-type=\"widget\" data-widget_type=\"heading.default\">\n\t\t\t\t<div class=\"elementor-widget-container\">\n\t\t\t\t\t<h3 class=\"elementor-heading-title elementor-size-default\">Procesadores de pagos  <\/h3>\t\t\t\t<\/div>\n\t\t\t\t<\/div>\n\t\t\t\t<div class=\"elementor-element elementor-element-db148ad elementor-widget elementor-widget-text-editor\" data-id=\"db148ad\" data-element_type=\"widget\" data-e-type=\"widget\" data-widget_type=\"text-editor.default\">\n\t\t\t\t<div class=\"elementor-widget-container\">\n\t\t\t\t\t\t\t\t\t<p>Mollie<br>Utilizamos la plataforma Mollie para procesar (parte de) los pagos a trav\u00e9s de nuestro sitio web. Mollie procesa su nombre, direcci\u00f3n y lugar de residencia y sus datos de pago, como su cuenta bancaria o el n\u00famero de su tarjeta de cr\u00e9dito. Mollie ha adoptado las medidas t\u00e9cnicas y organizativas adecuadas para proteger sus datos personales. Mollie se reserva el derecho de utilizar sus datos para seguir mejorando el servicio y, como parte de ello, compartir datos (anonimizados) con terceros. Todas las salvaguardias enumeradas anteriormente relativas a la protecci\u00f3n de sus datos personales tambi\u00e9n se aplican a aquellas partes de los servicios de Mollie para los que contrata a terceros. Mollie no conservar\u00e1 sus datos durante m\u00e1s tiempo del permitido por los plazos legales.     <\/p>\t\t\t\t\t\t\t\t<\/div>\n\t\t\t\t<\/div>\n\t\t\t\t<div class=\"elementor-element elementor-element-e71ddc7 elementor-widget elementor-widget-heading\" data-id=\"e71ddc7\" data-element_type=\"widget\" data-e-type=\"widget\" data-widget_type=\"heading.default\">\n\t\t\t\t<div class=\"elementor-widget-container\">\n\t\t\t\t\t<h3 class=\"elementor-heading-title elementor-size-default\">Cookies o tecnolog\u00eda comparable que utilizamos  <\/h3>\t\t\t\t<\/div>\n\t\t\t\t<\/div>\n\t\t\t\t<div class=\"elementor-element elementor-element-c767506 elementor-widget elementor-widget-text-editor\" data-id=\"c767506\" data-element_type=\"widget\" data-e-type=\"widget\" data-widget_type=\"text-editor.default\">\n\t\t\t\t<div class=\"elementor-widget-container\">\n\t\t\t\t\t\t\t\t\t<p>Trails of Menorca utiliza cookies funcionales, anal\u00edticas y de seguimiento. Una cookie es un peque\u00f1o archivo de texto que se guarda en el navegador de su ordenador, tableta o smartphone cuando visita este sitio web por primera vez. Trails of Menorca utiliza cookies con una funci\u00f3n puramente t\u00e9cnica. Estas garantizan, por ejemplo, que el sitio web funcione correctamente y que se almacenen sus ajustes de preferencias. Estas cookies tambi\u00e9n se utilizan para que el sitio web funcione bien y para poder optimizarlo. Tambi\u00e9n instalamos cookies que rastrean su comportamiento de navegaci\u00f3n para poder ofrecerle contenidos y anuncios personalizados. Cuando visit\u00f3 nuestro sitio web por primera vez, le informamos sobre estas cookies y le pedimos permiso para instalarlas. Puede rechazar las cookies configurando su navegador de Internet para que deje de almacenarlas. Tambi\u00e9n puede eliminar toda la informaci\u00f3n guardada anteriormente a trav\u00e9s de la configuraci\u00f3n de su navegador.<br>En este sitio web tambi\u00e9n se instalan cookies de terceros, como anunciantes y\/o empresas de Social Media. A continuaci\u00f3n se ofrece una lista de estas cookies:         <\/p>\t\t\t\t\t\t\t\t<\/div>\n\t\t\t\t<\/div>\n\t\t\t\t<div class=\"elementor-element elementor-element-f966bcf elementor-widget elementor-widget-heading\" data-id=\"f966bcf\" data-element_type=\"widget\" data-e-type=\"widget\" data-widget_type=\"heading.default\">\n\t\t\t\t<div class=\"elementor-widget-container\">\n\t\t\t\t\t<h3 class=\"elementor-heading-title elementor-size-default\">[Google Analytics]<\/h3>\t\t\t\t<\/div>\n\t\t\t\t<\/div>\n\t\t\t\t<div class=\"elementor-element elementor-element-ebe04eb elementor-widget elementor-widget-text-editor\" data-id=\"ebe04eb\" data-element_type=\"widget\" data-e-type=\"widget\" data-widget_type=\"text-editor.default\">\n\t\t\t\t<div class=\"elementor-widget-container\">\n\t\t\t\t\t\t\t\t\t<p>En nuestro sitio web se instalan cookies de la empresa estadounidense Google como parte del servicio \u00abAnalytics\u00bb. Utilizamos este servicio para rastrear y obtener informes sobre c\u00f3mo los visitantes utilizan el sitio web. Este procesador puede estar obligado por las leyes y reglamentos aplicables a proporcionar acceso a estos datos. Recopilamos informaci\u00f3n sobre su comportamiento de navegaci\u00f3n y compartimos estos datos con Google. Google puede interpretar esta informaci\u00f3n junto con otros conjuntos de datos y rastrear as\u00ed sus movimientos en Internet. Google utiliza esta informaci\u00f3n para ofrecer anuncios orientados (Adwords) y otros servicios y productos de Google, entre otras cosas.     <\/p>\t\t\t\t\t\t\t\t<\/div>\n\t\t\t\t<\/div>\n\t\t\t\t<div class=\"elementor-element elementor-element-9025cec elementor-widget elementor-widget-heading\" data-id=\"9025cec\" data-element_type=\"widget\" data-e-type=\"widget\" data-widget_type=\"heading.default\">\n\t\t\t\t<div class=\"elementor-widget-container\">\n\t\t\t\t\t<h3 class=\"elementor-heading-title elementor-size-default\">Acceder, modificar o borrar datos  <\/h3>\t\t\t\t<\/div>\n\t\t\t\t<\/div>\n\t\t\t\t<div class=\"elementor-element elementor-element-0b4c64d elementor-widget elementor-widget-text-editor\" data-id=\"0b4c64d\" data-element_type=\"widget\" data-e-type=\"widget\" data-widget_type=\"text-editor.default\">\n\t\t\t\t<div class=\"elementor-widget-container\">\n\t\t\t\t\t\t\t\t\t<p>Usted tiene derecho a acceder, rectificar o suprimir sus datos personales. Tambi\u00e9n tiene derecho a revocar su autorizaci\u00f3n para el tratamiento de datos o a oponerse al tratamiento de sus datos personales por parte de Trails of Menorca, y tiene derecho a la transferencia de datos. Esto significa que puede presentar una solicitud para que le enviemos los datos personales que tenemos sobre usted, o a otra organizaci\u00f3n especificada por usted en un archivo inform\u00e1tico. Puede enviar una solicitud de acceso, rectificaci\u00f3n, supresi\u00f3n o transferencia de sus datos personales o una solicitud de revocaci\u00f3n de su permiso u oposici\u00f3n al tratamiento de sus datos personales a info@trailsofmenorca.com. Para garantizar que la solicitud de acceso ha sido realizada por usted, le rogamos que adjunte a la solicitud una copia de su documento de identidad. Por favor, oculte en esta copia la foto de su pasaporte, la MRZ (zona legible por m\u00e1quina, la franja de n\u00fameros situada en la parte inferior del pasaporte), el n\u00famero de pasaporte y el N\u00famero de Atenci\u00f3n al Ciudadano (BSN). Es para proteger su intimidad.      <\/p>\t\t\t\t\t\t\t\t<\/div>\n\t\t\t\t<\/div>\n\t\t\t\t<div class=\"elementor-element elementor-element-f58c15f elementor-widget elementor-widget-text-editor\" data-id=\"f58c15f\" data-element_type=\"widget\" data-e-type=\"widget\" data-widget_type=\"text-editor.default\">\n\t\t\t\t<div class=\"elementor-widget-container\">\n\t\t\t\t\t\t\t\t\t<p>Responderemos a su solicitud lo antes posible, y con toda seguridad en un plazo de cuatro semanas. Trails of Menorca tambi\u00e9n le informa de que puede presentar una reclamaci\u00f3n ante el regulador nacional, la Agencia Espa\u00f1ola de Protecci\u00f3n de Datos (AEPD). <\/p>\t\t\t\t\t\t\t\t<\/div>\n\t\t\t\t<\/div>\n\t\t\t\t<div class=\"elementor-element elementor-element-35ddf84 elementor-widget elementor-widget-heading\" data-id=\"35ddf84\" data-element_type=\"widget\" data-e-type=\"widget\" data-widget_type=\"heading.default\">\n\t\t\t\t<div class=\"elementor-widget-container\">\n\t\t\t\t\t<h3 class=\"elementor-heading-title elementor-size-default\">C\u00f3mo protegemos los datos personales<\/h3>\t\t\t\t<\/div>\n\t\t\t\t<\/div>\n\t\t\t\t<div class=\"elementor-element elementor-element-359b096 elementor-widget elementor-widget-text-editor\" data-id=\"359b096\" data-element_type=\"widget\" data-e-type=\"widget\" data-widget_type=\"text-editor.default\">\n\t\t\t\t<div class=\"elementor-widget-container\">\n\t\t\t\t\t\t\t\t\t<p>Trails of Menorca se toma muy en serio la protecci\u00f3n de sus datos y adopta las medidas oportunas para evitar el uso indebido, la p\u00e9rdida, el acceso no autorizado, la publicaci\u00f3n no deseada y la modificaci\u00f3n no autorizada. Si considera que sus datos no est\u00e1n debidamente protegidos o existen indicios de uso indebido, p\u00f3ngase en contacto con nosotros en info@trailsofmenorca.com. <\/p>\t\t\t\t\t\t\t\t<\/div>\n\t\t\t\t<\/div>\n\t\t\t\t<div class=\"elementor-element elementor-element-5504dd8 elementor-widget elementor-widget-heading\" data-id=\"5504dd8\" data-element_type=\"widget\" data-e-type=\"widget\" data-widget_type=\"heading.default\">\n\t\t\t\t<div class=\"elementor-widget-container\">\n\t\t\t\t\t<h3 class=\"elementor-heading-title elementor-size-default\">Datos de contacto (Impressum)<\/h3>\t\t\t\t<\/div>\n\t\t\t\t<\/div>\n\t\t\t\t<div class=\"elementor-element elementor-element-62f9174 elementor-widget elementor-widget-text-editor\" data-id=\"62f9174\" data-element_type=\"widget\" data-e-type=\"widget\" data-widget_type=\"text-editor.default\">\n\t\t\t\t<div class=\"elementor-widget-container\">\n\t\t\t\t\t\t\t\t\t<p>Trails of Menorca, Carrer des Ullastres 3, 07711 Binissafuller, Menorca, Illes Baleares<br>E-Mail: Info@trailsofmenorca.com<br>Personas de contacto para cuestiones de privacidad: Vanessa Rainers<\/p>\t\t\t\t\t\t\t\t<\/div>\n\t\t\t\t<\/div>\n\t\t\t\t\t<\/div>\n\t\t<\/div>\n\t\t\t\t\t<\/div>\n\t\t<\/section>\n\t\t\t\t<section class=\"elementor-section elementor-top-section elementor-element elementor-element-2b44f8b elementor-section-boxed elementor-section-height-default elementor-section-height-default\" data-id=\"2b44f8b\" data-element_type=\"section\" data-e-type=\"section\">\n\t\t\t\t\t\t<div class=\"elementor-container elementor-column-gap-default\">\n\t\t\t\t\t<div class=\"elementor-column elementor-col-100 elementor-top-column elementor-element elementor-element-faf973d\" data-id=\"faf973d\" data-element_type=\"column\" data-e-type=\"column\">\n\t\t\t<div class=\"elementor-widget-wrap elementor-element-populated\">\n\t\t\t\t\t\t<div class=\"elementor-element elementor-element-ed369d7 elementor-widget elementor-widget-spacer\" data-id=\"ed369d7\" data-element_type=\"widget\" data-e-type=\"widget\" data-widget_type=\"spacer.default\">\n\t\t\t\t<div class=\"elementor-widget-container\">\n\t\t\t\t\t\t\t<div class=\"elementor-spacer\">\n\t\t\t<div class=\"elementor-spacer-inner\"><\/div>\n\t\t<\/div>\n\t\t\t\t\t\t<\/div>\n\t\t\t\t<\/div>\n\t\t\t\t\t<\/div>\n\t\t<\/div>\n\t\t\t\t\t<\/div>\n\t\t<\/section>\n\t\t\t\t<section class=\"elementor-section elementor-top-section elementor-element elementor-element-5c8ee90 elementor-section-boxed elementor-section-height-default elementor-section-height-default\" data-id=\"5c8ee90\" data-element_type=\"section\" data-e-type=\"section\">\n\t\t\t\t\t\t<div class=\"elementor-container elementor-column-gap-default\">\n\t\t\t\t\t<div class=\"elementor-column elementor-col-100 elementor-top-column elementor-element elementor-element-990d4e1\" data-id=\"990d4e1\" data-element_type=\"column\" data-e-type=\"column\">\n\t\t\t<div class=\"elementor-widget-wrap elementor-element-populated\">\n\t\t\t\t\t\t<div class=\"elementor-element elementor-element-0d4d570 elementor-widget elementor-widget-spacer\" data-id=\"0d4d570\" data-element_type=\"widget\" data-e-type=\"widget\" data-widget_type=\"spacer.default\">\n\t\t\t\t<div class=\"elementor-widget-container\">\n\t\t\t\t\t\t\t<div class=\"elementor-spacer\">\n\t\t\t<div class=\"elementor-spacer-inner\"><\/div>\n\t\t<\/div>\n\t\t\t\t\t\t<\/div>\n\t\t\t\t<\/div>\n\t\t\t\t\t<\/div>\n\t\t<\/div>\n\t\t\t\t\t<\/div>\n\t\t<\/section>\n\t\t\t\t<\/div>\n\t\t","protected":false},"excerpt":{"rendered":"<p>Declaraci\u00f3n de confidencialidad Declaraci\u00f3n de confidencialidad Trails of Menorca es responsable del tratamiento de los datos de car\u00e1cter personal conforme a lo establecido en la presente Declaraci\u00f3n de Privacidad. Si considera que sus datos no est\u00e1n debidamente protegidos o existen indicios de uso indebido, p\u00f3ngase en contacto con nosotros en info@trailsofmenorca.com. Puede compartir sus datos [&hellip;]<\/p>\n","protected":false},"author":5,"featured_media":0,"parent":0,"menu_order":0,"comment_status":"closed","ping_status":"closed","template":"elementor_header_footer","meta":{"_joinchat":[],"footnotes":""},"class_list":["post-12925","page","type-page","status-publish","hentry"],"_links":{"self":[{"href":"https:\/\/trailsofmenorca.com\/es\/wp-json\/wp\/v2\/pages\/12925","targetHints":{"allow":["GET"]}}],"collection":[{"href":"https:\/\/trailsofmenorca.com\/es\/wp-json\/wp\/v2\/pages"}],"about":[{"href":"https:\/\/trailsofmenorca.com\/es\/wp-json\/wp\/v2\/types\/page"}],"author":[{"embeddable":true,"href":"https:\/\/trailsofmenorca.com\/es\/wp-json\/wp\/v2\/users\/5"}],"replies":[{"embeddable":true,"href":"https:\/\/trailsofmenorca.com\/es\/wp-json\/wp\/v2\/comments?post=12925"}],"version-history":[{"count":0,"href":"https:\/\/trailsofmenorca.com\/es\/wp-json\/wp\/v2\/pages\/12925\/revisions"}],"wp:attachment":[{"href":"https:\/\/trailsofmenorca.com\/es\/wp-json\/wp\/v2\/media?parent=12925"}],"curies":[{"name":"wp","href":"https:\/\/api.w.org\/{rel}","templated":true}]}}