{"id":10159,"date":"2025-04-23T18:30:32","date_gmt":"2025-04-23T16:30:32","guid":{"rendered":"https:\/\/trailsofmenorca.com\/prices\/"},"modified":"2026-04-12T13:01:48","modified_gmt":"2026-04-12T11:01:48","slug":"precios","status":"publish","type":"page","link":"https:\/\/trailsofmenorca.com\/es\/precios\/","title":{"rendered":"Precios"},"content":{"rendered":"\t\t<div data-elementor-type=\"wp-page\" data-elementor-id=\"10159\" class=\"elementor elementor-10159 elementor-10118\" data-elementor-post-type=\"page\">\n\t\t\t\t<div class=\"elementor-element elementor-element-65f4e8a e-flex e-con-boxed e-con e-parent\" data-id=\"65f4e8a\" data-element_type=\"container\" data-e-type=\"container\" data-settings=\"{&quot;background_background&quot;:&quot;classic&quot;}\">\n\t\t\t\t\t<div class=\"e-con-inner\">\n\t\t<div class=\"elementor-element elementor-element-a6d6428 e-con-full e-flex e-con e-child\" data-id=\"a6d6428\" data-element_type=\"container\" data-e-type=\"container\">\n\t\t\t\t<div class=\"elementor-element elementor-element-dc118b2 elementor-widget elementor-widget-heading\" data-id=\"dc118b2\" data-element_type=\"widget\" data-e-type=\"widget\" data-widget_type=\"heading.default\">\n\t\t\t\t<div class=\"elementor-widget-container\">\n\t\t\t\t\t<h2 class=\"elementor-heading-title elementor-size-default\">Precios<\/h2>\t\t\t\t<\/div>\n\t\t\t\t<\/div>\n\t\t\t\t<div class=\"elementor-element elementor-element-8306d5f elementor-absolute elementor-widget__width-inherit elementor-widget elementor-widget-heading\" data-id=\"8306d5f\" data-element_type=\"widget\" data-e-type=\"widget\" data-settings=\"{&quot;_position&quot;:&quot;absolute&quot;}\" data-widget_type=\"heading.default\">\n\t\t\t\t<div class=\"elementor-widget-container\">\n\t\t\t\t\t<span class=\"elementor-heading-title elementor-size-default\">Precios<\/span>\t\t\t\t<\/div>\n\t\t\t\t<\/div>\n\t\t\t\t<\/div>\n\t\t\t\t\t<\/div>\n\t\t\t\t<\/div>\n\t\t<div class=\"elementor-element elementor-element-39cb5ed e-flex e-con-boxed e-con e-parent\" data-id=\"39cb5ed\" data-element_type=\"container\" data-e-type=\"container\">\n\t\t\t\t\t<div class=\"e-con-inner\">\n\t\t<div class=\"elementor-element elementor-element-5b3267d e-con-full e-flex e-con e-child\" data-id=\"5b3267d\" data-element_type=\"container\" data-e-type=\"container\" data-settings=\"{&quot;background_background&quot;:&quot;classic&quot;}\">\n\t\t\t\t<div class=\"elementor-element elementor-element-c1902b4 elementor-widget elementor-widget-heading\" data-id=\"c1902b4\" data-element_type=\"widget\" data-e-type=\"widget\" data-widget_type=\"heading.default\">\n\t\t\t\t<div class=\"elementor-widget-container\">\n\t\t\t\t\t<h2 class=\"elementor-heading-title elementor-size-default\">Excursiones privadas<\/h2>\t\t\t\t<\/div>\n\t\t\t\t<\/div>\n\t\t\t\t<div class=\"elementor-element elementor-element-7a1eaaa elementor-widget elementor-widget-heading\" data-id=\"7a1eaaa\" data-element_type=\"widget\" data-e-type=\"widget\" data-widget_type=\"heading.default\">\n\t\t\t\t<div class=\"elementor-widget-container\">\n\t\t\t\t\t<h2 class=\"elementor-heading-title elementor-size-small\">\u00bfCU\u00c1NTO CUESTA UNA EXCURSI\u00d3N PRIVADA?<\/h2>\t\t\t\t<\/div>\n\t\t\t\t<\/div>\n\t\t\t\t<div class=\"elementor-element elementor-element-768e207 elementor-widget elementor-widget-text-editor\" data-id=\"768e207\" data-element_type=\"widget\" data-e-type=\"widget\" data-widget_type=\"text-editor.default\">\n\t\t\t\t<div class=\"elementor-widget-container\">\n\t\t\t\t\t\t\t\t\t<p class=\"p1\"><span data-sheets-root=\"1\">Todas las <b>visitas privadas de medio d\u00eda <\/b>cuestan <b>240,00 EUR IVA incl. <\/b>cada uno<br \/>(para un grupo de 1 a 4 personas; familia o amigos).<\/span><\/p><p>\u00bfSois m\u00e1s de cuatro personas o viajas solo? Ponte en contacto conmigo.<\/p><p><span data-sheets-root=\"1\">La hora de inicio se acordar\u00e1 (normalmente entre las 8 y las 9 de la ma\u00f1ana)<\/span><\/p>\t\t\t\t\t\t\t\t<\/div>\n\t\t\t\t<\/div>\n\t\t\t\t<div class=\"elementor-element elementor-element-a5f788a elementor-widget elementor-widget-text-editor\" data-id=\"a5f788a\" data-element_type=\"widget\" data-e-type=\"widget\" data-widget_type=\"text-editor.default\">\n\t\t\t\t<div class=\"elementor-widget-container\">\n\t\t\t\t\t\t\t\t\t<p><span data-sheets-root=\"1\"><b>Excursi\u00f3n al amanecer (f\u00e1cil) y excursi\u00f3n al atardecer (f\u00e1cil)\u00a0<\/b><\/span>cuestan\u00a0<b>170,00<\/b> <b>EUR (IVA incluido) <\/b> cada uno<\/p><p><span data-sheets-root=\"1\">(para un grupo de 1 a 4 personas; familia\/amigos) <\/span><span data-sheets-root=\"1\">Si sois m\u00e1s personas, por favor, poneros en contacto conmigo.<\/span><\/p><p><span data-sheets-root=\"1\">Las horas de inicio se fijar\u00e1n en funci\u00f3n de la \u00e9poca del a\u00f1o.<\/span><\/p>\t\t\t\t\t\t\t\t<\/div>\n\t\t\t\t<\/div>\n\t\t\t\t<div class=\"elementor-element elementor-element-ec90f88 elementor-widget elementor-widget-text-editor\" data-id=\"ec90f88\" data-element_type=\"widget\" data-e-type=\"widget\" data-widget_type=\"text-editor.default\">\n\t\t\t\t<div class=\"elementor-widget-container\">\n\t\t\t\t\t\t\t\t\t<p class=\"p1\">Echa un vistazo a una selecci\u00f3n de excursiones privadas haciendo clic en<br \/>\u00ab<b>Excursiones privadas<\/b>\u00bb en el men\u00fa.<\/p>\t\t\t\t\t\t\t\t<\/div>\n\t\t\t\t<\/div>\n\t\t\t\t<div class=\"elementor-element elementor-element-cba79f0 elementor-widget elementor-widget-heading\" data-id=\"cba79f0\" data-element_type=\"widget\" data-e-type=\"widget\" data-widget_type=\"heading.default\">\n\t\t\t\t<div class=\"elementor-widget-container\">\n\t\t\t\t\t<h2 class=\"elementor-heading-title elementor-size-small\">\u00bfQU\u00c9 INCLUYE UNA EXCURSI\u00d3N PRIVADA?<\/h2>\t\t\t\t<\/div>\n\t\t\t\t<\/div>\n\t\t\t\t<div class=\"elementor-element elementor-element-532250f elementor-widget elementor-widget-text-editor\" data-id=\"532250f\" data-element_type=\"widget\" data-e-type=\"widget\" data-widget_type=\"text-editor.default\">\n\t\t\t\t<div class=\"elementor-widget-container\">\n\t\t\t\t\t\t\t\t\t<ul><li>Recorrido totalmente privado: s\u00f3lo usted y sus amigos\/familiares (hasta 4 personas)<\/li><li>Transporte en mi Land Rover Defender: recogida y traslado de vuelta a tu alojamiento (o al lugar acordado)<\/li><li>Un gu\u00eda profesional certificado, equipado con material de primeros auxilios, tel\u00e9fono satelital y un desfibrilador (AED), que habla alem\u00e1n e ingl\u00e9s (adem\u00e1s de algo de franc\u00e9s y espa\u00f1ol, y tiene un buen dominio del italiano).<\/li><li>Botellas de agua, fruta fresca<\/li><li>Fotos y v\u00eddeos (que se enviar\u00e1n despu\u00e9s a trav\u00e9s de Dropbox)<\/li><li>Actividades divertidas para ni\u00f1os<\/li><li>Entradas, si son necesarias<\/li><li>Alquiler de material de senderismo, equipo de buceo, mochila y toalla<\/li><li>Una bolsa de higiene y pa\u00f1uelos de papel<\/li><\/ul>\t\t\t\t\t\t\t\t<\/div>\n\t\t\t\t<\/div>\n\t\t\t\t<div class=\"elementor-element elementor-element-5a9082a elementor-widget elementor-widget-heading\" data-id=\"5a9082a\" data-element_type=\"widget\" data-e-type=\"widget\" data-widget_type=\"heading.default\">\n\t\t\t\t<div class=\"elementor-widget-container\">\n\t\t\t\t\t<h2 class=\"elementor-heading-title elementor-size-small\">C\u00d3MO RESERVAR <\/h2>\t\t\t\t<\/div>\n\t\t\t\t<\/div>\n\t\t\t\t<div class=\"elementor-element elementor-element-b86258a elementor-widget elementor-widget-text-editor\" data-id=\"b86258a\" data-element_type=\"widget\" data-e-type=\"widget\" data-widget_type=\"text-editor.default\">\n\t\t\t\t<div class=\"elementor-widget-container\">\n\t\t\t\t\t\t\t\t\t<p>Si deseas reservar una excursi\u00f3n privada, ve a la ruta que te interese y pulsa el bot\u00f3n \u00abMe interesa\u00bb. Tambi\u00e9n puedes ponerte en contacto conmigo a trav\u00e9s del bot\u00f3n de contacto del men\u00fa. Rellena los datos y me pondr\u00e9 en contacto contigo en breve.<\/p><p>Si tiene alguna pregunta, p\u00f3ngase en contacto conmigo en el <a href=\"tel:+34691146453\">+34 691 146 453<\/a> o env\u00edeme un correo electr\u00f3nico a: <b><a href=\"mailto:info@trailsofmenorca.com\">info@trailsofmenorca.com<\/a><\/b><\/p>\t\t\t\t\t\t\t\t<\/div>\n\t\t\t\t<\/div>\n\t\t\t\t<\/div>\n\t\t<div class=\"elementor-element elementor-element-e58b47c e-con-full e-flex e-con e-child\" data-id=\"e58b47c\" data-element_type=\"container\" data-e-type=\"container\" data-settings=\"{&quot;background_background&quot;:&quot;classic&quot;}\">\n\t\t\t\t<div class=\"elementor-element elementor-element-3520820 elementor-widget elementor-widget-heading\" data-id=\"3520820\" data-element_type=\"widget\" data-e-type=\"widget\" data-widget_type=\"heading.default\">\n\t\t\t\t<div class=\"elementor-widget-container\">\n\t\t\t\t\t<h2 class=\"elementor-heading-title elementor-size-default\">Visitas personalizadas\nHechas a tu medida<\/h2>\t\t\t\t<\/div>\n\t\t\t\t<\/div>\n\t\t\t\t<div class=\"elementor-element elementor-element-0e49af7 elementor-widget elementor-widget-heading\" data-id=\"0e49af7\" data-element_type=\"widget\" data-e-type=\"widget\" data-widget_type=\"heading.default\">\n\t\t\t\t<div class=\"elementor-widget-container\">\n\t\t\t\t\t<h2 class=\"elementor-heading-title elementor-size-small\">\u00bfCU\u00c1NTO CUESTA UNA VISITA GUIADA INDIVIDUAL?<\/h2>\t\t\t\t<\/div>\n\t\t\t\t<\/div>\n\t\t\t\t<div class=\"elementor-element elementor-element-b098245 elementor-widget elementor-widget-text-editor\" data-id=\"b098245\" data-element_type=\"widget\" data-e-type=\"widget\" data-widget_type=\"text-editor.default\">\n\t\t\t\t<div class=\"elementor-widget-container\">\n\t\t\t\t\t\t\t\t\t<p>Dependiendo de lo que te apetezca hacer y ver durante tu estancia, te enviar\u00e9 una oferta personalizada gratuita por correo electr\u00f3nico.<\/p>\t\t\t\t\t\t\t\t<\/div>\n\t\t\t\t<\/div>\n\t\t\t\t<div class=\"elementor-element elementor-element-8a7047e elementor-widget elementor-widget-text-editor\" data-id=\"8a7047e\" data-element_type=\"widget\" data-e-type=\"widget\" data-widget_type=\"text-editor.default\">\n\t\t\t\t<div class=\"elementor-widget-container\">\n\t\t\t\t\t\t\t\t\t<p>El traslado desde y hacia tu alojamiento en mi Land Rover Defender est\u00e1 incluido.<\/p>\t\t\t\t\t\t\t\t<\/div>\n\t\t\t\t<\/div>\n\t\t\t\t<div class=\"elementor-element elementor-element-da0ebe0 elementor-widget elementor-widget-text-editor\" data-id=\"da0ebe0\" data-element_type=\"widget\" data-e-type=\"widget\" data-widget_type=\"text-editor.default\">\n\t\t\t\t<div class=\"elementor-widget-container\">\n\t\t\t\t\t\t\t\t\t<p>Las excursiones y visitas guiadas individuales suelen estar disponibles para un m\u00e1ximo de 4 personas. Si sois m\u00e1s personas, por favor, contactad conmigo para ver las opciones disponibles. <\/p>\t\t\t\t\t\t\t\t<\/div>\n\t\t\t\t<\/div>\n\t\t\t\t<div class=\"elementor-element elementor-element-220c2d6 elementor-widget elementor-widget-text-editor\" data-id=\"220c2d6\" data-element_type=\"widget\" data-e-type=\"widget\" data-widget_type=\"text-editor.default\">\n\t\t\t\t<div class=\"elementor-widget-container\">\n\t\t\t\t\t\t\t\t\t<p>De medio d\u00eda o de d\u00eda completo<\/p>\t\t\t\t\t\t\t\t<\/div>\n\t\t\t\t<\/div>\n\t\t\t\t<div class=\"elementor-element elementor-element-254448c elementor-widget elementor-widget-text-editor\" data-id=\"254448c\" data-element_type=\"widget\" data-e-type=\"widget\" data-widget_type=\"text-editor.default\">\n\t\t\t\t<div class=\"elementor-widget-container\">\n\t\t\t\t\t\t\t\t\t<p>No dudes en organizar tu tiempo a tu manera. Si necesitas consejo, estoy aqu\u00ed para ayudarte. A tu ritmo y cuando te venga bien.  <\/p>\t\t\t\t\t\t\t\t<\/div>\n\t\t\t\t<\/div>\n\t\t\t\t<div class=\"elementor-element elementor-element-e00d1ab elementor-widget elementor-widget-heading\" data-id=\"e00d1ab\" data-element_type=\"widget\" data-e-type=\"widget\" data-widget_type=\"heading.default\">\n\t\t\t\t<div class=\"elementor-widget-container\">\n\t\t\t\t\t<h2 class=\"elementor-heading-title elementor-size-small\">\u00bfQU\u00c9 INCLUYE UNA EXCURSI\u00d3N INDIVIDUAL?<\/h2>\t\t\t\t<\/div>\n\t\t\t\t<\/div>\n\t\t\t\t<div class=\"elementor-element elementor-element-7682eb0 elementor-widget elementor-widget-text-editor\" data-id=\"7682eb0\" data-element_type=\"widget\" data-e-type=\"widget\" data-widget_type=\"text-editor.default\">\n\t\t\t\t<div class=\"elementor-widget-container\">\n\t\t\t\t\t\t\t\t\t<p>Podemos hablar de esto en privado.<\/p>\t\t\t\t\t\t\t\t<\/div>\n\t\t\t\t<\/div>\n\t\t\t\t<div class=\"elementor-element elementor-element-3d9f7d5 elementor-widget elementor-widget-heading\" data-id=\"3d9f7d5\" data-element_type=\"widget\" data-e-type=\"widget\" data-widget_type=\"heading.default\">\n\t\t\t\t<div class=\"elementor-widget-container\">\n\t\t\t\t\t<h2 class=\"elementor-heading-title elementor-size-small\">DATOS DE CONTACTO Y C\u00d3MO PONERSE EN CONTACTO CONMIGO<\/h2>\t\t\t\t<\/div>\n\t\t\t\t<\/div>\n\t\t\t\t<div class=\"elementor-element elementor-element-baabab1 elementor-widget elementor-widget-text-editor\" data-id=\"baabab1\" data-element_type=\"widget\" data-e-type=\"widget\" data-widget_type=\"text-editor.default\">\n\t\t\t\t<div class=\"elementor-widget-container\">\n\t\t\t\t\t\t\t\t\t<p>Por favor, env\u00edame un mensaje a trav\u00e9s del formulario de \u00ab<b>contacto<\/b>\u00bb del men\u00fa o ponte en contacto conmigo directamente:<\/p>\n<p>Vanessa Rainers<br><a href=\"mailto:info@trailsofmenorca.com\">info@trailsofmenorca.com<\/a><br><b>Mobile:<\/b> <a href=\"tel:+34691146453\">+34 691 146 453<\/a><\/p>\t\t\t\t\t\t\t\t<\/div>\n\t\t\t\t<\/div>\n\t\t\t\t<\/div>\n\t\t\t\t\t<\/div>\n\t\t\t\t<\/div>\n\t\t\t\t<\/div>\n\t\t","protected":false},"excerpt":{"rendered":"<p>Precios Precios Excursiones privadas \u00bfCU\u00c1NTO CUESTA UNA EXCURSI\u00d3N PRIVADA? Todas las visitas privadas de medio d\u00eda cuestan 240,00 EUR IVA incl. cada uno(para un grupo de 1 a 4 personas; familia o amigos). \u00bfSois m\u00e1s de cuatro personas o viajas solo? Ponte en contacto conmigo. La hora de inicio se acordar\u00e1 (normalmente entre las 8 [&hellip;]<\/p>\n","protected":false},"author":5,"featured_media":0,"parent":0,"menu_order":0,"comment_status":"closed","ping_status":"closed","template":"elementor_header_footer","meta":{"_joinchat":[],"footnotes":""},"class_list":["post-10159","page","type-page","status-publish","hentry"],"_links":{"self":[{"href":"https:\/\/trailsofmenorca.com\/es\/wp-json\/wp\/v2\/pages\/10159","targetHints":{"allow":["GET"]}}],"collection":[{"href":"https:\/\/trailsofmenorca.com\/es\/wp-json\/wp\/v2\/pages"}],"about":[{"href":"https:\/\/trailsofmenorca.com\/es\/wp-json\/wp\/v2\/types\/page"}],"author":[{"embeddable":true,"href":"https:\/\/trailsofmenorca.com\/es\/wp-json\/wp\/v2\/users\/5"}],"replies":[{"embeddable":true,"href":"https:\/\/trailsofmenorca.com\/es\/wp-json\/wp\/v2\/comments?post=10159"}],"version-history":[{"count":22,"href":"https:\/\/trailsofmenorca.com\/es\/wp-json\/wp\/v2\/pages\/10159\/revisions"}],"predecessor-version":[{"id":14186,"href":"https:\/\/trailsofmenorca.com\/es\/wp-json\/wp\/v2\/pages\/10159\/revisions\/14186"}],"wp:attachment":[{"href":"https:\/\/trailsofmenorca.com\/es\/wp-json\/wp\/v2\/media?parent=10159"}],"curies":[{"name":"wp","href":"https:\/\/api.w.org\/{rel}","templated":true}]}}