{"id":7195,"date":"2023-02-20T12:31:46","date_gmt":"2023-02-20T11:31:46","guid":{"rendered":"https:\/\/trailsofmenorca.com\/private-wanderungen\/"},"modified":"2026-03-28T09:28:28","modified_gmt":"2026-03-28T08:28:28","slug":"private-wanderungen","status":"publish","type":"page","link":"https:\/\/trailsofmenorca.com\/de\/private-wanderungen\/","title":{"rendered":"Private Wanderungen"},"content":{"rendered":"\t\t<div data-elementor-type=\"wp-page\" data-elementor-id=\"7195\" class=\"elementor elementor-7195 elementor-153\" data-elementor-post-type=\"page\">\n\t\t\t\t<div class=\"elementor-element elementor-element-44c6832 e-flex e-con-boxed e-con e-parent\" data-id=\"44c6832\" data-element_type=\"container\" data-e-type=\"container\" data-settings=\"{&quot;background_background&quot;:&quot;classic&quot;}\">\n\t\t\t\t\t<div class=\"e-con-inner\">\n\t\t<div class=\"elementor-element elementor-element-f0b1b80 e-con-full e-flex e-con e-child\" data-id=\"f0b1b80\" data-element_type=\"container\" data-e-type=\"container\">\n\t\t\t\t<div class=\"elementor-element elementor-element-8f7a9a3 elementor-widget elementor-widget-heading\" data-id=\"8f7a9a3\" data-element_type=\"widget\" data-e-type=\"widget\" data-widget_type=\"heading.default\">\n\t\t\t\t<div class=\"elementor-widget-container\">\n\t\t\t\t\t<h2 class=\"elementor-heading-title elementor-size-default\">WANDERWEGE AUF MENORCA<\/h2>\t\t\t\t<\/div>\n\t\t\t\t<\/div>\n\t\t\t\t<div class=\"elementor-element elementor-element-d855f54 elementor-absolute elementor-widget__width-inherit elementor-widget elementor-widget-heading\" data-id=\"d855f54\" data-element_type=\"widget\" data-e-type=\"widget\" data-settings=\"{&quot;_position&quot;:&quot;absolute&quot;}\" data-widget_type=\"heading.default\">\n\t\t\t\t<div class=\"elementor-widget-container\">\n\t\t\t\t\t<span class=\"elementor-heading-title elementor-size-default\">PRIVATE WANDERUNGEN<\/span>\t\t\t\t<\/div>\n\t\t\t\t<\/div>\n\t\t\t\t<\/div>\n\t\t\t\t\t<\/div>\n\t\t\t\t<\/div>\n\t\t<div class=\"elementor-element elementor-element-d92b753 e-flex e-con-boxed e-con e-parent\" data-id=\"d92b753\" data-element_type=\"container\" data-e-type=\"container\">\n\t\t\t\t\t<div class=\"e-con-inner\">\n\t\t<div class=\"elementor-element elementor-element-d6a2533 e-con-full e-flex e-con e-child\" data-id=\"d6a2533\" data-element_type=\"container\" data-e-type=\"container\">\n\t\t\t\t<div class=\"elementor-element elementor-element-97aa793 animated-slow elementor-invisible elementor-widget elementor-widget-heading\" data-id=\"97aa793\" data-element_type=\"widget\" data-e-type=\"widget\" data-settings=\"{&quot;_animation&quot;:&quot;fadeInRight&quot;}\" data-widget_type=\"heading.default\">\n\t\t\t\t<div class=\"elementor-widget-container\">\n\t\t\t\t\t<h2 class=\"elementor-heading-title elementor-size-default\">Drei Schwierigkeitsgrade<\/h2>\t\t\t\t<\/div>\n\t\t\t\t<\/div>\n\t\t\t\t<div class=\"elementor-element elementor-element-0ba038c elementor-widget-tablet__width-initial elementor-widget elementor-widget-text-editor\" data-id=\"0ba038c\" data-element_type=\"widget\" data-e-type=\"widget\" data-widget_type=\"text-editor.default\">\n\t\t\t\t<div class=\"elementor-widget-container\">\n\t\t\t\t\t\t\t\t\t<p>Sind Sie bereit, sich auf eine Entdeckungsreise zu begeben und in die unber\u00fchrte Natur Menorcas einzutauchen? Kommen Sie mit mir zu einem unvergesslichen Wandererlebnis!  <span style=\"color: var( --e-global-color-text ); font-family: var( --e-global-typography-text-font-family ), Sans-serif; font-size: var( --e-global-typography-text-font-size ); font-weight: var( --e-global-typography-text-font-weight );\">Menorca, ein Juwel im Herzen des Mittelmeers, bietet atemberaubende Landschaften, kristallklares Wasser und ein reiches kulturelles Erbe, das darauf wartet, erkundet zu werden!<\/span><\/p><p><strong>Trails of Menorca <\/strong>bietet Wanderern atemberaubende K\u00fcstenpfade, ungez\u00e4hmte Natur, historische St\u00e4tten, Flora und Fauna und atemberaubende Aussichten! Meine Wanderwege sind in 3 Schwierigkeitsgrade unterteilt: <strong>Leicht<\/strong>,<strong>mittelschwer<\/strong> und<strong>anspruchsvoll<\/strong>. (Bitte setzen Sie sich mit mir in Verbindung, um eine pers\u00f6nliche Einsch\u00e4tzung zu erhalten). <\/p><h5><strong>WAS KOSTET EIN PRIVATER WANDERWEG UND WAS BEKOMMT MAN DAF\u00dcR?<\/strong><\/h5><p class=\"p1\"><span class=\"s1\">Eine<strong> halbt\u00e4gige private Tour<\/strong> kostet  <b>240,00 EUR inkl. MwSt. <\/b>  (f\u00fcr eine Gruppe von 1-4 Personen; Familie\/Freunde). Falls Sie alleine reisen, kontaktieren Sie mich bitte.<\/span><\/p><p class=\"p1\"><span style=\"text-decoration: underline;\"><strong><span class=\"s1\">Preisausnahmen:  <\/span><\/strong><\/span><\/p><p class=\"p1\"><span class=\"s1\">Die <strong>Sunrise &#8211; Easy Tour<\/strong> &amp; die <strong>Sunset &#8211; Easy Tour<\/strong> kosten  <b>170,00 EUR inkl. MwSt. <\/b>  jede  <\/span><span class=\"s1\">(f\u00fcr eine Gruppe von 1-4 Personen; Familie\/Freunde)<\/span><\/p><p class=\"p1\"><span class=\"s1\"><strong>Bitte pr\u00fcfen Sie bei jeder Tour, was enthalten ist und was Sie mitbringen k\u00f6nnen.  <\/strong><\/span><strong style=\"color: var( --e-global-color-text ); font-family: var( --e-global-typography-text-font-family ), Sans-serif; font-size: var( --e-global-typography-text-font-size );\">Gehen Sie einfach zum Anfang dieser Seite und sehen Sie sich die &#8222;Privaten Wanderungen&#8220; an.<\/strong><\/p><p>Die Startzeit ist abh\u00e4ngig von der Jahreszeit (im Sommer 8:00 Uhr, im Winter auf Wunsch sp\u00e4ter). Ich kann eine Zeit mit Ihnen vereinbaren. <\/p><p class=\"p1\"><span style=\"text-decoration: underline;\"><span class=\"s1\">Dies ist in der Regel in der <strong>Privatwanderung<\/strong> enthalten:<\/span><\/span><\/p><ul class=\"ul1\"><li class=\"li1\"><span class=\"s1\">V\u00f6llig private Tour: nur Sie und Ihre Freunde\/Familie (bis zu 4 Personen)<\/span><\/li><li class=\"li1\"><span class=\"s1\">Abholung und R\u00fcckfahrt zu Ihrer Unterkunft (oder am vereinbarten Ort)<\/span><\/li><li class=\"li1\"><span class=\"s1\">Ein professioneller, zertifizierter F\u00fchrer, der mit Erster Hilfe, Satellitentelefon und AED (Defibrillator) ausgestattet ist und Deutsch und Englisch (sowie etwas Franz\u00f6sisch und Spanisch) spricht.<\/span><\/li><li class=\"li1\"><span class=\"s1\">Flaschen mit Wasser und frisches Obst<\/span><\/li><li class=\"li1\"><span style=\"background-color: transparent;\">Fotos und Videos<\/span><\/li><li class=\"li1\"><span class=\"s1\">Lustige Aktivit\u00e4ten f\u00fcr die Kinder<\/span><\/li><li class=\"li1\"><span class=\"s1\">Eintrittskarten, falls erforderlich<\/span><\/li><li class=\"li1\"><span class=\"s1\">Ausleihen von Wander- und Schnorchelausr\u00fcstung, Rucksack und Handtuch<\/span><\/li><li class=\"li1\"><span class=\"s1\">Ein Hygienebeutel<\/span><\/li><\/ul><p class=\"p1\"><strong> <\/strong><\/p><h2 class=\"p1\"><strong>WIE SIE BUCHEN K\u00d6NNEN<\/strong><\/h2><p class=\"p1\">Wenn Sie eine private Tour buchen m\u00f6chten, w\u00e4hlen Sie bitte die gew\u00fcnschte Tour aus, klicken Sie auf den Button <strong>&#8222;Ich bin interessiert<\/strong>&#8220; und f\u00fcllen Sie das Kontaktformular aus. Ich werde in K\u00fcrze auf Ihre Anfrage antworten. <\/p>\t\t\t\t\t\t\t\t<\/div>\n\t\t\t\t<\/div>\n\t\t\t\t<\/div>\n\t\t<div class=\"elementor-element elementor-element-1762653 e-con-full e-flex e-con e-child\" data-id=\"1762653\" data-element_type=\"container\" data-e-type=\"container\">\n\t\t\t\t<div class=\"elementor-element elementor-element-b7b84e3 elementor-hidden-tablet elementor-hidden-mobile elementor-absolute elementor-widget elementor-widget-image\" data-id=\"b7b84e3\" data-element_type=\"widget\" data-e-type=\"widget\" data-settings=\"{&quot;_position&quot;:&quot;absolute&quot;}\" data-widget_type=\"image.default\">\n\t\t\t\t<div class=\"elementor-widget-container\">\n\t\t\t\t\t\t\t\t\t\t\t\t\t\t\t<img fetchpriority=\"high\" decoding=\"async\" width=\"1919\" height=\"2560\" src=\"https:\/\/trailsofmenorca.com\/wp-content\/uploads\/2024\/12\/Red-Rock_13.jpg\" class=\"elementor-animation-float attachment-full size-full wp-image-5413\" alt=\"\" srcset=\"https:\/\/trailsofmenorca.com\/wp-content\/uploads\/2024\/12\/Red-Rock_13.jpg 1919w, https:\/\/trailsofmenorca.com\/wp-content\/uploads\/2024\/12\/Red-Rock_13-225x300.jpg 225w, https:\/\/trailsofmenorca.com\/wp-content\/uploads\/2024\/12\/Red-Rock_13-768x1025.jpg 768w, https:\/\/trailsofmenorca.com\/wp-content\/uploads\/2024\/12\/Red-Rock_13-1151x1536.jpg 1151w, https:\/\/trailsofmenorca.com\/wp-content\/uploads\/2024\/12\/Red-Rock_13-1535x2048.jpg 1535w\" sizes=\"(max-width: 1919px) 100vw, 1919px\" \/>\t\t\t\t\t\t\t\t\t\t\t\t\t\t\t<\/div>\n\t\t\t\t<\/div>\n\t\t\t\t<\/div>\n\t\t<div class=\"elementor-element elementor-element-8b90e26 e-con-full e-flex e-con e-child\" data-id=\"8b90e26\" data-element_type=\"container\" data-e-type=\"container\">\n\t\t\t\t<div class=\"elementor-element elementor-element-f255126 elementor-widget elementor-widget-image\" data-id=\"f255126\" data-element_type=\"widget\" data-e-type=\"widget\" data-widget_type=\"image.default\">\n\t\t\t\t<div class=\"elementor-widget-container\">\n\t\t\t\t\t\t\t\t\t\t\t\t\t\t\t<img decoding=\"async\" width=\"741\" height=\"1024\" src=\"https:\/\/trailsofmenorca.com\/wp-content\/uploads\/2025\/08\/IMG_2362-1-741x1024.jpg\" class=\"attachment-large size-large wp-image-12213\" alt=\"\" srcset=\"https:\/\/trailsofmenorca.com\/wp-content\/uploads\/2025\/08\/IMG_2362-1-741x1024.jpg 741w, https:\/\/trailsofmenorca.com\/wp-content\/uploads\/2025\/08\/IMG_2362-1-217x300.jpg 217w, https:\/\/trailsofmenorca.com\/wp-content\/uploads\/2025\/08\/IMG_2362-1-768x1061.jpg 768w, https:\/\/trailsofmenorca.com\/wp-content\/uploads\/2025\/08\/IMG_2362-1-1112x1536.jpg 1112w, https:\/\/trailsofmenorca.com\/wp-content\/uploads\/2025\/08\/IMG_2362-1.jpg 1179w\" sizes=\"(max-width: 741px) 100vw, 741px\" \/>\t\t\t\t\t\t\t\t\t\t\t\t\t\t\t<\/div>\n\t\t\t\t<\/div>\n\t\t\t\t<\/div>\n\t\t\t\t\t<\/div>\n\t\t\t\t<\/div>\n\t\t\t\t<\/div>\n\t\t","protected":false},"excerpt":{"rendered":"<p>WANDERWEGE AUF MENORCA PRIVATE WANDERUNGEN Drei Schwierigkeitsgrade Sind Sie bereit, sich auf eine Entdeckungsreise zu begeben und in die unber\u00fchrte Natur Menorcas einzutauchen? Kommen Sie mit mir zu einem unvergesslichen Wandererlebnis! Menorca, ein Juwel im Herzen des Mittelmeers, bietet atemberaubende Landschaften, kristallklares Wasser und ein reiches kulturelles Erbe, das darauf wartet, erkundet zu werden! Trails [&hellip;]<\/p>\n","protected":false},"author":1,"featured_media":0,"parent":0,"menu_order":0,"comment_status":"closed","ping_status":"closed","template":"elementor_header_footer","meta":{"_joinchat":[],"footnotes":""},"class_list":["post-7195","page","type-page","status-publish","hentry"],"_links":{"self":[{"href":"https:\/\/trailsofmenorca.com\/de\/wp-json\/wp\/v2\/pages\/7195","targetHints":{"allow":["GET"]}}],"collection":[{"href":"https:\/\/trailsofmenorca.com\/de\/wp-json\/wp\/v2\/pages"}],"about":[{"href":"https:\/\/trailsofmenorca.com\/de\/wp-json\/wp\/v2\/types\/page"}],"author":[{"embeddable":true,"href":"https:\/\/trailsofmenorca.com\/de\/wp-json\/wp\/v2\/users\/1"}],"replies":[{"embeddable":true,"href":"https:\/\/trailsofmenorca.com\/de\/wp-json\/wp\/v2\/comments?post=7195"}],"version-history":[{"count":0,"href":"https:\/\/trailsofmenorca.com\/de\/wp-json\/wp\/v2\/pages\/7195\/revisions"}],"wp:attachment":[{"href":"https:\/\/trailsofmenorca.com\/de\/wp-json\/wp\/v2\/media?parent=7195"}],"curies":[{"name":"wp","href":"https:\/\/api.w.org\/{rel}","templated":true}]}}