{"id":7089,"date":"2024-01-31T10:52:23","date_gmt":"2024-01-31T09:52:23","guid":{"rendered":"https:\/\/trailsofmenorca.com\/der-cami-de-cavalls\/"},"modified":"2025-07-31T12:40:21","modified_gmt":"2025-07-31T10:40:21","slug":"der-cami-de-cavalls","status":"publish","type":"page","link":"https:\/\/trailsofmenorca.com\/de\/der-cami-de-cavalls\/","title":{"rendered":"Der Cam\u00ed de Cavalls"},"content":{"rendered":"\t\t<div data-elementor-type=\"wp-page\" data-elementor-id=\"7089\" class=\"elementor elementor-7089\" data-elementor-post-type=\"page\">\n\t\t\t\t\t\t<section class=\"elementor-section elementor-top-section elementor-element elementor-element-260b653a elementor-section-boxed elementor-section-height-default elementor-section-height-default\" data-id=\"260b653a\" data-element_type=\"section\" data-e-type=\"section\" data-settings=\"{&quot;background_background&quot;:&quot;classic&quot;}\">\n\t\t\t\t\t\t\t<div class=\"elementor-background-overlay\"><\/div>\n\t\t\t\t\t\t\t<div class=\"elementor-container elementor-column-gap-default\">\n\t\t\t\t\t<div class=\"elementor-column elementor-col-100 elementor-top-column elementor-element elementor-element-7ef93fdf\" data-id=\"7ef93fdf\" data-element_type=\"column\" data-e-type=\"column\">\n\t\t\t<div class=\"elementor-widget-wrap elementor-element-populated\">\n\t\t\t\t\t\t<div class=\"elementor-element elementor-element-3949696f elementor-widget elementor-widget-heading\" data-id=\"3949696f\" data-element_type=\"widget\" data-e-type=\"widget\" data-widget_type=\"heading.default\">\n\t\t\t\t<div class=\"elementor-widget-container\">\n\t\t\t\t\t<h2 class=\"elementor-heading-title elementor-size-default\">185 km reine Sch\u00f6nheit<\/h2>\t\t\t\t<\/div>\n\t\t\t\t<\/div>\n\t\t\t\t<div class=\"elementor-element elementor-element-4ef5bbdc elementor-absolute elementor-widget elementor-widget-heading\" data-id=\"4ef5bbdc\" data-element_type=\"widget\" data-e-type=\"widget\" data-settings=\"{&quot;_position&quot;:&quot;absolute&quot;}\" data-widget_type=\"heading.default\">\n\t\t\t\t<div class=\"elementor-widget-container\">\n\t\t\t\t\t<span class=\"elementor-heading-title elementor-size-default\">Der Cam\u00ed de Cavalls<\/span>\t\t\t\t<\/div>\n\t\t\t\t<\/div>\n\t\t\t\t\t<\/div>\n\t\t<\/div>\n\t\t\t\t\t<\/div>\n\t\t<\/section>\n\t\t\t\t<section class=\"elementor-section elementor-top-section elementor-element elementor-element-6b86274 elementor-reverse-tablet elementor-reverse-mobile elementor-section-boxed elementor-section-height-default elementor-section-height-default\" data-id=\"6b86274\" data-element_type=\"section\" data-e-type=\"section\">\n\t\t\t\t\t\t<div class=\"elementor-container elementor-column-gap-default\">\n\t\t\t\t\t<div class=\"elementor-column elementor-col-50 elementor-top-column elementor-element elementor-element-3d04b3cf\" data-id=\"3d04b3cf\" data-element_type=\"column\" data-e-type=\"column\">\n\t\t\t<div class=\"elementor-widget-wrap elementor-element-populated\">\n\t\t\t\t\t\t<div class=\"elementor-element elementor-element-2ba3edd3 elementor-widget elementor-widget-image\" data-id=\"2ba3edd3\" data-element_type=\"widget\" data-e-type=\"widget\" data-settings=\"{&quot;motion_fx_motion_fx_scrolling&quot;:&quot;yes&quot;,&quot;motion_fx_translateY_effect&quot;:&quot;yes&quot;,&quot;motion_fx_translateY_speed&quot;:{&quot;unit&quot;:&quot;px&quot;,&quot;size&quot;:&quot;2&quot;,&quot;sizes&quot;:[]},&quot;motion_fx_devices&quot;:[&quot;desktop&quot;],&quot;motion_fx_translateY_affectedRange&quot;:{&quot;unit&quot;:&quot;%&quot;,&quot;size&quot;:&quot;&quot;,&quot;sizes&quot;:{&quot;start&quot;:0,&quot;end&quot;:100}}}\" data-widget_type=\"image.default\">\n\t\t\t\t<div class=\"elementor-widget-container\">\n\t\t\t\t\t\t\t\t\t\t\t\t\t\t\t<img fetchpriority=\"high\" decoding=\"async\" width=\"634\" height=\"951\" src=\"https:\/\/trailsofmenorca.com\/wp-content\/uploads\/2024\/09\/TrailsCami1-1.jpg\" class=\"attachment-full size-full wp-image-6352\" alt=\"\" srcset=\"https:\/\/trailsofmenorca.com\/wp-content\/uploads\/2024\/09\/TrailsCami1-1.jpg 634w, https:\/\/trailsofmenorca.com\/wp-content\/uploads\/2024\/09\/TrailsCami1-1-200x300.jpg 200w\" sizes=\"(max-width: 634px) 100vw, 634px\" \/>\t\t\t\t\t\t\t\t\t\t\t\t\t\t\t<\/div>\n\t\t\t\t<\/div>\n\t\t\t\t\t<\/div>\n\t\t<\/div>\n\t\t\t\t<div class=\"elementor-column elementor-col-50 elementor-top-column elementor-element elementor-element-6a31a307\" data-id=\"6a31a307\" data-element_type=\"column\" data-e-type=\"column\">\n\t\t\t<div class=\"elementor-widget-wrap elementor-element-populated\">\n\t\t\t\t\t\t<section class=\"elementor-section elementor-inner-section elementor-element elementor-element-7c2a293a elementor-section-full_width elementor-reverse-tablet elementor-reverse-mobile elementor-section-height-default elementor-section-height-default\" data-id=\"7c2a293a\" data-element_type=\"section\" data-e-type=\"section\">\n\t\t\t\t\t\t<div class=\"elementor-container elementor-column-gap-default\">\n\t\t\t\t\t<div class=\"elementor-column elementor-col-50 elementor-inner-column elementor-element elementor-element-4446d983\" data-id=\"4446d983\" data-element_type=\"column\" data-e-type=\"column\">\n\t\t\t<div class=\"elementor-widget-wrap elementor-element-populated\">\n\t\t\t\t\t\t<div class=\"elementor-element elementor-element-18ee8c46 elementor-widget elementor-widget-image\" data-id=\"18ee8c46\" data-element_type=\"widget\" data-e-type=\"widget\" data-settings=\"{&quot;motion_fx_motion_fx_scrolling&quot;:&quot;yes&quot;,&quot;motion_fx_translateY_effect&quot;:&quot;yes&quot;,&quot;motion_fx_translateY_direction&quot;:&quot;negative&quot;,&quot;motion_fx_translateY_speed&quot;:{&quot;unit&quot;:&quot;px&quot;,&quot;size&quot;:&quot;0.5&quot;,&quot;sizes&quot;:[]},&quot;motion_fx_translateY_affectedRange&quot;:{&quot;unit&quot;:&quot;%&quot;,&quot;size&quot;:&quot;&quot;,&quot;sizes&quot;:{&quot;start&quot;:&quot;0&quot;,&quot;end&quot;:&quot;30&quot;}},&quot;motion_fx_devices&quot;:[&quot;desktop&quot;]}\" data-widget_type=\"image.default\">\n\t\t\t\t<div class=\"elementor-widget-container\">\n\t\t\t\t\t\t\t\t\t\t\t\t\t\t\t<img decoding=\"async\" width=\"768\" height=\"1024\" src=\"https:\/\/trailsofmenorca.com\/wp-content\/uploads\/2024\/09\/TrailsCami2.jpg\" class=\"attachment-full size-full wp-image-6355\" alt=\"\" srcset=\"https:\/\/trailsofmenorca.com\/wp-content\/uploads\/2024\/09\/TrailsCami2.jpg 768w, https:\/\/trailsofmenorca.com\/wp-content\/uploads\/2024\/09\/TrailsCami2-225x300.jpg 225w\" sizes=\"(max-width: 768px) 100vw, 768px\" \/>\t\t\t\t\t\t\t\t\t\t\t\t\t\t\t<\/div>\n\t\t\t\t<\/div>\n\t\t\t\t<div class=\"elementor-element elementor-element-6ce18f8f elementor-widget elementor-widget-image\" data-id=\"6ce18f8f\" data-element_type=\"widget\" data-e-type=\"widget\" data-settings=\"{&quot;motion_fx_motion_fx_scrolling&quot;:&quot;yes&quot;,&quot;motion_fx_translateY_effect&quot;:&quot;yes&quot;,&quot;motion_fx_translateY_speed&quot;:{&quot;unit&quot;:&quot;px&quot;,&quot;size&quot;:&quot;1&quot;,&quot;sizes&quot;:[]},&quot;motion_fx_devices&quot;:[&quot;desktop&quot;],&quot;motion_fx_translateY_affectedRange&quot;:{&quot;unit&quot;:&quot;%&quot;,&quot;size&quot;:&quot;&quot;,&quot;sizes&quot;:{&quot;start&quot;:0,&quot;end&quot;:100}}}\" data-widget_type=\"image.default\">\n\t\t\t\t<div class=\"elementor-widget-container\">\n\t\t\t\t\t\t\t\t\t\t\t\t\t\t\t<img decoding=\"async\" width=\"1367\" height=\"873\" src=\"https:\/\/trailsofmenorca.com\/wp-content\/uploads\/2024\/10\/IMG_5785_horses-Menorca_v2.jpg\" class=\"attachment-1536x1536 size-1536x1536 wp-image-6361\" alt=\"\" srcset=\"https:\/\/trailsofmenorca.com\/wp-content\/uploads\/2024\/10\/IMG_5785_horses-Menorca_v2.jpg 1367w, https:\/\/trailsofmenorca.com\/wp-content\/uploads\/2024\/10\/IMG_5785_horses-Menorca_v2-300x192.jpg 300w, https:\/\/trailsofmenorca.com\/wp-content\/uploads\/2024\/10\/IMG_5785_horses-Menorca_v2-1024x654.jpg 1024w, https:\/\/trailsofmenorca.com\/wp-content\/uploads\/2024\/10\/IMG_5785_horses-Menorca_v2-768x490.jpg 768w\" sizes=\"(max-width: 1367px) 100vw, 1367px\" \/>\t\t\t\t\t\t\t\t\t\t\t\t\t\t\t<\/div>\n\t\t\t\t<\/div>\n\t\t\t\t\t<\/div>\n\t\t<\/div>\n\t\t\t\t<div class=\"elementor-column elementor-col-50 elementor-inner-column elementor-element elementor-element-75097b96\" data-id=\"75097b96\" data-element_type=\"column\" data-e-type=\"column\">\n\t\t\t<div class=\"elementor-widget-wrap elementor-element-populated\">\n\t\t\t\t\t\t<div class=\"elementor-element elementor-element-70ea1105 elementor-widget elementor-widget-heading\" data-id=\"70ea1105\" data-element_type=\"widget\" data-e-type=\"widget\" data-widget_type=\"heading.default\">\n\t\t\t\t<div class=\"elementor-widget-container\">\n\t\t\t\t\t<h2 class=\"elementor-heading-title elementor-size-small\">Vergangenheit und Gegenwart des Cam\u00ed de Cavalls<\/h2>\t\t\t\t<\/div>\n\t\t\t\t<\/div>\n\t\t\t\t<div class=\"elementor-element elementor-element-0e7def2 elementor-widget elementor-widget-text-editor\" data-id=\"0e7def2\" data-element_type=\"widget\" data-e-type=\"widget\" data-widget_type=\"text-editor.default\">\n\t\t\t\t<div class=\"elementor-widget-container\">\n\t\t\t\t\t\t\t\t\t<p class=\"s15\">Seit der katalanischen Eroberung im Jahr 1287 gab es auf Menorca die so genannten &#8222;<strong>Caballeries<\/strong>&#8222;, gro\u00dfe Landg\u00fcter mit feudalem Charakter, deren Besitzer eine Pacht erhielten, die es ihnen erm\u00f6glichte, Ritter zum <strong>Schutz der Insel<\/strong> zu unterhalten.\u00a0<\/p><p class=\"s15\">Die Existenz von privaten Landg\u00fctern auf Menorca hat sich bis heute erhalten, und es gibt immer noch Besitzer mit Adelstiteln. Bereits im 14. Jahrhundert entstand der <span class=\"s7\">Cam\u00ed<\/span> de Cavalls (Pferdepfad), <strong>ein Weg entlang der gesamten K\u00fcste Menorcas<\/strong>, \u00fcber den man die meisten Buchten und Str\u00e4nde erreichen konnte. Aber erst im 17. Jahrhundert wurde er schriftlich als Weg um die Insel Menorca erw\u00e4hnt.<\/p><p class=\"s15\">Dieser Weg diente dem Milit\u00e4r oder der Regierung seit jeher als Patrouillenweg zur <strong>\u00dcberwachung der gesamten K\u00fcste<\/strong>. Im Laufe der Zeit wurden etwa zwanzig Verteidigungst\u00fcrme gebaut, von denen einige heute noch sehr gut erhalten sind, w\u00e4hrend von anderen kaum noch etwas \u00fcbrig ist.\u00a0<\/p><p class=\"s15\">Die Tatsache, dass es auch <strong>sieben Leuchtt\u00fcrme<\/strong> gibt, beweist, wie gef\u00e4hrlich die Insel f\u00fcr die Schifffahrt war. Das liegt an der zerkl\u00fcfteten K\u00fcstenlinie mit ihren Buchten, Klippen und Steilk\u00fcsten.<\/p><p>Der <span class=\"s7\">Cam\u00ed<\/span> de Cavalls wurde nicht nur zu milit\u00e4rischen Zwecken genutzt, sondern auch von den Inselbewohnern, die <strong>stets freien Durchgang hatten. Das Wegerecht ist bis heute erhalten geblieben<\/strong>. Da er zu Beginn des 20. Jahrhunderts kaum genutzt wurde, verfiel er nach und nach. In den 1980er Jahren begannen die Menorquiner, den Wert ihres nat\u00fcrlichen und kulturellen Erbes zu erkennen. Es wurde ein Gesetz erlassen, um <strong>diesen Weg f\u00fcr alle zug\u00e4nglich zu machen<\/strong>.\u00a0<\/p><p>Im Jahr 2009 schloss das technische Team der Inselverwaltung von Menorca die erste Umsetzungsphase ab, um den <span class=\"s7\">Cam\u00ed<\/span> de Cavalls zum &#8222;<strong>Fernwanderweg 223<\/strong>&#8220; zu machen. Auch heute noch ist der Inselrat f\u00fcr die Instandhaltung und Verwaltung der Streckenabschnitte zust\u00e4ndig.<\/p>\t\t\t\t\t\t\t\t<\/div>\n\t\t\t\t<\/div>\n\t\t\t\t<div class=\"elementor-element elementor-element-4d84eec elementor-align-left elementor-mobile-align-left elementor-widget__width-inherit elementor-widget elementor-widget-button\" data-id=\"4d84eec\" data-element_type=\"widget\" data-e-type=\"widget\" data-widget_type=\"button.default\">\n\t\t\t\t<div class=\"elementor-widget-container\">\n\t\t\t\t\t\t\t\t\t<div class=\"elementor-button-wrapper\">\n\t\t\t\t\t<a class=\"elementor-button elementor-button-link elementor-size-sm\" href=\"https:\/\/trailsofmenorca.com\/de\/mehr-informationen-cami-de-cavalls\/\">\n\t\t\t\t\t\t<span class=\"elementor-button-content-wrapper\">\n\t\t\t\t\t\t\t\t\t<span class=\"elementor-button-text\">MEHR INFO und wie man buchen kann<\/span>\n\t\t\t\t\t<\/span>\n\t\t\t\t\t<\/a>\n\t\t\t\t<\/div>\n\t\t\t\t\t\t\t\t<\/div>\n\t\t\t\t<\/div>\n\t\t\t\t\t<\/div>\n\t\t<\/div>\n\t\t\t\t\t<\/div>\n\t\t<\/section>\n\t\t\t\t\t<\/div>\n\t\t<\/div>\n\t\t\t\t\t<\/div>\n\t\t<\/section>\n\t\t\t\t<section class=\"elementor-section elementor-top-section elementor-element elementor-element-5c8ee90 elementor-section-boxed elementor-section-height-default elementor-section-height-default\" data-id=\"5c8ee90\" data-element_type=\"section\" data-e-type=\"section\">\n\t\t\t\t\t\t<div class=\"elementor-container elementor-column-gap-default\">\n\t\t\t\t\t<div class=\"elementor-column elementor-col-100 elementor-top-column elementor-element elementor-element-990d4e1\" data-id=\"990d4e1\" data-element_type=\"column\" data-e-type=\"column\">\n\t\t\t<div class=\"elementor-widget-wrap elementor-element-populated\">\n\t\t\t\t\t\t<div class=\"elementor-element elementor-element-0d4d570 elementor-widget elementor-widget-spacer\" data-id=\"0d4d570\" data-element_type=\"widget\" data-e-type=\"widget\" data-widget_type=\"spacer.default\">\n\t\t\t\t<div class=\"elementor-widget-container\">\n\t\t\t\t\t\t\t<div class=\"elementor-spacer\">\n\t\t\t<div class=\"elementor-spacer-inner\"><\/div>\n\t\t<\/div>\n\t\t\t\t\t\t<\/div>\n\t\t\t\t<\/div>\n\t\t\t\t\t<\/div>\n\t\t<\/div>\n\t\t\t\t\t<\/div>\n\t\t<\/section>\n\t\t\t\t<\/div>\n\t\t","protected":false},"excerpt":{"rendered":"<p>185 km reine Sch\u00f6nheit Der Cam\u00ed de Cavalls Vergangenheit und Gegenwart des Cam\u00ed de Cavalls Seit der katalanischen Eroberung im Jahr 1287 gab es auf Menorca die so genannten &#8222;Caballeries&#8222;, gro\u00dfe Landg\u00fcter mit feudalem Charakter, deren Besitzer eine Pacht erhielten, die es ihnen erm\u00f6glichte, Ritter zum Schutz der Insel zu unterhalten.\u00a0 Die Existenz von privaten [&hellip;]<\/p>\n","protected":false},"author":1,"featured_media":0,"parent":0,"menu_order":0,"comment_status":"closed","ping_status":"closed","template":"elementor_header_footer","meta":{"_joinchat":[],"footnotes":""},"class_list":["post-7089","page","type-page","status-publish","hentry"],"_links":{"self":[{"href":"https:\/\/trailsofmenorca.com\/de\/wp-json\/wp\/v2\/pages\/7089","targetHints":{"allow":["GET"]}}],"collection":[{"href":"https:\/\/trailsofmenorca.com\/de\/wp-json\/wp\/v2\/pages"}],"about":[{"href":"https:\/\/trailsofmenorca.com\/de\/wp-json\/wp\/v2\/types\/page"}],"author":[{"embeddable":true,"href":"https:\/\/trailsofmenorca.com\/de\/wp-json\/wp\/v2\/users\/1"}],"replies":[{"embeddable":true,"href":"https:\/\/trailsofmenorca.com\/de\/wp-json\/wp\/v2\/comments?post=7089"}],"version-history":[{"count":0,"href":"https:\/\/trailsofmenorca.com\/de\/wp-json\/wp\/v2\/pages\/7089\/revisions"}],"wp:attachment":[{"href":"https:\/\/trailsofmenorca.com\/de\/wp-json\/wp\/v2\/media?parent=7089"}],"curies":[{"name":"wp","href":"https:\/\/api.w.org\/{rel}","templated":true}]}}