{"id":7062,"date":"2023-09-07T14:25:11","date_gmt":"2023-09-07T12:25:11","guid":{"rendered":"https:\/\/trailsofmenorca.com\/unsere-betreuung\/"},"modified":"2025-07-31T13:00:35","modified_gmt":"2025-07-31T11:00:35","slug":"unsere-betreuung","status":"publish","type":"page","link":"https:\/\/trailsofmenorca.com\/de\/unsere-betreuung\/","title":{"rendered":"Unsere Betreuung"},"content":{"rendered":"\t\t<div data-elementor-type=\"wp-page\" data-elementor-id=\"7062\" class=\"elementor elementor-7062\" data-elementor-post-type=\"page\">\n\t\t\t\t\t\t<section class=\"elementor-section elementor-top-section elementor-element elementor-element-5d84132 elementor-section-boxed elementor-section-height-default elementor-section-height-default\" data-id=\"5d84132\" data-element_type=\"section\" data-e-type=\"section\" data-settings=\"{&quot;background_background&quot;:&quot;classic&quot;}\">\n\t\t\t\t\t\t\t<div class=\"elementor-background-overlay\"><\/div>\n\t\t\t\t\t\t\t<div class=\"elementor-container elementor-column-gap-default\">\n\t\t\t\t\t<div class=\"elementor-column elementor-col-100 elementor-top-column elementor-element elementor-element-cd0e797\" data-id=\"cd0e797\" data-element_type=\"column\" data-e-type=\"column\">\n\t\t\t<div class=\"elementor-widget-wrap elementor-element-populated\">\n\t\t\t\t\t\t<div class=\"elementor-element elementor-element-b40dd04 elementor-widget elementor-widget-heading\" data-id=\"b40dd04\" data-element_type=\"widget\" data-e-type=\"widget\" data-widget_type=\"heading.default\">\n\t\t\t\t<div class=\"elementor-widget-container\">\n\t\t\t\t\t<h2 class=\"elementor-heading-title elementor-size-default\">Trebaluger Equine Rescue<\/h2>\t\t\t\t<\/div>\n\t\t\t\t<\/div>\n\t\t\t\t<div class=\"elementor-element elementor-element-67b18ef elementor-widget elementor-widget-image\" data-id=\"67b18ef\" data-element_type=\"widget\" data-e-type=\"widget\" data-widget_type=\"image.default\">\n\t\t\t\t<div class=\"elementor-widget-container\">\n\t\t\t\t\t\t\t\t\t\t\t\t\t\t\t<img fetchpriority=\"high\" decoding=\"async\" width=\"800\" height=\"184\" src=\"https:\/\/trailsofmenorca.com\/wp-content\/uploads\/2023\/02\/Paard-1024x236.png\" class=\"attachment-large size-large wp-image-5902\" alt=\"\" srcset=\"https:\/\/trailsofmenorca.com\/wp-content\/uploads\/2023\/02\/Paard-1024x236.png 1024w, https:\/\/trailsofmenorca.com\/wp-content\/uploads\/2023\/02\/Paard-300x69.png 300w, https:\/\/trailsofmenorca.com\/wp-content\/uploads\/2023\/02\/Paard-768x177.png 768w, https:\/\/trailsofmenorca.com\/wp-content\/uploads\/2023\/02\/Paard-1536x354.png 1536w, https:\/\/trailsofmenorca.com\/wp-content\/uploads\/2023\/02\/Paard-2048x472.png 2048w\" sizes=\"(max-width: 800px) 100vw, 800px\" \/>\t\t\t\t\t\t\t\t\t\t\t\t\t\t\t<\/div>\n\t\t\t\t<\/div>\n\t\t\t\t<div class=\"elementor-element elementor-element-53875d3 elementor-absolute elementor-widget elementor-widget-heading\" data-id=\"53875d3\" data-element_type=\"widget\" data-e-type=\"widget\" data-settings=\"{&quot;_position&quot;:&quot;absolute&quot;}\" data-widget_type=\"heading.default\">\n\t\t\t\t<div class=\"elementor-widget-container\">\n\t\t\t\t\t<span class=\"elementor-heading-title elementor-size-default\">unser Engagement<\/span>\t\t\t\t<\/div>\n\t\t\t\t<\/div>\n\t\t\t\t\t<\/div>\n\t\t<\/div>\n\t\t\t\t\t<\/div>\n\t\t<\/section>\n\t\t\t\t<section class=\"elementor-section elementor-top-section elementor-element elementor-element-8b47301 elementor-section-boxed elementor-section-height-default elementor-section-height-default\" data-id=\"8b47301\" data-element_type=\"section\" data-e-type=\"section\">\n\t\t\t\t\t\t<div class=\"elementor-container elementor-column-gap-default\">\n\t\t\t\t\t<div class=\"elementor-column elementor-col-50 elementor-top-column elementor-element elementor-element-036a7f5\" data-id=\"036a7f5\" data-element_type=\"column\" data-e-type=\"column\">\n\t\t\t<div class=\"elementor-widget-wrap elementor-element-populated\">\n\t\t\t\t\t\t<div class=\"elementor-element elementor-element-469b2b9 elementor-widget elementor-widget-heading\" data-id=\"469b2b9\" data-element_type=\"widget\" data-e-type=\"widget\" data-widget_type=\"heading.default\">\n\t\t\t\t<div class=\"elementor-widget-container\">\n\t\t\t\t\t<h2 class=\"elementor-heading-title elementor-size-default\">WIR MACHEN EINEN UNTERSCHIED<\/h2>\t\t\t\t<\/div>\n\t\t\t\t<\/div>\n\t\t\t\t\t<\/div>\n\t\t<\/div>\n\t\t\t\t<div class=\"elementor-column elementor-col-50 elementor-top-column elementor-element elementor-element-f6a49f6\" data-id=\"f6a49f6\" data-element_type=\"column\" data-e-type=\"column\">\n\t\t\t<div class=\"elementor-widget-wrap elementor-element-populated\">\n\t\t\t\t\t\t<div class=\"elementor-element elementor-element-db7b80d elementor-widget elementor-widget-text-editor\" data-id=\"db7b80d\" data-element_type=\"widget\" data-e-type=\"widget\" data-widget_type=\"text-editor.default\">\n\t\t\t\t<div class=\"elementor-widget-container\">\n\t\t\t\t\t\t\t\t\t<p class=\"p1\">Ich glaube an die Kraft des Abenteuers und daran, der Gemeinschaft etwas zur\u00fcckzugeben. Ich freue mich sehr, die Partnerschaft mit <strong>Trebaluger Equine Rescue<\/strong> bekannt zu geben, einer Organisation, die sich f\u00fcr das Wohlergehen von Pferden und anderen Tieren in Not einsetzt.<\/p>\t\t\t\t\t\t\t\t<\/div>\n\t\t\t\t<\/div>\n\t\t\t\t\t<\/div>\n\t\t<\/div>\n\t\t\t\t\t<\/div>\n\t\t<\/section>\n\t\t\t\t<section class=\"elementor-section elementor-top-section elementor-element elementor-element-d93fa9d elementor-reverse-tablet elementor-reverse-mobile elementor-section-boxed elementor-section-height-default elementor-section-height-default\" data-id=\"d93fa9d\" data-element_type=\"section\" data-e-type=\"section\">\n\t\t\t\t\t\t<div class=\"elementor-container elementor-column-gap-default\">\n\t\t\t\t\t<div class=\"elementor-column elementor-col-33 elementor-top-column elementor-element elementor-element-e91f92e\" data-id=\"e91f92e\" data-element_type=\"column\" data-e-type=\"column\">\n\t\t\t<div class=\"elementor-widget-wrap elementor-element-populated\">\n\t\t\t\t\t\t<div class=\"elementor-element elementor-element-f517c98 elementor-widget elementor-widget-image\" data-id=\"f517c98\" data-element_type=\"widget\" data-e-type=\"widget\" data-widget_type=\"image.default\">\n\t\t\t\t<div class=\"elementor-widget-container\">\n\t\t\t\t\t\t\t\t\t\t\t\t\t\t\t<img decoding=\"async\" width=\"1250\" height=\"742\" src=\"https:\/\/trailsofmenorca.com\/wp-content\/uploads\/2023\/09\/horse1.jpg\" class=\"elementor-animation-float attachment-full size-full wp-image-6325\" alt=\"\" srcset=\"https:\/\/trailsofmenorca.com\/wp-content\/uploads\/2023\/09\/horse1.jpg 1250w, https:\/\/trailsofmenorca.com\/wp-content\/uploads\/2023\/09\/horse1-300x178.jpg 300w, https:\/\/trailsofmenorca.com\/wp-content\/uploads\/2023\/09\/horse1-1024x608.jpg 1024w, https:\/\/trailsofmenorca.com\/wp-content\/uploads\/2023\/09\/horse1-768x456.jpg 768w\" sizes=\"(max-width: 1250px) 100vw, 1250px\" \/>\t\t\t\t\t\t\t\t\t\t\t\t\t\t\t<\/div>\n\t\t\t\t<\/div>\n\t\t\t\t<div class=\"elementor-element elementor-element-b9e4794 elementor-widget elementor-widget-image\" data-id=\"b9e4794\" data-element_type=\"widget\" data-e-type=\"widget\" data-widget_type=\"image.default\">\n\t\t\t\t<div class=\"elementor-widget-container\">\n\t\t\t\t\t\t\t\t\t\t\t\t\t\t\t<img decoding=\"async\" width=\"458\" height=\"263\" src=\"https:\/\/trailsofmenorca.com\/wp-content\/uploads\/2023\/09\/86b51c0fd169584b1b23adb184c24291.jpeg\" class=\"elementor-animation-float attachment-full size-full wp-image-6328\" alt=\"\" srcset=\"https:\/\/trailsofmenorca.com\/wp-content\/uploads\/2023\/09\/86b51c0fd169584b1b23adb184c24291.jpeg 458w, https:\/\/trailsofmenorca.com\/wp-content\/uploads\/2023\/09\/86b51c0fd169584b1b23adb184c24291-300x172.jpeg 300w\" sizes=\"(max-width: 458px) 100vw, 458px\" \/>\t\t\t\t\t\t\t\t\t\t\t\t\t\t\t<\/div>\n\t\t\t\t<\/div>\n\t\t\t\t\t<\/div>\n\t\t<\/div>\n\t\t\t\t<div class=\"elementor-column elementor-col-33 elementor-top-column elementor-element elementor-element-12713ab\" data-id=\"12713ab\" data-element_type=\"column\" data-e-type=\"column\">\n\t\t\t<div class=\"elementor-widget-wrap elementor-element-populated\">\n\t\t\t\t\t\t<div class=\"elementor-element elementor-element-1532ec4 elementor-widget elementor-widget-image\" data-id=\"1532ec4\" data-element_type=\"widget\" data-e-type=\"widget\" data-widget_type=\"image.default\">\n\t\t\t\t<div class=\"elementor-widget-container\">\n\t\t\t\t\t\t\t\t\t\t\t\t\t\t\t<img loading=\"lazy\" decoding=\"async\" width=\"732\" height=\"1024\" src=\"https:\/\/trailsofmenorca.com\/wp-content\/uploads\/2023\/09\/IMG_5699.webp\" class=\"elementor-animation-float attachment-2048x2048 size-2048x2048 wp-image-6334\" alt=\"\" srcset=\"https:\/\/trailsofmenorca.com\/wp-content\/uploads\/2023\/09\/IMG_5699.webp 732w, https:\/\/trailsofmenorca.com\/wp-content\/uploads\/2023\/09\/IMG_5699-214x300.webp 214w\" sizes=\"(max-width: 732px) 100vw, 732px\" \/>\t\t\t\t\t\t\t\t\t\t\t\t\t\t\t<\/div>\n\t\t\t\t<\/div>\n\t\t\t\t<div class=\"elementor-element elementor-element-d2c9d7f elementor-widget elementor-widget-image\" data-id=\"d2c9d7f\" data-element_type=\"widget\" data-e-type=\"widget\" data-widget_type=\"image.default\">\n\t\t\t\t<div class=\"elementor-widget-container\">\n\t\t\t\t\t\t\t\t\t\t\t\t\t\t\t<img loading=\"lazy\" decoding=\"async\" width=\"1600\" height=\"1200\" src=\"https:\/\/trailsofmenorca.com\/wp-content\/uploads\/2023\/09\/160580780_858334618232149_4185372825049665355_n.jpeg\" class=\"elementor-animation-float attachment-full size-full wp-image-6331\" alt=\"\" srcset=\"https:\/\/trailsofmenorca.com\/wp-content\/uploads\/2023\/09\/160580780_858334618232149_4185372825049665355_n.jpeg 1600w, https:\/\/trailsofmenorca.com\/wp-content\/uploads\/2023\/09\/160580780_858334618232149_4185372825049665355_n-300x225.jpeg 300w, https:\/\/trailsofmenorca.com\/wp-content\/uploads\/2023\/09\/160580780_858334618232149_4185372825049665355_n-1024x768.jpeg 1024w, https:\/\/trailsofmenorca.com\/wp-content\/uploads\/2023\/09\/160580780_858334618232149_4185372825049665355_n-768x576.jpeg 768w, https:\/\/trailsofmenorca.com\/wp-content\/uploads\/2023\/09\/160580780_858334618232149_4185372825049665355_n-1536x1152.jpeg 1536w\" sizes=\"(max-width: 1600px) 100vw, 1600px\" \/>\t\t\t\t\t\t\t\t\t\t\t\t\t\t\t<\/div>\n\t\t\t\t<\/div>\n\t\t\t\t\t<\/div>\n\t\t<\/div>\n\t\t\t\t<div class=\"elementor-column elementor-col-33 elementor-top-column elementor-element elementor-element-0b39119\" data-id=\"0b39119\" data-element_type=\"column\" data-e-type=\"column\">\n\t\t\t<div class=\"elementor-widget-wrap elementor-element-populated\">\n\t\t\t\t\t\t<div class=\"elementor-element elementor-element-008245b elementor-widget elementor-widget-heading\" data-id=\"008245b\" data-element_type=\"widget\" data-e-type=\"widget\" data-widget_type=\"heading.default\">\n\t\t\t\t<div class=\"elementor-widget-container\">\n\t\t\t\t\t<h2 class=\"elementor-heading-title elementor-size-default\">Warum Trebaluger Equine Rescue?<\/h2>\t\t\t\t<\/div>\n\t\t\t\t<\/div>\n\t\t\t\t<div class=\"elementor-element elementor-element-12fbc23 elementor-widget elementor-widget-text-editor\" data-id=\"12fbc23\" data-element_type=\"widget\" data-e-type=\"widget\" data-widget_type=\"text-editor.default\">\n\t\t\t\t<div class=\"elementor-widget-container\">\n\t\t\t\t\t\t\t\t\t<p>Trebaluger Equine Rescue ist mehr als nur ein Tierheim; es ist ein Symbol des Mitgef\u00fchls und des Engagements f\u00fcr die Rettung, Rehabilitation und Pflege von Pferden und anderen Tieren, die vernachl\u00e4ssigt, misshandelt oder im Stich gelassen wurden. Ihre Arbeit ver\u00e4ndert das Leben dieser bemerkenswerten Tiere und vielen anderen kleinen und gro\u00dfen Mitbewohnern.<\/p>\t\t\t\t\t\t\t\t<\/div>\n\t\t\t\t<\/div>\n\t\t\t\t<div class=\"elementor-element elementor-element-6209c0a elementor-widget elementor-widget-heading\" data-id=\"6209c0a\" data-element_type=\"widget\" data-e-type=\"widget\" data-widget_type=\"heading.default\">\n\t\t\t\t<div class=\"elementor-widget-container\">\n\t\t\t\t\t<h2 class=\"elementor-heading-title elementor-size-default\">Wie unser Sponsoring funktioniert:<\/h2>\t\t\t\t<\/div>\n\t\t\t\t<\/div>\n\t\t\t\t<div class=\"elementor-element elementor-element-6326c5b elementor-widget elementor-widget-text-editor\" data-id=\"6326c5b\" data-element_type=\"widget\" data-e-type=\"widget\" data-widget_type=\"text-editor.default\">\n\t\t\t\t<div class=\"elementor-widget-container\">\n\t\t\t\t\t\t\t\t\t<p>Trails of Menorca spendet an die Trebaluger Equine Rescue. Das kostet Sie nichts, hat aber einen gro\u00dfen Einfluss auf das Wohlergehen dieser wunderbaren Gesch\u00f6pfe. Ihre Schritte machen einen Unterschied!<\/p>\t\t\t\t\t\t\t\t<\/div>\n\t\t\t\t<\/div>\n\t\t\t\t<div class=\"elementor-element elementor-element-697635e elementor-widget elementor-widget-heading\" data-id=\"697635e\" data-element_type=\"widget\" data-e-type=\"widget\" data-widget_type=\"heading.default\">\n\t\t\t\t<div class=\"elementor-widget-container\">\n\t\t\t\t\t<h2 class=\"elementor-heading-title elementor-size-default\">Ihre Schritte machen einen Unterschied:<\/h2>\t\t\t\t<\/div>\n\t\t\t\t<\/div>\n\t\t\t\t<div class=\"elementor-element elementor-element-150b558 elementor-widget elementor-widget-text-editor\" data-id=\"150b558\" data-element_type=\"widget\" data-e-type=\"widget\" data-widget_type=\"text-editor.default\">\n\t\t\t\t<div class=\"elementor-widget-container\">\n\t\t\t\t\t\t\t\t\t<p>Jede Wanderung, die Sie mit Trails of Menorca unternehmen, tr\u00e4gt dazu bei:<\/p><ol><li><div class=\"s5\"><strong><span class=\"s7\">Rettung und Genesung:<\/span><\/strong> Unsere Unterst\u00fctzung hilft bei der Rettung und Rehabilitation von Pferden und anderen Tieren, die in Not geraten sind, und stellt sicher, dass sie die Pflege und Aufmerksamkeit erhalten, die sie verdienen.<\/div><\/li><li><div class=\"s5\"><strong><span class=\"s7\">Ern\u00e4hrung und Gesundheit:<\/span><\/strong> Unsere Beitr\u00e4ge tragen dazu bei, dass die Pferde und anderen Tiere mit nahrhaftem Futter und mit der notwendigen Medizin versorgt werden k\u00f6nnen.\u00a0<\/div><\/li><li><div class=\"s5\"><strong><span class=\"s7\">Gemeinschaftliche Bildung:<\/span><\/strong> Durch die Unterst\u00fctzung der Trebaluger Equine Rescue unterst\u00fctzen wir auch deren Bildungsprogramme, die das Bewusstsein f\u00fcr das Wohlergehen von Pferden und Tieren allgemein sch\u00e4rfen und zu einer verantwortungsvollen Tierhaltung ermutigen.<\/div><\/li><\/ol>\t\t\t\t\t\t\t\t<\/div>\n\t\t\t\t<\/div>\n\t\t\t\t\t<\/div>\n\t\t<\/div>\n\t\t\t\t\t<\/div>\n\t\t<\/section>\n\t\t\t\t<section class=\"elementor-section elementor-top-section elementor-element elementor-element-50b6757 elementor-section-boxed elementor-section-height-default elementor-section-height-default\" data-id=\"50b6757\" data-element_type=\"section\" data-e-type=\"section\">\n\t\t\t\t\t\t<div class=\"elementor-container elementor-column-gap-default\">\n\t\t\t\t\t<div class=\"elementor-column elementor-col-100 elementor-top-column elementor-element elementor-element-8c021d7\" data-id=\"8c021d7\" data-element_type=\"column\" data-e-type=\"column\">\n\t\t\t<div class=\"elementor-widget-wrap elementor-element-populated\">\n\t\t\t\t\t\t<div class=\"elementor-element elementor-element-c144964 elementor-widget elementor-widget-spacer\" data-id=\"c144964\" data-element_type=\"widget\" data-e-type=\"widget\" data-widget_type=\"spacer.default\">\n\t\t\t\t<div class=\"elementor-widget-container\">\n\t\t\t\t\t\t\t<div class=\"elementor-spacer\">\n\t\t\t<div class=\"elementor-spacer-inner\"><\/div>\n\t\t<\/div>\n\t\t\t\t\t\t<\/div>\n\t\t\t\t<\/div>\n\t\t\t\t\t<\/div>\n\t\t<\/div>\n\t\t\t\t\t<\/div>\n\t\t<\/section>\n\t\t\t\t<section class=\"elementor-section elementor-top-section elementor-element elementor-element-c045557 animated-slow elementor-section-boxed elementor-section-height-default elementor-section-height-default elementor-invisible\" data-id=\"c045557\" data-element_type=\"section\" data-e-type=\"section\" data-settings=\"{&quot;background_background&quot;:&quot;classic&quot;,&quot;animation&quot;:&quot;fadeInUp&quot;}\">\n\t\t\t\t\t\t\t<div class=\"elementor-background-overlay\"><\/div>\n\t\t\t\t\t\t\t<div class=\"elementor-container elementor-column-gap-default\">\n\t\t\t\t\t<div class=\"elementor-column elementor-col-100 elementor-top-column elementor-element elementor-element-1e4149c\" data-id=\"1e4149c\" data-element_type=\"column\" data-e-type=\"column\">\n\t\t\t<div class=\"elementor-widget-wrap elementor-element-populated\">\n\t\t\t\t\t\t<div class=\"elementor-element elementor-element-8f48c6a elementor-widget elementor-widget-heading\" data-id=\"8f48c6a\" data-element_type=\"widget\" data-e-type=\"widget\" data-widget_type=\"heading.default\">\n\t\t\t\t<div class=\"elementor-widget-container\">\n\t\t\t\t\t<h2 class=\"elementor-heading-title elementor-size-default\">Wir machen einen Unterschied<\/h2>\t\t\t\t<\/div>\n\t\t\t\t<\/div>\n\t\t\t\t<div class=\"elementor-element elementor-element-67115fe elementor-widget elementor-widget-text-editor\" data-id=\"67115fe\" data-element_type=\"widget\" data-e-type=\"widget\" data-widget_type=\"text-editor.default\">\n\t\t\t\t<div class=\"elementor-widget-container\">\n\t\t\t\t\t\t\t\t\t<p>Trails of Menorca ist Teil einer mitf\u00fchlenden Bewegung, die sich f\u00fcr Pferde und Tiere in Not einsetzt. Wir k\u00f6nnen eine bessere Zukunft schaffen.<\/p>\t\t\t\t\t\t\t\t<\/div>\n\t\t\t\t<\/div>\n\t\t\t\t<div class=\"elementor-element elementor-element-4266355 elementor-align-center elementor-mobile-align-center elementor-widget elementor-widget-button\" data-id=\"4266355\" data-element_type=\"widget\" data-e-type=\"widget\" data-widget_type=\"button.default\">\n\t\t\t\t<div class=\"elementor-widget-container\">\n\t\t\t\t\t\t\t\t\t<div class=\"elementor-button-wrapper\">\n\t\t\t\t\t<a class=\"elementor-button elementor-button-link elementor-size-sm\" href=\"https:\/\/trebalugerequinerescue.com\/\" target=\"_blank\" rel=\"noopener\">\n\t\t\t\t\t\t<span class=\"elementor-button-content-wrapper\">\n\t\t\t\t\t\t\t\t\t<span class=\"elementor-button-text\">mehr Infos<\/span>\n\t\t\t\t\t<\/span>\n\t\t\t\t\t<\/a>\n\t\t\t\t<\/div>\n\t\t\t\t\t\t\t\t<\/div>\n\t\t\t\t<\/div>\n\t\t\t\t\t<\/div>\n\t\t<\/div>\n\t\t\t\t\t<\/div>\n\t\t<\/section>\n\t\t\t\t<\/div>\n\t\t","protected":false},"excerpt":{"rendered":"<p>Trebaluger Equine Rescue unser Engagement WIR MACHEN EINEN UNTERSCHIED Ich glaube an die Kraft des Abenteuers und daran, der Gemeinschaft etwas zur\u00fcckzugeben. Ich freue mich sehr, die Partnerschaft mit Trebaluger Equine Rescue bekannt zu geben, einer Organisation, die sich f\u00fcr das Wohlergehen von Pferden und anderen Tieren in Not einsetzt. Warum Trebaluger Equine Rescue? Trebaluger [&hellip;]<\/p>\n","protected":false},"author":1,"featured_media":0,"parent":0,"menu_order":0,"comment_status":"closed","ping_status":"closed","template":"elementor_header_footer","meta":{"_joinchat":[],"footnotes":""},"class_list":["post-7062","page","type-page","status-publish","hentry"],"_links":{"self":[{"href":"https:\/\/trailsofmenorca.com\/de\/wp-json\/wp\/v2\/pages\/7062","targetHints":{"allow":["GET"]}}],"collection":[{"href":"https:\/\/trailsofmenorca.com\/de\/wp-json\/wp\/v2\/pages"}],"about":[{"href":"https:\/\/trailsofmenorca.com\/de\/wp-json\/wp\/v2\/types\/page"}],"author":[{"embeddable":true,"href":"https:\/\/trailsofmenorca.com\/de\/wp-json\/wp\/v2\/users\/1"}],"replies":[{"embeddable":true,"href":"https:\/\/trailsofmenorca.com\/de\/wp-json\/wp\/v2\/comments?post=7062"}],"version-history":[{"count":0,"href":"https:\/\/trailsofmenorca.com\/de\/wp-json\/wp\/v2\/pages\/7062\/revisions"}],"wp:attachment":[{"href":"https:\/\/trailsofmenorca.com\/de\/wp-json\/wp\/v2\/media?parent=7062"}],"curies":[{"name":"wp","href":"https:\/\/api.w.org\/{rel}","templated":true}]}}