{"id":7048,"date":"2023-09-05T14:52:40","date_gmt":"2023-09-05T12:52:40","guid":{"rendered":"https:\/\/trailsofmenorca.com\/allgemeine-bedingungen-und-konditionen\/"},"modified":"2025-02-13T18:11:31","modified_gmt":"2025-02-13T17:11:31","slug":"allgemeine-bedingungen-und-konditionen","status":"publish","type":"page","link":"https:\/\/trailsofmenorca.com\/de\/allgemeine-bedingungen-und-konditionen\/","title":{"rendered":"Allgemeine Bedingungen und Konditionen"},"content":{"rendered":"\t\t<div data-elementor-type=\"wp-page\" data-elementor-id=\"7048\" class=\"elementor elementor-7048 elementor-1124\" data-elementor-post-type=\"page\">\n\t\t\t\t\t\t<section class=\"elementor-section elementor-top-section elementor-element elementor-element-7d8163b elementor-section-boxed elementor-section-height-default elementor-section-height-default\" data-id=\"7d8163b\" data-element_type=\"section\" data-e-type=\"section\" data-settings=\"{&quot;background_background&quot;:&quot;classic&quot;}\">\n\t\t\t\t\t\t\t<div class=\"elementor-background-overlay\"><\/div>\n\t\t\t\t\t\t\t<div class=\"elementor-container elementor-column-gap-default\">\n\t\t\t\t\t<div class=\"elementor-column elementor-col-100 elementor-top-column elementor-element elementor-element-1a37969\" data-id=\"1a37969\" data-element_type=\"column\" data-e-type=\"column\">\n\t\t\t<div class=\"elementor-widget-wrap elementor-element-populated\">\n\t\t\t\t\t\t<div class=\"elementor-element elementor-element-5db4387 elementor-widget elementor-widget-heading\" data-id=\"5db4387\" data-element_type=\"widget\" data-e-type=\"widget\" data-widget_type=\"heading.default\">\n\t\t\t\t<div class=\"elementor-widget-container\">\n\t\t\t\t\t<h2 class=\"elementor-heading-title elementor-size-default\">allgemeine gesch\u00e4ftsbedingungen<\/h2>\t\t\t\t<\/div>\n\t\t\t\t<\/div>\n\t\t\t\t<div class=\"elementor-element elementor-element-a60189c elementor-absolute elementor-widget elementor-widget-heading\" data-id=\"a60189c\" data-element_type=\"widget\" data-e-type=\"widget\" data-settings=\"{&quot;_position&quot;:&quot;absolute&quot;}\" data-widget_type=\"heading.default\">\n\t\t\t\t<div class=\"elementor-widget-container\">\n\t\t\t\t\t<span class=\"elementor-heading-title elementor-size-default\">Allgemeine Bedingungen und Konditionen<\/span>\t\t\t\t<\/div>\n\t\t\t\t<\/div>\n\t\t\t\t\t<\/div>\n\t\t<\/div>\n\t\t\t\t\t<\/div>\n\t\t<\/section>\n\t\t\t\t<section class=\"elementor-section elementor-top-section elementor-element elementor-element-d998051 elementor-section-boxed elementor-section-height-default elementor-section-height-default\" data-id=\"d998051\" data-element_type=\"section\" data-e-type=\"section\">\n\t\t\t\t\t\t<div class=\"elementor-container elementor-column-gap-default\">\n\t\t\t\t\t<div class=\"elementor-column elementor-col-100 elementor-top-column elementor-element elementor-element-c498e7d\" data-id=\"c498e7d\" data-element_type=\"column\" data-e-type=\"column\">\n\t\t\t<div class=\"elementor-widget-wrap elementor-element-populated\">\n\t\t\t\t\t\t<div class=\"elementor-element elementor-element-38a5bc4 elementor-widget elementor-widget-spacer\" data-id=\"38a5bc4\" data-element_type=\"widget\" data-e-type=\"widget\" data-widget_type=\"spacer.default\">\n\t\t\t\t<div class=\"elementor-widget-container\">\n\t\t\t\t\t\t\t<div class=\"elementor-spacer\">\n\t\t\t<div class=\"elementor-spacer-inner\"><\/div>\n\t\t<\/div>\n\t\t\t\t\t\t<\/div>\n\t\t\t\t<\/div>\n\t\t\t\t<div class=\"elementor-element elementor-element-cde2426 elementor-widget elementor-widget-text-editor\" data-id=\"cde2426\" data-element_type=\"widget\" data-e-type=\"widget\" data-widget_type=\"text-editor.default\">\n\t\t\t\t<div class=\"elementor-widget-container\">\n\t\t\t\t\t\t\t\t\t<div class=\"page\" title=\"Seite 1\"><div class=\"layoutArea\"><div class=\"column\"><p><strong>Trails of Menorca<\/strong><\/p><p><strong>Trails of Menorca&#8220; ist ein Einzelunternehmen nach deutschem Recht mit Sitz in 83126 Flintsbach am Inn, Deutschland <\/strong>.  <\/p><\/div><\/div><\/div>\t\t\t\t\t\t\t\t<\/div>\n\t\t\t\t<\/div>\n\t\t\t\t\t<\/div>\n\t\t<\/div>\n\t\t\t\t\t<\/div>\n\t\t<\/section>\n\t\t\t\t<section class=\"elementor-section elementor-top-section elementor-element elementor-element-4148c5c elementor-section-boxed elementor-section-height-default elementor-section-height-default\" data-id=\"4148c5c\" data-element_type=\"section\" data-e-type=\"section\">\n\t\t\t\t\t\t<div class=\"elementor-container elementor-column-gap-default\">\n\t\t\t\t\t<div class=\"elementor-column elementor-col-100 elementor-top-column elementor-element elementor-element-43a16cd\" data-id=\"43a16cd\" data-element_type=\"column\" data-e-type=\"column\">\n\t\t\t<div class=\"elementor-widget-wrap elementor-element-populated\">\n\t\t\t\t\t\t<div class=\"elementor-element elementor-element-9191f32 elementor-widget elementor-widget-text-editor\" data-id=\"9191f32\" data-element_type=\"widget\" data-e-type=\"widget\" data-widget_type=\"text-editor.default\">\n\t\t\t\t<div class=\"elementor-widget-container\">\n\t\t\t\t\t\t\t\t\t<div class=\"page\" title=\"Seite 1\"><div class=\"layoutArea\"><div class=\"column\"><p>Gr\u00fc\u00dfe von Trails of Menorca! Wir freuen uns sehr, dass Sie hier sind und wir uns gemeinsam auf die Reise der Erkundung und des Abenteuers begeben. Unser Engagement f\u00fcr unvergessliche Wandererlebnisse geht einher mit der Gew\u00e4hrleistung von Klarheit und Transparenz in allen Aspekten unserer T\u00e4tigkeit. Aus diesem Grund haben wir diese Allgemeinen Gesch\u00e4ftsbedingungen erstellt, um eine solide Grundlage f\u00fcr unsere Beziehung zu Ihnen, unserem abenteuerlustigen Begleiter, zu schaffen.   <\/p><p>Bevor Sie Ihre Stiefel schn\u00fcren und sich mit uns auf den Weg machen, bitten wir Sie, sich einen Moment Zeit zu nehmen, um sich mit den hier dargelegten Bedingungen vertraut zu machen. Diese Bedingungen regeln Ihre Interaktionen mit unserem Unternehmen, einschlie\u00dflich der Buchung von Wanderungen, der Nutzung unserer Website und der Inanspruchnahme unserer Dienstleistungen. Indem Sie mit uns in Kontakt treten, erkennen Sie diese Bedingungen an und stimmen ihnen zu.  <\/p><p>Bei Trails of Menorca m\u00f6chten wir die Wunder der freien Natur mit Ihnen teilen. Diese Bedingungen spiegeln nicht nur unser Engagement f\u00fcr ein sicheres und angenehmes Erlebnis wider, sondern unterstreichen auch unser Bestreben, unsere Abenteurer mit Respekt und Fairness zu behandeln. <\/p><p>Nachhaltige Tourismusentwicklung erfordert eine ganzheitliche Perspektive mit dem Ziel, die Lebensqualit\u00e4t f\u00fcr Einheimische und G\u00e4ste gleicherma\u00dfen zu verbessern. Es geht darum, die nat\u00fcrlichen Lebensgrundlagen zu erhalten, die Bed\u00fcrfnisse von G\u00e4sten und Einheimischen mit denen des Natur- und Umweltschutzes zu verbinden und eine langfristige sozialvertr\u00e4gliche Entwicklung mit hoher regionaler Wertsch\u00f6pfung anzustreben. <\/p><p>Sollten Sie Fragen haben oder einen Teil dieser Bedingungen kl\u00e4ren wollen, z\u00f6gern Sie bitte nicht, sich an unser Team zu wenden. Wir sind daf\u00fcr da, Ihre Wanderreise so reibungslos und bereichernd wie m\u00f6glich zu gestalten. <\/p><p>Vielen Dank, dass Sie Trails of Menorca f\u00fcr Ihre Wanderabenteuer gew\u00e4hlt haben. Wir freuen uns, Sie an Bord zu haben, und k\u00f6nnen es kaum erwarten, die Wanderwege gemeinsam zu erkunden. <\/p><p>Lassen Sie uns gemeinsam unvergessliche Erinnerungen schaffen, einen Schritt nach dem anderen!<\/p><\/div><p><strong>Klicken Sie auf die Schaltfl\u00e4che unten und sehen Sie sich die allgemeinen Gesch\u00e4ftsbedingungen an<\/strong><\/p><\/div><\/div>\t\t\t\t\t\t\t\t<\/div>\n\t\t\t\t<\/div>\n\t\t\t\t\t<\/div>\n\t\t<\/div>\n\t\t\t\t\t<\/div>\n\t\t<\/section>\n\t\t\t\t<section class=\"elementor-section elementor-top-section elementor-element elementor-element-9d52074 elementor-section-boxed elementor-section-height-default elementor-section-height-default\" data-id=\"9d52074\" data-element_type=\"section\" data-e-type=\"section\">\n\t\t\t\t\t\t<div class=\"elementor-container elementor-column-gap-default\">\n\t\t\t\t\t<div class=\"elementor-column elementor-col-100 elementor-top-column elementor-element elementor-element-bed2507\" data-id=\"bed2507\" data-element_type=\"column\" data-e-type=\"column\">\n\t\t\t<div class=\"elementor-widget-wrap\">\n\t\t\t\t\t\t\t<\/div>\n\t\t<\/div>\n\t\t\t\t\t<\/div>\n\t\t<\/section>\n\t\t\t\t<section class=\"elementor-section elementor-top-section elementor-element elementor-element-0963c7c elementor-section-boxed elementor-section-height-default elementor-section-height-default\" data-id=\"0963c7c\" data-element_type=\"section\" data-e-type=\"section\">\n\t\t\t\t\t\t<div class=\"elementor-container elementor-column-gap-default\">\n\t\t\t\t\t<div class=\"elementor-column elementor-col-100 elementor-top-column elementor-element elementor-element-5858da2\" data-id=\"5858da2\" data-element_type=\"column\" data-e-type=\"column\">\n\t\t\t<div class=\"elementor-widget-wrap elementor-element-populated\">\n\t\t\t\t\t\t<div class=\"elementor-element elementor-element-5c810bd elementor-widget elementor-widget-spacer\" data-id=\"5c810bd\" data-element_type=\"widget\" data-e-type=\"widget\" data-widget_type=\"spacer.default\">\n\t\t\t\t<div class=\"elementor-widget-container\">\n\t\t\t\t\t\t\t<div class=\"elementor-spacer\">\n\t\t\t<div class=\"elementor-spacer-inner\"><\/div>\n\t\t<\/div>\n\t\t\t\t\t\t<\/div>\n\t\t\t\t<\/div>\n\t\t\t\t<div class=\"elementor-element elementor-element-a9616f1 elementor-align-center elementor-widget elementor-widget-button\" data-id=\"a9616f1\" data-element_type=\"widget\" data-e-type=\"widget\" data-widget_type=\"button.default\">\n\t\t\t\t<div class=\"elementor-widget-container\">\n\t\t\t\t\t\t\t\t\t<div class=\"elementor-button-wrapper\">\n\t\t\t\t\t<a class=\"elementor-button elementor-button-link elementor-size-sm\" href=\"https:\/\/trailsofmenorca.com\/wp-content\/uploads\/2024\/09\/General-Terms-and-Conditions.pdf\" target=\"_blank\">\n\t\t\t\t\t\t<span class=\"elementor-button-content-wrapper\">\n\t\t\t\t\t\t\t\t\t<span class=\"elementor-button-text\">PDF-DATEI<\/span>\n\t\t\t\t\t<\/span>\n\t\t\t\t\t<\/a>\n\t\t\t\t<\/div>\n\t\t\t\t\t\t\t\t<\/div>\n\t\t\t\t<\/div>\n\t\t\t\t\t<\/div>\n\t\t<\/div>\n\t\t\t\t\t<\/div>\n\t\t<\/section>\n\t\t\t\t<section class=\"elementor-section elementor-top-section elementor-element elementor-element-a02c48a elementor-section-boxed elementor-section-height-default elementor-section-height-default\" data-id=\"a02c48a\" data-element_type=\"section\" data-e-type=\"section\">\n\t\t\t\t\t\t<div class=\"elementor-container elementor-column-gap-default\">\n\t\t\t\t\t<div class=\"elementor-column elementor-col-100 elementor-top-column elementor-element elementor-element-03558d4\" data-id=\"03558d4\" data-element_type=\"column\" data-e-type=\"column\">\n\t\t\t<div class=\"elementor-widget-wrap elementor-element-populated\">\n\t\t\t\t\t\t<div class=\"elementor-element elementor-element-c2c1dab elementor-widget elementor-widget-spacer\" data-id=\"c2c1dab\" data-element_type=\"widget\" data-e-type=\"widget\" data-widget_type=\"spacer.default\">\n\t\t\t\t<div class=\"elementor-widget-container\">\n\t\t\t\t\t\t\t<div class=\"elementor-spacer\">\n\t\t\t<div class=\"elementor-spacer-inner\"><\/div>\n\t\t<\/div>\n\t\t\t\t\t\t<\/div>\n\t\t\t\t<\/div>\n\t\t\t\t\t<\/div>\n\t\t<\/div>\n\t\t\t\t\t<\/div>\n\t\t<\/section>\n\t\t\t\t<\/div>\n\t\t","protected":false},"excerpt":{"rendered":"<p>allgemeine gesch\u00e4ftsbedingungen Allgemeine Bedingungen und Konditionen Trails of Menorca Trails of Menorca&#8220; ist ein Einzelunternehmen nach deutschem Recht mit Sitz in 83126 Flintsbach am Inn, Deutschland . Gr\u00fc\u00dfe von Trails of Menorca! Wir freuen uns sehr, dass Sie hier sind und wir uns gemeinsam auf die Reise der Erkundung und des Abenteuers begeben. Unser Engagement [&hellip;]<\/p>\n","protected":false},"author":1,"featured_media":0,"parent":0,"menu_order":0,"comment_status":"closed","ping_status":"closed","template":"elementor_header_footer","meta":{"_joinchat":[],"footnotes":""},"class_list":["post-7048","page","type-page","status-publish","hentry"],"_links":{"self":[{"href":"https:\/\/trailsofmenorca.com\/de\/wp-json\/wp\/v2\/pages\/7048","targetHints":{"allow":["GET"]}}],"collection":[{"href":"https:\/\/trailsofmenorca.com\/de\/wp-json\/wp\/v2\/pages"}],"about":[{"href":"https:\/\/trailsofmenorca.com\/de\/wp-json\/wp\/v2\/types\/page"}],"author":[{"embeddable":true,"href":"https:\/\/trailsofmenorca.com\/de\/wp-json\/wp\/v2\/users\/1"}],"replies":[{"embeddable":true,"href":"https:\/\/trailsofmenorca.com\/de\/wp-json\/wp\/v2\/comments?post=7048"}],"version-history":[{"count":0,"href":"https:\/\/trailsofmenorca.com\/de\/wp-json\/wp\/v2\/pages\/7048\/revisions"}],"wp:attachment":[{"href":"https:\/\/trailsofmenorca.com\/de\/wp-json\/wp\/v2\/media?parent=7048"}],"curies":[{"name":"wp","href":"https:\/\/api.w.org\/{rel}","templated":true}]}}