{"id":7029,"date":"2023-09-05T14:32:25","date_gmt":"2023-09-05T12:32:25","guid":{"rendered":"https:\/\/trailsofmenorca.com\/erklaerung-zu-risiko-und-haftung\/"},"modified":"2025-06-16T09:37:47","modified_gmt":"2025-06-16T07:37:47","slug":"erklaerung-zu-risiko-und-haftung","status":"publish","type":"page","link":"https:\/\/trailsofmenorca.com\/de\/erklaerung-zu-risiko-und-haftung\/","title":{"rendered":"Erkl\u00e4rung zu Risiko und Haftung"},"content":{"rendered":"\t\t<div data-elementor-type=\"wp-page\" data-elementor-id=\"7029\" class=\"elementor elementor-7029 elementor-1113\" data-elementor-post-type=\"page\">\n\t\t\t\t\t\t<section class=\"elementor-section elementor-top-section elementor-element elementor-element-581d405 elementor-section-boxed elementor-section-height-default elementor-section-height-default\" data-id=\"581d405\" data-element_type=\"section\" data-e-type=\"section\" data-settings=\"{&quot;background_background&quot;:&quot;classic&quot;}\">\n\t\t\t\t\t\t\t<div class=\"elementor-background-overlay\"><\/div>\n\t\t\t\t\t\t\t<div class=\"elementor-container elementor-column-gap-default\">\n\t\t\t\t\t<div class=\"elementor-column elementor-col-100 elementor-top-column elementor-element elementor-element-bdb28a2\" data-id=\"bdb28a2\" data-element_type=\"column\" data-e-type=\"column\">\n\t\t\t<div class=\"elementor-widget-wrap elementor-element-populated\">\n\t\t\t\t\t\t<div class=\"elementor-element elementor-element-7a944d3 elementor-widget elementor-widget-heading\" data-id=\"7a944d3\" data-element_type=\"widget\" data-e-type=\"widget\" data-widget_type=\"heading.default\">\n\t\t\t\t<div class=\"elementor-widget-container\">\n\t\t\t\t\t<h2 class=\"elementor-heading-title elementor-size-default\">Erkl\u00e4rung zu Risiko und Haftung<\/h2>\t\t\t\t<\/div>\n\t\t\t\t<\/div>\n\t\t\t\t<div class=\"elementor-element elementor-element-07c0758 elementor-absolute elementor-widget elementor-widget-heading\" data-id=\"07c0758\" data-element_type=\"widget\" data-e-type=\"widget\" data-settings=\"{&quot;_position&quot;:&quot;absolute&quot;}\" data-widget_type=\"heading.default\">\n\t\t\t\t<div class=\"elementor-widget-container\">\n\t\t\t\t\t<span class=\"elementor-heading-title elementor-size-default\">Erkl\u00e4rung zu Risiko und Haftung<\/span>\t\t\t\t<\/div>\n\t\t\t\t<\/div>\n\t\t\t\t\t<\/div>\n\t\t<\/div>\n\t\t\t\t\t<\/div>\n\t\t<\/section>\n\t\t\t\t<section class=\"elementor-section elementor-top-section elementor-element elementor-element-f4cf691 elementor-section-boxed elementor-section-height-default elementor-section-height-default\" data-id=\"f4cf691\" data-element_type=\"section\" data-e-type=\"section\">\n\t\t\t\t\t\t<div class=\"elementor-container elementor-column-gap-default\">\n\t\t\t\t\t<div class=\"elementor-column elementor-col-100 elementor-top-column elementor-element elementor-element-f2ea7c0\" data-id=\"f2ea7c0\" data-element_type=\"column\" data-e-type=\"column\">\n\t\t\t<div class=\"elementor-widget-wrap elementor-element-populated\">\n\t\t\t\t\t\t<div class=\"elementor-element elementor-element-4804730 elementor-widget elementor-widget-spacer\" data-id=\"4804730\" data-element_type=\"widget\" data-e-type=\"widget\" data-widget_type=\"spacer.default\">\n\t\t\t\t<div class=\"elementor-widget-container\">\n\t\t\t\t\t\t\t<div class=\"elementor-spacer\">\n\t\t\t<div class=\"elementor-spacer-inner\"><\/div>\n\t\t<\/div>\n\t\t\t\t\t\t<\/div>\n\t\t\t\t<\/div>\n\t\t\t\t<div class=\"elementor-element elementor-element-d690ad4 elementor-widget elementor-widget-text-editor\" data-id=\"d690ad4\" data-element_type=\"widget\" data-e-type=\"widget\" data-widget_type=\"text-editor.default\">\n\t\t\t\t<div class=\"elementor-widget-container\">\n\t\t\t\t\t\t\t\t\t<div class=\"page\" title=\"Seite 1\"><div class=\"layoutArea\"><div class=\"column\"><p><strong>Trails of Menorca<\/strong><\/p><p><strong>Trails of Menorca&#8216; ist ein Einzelunternehmen nach deutschem Recht mit Sitz in 83126 Flintsbach am Inn, Deutschland. Nummer der Handelskammer: XXXXXXXXXXX <\/strong><\/p><\/div><\/div><\/div>\t\t\t\t\t\t\t\t<\/div>\n\t\t\t\t<\/div>\n\t\t\t\t\t<\/div>\n\t\t<\/div>\n\t\t\t\t\t<\/div>\n\t\t<\/section>\n\t\t\t\t<section class=\"elementor-section elementor-top-section elementor-element elementor-element-0a1d6a8 elementor-section-boxed elementor-section-height-default elementor-section-height-default\" data-id=\"0a1d6a8\" data-element_type=\"section\" data-e-type=\"section\">\n\t\t\t\t\t\t<div class=\"elementor-container elementor-column-gap-default\">\n\t\t\t\t\t<div class=\"elementor-column elementor-col-100 elementor-top-column elementor-element elementor-element-8631a2c\" data-id=\"8631a2c\" data-element_type=\"column\" data-e-type=\"column\">\n\t\t\t<div class=\"elementor-widget-wrap elementor-element-populated\">\n\t\t\t\t\t\t<div class=\"elementor-element elementor-element-8c9ade8 elementor-widget elementor-widget-text-editor\" data-id=\"8c9ade8\" data-element_type=\"widget\" data-e-type=\"widget\" data-widget_type=\"text-editor.default\">\n\t\t\t\t<div class=\"elementor-widget-container\">\n\t\t\t\t\t\t\t\t\t<div class=\"page\" title=\"Seite 1\"><div class=\"layoutArea\"><div class=\"column\"><h5><strong>Risiko- und Haftungserkl\u00e4rung<\/strong><\/h5><\/div><\/div><\/div><div class=\"page\" title=\"Seite 1\"><div class=\"layoutArea\"><div class=\"column\"><p class=\"p1\">Der Hauptkunde der Buchung erkl\u00e4rt in seinem eigenen Namen und im Namen der anderen Teilnehmer an der Buchung, im Folgenden: &#8222;die Teilnehmer&#8220;, dass die Teilnehmer dar\u00fcber informiert worden sind, dass alle Teilnehmer mit der Buchung erkl\u00e4ren, dass sie diese vollst\u00e4ndig verstehen und akzeptieren.  <\/p><\/div><\/div><\/div><p class=\"p1\"><span class=\"s1\">Dies betrifft die folgenden Punkte:<span class=\"Apple-converted-space\"> <\/span><\/span><\/p><ul class=\"ul1\"><li class=\"li3\"><div class=\"s5\">dass die Teilnehmer vom Veranstalter (&#8218;Trails of Menorca&#8216;) darauf hingewiesen werden, dass sie sich vor der Teilnahme in einem guten Gesundheits- und Fitnesszustand befinden.<\/div><\/li><li class=\"li3\"><div class=\"s5\">dass mit der\/den Aktivit\u00e4t(en), an der\/denen die Teilnehmer teilnehmen werden, inh\u00e4rente Risiken\/Gefahren f\u00fcr die Teilnehmer verbunden sind, einschlie\u00dflich &#8211; aber nicht beschr\u00e4nkt auf &#8211; das Risiko, dass Eigentum besch\u00e4digt wird\/verloren geht, das Risiko, dass die Teilnehmer von den Rettungsdiensten nicht erreicht werden k\u00f6nnen, das Risiko von (schweren) k\u00f6rperlichen Verletzungen und das Risiko des Todes.<\/div><\/li><li class=\"li3\"><div class=\"s5\">dass die Teilnehmer selbst f\u00fcr ihre Gesundheit und Sicherheit verantwortlich sind und dass die Teilnahme daher ausdr\u00fccklich auf eigene Gefahr erfolgt.<\/div><\/li><li class=\"li3\"><div class=\"s5\">Der Veranstalter und alle mit ihm verbundenen und von ihm beauftragten (unterst\u00fctzenden) Personen (Ausbilder, F\u00fchrer usw.) ist\/sind gegen\u00fcber den Teilnehmern oder Dritten (Familie\/Verwandte\/Erben\/Betreuer) in keiner Weise haftbar und verantwortlich f\u00fcr etwaige Folgen (materielle\/immaterielle Sch\u00e4den), die die Teilnehmer oder Dritte im Zusammenhang mit der Teilnahme der Teilnehmer an der Aktivit\u00e4t\/den Aktivit\u00e4ten erleiden.<\/div><\/li><li class=\"li3\"><div class=\"s5\">dass die Teilnehmer vom Veranstalter ausdr\u00fccklich auf die vorgenannten Risiken\/Gefahren hingewiesen worden sind.  <p> <\/p><\/div><\/li><\/ul>\t\t\t\t\t\t\t\t<\/div>\n\t\t\t\t<\/div>\n\t\t\t\t\t<\/div>\n\t\t<\/div>\n\t\t\t\t\t<\/div>\n\t\t<\/section>\n\t\t\t\t<section class=\"elementor-section elementor-top-section elementor-element elementor-element-4479068 elementor-section-boxed elementor-section-height-default elementor-section-height-default\" data-id=\"4479068\" data-element_type=\"section\" data-e-type=\"section\">\n\t\t\t\t\t\t<div class=\"elementor-container elementor-column-gap-default\">\n\t\t\t\t\t<div class=\"elementor-column elementor-col-100 elementor-top-column elementor-element elementor-element-1d9f216\" data-id=\"1d9f216\" data-element_type=\"column\" data-e-type=\"column\">\n\t\t\t<div class=\"elementor-widget-wrap elementor-element-populated\">\n\t\t\t\t\t\t<div class=\"elementor-element elementor-element-5d72fd1 elementor-widget elementor-widget-spacer\" data-id=\"5d72fd1\" data-element_type=\"widget\" data-e-type=\"widget\" data-widget_type=\"spacer.default\">\n\t\t\t\t<div class=\"elementor-widget-container\">\n\t\t\t\t\t\t\t<div class=\"elementor-spacer\">\n\t\t\t<div class=\"elementor-spacer-inner\"><\/div>\n\t\t<\/div>\n\t\t\t\t\t\t<\/div>\n\t\t\t\t<\/div>\n\t\t\t\t\t<\/div>\n\t\t<\/div>\n\t\t\t\t\t<\/div>\n\t\t<\/section>\n\t\t\t\t<section class=\"elementor-section elementor-top-section elementor-element elementor-element-9a392e5 elementor-section-boxed elementor-section-height-default elementor-section-height-default\" data-id=\"9a392e5\" data-element_type=\"section\" data-e-type=\"section\">\n\t\t\t\t\t\t<div class=\"elementor-container elementor-column-gap-default\">\n\t\t\t\t\t<div class=\"elementor-column elementor-col-100 elementor-top-column elementor-element elementor-element-06bfc39\" data-id=\"06bfc39\" data-element_type=\"column\" data-e-type=\"column\">\n\t\t\t<div class=\"elementor-widget-wrap elementor-element-populated\">\n\t\t\t\t\t\t<div class=\"elementor-element elementor-element-a93bf07 elementor-align-center elementor-widget elementor-widget-button\" data-id=\"a93bf07\" data-element_type=\"widget\" data-e-type=\"widget\" data-widget_type=\"button.default\">\n\t\t\t\t<div class=\"elementor-widget-container\">\n\t\t\t\t\t\t\t\t\t<div class=\"elementor-button-wrapper\">\n\t\t\t\t\t<a class=\"elementor-button elementor-button-link elementor-size-sm\" href=\"https:\/\/trailsofmenorca.com\/wp-content\/uploads\/2023\/09\/Risk-Liability-Declaration.pdf\" target=\"_blank\">\n\t\t\t\t\t\t<span class=\"elementor-button-content-wrapper\">\n\t\t\t\t\t\t\t\t\t<span class=\"elementor-button-text\">PDF-DATEI<\/span>\n\t\t\t\t\t<\/span>\n\t\t\t\t\t<\/a>\n\t\t\t\t<\/div>\n\t\t\t\t\t\t\t\t<\/div>\n\t\t\t\t<\/div>\n\t\t\t\t\t<\/div>\n\t\t<\/div>\n\t\t\t\t\t<\/div>\n\t\t<\/section>\n\t\t\t\t<section class=\"elementor-section elementor-top-section elementor-element elementor-element-07d7bfa elementor-section-boxed elementor-section-height-default elementor-section-height-default\" data-id=\"07d7bfa\" data-element_type=\"section\" data-e-type=\"section\">\n\t\t\t\t\t\t<div class=\"elementor-container elementor-column-gap-default\">\n\t\t\t\t\t<div class=\"elementor-column elementor-col-100 elementor-top-column elementor-element elementor-element-d958420\" data-id=\"d958420\" data-element_type=\"column\" data-e-type=\"column\">\n\t\t\t<div class=\"elementor-widget-wrap elementor-element-populated\">\n\t\t\t\t\t\t<div class=\"elementor-element elementor-element-bd9728c elementor-widget elementor-widget-spacer\" data-id=\"bd9728c\" data-element_type=\"widget\" data-e-type=\"widget\" data-widget_type=\"spacer.default\">\n\t\t\t\t<div class=\"elementor-widget-container\">\n\t\t\t\t\t\t\t<div class=\"elementor-spacer\">\n\t\t\t<div class=\"elementor-spacer-inner\"><\/div>\n\t\t<\/div>\n\t\t\t\t\t\t<\/div>\n\t\t\t\t<\/div>\n\t\t\t\t\t<\/div>\n\t\t<\/div>\n\t\t\t\t\t<\/div>\n\t\t<\/section>\n\t\t\t\t<\/div>\n\t\t","protected":false},"excerpt":{"rendered":"<p>Erkl\u00e4rung zu Risiko und Haftung Erkl\u00e4rung zu Risiko und Haftung Trails of Menorca Trails of Menorca&#8216; ist ein Einzelunternehmen nach deutschem Recht mit Sitz in 83126 Flintsbach am Inn, Deutschland. Nummer der Handelskammer: XXXXXXXXXXX Risiko- und Haftungserkl\u00e4rung Der Hauptkunde der Buchung erkl\u00e4rt in seinem eigenen Namen und im Namen der anderen Teilnehmer an der Buchung, [&hellip;]<\/p>\n","protected":false},"author":1,"featured_media":0,"parent":0,"menu_order":0,"comment_status":"closed","ping_status":"closed","template":"elementor_header_footer","meta":{"_joinchat":[],"footnotes":""},"class_list":["post-7029","page","type-page","status-publish","hentry"],"_links":{"self":[{"href":"https:\/\/trailsofmenorca.com\/de\/wp-json\/wp\/v2\/pages\/7029","targetHints":{"allow":["GET"]}}],"collection":[{"href":"https:\/\/trailsofmenorca.com\/de\/wp-json\/wp\/v2\/pages"}],"about":[{"href":"https:\/\/trailsofmenorca.com\/de\/wp-json\/wp\/v2\/types\/page"}],"author":[{"embeddable":true,"href":"https:\/\/trailsofmenorca.com\/de\/wp-json\/wp\/v2\/users\/1"}],"replies":[{"embeddable":true,"href":"https:\/\/trailsofmenorca.com\/de\/wp-json\/wp\/v2\/comments?post=7029"}],"version-history":[{"count":0,"href":"https:\/\/trailsofmenorca.com\/de\/wp-json\/wp\/v2\/pages\/7029\/revisions"}],"wp:attachment":[{"href":"https:\/\/trailsofmenorca.com\/de\/wp-json\/wp\/v2\/media?parent=7029"}],"curies":[{"name":"wp","href":"https:\/\/api.w.org\/{rel}","templated":true}]}}