{"id":6994,"date":"2023-08-28T11:38:43","date_gmt":"2023-08-28T09:38:43","guid":{"rendered":"https:\/\/trailsofmenorca.com\/ueber-uns\/"},"modified":"2026-01-21T16:20:16","modified_gmt":"2026-01-21T15:20:16","slug":"ueber-uns","status":"publish","type":"page","link":"https:\/\/trailsofmenorca.com\/de\/ueber-uns\/","title":{"rendered":"\u00dcber mich"},"content":{"rendered":"\t\t<div data-elementor-type=\"wp-page\" data-elementor-id=\"6994\" class=\"elementor elementor-6994 elementor-717\" data-elementor-post-type=\"page\">\n\t\t\t\t\t\t<section class=\"elementor-section elementor-top-section elementor-element elementor-element-260b653a elementor-section-boxed elementor-section-height-default elementor-section-height-default\" data-id=\"260b653a\" data-element_type=\"section\" data-e-type=\"section\" data-settings=\"{&quot;background_background&quot;:&quot;classic&quot;}\">\n\t\t\t\t\t\t\t<div class=\"elementor-background-overlay\"><\/div>\n\t\t\t\t\t\t\t<div class=\"elementor-container elementor-column-gap-default\">\n\t\t\t\t\t<div class=\"elementor-column elementor-col-100 elementor-top-column elementor-element elementor-element-7ef93fdf\" data-id=\"7ef93fdf\" data-element_type=\"column\" data-e-type=\"column\">\n\t\t\t<div class=\"elementor-widget-wrap elementor-element-populated\">\n\t\t\t\t\t\t<div class=\"elementor-element elementor-element-3949696f elementor-widget elementor-widget-heading\" data-id=\"3949696f\" data-element_type=\"widget\" data-e-type=\"widget\" data-widget_type=\"heading.default\">\n\t\t\t\t<div class=\"elementor-widget-container\">\n\t\t\t\t\t<h2 class=\"elementor-heading-title elementor-size-default\">\u00dcber mich<\/h2>\t\t\t\t<\/div>\n\t\t\t\t<\/div>\n\t\t\t\t<div class=\"elementor-element elementor-element-4ef5bbdc elementor-absolute elementor-widget elementor-widget-heading\" data-id=\"4ef5bbdc\" data-element_type=\"widget\" data-e-type=\"widget\" data-settings=\"{&quot;_position&quot;:&quot;absolute&quot;}\" data-widget_type=\"heading.default\">\n\t\t\t\t<div class=\"elementor-widget-container\">\n\t\t\t\t\t<span class=\"elementor-heading-title elementor-size-default\">\u00dcber mich<\/span>\t\t\t\t<\/div>\n\t\t\t\t<\/div>\n\t\t\t\t\t<\/div>\n\t\t<\/div>\n\t\t\t\t\t<\/div>\n\t\t<\/section>\n\t\t\t\t<section class=\"elementor-section elementor-top-section elementor-element elementor-element-2b595fe2 elementor-section-boxed elementor-section-height-default elementor-section-height-default\" data-id=\"2b595fe2\" data-element_type=\"section\" data-e-type=\"section\">\n\t\t\t\t\t\t<div class=\"elementor-container elementor-column-gap-default\">\n\t\t\t\t\t<div class=\"elementor-column elementor-col-50 elementor-top-column elementor-element elementor-element-7d42ab1a\" data-id=\"7d42ab1a\" data-element_type=\"column\" data-e-type=\"column\">\n\t\t\t<div class=\"elementor-widget-wrap elementor-element-populated\">\n\t\t\t\t\t\t<div class=\"elementor-element elementor-element-30c211aa elementor-widget elementor-widget-heading\" data-id=\"30c211aa\" data-element_type=\"widget\" data-e-type=\"widget\" data-widget_type=\"heading.default\">\n\t\t\t\t<div class=\"elementor-widget-container\">\n\t\t\t\t\t<h2 class=\"elementor-heading-title elementor-size-default\">Sie lieben es, neue Wanderungen zu erkunden? Beginnen Sie Ihre Reise mit Trails of \nmenorca! <\/h2>\t\t\t\t<\/div>\n\t\t\t\t<\/div>\n\t\t\t\t\t<\/div>\n\t\t<\/div>\n\t\t\t\t<div class=\"elementor-column elementor-col-50 elementor-top-column elementor-element elementor-element-5a85f268\" data-id=\"5a85f268\" data-element_type=\"column\" data-e-type=\"column\">\n\t\t\t<div class=\"elementor-widget-wrap elementor-element-populated\">\n\t\t\t\t\t\t<div class=\"elementor-element elementor-element-599b7b55 elementor-widget elementor-widget-text-editor\" data-id=\"599b7b55\" data-element_type=\"widget\" data-e-type=\"widget\" data-widget_type=\"text-editor.default\">\n\t\t\t\t<div class=\"elementor-widget-container\">\n\t\t\t\t\t\t\t\t\t<p class=\"p1\">Ganz gleich, ob Sie ein Abenteurer, ein Romantiker oder ein Ruhesuchender sind, die Sch\u00f6nheit Menorcas l\u00e4dt Sie zu einer Reise voller Wunder und Entdeckungen ein.<\/p><p class=\"p1\">Buchen Sie Ihre Wandertour mit Trails of Menorca und tauchen Sie allein oder zu zweit (bis zu vier Personen*) in die Natur der Insel ein. Tauchen Sie ein in die reiche Geschichte der Insel und schaffen Sie Erinnerungen, die sich f\u00fcr immer in Ihr Herz einpr\u00e4gen werden. Menorca ist die Insel, deren Sch\u00f6nheit keine Grenzen kennt!<\/p><p class=\"p1\">*Sollten es mehr Personen sein, melden Sie sich bitte \u00fcber &#8222;Kontakt&#8220; und schreiben Sie mir.<\/p>\t\t\t\t\t\t\t\t<\/div>\n\t\t\t\t<\/div>\n\t\t\t\t\t<\/div>\n\t\t<\/div>\n\t\t\t\t\t<\/div>\n\t\t<\/section>\n\t\t\t\t<section class=\"elementor-section elementor-top-section elementor-element elementor-element-6b86274 elementor-reverse-tablet elementor-reverse-mobile elementor-section-boxed elementor-section-height-default elementor-section-height-default\" data-id=\"6b86274\" data-element_type=\"section\" data-e-type=\"section\">\n\t\t\t\t\t\t<div class=\"elementor-container elementor-column-gap-default\">\n\t\t\t\t\t<div class=\"elementor-column elementor-col-100 elementor-top-column elementor-element elementor-element-6a31a307\" data-id=\"6a31a307\" data-element_type=\"column\" data-e-type=\"column\">\n\t\t\t<div class=\"elementor-widget-wrap elementor-element-populated\">\n\t\t\t\t\t\t<section class=\"elementor-section elementor-inner-section elementor-element elementor-element-7c2a293a elementor-section-full_width elementor-reverse-tablet elementor-reverse-mobile elementor-section-height-default elementor-section-height-default\" data-id=\"7c2a293a\" data-element_type=\"section\" data-e-type=\"section\">\n\t\t\t\t\t\t<div class=\"elementor-container elementor-column-gap-default\">\n\t\t\t\t\t<div class=\"elementor-column elementor-col-50 elementor-inner-column elementor-element elementor-element-75097b96\" data-id=\"75097b96\" data-element_type=\"column\" data-e-type=\"column\">\n\t\t\t<div class=\"elementor-widget-wrap elementor-element-populated\">\n\t\t\t\t\t\t<div class=\"elementor-element elementor-element-9fd98c3 elementor-widget elementor-widget-image\" data-id=\"9fd98c3\" data-element_type=\"widget\" data-e-type=\"widget\" data-widget_type=\"image.default\">\n\t\t\t\t<div class=\"elementor-widget-container\">\n\t\t\t\t\t\t\t\t\t\t\t\t\t\t\t<img fetchpriority=\"high\" decoding=\"async\" width=\"768\" height=\"1024\" src=\"https:\/\/trailsofmenorca.com\/wp-content\/uploads\/2024\/09\/IMG_5806-768x1024.jpg\" class=\"attachment-large size-large wp-image-6295\" alt=\"\" srcset=\"https:\/\/trailsofmenorca.com\/wp-content\/uploads\/2024\/09\/IMG_5806-768x1024.jpg 768w, https:\/\/trailsofmenorca.com\/wp-content\/uploads\/2024\/09\/IMG_5806-225x300.jpg 225w, https:\/\/trailsofmenorca.com\/wp-content\/uploads\/2024\/09\/IMG_5806-1152x1536.jpg 1152w, https:\/\/trailsofmenorca.com\/wp-content\/uploads\/2024\/09\/IMG_5806-rotated.jpg 1512w\" sizes=\"(max-width: 768px) 100vw, 768px\" \/>\t\t\t\t\t\t\t\t\t\t\t\t\t\t\t<\/div>\n\t\t\t\t<\/div>\n\t\t\t\t\t<\/div>\n\t\t<\/div>\n\t\t\t\t<div class=\"elementor-column elementor-col-50 elementor-inner-column elementor-element elementor-element-f03b3f5\" data-id=\"f03b3f5\" data-element_type=\"column\" data-e-type=\"column\">\n\t\t\t<div class=\"elementor-widget-wrap elementor-element-populated\">\n\t\t\t\t\t\t<div class=\"elementor-element elementor-element-15cb102 elementor-widget elementor-widget-heading\" data-id=\"15cb102\" data-element_type=\"widget\" data-e-type=\"widget\" data-widget_type=\"heading.default\">\n\t\t\t\t<div class=\"elementor-widget-container\">\n\t\t\t\t\t<h3 class=\"elementor-heading-title elementor-size-default\">Freut mich, Sie kennenzulernen!<\/h3>\t\t\t\t<\/div>\n\t\t\t\t<\/div>\n\t\t\t\t<div class=\"elementor-element elementor-element-0397fbc elementor-widget elementor-widget-heading\" data-id=\"0397fbc\" data-element_type=\"widget\" data-e-type=\"widget\" data-widget_type=\"heading.default\">\n\t\t\t\t<div class=\"elementor-widget-container\">\n\t\t\t\t\t<h2 class=\"elementor-heading-title elementor-size-small\">VANESSA RAINERS - PROFESSIONELLE F\u00dcHRERIN &amp; LEIDENSCHAFTLICHE WANDERIN - HEISST SIE WILLKOMMEN!<\/h2>\t\t\t\t<\/div>\n\t\t\t\t<\/div>\n\t\t\t\t<div class=\"elementor-element elementor-element-e7d165e elementor-widget__width-initial elementor-widget elementor-widget-text-editor\" data-id=\"e7d165e\" data-element_type=\"widget\" data-e-type=\"widget\" data-widget_type=\"text-editor.default\">\n\t\t\t\t<div class=\"elementor-widget-container\">\n\t\t\t\t\t\t\t\t\t<p class=\"p1\">Das Unternehmen &#8218;Trails of Menorca&#8216; wurde unter der Leitung von Milan Grijmans erfolgreich gestartet und wird nun von Vanessa Rainers mit viel Herz und Leidenschaft weitergef\u00fchrt.<\/p><p class=\"p1\">Ich verf\u00fcge \u00fcber eine langj\u00e4hrige Erfahrung im Alpenvorland, aber auch in den Hochalpen in Deutschland, \u00d6sterreich und der Schweiz.<\/p><p class=\"p1\">Ich bin ausgebildete Natur- und Wanderf\u00fchrerin (Natursport Akademie GmbH &#8211; NAka) und ausgebildete Ersthelferin. Hier auf Menorca habe ich ein neues, spannendes Kapitel in meinem Leben aufgeschlagen. Dieses neue Kapitel erm\u00f6glicht es mir, mein Hobby mit meinem Beruf zu verbinden. Ich bin eine leidenschaftliche Wanderin, die die Natur liebt und sich in die atemberaubende Landschaft Menorcas verliebt hat. Menorca ist eine noch sehr unber\u00fchrte und landschaftlich reizvolle Insel auf dem Balearen-Archipel.<\/p><p class=\"p1\">Beim Wandern verbinde ich auf wunderbare Weise mehrere Leidenschaften: den Nervenkitzel des Abenteuers, die Freude an der Natur, die k\u00f6rperlichen Herausforderungen des Wanderns und bereichernde Erfahrungen mit den verschiedensten Menschen.<\/p><p class=\"p1\">&#8218;Trails of Menorca&#8216; bietet daher Menschen jeden Alters die perfekte Gelegenheit, in die atemberaubende Natur einzutauchen, von den st\u00e4ndigen digitalen Ablenkungen abzuschalten und sich um nichts anderes k\u00fcmmern zu m\u00fcssen, als sich wieder mit sich selbst zu verbinden und die Natur zu genie\u00dfen. Eine einzigartige und wunderbare Erfahrung f\u00fcr alle, die sich entschlossen haben, die ungez\u00e4hmte Sch\u00f6nheit Menorcas zu erkunden.<\/p>\t\t\t\t\t\t\t\t<\/div>\n\t\t\t\t<\/div>\n\t\t\t\t\t<\/div>\n\t\t<\/div>\n\t\t\t\t\t<\/div>\n\t\t<\/section>\n\t\t\t\t\t<\/div>\n\t\t<\/div>\n\t\t\t\t\t<\/div>\n\t\t<\/section>\n\t\t\t\t<section class=\"elementor-section elementor-top-section elementor-element elementor-element-36504579 elementor-section-height-min-height elementor-section-items-stretch elementor-section-full_width elementor-section-height-default\" data-id=\"36504579\" data-element_type=\"section\" data-e-type=\"section\" data-settings=\"{&quot;motion_fx_motion_fx_scrolling&quot;:&quot;yes&quot;,&quot;motion_fx_translateY_effect&quot;:&quot;yes&quot;,&quot;motion_fx_translateY_direction&quot;:&quot;negative&quot;,&quot;motion_fx_translateY_speed&quot;:{&quot;unit&quot;:&quot;px&quot;,&quot;size&quot;:&quot;1.5&quot;,&quot;sizes&quot;:[]},&quot;motion_fx_translateY_affectedRange&quot;:{&quot;unit&quot;:&quot;%&quot;,&quot;size&quot;:&quot;&quot;,&quot;sizes&quot;:{&quot;start&quot;:&quot;0&quot;,&quot;end&quot;:&quot;50&quot;}},&quot;motion_fx_devices&quot;:[&quot;desktop&quot;,&quot;tablet&quot;,&quot;mobile&quot;]}\">\n\t\t\t\t\t\t<div class=\"elementor-container elementor-column-gap-default\">\n\t\t\t\t\t<div class=\"elementor-column elementor-col-100 elementor-top-column elementor-element elementor-element-6c296895\" data-id=\"6c296895\" data-element_type=\"column\" data-e-type=\"column\" data-settings=\"{&quot;background_background&quot;:&quot;classic&quot;}\">\n\t\t\t<div class=\"elementor-widget-wrap elementor-element-populated\">\n\t\t\t\t\t<div class=\"elementor-background-overlay\"><\/div>\n\t\t\t\t\t\t<div class=\"elementor-element elementor-element-16e9c82c elementor-widget__width-initial elementor-widget elementor-widget-heading\" data-id=\"16e9c82c\" data-element_type=\"widget\" data-e-type=\"widget\" data-widget_type=\"heading.default\">\n\t\t\t\t<div class=\"elementor-widget-container\">\n\t\t\t\t\t<h2 class=\"elementor-heading-title elementor-size-default\">Gro\u00dfartige Menschen. Erstaunliche touren.   \nSch\u00f6nes Menorca.<\/h2>\t\t\t\t<\/div>\n\t\t\t\t<\/div>\n\t\t\t\t<section class=\"elementor-section elementor-inner-section elementor-element elementor-element-781666ec elementor-section-boxed elementor-section-height-default elementor-section-height-default\" data-id=\"781666ec\" data-element_type=\"section\" data-e-type=\"section\">\n\t\t\t\t\t\t<div class=\"elementor-container elementor-column-gap-default\">\n\t\t\t\t\t<div class=\"elementor-column elementor-col-100 elementor-inner-column elementor-element elementor-element-7f728141\" data-id=\"7f728141\" data-element_type=\"column\" data-e-type=\"column\">\n\t\t\t<div class=\"elementor-widget-wrap\">\n\t\t\t\t\t\t\t<\/div>\n\t\t<\/div>\n\t\t\t\t\t<\/div>\n\t\t<\/section>\n\t\t\t\t\t<\/div>\n\t\t<\/div>\n\t\t\t\t\t<\/div>\n\t\t<\/section>\n\t\t\t\t<section class=\"elementor-section elementor-top-section elementor-element elementor-element-7dbe9708 elementor-section-full_width elementor-reverse-tablet elementor-reverse-mobile elementor-section-height-default elementor-section-height-default\" data-id=\"7dbe9708\" data-element_type=\"section\" data-e-type=\"section\">\n\t\t\t\t\t\t<div class=\"elementor-container elementor-column-gap-default\">\n\t\t\t\t\t<div class=\"elementor-column elementor-col-33 elementor-top-column elementor-element elementor-element-3e6b57dc\" data-id=\"3e6b57dc\" data-element_type=\"column\" data-e-type=\"column\">\n\t\t\t<div class=\"elementor-widget-wrap elementor-element-populated\">\n\t\t\t\t\t\t<div class=\"elementor-element elementor-element-431f7d2d elementor-widget elementor-widget-image\" data-id=\"431f7d2d\" data-element_type=\"widget\" data-e-type=\"widget\" data-widget_type=\"image.default\">\n\t\t\t\t<div class=\"elementor-widget-container\">\n\t\t\t\t\t\t\t\t\t\t\t\t\t\t\t<img decoding=\"async\" width=\"745\" height=\"2560\" src=\"https:\/\/trailsofmenorca.com\/wp-content\/uploads\/2024\/12\/Red-Rock_17.jpg\" class=\"elementor-animation-float attachment-full size-full wp-image-5425\" alt=\"\" srcset=\"https:\/\/trailsofmenorca.com\/wp-content\/uploads\/2024\/12\/Red-Rock_17.jpg 745w, https:\/\/trailsofmenorca.com\/wp-content\/uploads\/2024\/12\/Red-Rock_17-87x300.jpg 87w, https:\/\/trailsofmenorca.com\/wp-content\/uploads\/2024\/12\/Red-Rock_17-298x1024.jpg 298w, https:\/\/trailsofmenorca.com\/wp-content\/uploads\/2024\/12\/Red-Rock_17-447x1536.jpg 447w, https:\/\/trailsofmenorca.com\/wp-content\/uploads\/2024\/12\/Red-Rock_17-596x2048.jpg 596w\" sizes=\"(max-width: 745px) 100vw, 745px\" \/>\t\t\t\t\t\t\t\t\t\t\t\t\t\t\t<\/div>\n\t\t\t\t<\/div>\n\t\t\t\t\t<\/div>\n\t\t<\/div>\n\t\t\t\t<div class=\"elementor-column elementor-col-33 elementor-top-column elementor-element elementor-element-22a80b38\" data-id=\"22a80b38\" data-element_type=\"column\" data-e-type=\"column\">\n\t\t\t<div class=\"elementor-widget-wrap elementor-element-populated\">\n\t\t\t\t\t\t<div class=\"elementor-element elementor-element-659c98a3 elementor-widget elementor-widget-image\" data-id=\"659c98a3\" data-element_type=\"widget\" data-e-type=\"widget\" data-widget_type=\"image.default\">\n\t\t\t\t<div class=\"elementor-widget-container\">\n\t\t\t\t\t\t\t\t\t\t\t\t\t\t\t<img decoding=\"async\" width=\"500\" height=\"625\" src=\"https:\/\/trailsofmenorca.com\/wp-content\/uploads\/2024\/10\/Sunrise-Hike-Moderate_4.png\" class=\"elementor-animation-float attachment-large size-large wp-image-4801\" alt=\"\" srcset=\"https:\/\/trailsofmenorca.com\/wp-content\/uploads\/2024\/10\/Sunrise-Hike-Moderate_4.png 500w, https:\/\/trailsofmenorca.com\/wp-content\/uploads\/2024\/10\/Sunrise-Hike-Moderate_4-240x300.png 240w\" sizes=\"(max-width: 500px) 100vw, 500px\" \/>\t\t\t\t\t\t\t\t\t\t\t\t\t\t\t<\/div>\n\t\t\t\t<\/div>\n\t\t\t\t<div class=\"elementor-element elementor-element-60429cc4 elementor-widget elementor-widget-image\" data-id=\"60429cc4\" data-element_type=\"widget\" data-e-type=\"widget\" data-widget_type=\"image.default\">\n\t\t\t\t<div class=\"elementor-widget-container\">\n\t\t\t\t\t\t\t\t\t\t\t\t\t\t\t<img loading=\"lazy\" decoding=\"async\" width=\"1920\" height=\"2560\" src=\"https:\/\/trailsofmenorca.com\/wp-content\/uploads\/2024\/12\/Nature-Parc-3.jpg\" class=\"elementor-animation-float attachment-full size-full wp-image-4984\" alt=\"\" srcset=\"https:\/\/trailsofmenorca.com\/wp-content\/uploads\/2024\/12\/Nature-Parc-3.jpg 1920w, https:\/\/trailsofmenorca.com\/wp-content\/uploads\/2024\/12\/Nature-Parc-3-225x300.jpg 225w, https:\/\/trailsofmenorca.com\/wp-content\/uploads\/2024\/12\/Nature-Parc-3-768x1024.jpg 768w, https:\/\/trailsofmenorca.com\/wp-content\/uploads\/2024\/12\/Nature-Parc-3-1152x1536.jpg 1152w, https:\/\/trailsofmenorca.com\/wp-content\/uploads\/2024\/12\/Nature-Parc-3-1536x2048.jpg 1536w\" sizes=\"(max-width: 1920px) 100vw, 1920px\" \/>\t\t\t\t\t\t\t\t\t\t\t\t\t\t\t<\/div>\n\t\t\t\t<\/div>\n\t\t\t\t\t<\/div>\n\t\t<\/div>\n\t\t\t\t<div class=\"elementor-column elementor-col-33 elementor-top-column elementor-element elementor-element-5ff0b14f\" data-id=\"5ff0b14f\" data-element_type=\"column\" data-e-type=\"column\">\n\t\t\t<div class=\"elementor-widget-wrap elementor-element-populated\">\n\t\t\t\t\t\t<div class=\"elementor-element elementor-element-18d413b elementor-widget elementor-widget-heading\" data-id=\"18d413b\" data-element_type=\"widget\" data-e-type=\"widget\" data-widget_type=\"heading.default\">\n\t\t\t\t<div class=\"elementor-widget-container\">\n\t\t\t\t\t<h3 class=\"elementor-heading-title elementor-size-default\">Trails of Menorca. Ma\u00dfgeschneidert nur f\u00fcr Sie <\/h3>\t\t\t\t<\/div>\n\t\t\t\t<\/div>\n\t\t\t\t<div class=\"elementor-element elementor-element-4a6e9691 elementor-widget elementor-widget-heading\" data-id=\"4a6e9691\" data-element_type=\"widget\" data-e-type=\"widget\" data-widget_type=\"heading.default\">\n\t\t\t\t<div class=\"elementor-widget-container\">\n\t\t\t\t\t<h2 class=\"elementor-heading-title elementor-size-default\">Wir bieten spezielle Wanderwege\n<br>quer durch Menorca.<\/h2>\t\t\t\t<\/div>\n\t\t\t\t<\/div>\n\t\t\t\t<section class=\"elementor-section elementor-inner-section elementor-element elementor-element-29eef67b elementor-section-boxed elementor-section-height-default elementor-section-height-default\" data-id=\"29eef67b\" data-element_type=\"section\" data-e-type=\"section\">\n\t\t\t\t\t\t<div class=\"elementor-container elementor-column-gap-default\">\n\t\t\t\t\t<div class=\"elementor-column elementor-col-100 elementor-inner-column elementor-element elementor-element-f9c6936\" data-id=\"f9c6936\" data-element_type=\"column\" data-e-type=\"column\">\n\t\t\t<div class=\"elementor-widget-wrap elementor-element-populated\">\n\t\t\t\t\t\t<div class=\"elementor-element elementor-element-4ef3d6c7 elementor-widget elementor-widget-heading\" data-id=\"4ef3d6c7\" data-element_type=\"widget\" data-e-type=\"widget\" data-widget_type=\"heading.default\">\n\t\t\t\t<div class=\"elementor-widget-container\">\n\t\t\t\t\t<h3 class=\"elementor-heading-title elementor-size-default\">Wandern ist meine Passion<\/h3>\t\t\t\t<\/div>\n\t\t\t\t<\/div>\n\t\t\t\t<div class=\"elementor-element elementor-element-2062f6ef elementor-widget elementor-widget-text-editor\" data-id=\"2062f6ef\" data-element_type=\"widget\" data-e-type=\"widget\" data-widget_type=\"text-editor.default\">\n\t\t\t\t<div class=\"elementor-widget-container\">\n\t\t\t\t\t\t\t\t\t<p class=\"p1\"><span class=\"s1\">&#8222;Das Wandern ist meine Leidenschaft und das schon seit vielen Jahren! &#8222;<\/span><\/p>\n<p class=\"p1\"><span class=\"s1\">Vanessa ist Tausende von Kilometern auf Wanderwegen in Deutschland, der Schweiz, \u00d6sterreich und jetzt auf Menorca gewandert. Ihre Erfahrungen hat sie auf diese wundersch\u00f6ne Insel des Balearen-Archipels gebracht und kann sie mit Trails of Menorca erleben. <\/span><\/p>\t\t\t\t\t\t\t\t<\/div>\n\t\t\t\t<\/div>\n\t\t\t\t<div class=\"elementor-element elementor-element-6efc497d elementor-widget elementor-widget-heading\" data-id=\"6efc497d\" data-element_type=\"widget\" data-e-type=\"widget\" data-widget_type=\"heading.default\">\n\t\t\t\t<div class=\"elementor-widget-container\">\n\t\t\t\t\t<h3 class=\"elementor-heading-title elementor-size-default\">Erfahren Sie mehr \u00fcber Menorca<\/h3>\t\t\t\t<\/div>\n\t\t\t\t<\/div>\n\t\t\t\t<div class=\"elementor-element elementor-element-4baaf85b elementor-widget elementor-widget-text-editor\" data-id=\"4baaf85b\" data-element_type=\"widget\" data-e-type=\"widget\" data-widget_type=\"text-editor.default\">\n\t\t\t\t<div class=\"elementor-widget-container\">\n\t\t\t\t\t\t\t\t\t<p class=\"p1\"><span class=\"s1\">Bei Ihrer Wanderung k\u00f6nnen Sie nicht nur die Sch\u00f6nheit Menorcas genie\u00dfen, sondern auch viel \u00fcber die Insel lernen. <\/span><span class=\"s1\">Sie k\u00f6nnen die einzigartige Flora und Fauna der Insel kennen lernen, einschlie\u00dflich der vielf\u00e4ltigen Pflanzenwelt und der Lebensr\u00e4ume der einheimischen Tierwelt. Sie werden <\/span><span class=\"s1\">die geologischen Besonderheiten der Insel, wie die zerkl\u00fcfteten Klippen, H\u00f6hlen und die Entstehung der Landschaften im Laufe der Zeit, und e<\/span><span class=\"s1\">rforschen Sie die reiche Geschichte Menorcas anhand arch\u00e4ologischer St\u00e4tten wie alte Siedlungen, megalithische Monumente und pr\u00e4historische H\u00f6hlen.<\/span><\/p>\t\t\t\t\t\t\t\t<\/div>\n\t\t\t\t<\/div>\n\t\t\t\t<div class=\"elementor-element elementor-element-bc982b2 elementor-align-left elementor-mobile-align-center elementor-widget elementor-widget-button\" data-id=\"bc982b2\" data-element_type=\"widget\" data-e-type=\"widget\" data-widget_type=\"button.default\">\n\t\t\t\t<div class=\"elementor-widget-container\">\n\t\t\t\t\t\t\t\t\t<div class=\"elementor-button-wrapper\">\n\t\t\t\t\t<a class=\"elementor-button elementor-button-link elementor-size-sm\" href=\"https:\/\/trailsofmenorca.com\/de\/private-wanderungen\/\">\n\t\t\t\t\t\t<span class=\"elementor-button-content-wrapper\">\n\t\t\t\t\t\t\t\t\t<span class=\"elementor-button-text\">Zeige mir die Wanderwege<\/span>\n\t\t\t\t\t<\/span>\n\t\t\t\t\t<\/a>\n\t\t\t\t<\/div>\n\t\t\t\t\t\t\t\t<\/div>\n\t\t\t\t<\/div>\n\t\t\t\t\t<\/div>\n\t\t<\/div>\n\t\t\t\t\t<\/div>\n\t\t<\/section>\n\t\t\t\t<div class=\"elementor-element elementor-element-915f08d elementor-widget elementor-widget-text-editor\" data-id=\"915f08d\" data-element_type=\"widget\" data-e-type=\"widget\" data-widget_type=\"text-editor.default\">\n\t\t\t\t<div class=\"elementor-widget-container\">\n\t\t\t\t\t\t\t\t\t<p>Wollten Sie schon immer einmal auf Menorca wandern gehen? Dann z\u00f6gern Sie nicht l\u00e4nger. Jetzt ist die perfekte Zeit daf\u00fcr! Trails of Menorca hat die 12 sch\u00f6nsten Wanderwege f\u00fcr Sie zusammengestellt. Auf dieser Seite finden Sie Beschreibungen der Wanderwege, die von leicht bis anspruchsvoll reichen. Wir laden alle, vom Anf\u00e4nger bis zum erfahrenen Wanderer, ein, mit uns einen unvergesslichen Wandertag zu verbringen.<\/p><p><strong>Wenn Sie sich die verschiedenen Wanderwege ansehen m\u00f6chten<\/strong>, gehen Sie bitte zum Anfang dieser Seite und w\u00e4hlen Sie <strong>&#8222;Private Wanderungen<\/strong>&#8222;.<\/p><p>Klicken Sie auf jeden Weg, um eine vollst\u00e4ndige Beschreibung zu erhalten.<\/p><h3>Wie Sie eine Wanderung buchen k\u00f6nnen:<\/h3><p>Bitte senden Sie mir eine Nachricht \u00fcber mein <b><a href=\"https:\/\/trailsofmenorca.com\/de\/kontakt\/\">Kontaktformular<\/a>.<\/b><\/p>\t\t\t\t\t\t\t\t<\/div>\n\t\t\t\t<\/div>\n\t\t\t\t\t<\/div>\n\t\t<\/div>\n\t\t\t\t\t<\/div>\n\t\t<\/section>\n\t\t\t\t<section class=\"elementor-section elementor-top-section elementor-element elementor-element-2b44f8b elementor-section-boxed elementor-section-height-default elementor-section-height-default\" data-id=\"2b44f8b\" data-element_type=\"section\" data-e-type=\"section\">\n\t\t\t\t\t\t<div class=\"elementor-container elementor-column-gap-default\">\n\t\t\t\t\t<div class=\"elementor-column elementor-col-100 elementor-top-column elementor-element elementor-element-faf973d\" data-id=\"faf973d\" data-element_type=\"column\" data-e-type=\"column\">\n\t\t\t<div class=\"elementor-widget-wrap elementor-element-populated\">\n\t\t\t\t\t\t<div class=\"elementor-element elementor-element-ed369d7 elementor-widget elementor-widget-spacer\" data-id=\"ed369d7\" data-element_type=\"widget\" data-e-type=\"widget\" data-widget_type=\"spacer.default\">\n\t\t\t\t<div class=\"elementor-widget-container\">\n\t\t\t\t\t\t\t<div class=\"elementor-spacer\">\n\t\t\t<div class=\"elementor-spacer-inner\"><\/div>\n\t\t<\/div>\n\t\t\t\t\t\t<\/div>\n\t\t\t\t<\/div>\n\t\t\t\t\t<\/div>\n\t\t<\/div>\n\t\t\t\t\t<\/div>\n\t\t<\/section>\n\t\t\t\t<section class=\"elementor-section elementor-top-section elementor-element elementor-element-5c8ee90 elementor-section-boxed elementor-section-height-default elementor-section-height-default\" data-id=\"5c8ee90\" data-element_type=\"section\" data-e-type=\"section\">\n\t\t\t\t\t\t<div class=\"elementor-container elementor-column-gap-default\">\n\t\t\t\t\t<div class=\"elementor-column elementor-col-100 elementor-top-column elementor-element elementor-element-990d4e1\" data-id=\"990d4e1\" data-element_type=\"column\" data-e-type=\"column\">\n\t\t\t<div class=\"elementor-widget-wrap elementor-element-populated\">\n\t\t\t\t\t\t<div class=\"elementor-element elementor-element-0d4d570 elementor-widget elementor-widget-spacer\" data-id=\"0d4d570\" data-element_type=\"widget\" data-e-type=\"widget\" data-widget_type=\"spacer.default\">\n\t\t\t\t<div class=\"elementor-widget-container\">\n\t\t\t\t\t\t\t<div class=\"elementor-spacer\">\n\t\t\t<div class=\"elementor-spacer-inner\"><\/div>\n\t\t<\/div>\n\t\t\t\t\t\t<\/div>\n\t\t\t\t<\/div>\n\t\t\t\t\t<\/div>\n\t\t<\/div>\n\t\t\t\t\t<\/div>\n\t\t<\/section>\n\t\t\t\t<\/div>\n\t\t","protected":false},"excerpt":{"rendered":"<p>\u00dcber mich \u00dcber mich Sie lieben es, neue Wanderungen zu erkunden? Beginnen Sie Ihre Reise mit Trails of menorca! Ganz gleich, ob Sie ein Abenteurer, ein Romantiker oder ein Ruhesuchender sind, die Sch\u00f6nheit Menorcas l\u00e4dt Sie zu einer Reise voller Wunder und Entdeckungen ein. Buchen Sie Ihre Wandertour mit Trails of Menorca und tauchen Sie [&hellip;]<\/p>\n","protected":false},"author":1,"featured_media":0,"parent":0,"menu_order":0,"comment_status":"closed","ping_status":"closed","template":"elementor_header_footer","meta":{"_joinchat":[],"footnotes":""},"class_list":["post-6994","page","type-page","status-publish","hentry"],"_links":{"self":[{"href":"https:\/\/trailsofmenorca.com\/de\/wp-json\/wp\/v2\/pages\/6994","targetHints":{"allow":["GET"]}}],"collection":[{"href":"https:\/\/trailsofmenorca.com\/de\/wp-json\/wp\/v2\/pages"}],"about":[{"href":"https:\/\/trailsofmenorca.com\/de\/wp-json\/wp\/v2\/types\/page"}],"author":[{"embeddable":true,"href":"https:\/\/trailsofmenorca.com\/de\/wp-json\/wp\/v2\/users\/1"}],"replies":[{"embeddable":true,"href":"https:\/\/trailsofmenorca.com\/de\/wp-json\/wp\/v2\/comments?post=6994"}],"version-history":[{"count":0,"href":"https:\/\/trailsofmenorca.com\/de\/wp-json\/wp\/v2\/pages\/6994\/revisions"}],"wp:attachment":[{"href":"https:\/\/trailsofmenorca.com\/de\/wp-json\/wp\/v2\/media?parent=6994"}],"curies":[{"name":"wp","href":"https:\/\/api.w.org\/{rel}","templated":true}]}}