{"id":12935,"date":"2025-06-12T17:59:36","date_gmt":"2025-06-12T15:59:36","guid":{"rendered":"https:\/\/trailsofmenorca.com\/erklaerung-zu-risiko-und-haftung-2\/"},"modified":"2026-02-20T15:19:35","modified_gmt":"2026-02-20T14:19:35","slug":"erklaerung-zu-risiko-und-haftung-2","status":"publish","type":"page","link":"https:\/\/trailsofmenorca.com\/de\/erklaerung-zu-risiko-und-haftung-2\/","title":{"rendered":"Erkl\u00e4rung zu Risiko und Haftung"},"content":{"rendered":"\t\t<div data-elementor-type=\"wp-page\" data-elementor-id=\"12935\" class=\"elementor elementor-12935 elementor-11294\" data-elementor-post-type=\"page\">\n\t\t\t\t\t\t<section class=\"elementor-section elementor-top-section elementor-element elementor-element-260b653a elementor-section-boxed elementor-section-height-default elementor-section-height-default\" data-id=\"260b653a\" data-element_type=\"section\" data-e-type=\"section\" data-settings=\"{&quot;background_background&quot;:&quot;classic&quot;}\">\n\t\t\t\t\t\t\t<div class=\"elementor-background-overlay\"><\/div>\n\t\t\t\t\t\t\t<div class=\"elementor-container elementor-column-gap-default\">\n\t\t\t\t\t<div class=\"elementor-column elementor-col-100 elementor-top-column elementor-element elementor-element-7ef93fdf\" data-id=\"7ef93fdf\" data-element_type=\"column\" data-e-type=\"column\">\n\t\t\t<div class=\"elementor-widget-wrap elementor-element-populated\">\n\t\t\t\t\t\t<div class=\"elementor-element elementor-element-3949696f elementor-widget elementor-widget-heading\" data-id=\"3949696f\" data-element_type=\"widget\" data-e-type=\"widget\" data-widget_type=\"heading.default\">\n\t\t\t\t<div class=\"elementor-widget-container\">\n\t\t\t\t\t<h2 class=\"elementor-heading-title elementor-size-default\">Erkl\u00e4rung zu Risiko und Haftung:<\/h2>\t\t\t\t<\/div>\n\t\t\t\t<\/div>\n\t\t\t\t<div class=\"elementor-element elementor-element-4ef5bbdc elementor-absolute elementor-widget elementor-widget-heading\" data-id=\"4ef5bbdc\" data-element_type=\"widget\" data-e-type=\"widget\" data-settings=\"{&quot;_position&quot;:&quot;absolute&quot;}\" data-widget_type=\"heading.default\">\n\t\t\t\t<div class=\"elementor-widget-container\">\n\t\t\t\t\t<span class=\"elementor-heading-title elementor-size-default\">Erkl\u00e4rung zu Risiko und Haftung:<\/span>\t\t\t\t<\/div>\n\t\t\t\t<\/div>\n\t\t\t\t\t<\/div>\n\t\t<\/div>\n\t\t\t\t\t<\/div>\n\t\t<\/section>\n\t\t\t\t<section class=\"elementor-section elementor-top-section elementor-element elementor-element-2b595fe2 elementor-section-boxed elementor-section-height-default elementor-section-height-default\" data-id=\"2b595fe2\" data-element_type=\"section\" data-e-type=\"section\">\n\t\t\t\t\t\t<div class=\"elementor-container elementor-column-gap-default\">\n\t\t\t\t\t<div class=\"elementor-column elementor-col-100 elementor-top-column elementor-element elementor-element-7d42ab1a\" data-id=\"7d42ab1a\" data-element_type=\"column\" data-e-type=\"column\">\n\t\t\t<div class=\"elementor-widget-wrap elementor-element-populated\">\n\t\t\t\t\t\t<div class=\"elementor-element elementor-element-5a9bc75 elementor-widget elementor-widget-heading\" data-id=\"5a9bc75\" data-element_type=\"widget\" data-e-type=\"widget\" data-widget_type=\"heading.default\">\n\t\t\t\t<div class=\"elementor-widget-container\">\n\t\t\t\t\t<h3 class=\"elementor-heading-title elementor-size-default\">Trails of Menorca<\/h3>\t\t\t\t<\/div>\n\t\t\t\t<\/div>\n\t\t\t\t<div class=\"elementor-element elementor-element-599b7b55 elementor-widget elementor-widget-text-editor\" data-id=\"599b7b55\" data-element_type=\"widget\" data-e-type=\"widget\" data-widget_type=\"text-editor.default\">\n\t\t\t\t<div class=\"elementor-widget-container\">\n\t\t\t\t\t\t\t\t\t<p>Trails of Menorca&#8220; ist ein Einzelunternehmen nach spanischem Recht mit Sitz in 07711 Binissafuller, Carrer des Ullastres 3, Menorca, Illes Baleares.<\/p>\t\t\t\t\t\t\t\t<\/div>\n\t\t\t\t<\/div>\n\t\t\t\t<div class=\"elementor-element elementor-element-30c211aa elementor-widget elementor-widget-heading\" data-id=\"30c211aa\" data-element_type=\"widget\" data-e-type=\"widget\" data-widget_type=\"heading.default\">\n\t\t\t\t<div class=\"elementor-widget-container\">\n\t\t\t\t\t<h3 class=\"elementor-heading-title elementor-size-default\">Risiko- und Haftungserkl\u00e4rung<\/h3>\t\t\t\t<\/div>\n\t\t\t\t<\/div>\n\t\t\t\t<div class=\"elementor-element elementor-element-645b634 elementor-widget elementor-widget-text-editor\" data-id=\"645b634\" data-element_type=\"widget\" data-e-type=\"widget\" data-widget_type=\"text-editor.default\">\n\t\t\t\t<div class=\"elementor-widget-container\">\n\t\t\t\t\t\t\t\t\t<p>Der Hauptkunde der Buchung erkl\u00e4rt in seinem eigenen Namen und im Namen der anderen Teilnehmer an der Buchung, im Folgenden als: &#8222;die Teilnehmer&#8220;, dass die Teilnehmer dar\u00fcber informiert worden sind, dass alle Teilnehmer mit der Buchung erkl\u00e4ren, dass sie diese vollst\u00e4ndig verstehen und akzeptieren.<\/p>\t\t\t\t\t\t\t\t<\/div>\n\t\t\t\t<\/div>\n\t\t\t\t<div class=\"elementor-element elementor-element-62a72b0 elementor-widget elementor-widget-text-editor\" data-id=\"62a72b0\" data-element_type=\"widget\" data-e-type=\"widget\" data-widget_type=\"text-editor.default\">\n\t\t\t\t<div class=\"elementor-widget-container\">\n\t\t\t\t\t\t\t\t\t<p>Dies betrifft die folgenden Punkte:<\/p><ul><li>dass die Teilnehmer vom Veranstalter (&#8218;Trails of Menorca&#8216;) darauf hingewiesen werden, dass sie sich vor der Teilnahme in einem guten Gesundheits- und Fitnesszustand befinden.<\/li><li>dass mit der\/den Aktivit\u00e4t(en), an der\/denen die Teilnehmer teilnehmen werden, inh\u00e4rente Risiken\/Gefahren f\u00fcr die Teilnehmer verbunden sind, einschlie\u00dflich &#8211; aber nicht beschr\u00e4nkt auf &#8211; das Risiko, dass Eigentum besch\u00e4digt wird\/verloren geht, das Risiko, dass die Teilnehmer von den Rettungsdiensten nicht erreicht werden k\u00f6nnen, das Risiko von (schweren) k\u00f6rperlichen Verletzungen und das Risiko des Todes.<\/li><li>dass die Teilnehmer selbst f\u00fcr ihre Gesundheit und Sicherheit verantwortlich sind und dass die Teilnahme daher ausdr\u00fccklich auf eigene Gefahr erfolgt.  <\/li><li>dass der Veranstalter und alle mit ihm verbundenen und von ihm beauftragten (unterst\u00fctzenden) Personen (Ausbilder, F\u00fchrer usw.) gegen\u00fcber den Teilnehmern oder Dritten (Familie\/Verwandte\/Erben\/Betreuer) in keiner Weise haftbar und verantwortlich ist\/sind f\u00fcr etwaige Folgen<br>(materieller\/immaterieller Schaden), die die Teilnehmer oder Dritte im Zusammenhang mit der Teilnahme der Teilnehmer an der Aktivit\u00e4t\/den Aktivit\u00e4ten erleiden.<\/li><li>dass die Teilnehmer vom Veranstalter ausdr\u00fccklich auf die vorgenannten Risiken\/Gefahren hingewiesen worden sind.<\/li><\/ul>\t\t\t\t\t\t\t\t<\/div>\n\t\t\t\t<\/div>\n\t\t\t\t\t<\/div>\n\t\t<\/div>\n\t\t\t\t\t<\/div>\n\t\t<\/section>\n\t\t\t\t<section class=\"elementor-section elementor-top-section elementor-element elementor-element-2b44f8b elementor-section-boxed elementor-section-height-default elementor-section-height-default\" data-id=\"2b44f8b\" data-element_type=\"section\" data-e-type=\"section\">\n\t\t\t\t\t\t<div class=\"elementor-container elementor-column-gap-default\">\n\t\t\t\t\t<div class=\"elementor-column elementor-col-100 elementor-top-column elementor-element elementor-element-faf973d\" data-id=\"faf973d\" data-element_type=\"column\" data-e-type=\"column\">\n\t\t\t<div class=\"elementor-widget-wrap elementor-element-populated\">\n\t\t\t\t\t\t<div class=\"elementor-element elementor-element-ed369d7 elementor-widget elementor-widget-spacer\" data-id=\"ed369d7\" data-element_type=\"widget\" data-e-type=\"widget\" data-widget_type=\"spacer.default\">\n\t\t\t\t<div class=\"elementor-widget-container\">\n\t\t\t\t\t\t\t<div class=\"elementor-spacer\">\n\t\t\t<div class=\"elementor-spacer-inner\"><\/div>\n\t\t<\/div>\n\t\t\t\t\t\t<\/div>\n\t\t\t\t<\/div>\n\t\t\t\t\t<\/div>\n\t\t<\/div>\n\t\t\t\t\t<\/div>\n\t\t<\/section>\n\t\t\t\t<section class=\"elementor-section elementor-top-section elementor-element elementor-element-5c8ee90 elementor-section-boxed elementor-section-height-default elementor-section-height-default\" data-id=\"5c8ee90\" data-element_type=\"section\" data-e-type=\"section\">\n\t\t\t\t\t\t<div class=\"elementor-container elementor-column-gap-default\">\n\t\t\t\t\t<div class=\"elementor-column elementor-col-100 elementor-top-column elementor-element elementor-element-990d4e1\" data-id=\"990d4e1\" data-element_type=\"column\" data-e-type=\"column\">\n\t\t\t<div class=\"elementor-widget-wrap elementor-element-populated\">\n\t\t\t\t\t\t<div class=\"elementor-element elementor-element-0d4d570 elementor-widget elementor-widget-spacer\" data-id=\"0d4d570\" data-element_type=\"widget\" data-e-type=\"widget\" data-widget_type=\"spacer.default\">\n\t\t\t\t<div class=\"elementor-widget-container\">\n\t\t\t\t\t\t\t<div class=\"elementor-spacer\">\n\t\t\t<div class=\"elementor-spacer-inner\"><\/div>\n\t\t<\/div>\n\t\t\t\t\t\t<\/div>\n\t\t\t\t<\/div>\n\t\t\t\t\t<\/div>\n\t\t<\/div>\n\t\t\t\t\t<\/div>\n\t\t<\/section>\n\t\t\t\t<\/div>\n\t\t","protected":false},"excerpt":{"rendered":"<p>Erkl\u00e4rung zu Risiko und Haftung: Erkl\u00e4rung zu Risiko und Haftung: Trails of Menorca Trails of Menorca&#8220; ist ein Einzelunternehmen nach spanischem Recht mit Sitz in 07711 Binissafuller, Carrer des Ullastres 3, Menorca, Illes Baleares. Risiko- und Haftungserkl\u00e4rung Der Hauptkunde der Buchung erkl\u00e4rt in seinem eigenen Namen und im Namen der anderen Teilnehmer an der Buchung, [&hellip;]<\/p>\n","protected":false},"author":5,"featured_media":0,"parent":0,"menu_order":0,"comment_status":"closed","ping_status":"closed","template":"elementor_header_footer","meta":{"_joinchat":[],"footnotes":""},"class_list":["post-12935","page","type-page","status-publish","hentry"],"_links":{"self":[{"href":"https:\/\/trailsofmenorca.com\/de\/wp-json\/wp\/v2\/pages\/12935","targetHints":{"allow":["GET"]}}],"collection":[{"href":"https:\/\/trailsofmenorca.com\/de\/wp-json\/wp\/v2\/pages"}],"about":[{"href":"https:\/\/trailsofmenorca.com\/de\/wp-json\/wp\/v2\/types\/page"}],"author":[{"embeddable":true,"href":"https:\/\/trailsofmenorca.com\/de\/wp-json\/wp\/v2\/users\/5"}],"replies":[{"embeddable":true,"href":"https:\/\/trailsofmenorca.com\/de\/wp-json\/wp\/v2\/comments?post=12935"}],"version-history":[{"count":0,"href":"https:\/\/trailsofmenorca.com\/de\/wp-json\/wp\/v2\/pages\/12935\/revisions"}],"wp:attachment":[{"href":"https:\/\/trailsofmenorca.com\/de\/wp-json\/wp\/v2\/media?parent=12935"}],"curies":[{"name":"wp","href":"https:\/\/api.w.org\/{rel}","templated":true}]}}