{"id":10158,"date":"2025-04-23T18:30:32","date_gmt":"2025-04-23T16:30:32","guid":{"rendered":"https:\/\/trailsofmenorca.com\/prices\/"},"modified":"2026-04-12T13:02:59","modified_gmt":"2026-04-12T11:02:59","slug":"preise","status":"publish","type":"page","link":"https:\/\/trailsofmenorca.com\/de\/preise\/","title":{"rendered":"Preise"},"content":{"rendered":"\t\t<div data-elementor-type=\"wp-page\" data-elementor-id=\"10158\" class=\"elementor elementor-10158 elementor-10118\" data-elementor-post-type=\"page\">\n\t\t\t\t<div class=\"elementor-element elementor-element-65f4e8a e-flex e-con-boxed e-con e-parent\" data-id=\"65f4e8a\" data-element_type=\"container\" data-e-type=\"container\" data-settings=\"{&quot;background_background&quot;:&quot;classic&quot;}\">\n\t\t\t\t\t<div class=\"e-con-inner\">\n\t\t<div class=\"elementor-element elementor-element-a6d6428 e-con-full e-flex e-con e-child\" data-id=\"a6d6428\" data-element_type=\"container\" data-e-type=\"container\">\n\t\t\t\t<div class=\"elementor-element elementor-element-dc118b2 elementor-widget elementor-widget-heading\" data-id=\"dc118b2\" data-element_type=\"widget\" data-e-type=\"widget\" data-widget_type=\"heading.default\">\n\t\t\t\t<div class=\"elementor-widget-container\">\n\t\t\t\t\t<h2 class=\"elementor-heading-title elementor-size-default\">Preise<\/h2>\t\t\t\t<\/div>\n\t\t\t\t<\/div>\n\t\t\t\t<div class=\"elementor-element elementor-element-8306d5f elementor-absolute elementor-widget__width-inherit elementor-widget elementor-widget-heading\" data-id=\"8306d5f\" data-element_type=\"widget\" data-e-type=\"widget\" data-settings=\"{&quot;_position&quot;:&quot;absolute&quot;}\" data-widget_type=\"heading.default\">\n\t\t\t\t<div class=\"elementor-widget-container\">\n\t\t\t\t\t<span class=\"elementor-heading-title elementor-size-default\">Preise<\/span>\t\t\t\t<\/div>\n\t\t\t\t<\/div>\n\t\t\t\t<\/div>\n\t\t\t\t\t<\/div>\n\t\t\t\t<\/div>\n\t\t<div class=\"elementor-element elementor-element-39cb5ed e-flex e-con-boxed e-con e-parent\" data-id=\"39cb5ed\" data-element_type=\"container\" data-e-type=\"container\">\n\t\t\t\t\t<div class=\"e-con-inner\">\n\t\t<div class=\"elementor-element elementor-element-5b3267d e-con-full e-flex e-con e-child\" data-id=\"5b3267d\" data-element_type=\"container\" data-e-type=\"container\" data-settings=\"{&quot;background_background&quot;:&quot;classic&quot;}\">\n\t\t\t\t<div class=\"elementor-element elementor-element-c1902b4 elementor-widget elementor-widget-heading\" data-id=\"c1902b4\" data-element_type=\"widget\" data-e-type=\"widget\" data-widget_type=\"heading.default\">\n\t\t\t\t<div class=\"elementor-widget-container\">\n\t\t\t\t\t<h2 class=\"elementor-heading-title elementor-size-default\">Private Wanderungen<\/h2>\t\t\t\t<\/div>\n\t\t\t\t<\/div>\n\t\t\t\t<div class=\"elementor-element elementor-element-7a1eaaa elementor-widget elementor-widget-heading\" data-id=\"7a1eaaa\" data-element_type=\"widget\" data-e-type=\"widget\" data-widget_type=\"heading.default\">\n\t\t\t\t<div class=\"elementor-widget-container\">\n\t\t\t\t\t<h2 class=\"elementor-heading-title elementor-size-small\">WAS KOSTET EINE PRIVATE WANDERUNG?<\/h2>\t\t\t\t<\/div>\n\t\t\t\t<\/div>\n\t\t\t\t<div class=\"elementor-element elementor-element-768e207 elementor-widget elementor-widget-text-editor\" data-id=\"768e207\" data-element_type=\"widget\" data-e-type=\"widget\" data-widget_type=\"text-editor.default\">\n\t\t\t\t<div class=\"elementor-widget-container\">\n\t\t\t\t\t\t\t\t\t<p class=\"p1\"><span data-sheets-root=\"1\">Alle <b>Halbtags-Wanderungen<\/b> kosten <b>240,00 EUR inkl. MwSt. <\/b>pro Wanderung<br \/>(f\u00fcr eine Gruppe von 1-4 Personen; Familie\/Freunde).<\/span><\/p><p>Sind Sie mehr als 4 Personen? Dann kontaktieren Sie mich bitte.<\/p><p><span data-sheets-root=\"1\">Startzeit vereinbaren wir (normalerweise zwischen 8-9 Uhr)<\/span><\/p>\t\t\t\t\t\t\t\t<\/div>\n\t\t\t\t<\/div>\n\t\t\t\t<div class=\"elementor-element elementor-element-a5f788a elementor-widget elementor-widget-text-editor\" data-id=\"a5f788a\" data-element_type=\"widget\" data-e-type=\"widget\" data-widget_type=\"text-editor.default\">\n\t\t\t\t<div class=\"elementor-widget-container\">\n\t\t\t\t\t\t\t\t\t<p class=\"p1\"><span data-sheets-root=\"1\"><b>Sonnenaufgangs \u2013 (einfach) tour &amp; Sonnenuntergangs \u2013 (einfach) tour <\/b><br>kosten<b> 170,00<\/b> <b>EUR inkl. MwSt. <\/b> jede Wanderung<br>(f\u00fcr eine Gruppe von 1-4 Personen; Familie\/Freunde) <\/span><span data-sheets-root=\"1\">Wenn Sie mehr Personen sind, kontaktieren Sie mich bitte.<\/span><\/p><p class=\"p1\"><span data-sheets-root=\"1\">Startzeiten sind Jahreszeitenabh\u00e4ngig.<\/span><\/p>\t\t\t\t\t\t\t\t<\/div>\n\t\t\t\t<\/div>\n\t\t\t\t<div class=\"elementor-element elementor-element-ec90f88 elementor-widget elementor-widget-text-editor\" data-id=\"ec90f88\" data-element_type=\"widget\" data-e-type=\"widget\" data-widget_type=\"text-editor.default\">\n\t\t\t\t<div class=\"elementor-widget-container\">\n\t\t\t\t\t\t\t\t\t<p class=\"p1\">Wenn Sie im Men\u00fc auf<br>\u201e<b>Private Wanderungen<\/b>\u201c klicken, sehen Sie eine Auswahl an privaten Touren.<\/p>\t\t\t\t\t\t\t\t<\/div>\n\t\t\t\t<\/div>\n\t\t\t\t<div class=\"elementor-element elementor-element-cba79f0 elementor-widget elementor-widget-heading\" data-id=\"cba79f0\" data-element_type=\"widget\" data-e-type=\"widget\" data-widget_type=\"heading.default\">\n\t\t\t\t<div class=\"elementor-widget-container\">\n\t\t\t\t\t<h2 class=\"elementor-heading-title elementor-size-small\">WAS IST IN EINER PRIVATEN WANDERUNG ENTHALTEN?<\/h2>\t\t\t\t<\/div>\n\t\t\t\t<\/div>\n\t\t\t\t<div class=\"elementor-element elementor-element-532250f elementor-widget elementor-widget-text-editor\" data-id=\"532250f\" data-element_type=\"widget\" data-e-type=\"widget\" data-widget_type=\"text-editor.default\">\n\t\t\t\t<div class=\"elementor-widget-container\">\n\t\t\t\t\t\t\t\t\t<ul><li>V\u00f6llig private Tour: nur Sie und Ihre Freunde\/Familie (bis zu 4 Personen)<\/li><li>Transport in meinem Land Rover Defender: Abholung und R\u00fcckfahrt zu Ihrer Unterkunft (oder einem vereinbarten Ort)<\/li><li>Eine professionelle, zertifizierte Wanderf\u00fchrerin, die \u00fcber Erste-Hilfe-Kenntnisse verf\u00fcgt, mit Satellitentelefon und AED (Defibrillator) ausgestattet ist und Deutsch und Englisch spricht (sowie etwas Franz\u00f6sisch und Spanisch und \u00fcber gute Italienischkenntnisse verf\u00fcgt).<\/li><li>Wasserflaschen, frisches Obst<\/li><li><span style=\"background-color: transparent;\">Fotos und Videos (anschlie\u00dfend \u00fcber Dropbox)<\/span><\/li><li>Unterhaltsame Aktivit\u00e4ten f\u00fcr Kinder<\/li><li>Eintrittskarten, falls erforderlich<\/li><li>Ausleihen von Wanderausr\u00fcstung, Schnorchelausr\u00fcstung, Rucksack und Handtuch<\/li><li>Ein Hygienebeutel und Taschent\u00fccher<\/li><\/ul>\t\t\t\t\t\t\t\t<\/div>\n\t\t\t\t<\/div>\n\t\t\t\t<div class=\"elementor-element elementor-element-5a9082a elementor-widget elementor-widget-heading\" data-id=\"5a9082a\" data-element_type=\"widget\" data-e-type=\"widget\" data-widget_type=\"heading.default\">\n\t\t\t\t<div class=\"elementor-widget-container\">\n\t\t\t\t\t<h2 class=\"elementor-heading-title elementor-size-small\">WIE SIE BUCHEN K\u00d6NNEN <\/h2>\t\t\t\t<\/div>\n\t\t\t\t<\/div>\n\t\t\t\t<div class=\"elementor-element elementor-element-b86258a elementor-widget elementor-widget-text-editor\" data-id=\"b86258a\" data-element_type=\"widget\" data-e-type=\"widget\" data-widget_type=\"text-editor.default\">\n\t\t\t\t<div class=\"elementor-widget-container\">\n\t\t\t\t\t\t\t\t\t<p>Wenn Sie eine private Wanderung buchen m\u00f6chten, gehen Sie bitte zu der Wanderroute, die Sie interessiert, und klicken Sie auf die Schaltfl\u00e4che \u201e<strong>Ich bin interessiert<\/strong>\u201c. Sie k\u00f6nnen mich auch \u00fcber die Kontakt-Schaltfl\u00e4che im Men\u00fc kontaktieren. Bitte geben Sie die erforderlichen Angaben ein, und ich werde mich in K\u00fcrze bei Ihnen melden.  <\/p><p>Wenn Sie Fragen haben, erreichen Sie mich unter der Telefonnummer<a href=\"tel:+34691146453\"> <b>+34 691 146 453<\/b> <\/a>oder per E-Mail unter: <b><a href=\"mailto:info@trailsofmenorca.com\">info@trailsofmenorca.com<\/a><\/b><\/p>\t\t\t\t\t\t\t\t<\/div>\n\t\t\t\t<\/div>\n\t\t\t\t<\/div>\n\t\t<div class=\"elementor-element elementor-element-e58b47c e-con-full e-flex e-con e-child\" data-id=\"e58b47c\" data-element_type=\"container\" data-e-type=\"container\" data-settings=\"{&quot;background_background&quot;:&quot;classic&quot;}\">\n\t\t\t\t<div class=\"elementor-element elementor-element-3520820 elementor-widget elementor-widget-heading\" data-id=\"3520820\" data-element_type=\"widget\" data-e-type=\"widget\" data-widget_type=\"heading.default\">\n\t\t\t\t<div class=\"elementor-widget-container\">\n\t\t\t\t\t<h2 class=\"elementor-heading-title elementor-size-default\">Individuelle Touren\nMa\u00dfgeschneidert f\u00fcr Sie<\/h2>\t\t\t\t<\/div>\n\t\t\t\t<\/div>\n\t\t\t\t<div class=\"elementor-element elementor-element-0e49af7 elementor-widget elementor-widget-heading\" data-id=\"0e49af7\" data-element_type=\"widget\" data-e-type=\"widget\" data-widget_type=\"heading.default\">\n\t\t\t\t<div class=\"elementor-widget-container\">\n\t\t\t\t\t<h2 class=\"elementor-heading-title elementor-size-small\">WIE VIEL KOSTET EINE INDIVIDUELLE TOUR?<\/h2>\t\t\t\t<\/div>\n\t\t\t\t<\/div>\n\t\t\t\t<div class=\"elementor-element elementor-element-b098245 elementor-widget elementor-widget-text-editor\" data-id=\"b098245\" data-element_type=\"widget\" data-e-type=\"widget\" data-widget_type=\"text-editor.default\">\n\t\t\t\t<div class=\"elementor-widget-container\">\n\t\t\t\t\t\t\t\t\t<p>Je nachdem, was Sie w\u00e4hrend Ihres Aufenthalts unternehmen und sehen m\u00f6chten, sende ich Ihnen ein kostenloses, individuelles Angebot per E-Mail zu.<\/p>\t\t\t\t\t\t\t\t<\/div>\n\t\t\t\t<\/div>\n\t\t\t\t<div class=\"elementor-element elementor-element-8a7047e elementor-widget elementor-widget-text-editor\" data-id=\"8a7047e\" data-element_type=\"widget\" data-e-type=\"widget\" data-widget_type=\"text-editor.default\">\n\t\t\t\t<div class=\"elementor-widget-container\">\n\t\t\t\t\t\t\t\t\t<p>Der Transfer von und zu Ihrer Unterkunft in meinem Land Rover Defender ist im Preis inbegriffen.<\/p>\t\t\t\t\t\t\t\t<\/div>\n\t\t\t\t<\/div>\n\t\t\t\t<div class=\"elementor-element elementor-element-da0ebe0 elementor-widget elementor-widget-text-editor\" data-id=\"da0ebe0\" data-element_type=\"widget\" data-e-type=\"widget\" data-widget_type=\"text-editor.default\">\n\t\t\t\t<div class=\"elementor-widget-container\">\n\t\t\t\t\t\t\t\t\t<p>Einzelwanderungen\/-touren werden in der Regel f\u00fcr bis zu 4 Personen angeboten. Sollten Sie eine gr\u00f6\u00dfere Gruppe sein, kontaktieren Sie mich bitte, um die M\u00f6glichkeiten zu besprechen. <\/p>\t\t\t\t\t\t\t\t<\/div>\n\t\t\t\t<\/div>\n\t\t\t\t<div class=\"elementor-element elementor-element-220c2d6 elementor-widget elementor-widget-text-editor\" data-id=\"220c2d6\" data-element_type=\"widget\" data-e-type=\"widget\" data-widget_type=\"text-editor.default\">\n\t\t\t\t<div class=\"elementor-widget-container\">\n\t\t\t\t\t\t\t\t\t<p>Halbtags oder Ganztags<\/p>\t\t\t\t\t\t\t\t<\/div>\n\t\t\t\t<\/div>\n\t\t\t\t<div class=\"elementor-element elementor-element-254448c elementor-widget elementor-widget-text-editor\" data-id=\"254448c\" data-element_type=\"widget\" data-e-type=\"widget\" data-widget_type=\"text-editor.default\">\n\t\t\t\t<div class=\"elementor-widget-container\">\n\t\t\t\t\t\t\t\t\t<p>Gestalten Sie ihren Zeitplan ganz nach ihren W\u00fcnschen. Wenn Sie Rat ben\u00f6tigen, helfe ich gerne. Ganz nach ihrem eigenen Zeitplan und ihrem eigenen Tempo.  <\/p>\t\t\t\t\t\t\t\t<\/div>\n\t\t\t\t<\/div>\n\t\t\t\t<div class=\"elementor-element elementor-element-e00d1ab elementor-widget elementor-widget-heading\" data-id=\"e00d1ab\" data-element_type=\"widget\" data-e-type=\"widget\" data-widget_type=\"heading.default\">\n\t\t\t\t<div class=\"elementor-widget-container\">\n\t\t\t\t\t<h2 class=\"elementor-heading-title elementor-size-small\">WAS IST IN EINER EINZELWANDERUNG ENTHALTEN?<\/h2>\t\t\t\t<\/div>\n\t\t\t\t<\/div>\n\t\t\t\t<div class=\"elementor-element elementor-element-7682eb0 elementor-widget elementor-widget-text-editor\" data-id=\"7682eb0\" data-element_type=\"widget\" data-e-type=\"widget\" data-widget_type=\"text-editor.default\">\n\t\t\t\t<div class=\"elementor-widget-container\">\n\t\t\t\t\t\t\t\t\t<p>Wir k\u00f6nnen das gerne pers\u00f6nlich besprechen.<\/p>\t\t\t\t\t\t\t\t<\/div>\n\t\t\t\t<\/div>\n\t\t\t\t<div class=\"elementor-element elementor-element-3d9f7d5 elementor-widget elementor-widget-heading\" data-id=\"3d9f7d5\" data-element_type=\"widget\" data-e-type=\"widget\" data-widget_type=\"heading.default\">\n\t\t\t\t<div class=\"elementor-widget-container\">\n\t\t\t\t\t<h2 class=\"elementor-heading-title elementor-size-small\">KONTAKTDATEN UND SO ERREICHEN SIE MICH<\/h2>\t\t\t\t<\/div>\n\t\t\t\t<\/div>\n\t\t\t\t<div class=\"elementor-element elementor-element-baabab1 elementor-widget elementor-widget-text-editor\" data-id=\"baabab1\" data-element_type=\"widget\" data-e-type=\"widget\" data-widget_type=\"text-editor.default\">\n\t\t\t\t<div class=\"elementor-widget-container\">\n\t\t\t\t\t\t\t\t\t<p>Bitte senden Sie mir eine Nachricht \u00fcber mein<b> Kontaktformular <\/b>im Men\u00fc oder kontaktieren Sie mich direkt:<\/p>\n<p>Vanessa Rainers<br><a href=\"mailto:info@trailsofmenorca.com\">info@trailsofmenorca.com<\/a><br><b>Mobile:<\/b> <a href=\"tel:+34691146453\">+34 691 146 453<\/a><\/p>\t\t\t\t\t\t\t\t<\/div>\n\t\t\t\t<\/div>\n\t\t\t\t<\/div>\n\t\t\t\t\t<\/div>\n\t\t\t\t<\/div>\n\t\t\t\t<\/div>\n\t\t","protected":false},"excerpt":{"rendered":"<p>Preise Preise Private Wanderungen WAS KOSTET EINE PRIVATE WANDERUNG? Alle Halbtags-Wanderungen kosten 240,00 EUR inkl. MwSt. pro Wanderung(f\u00fcr eine Gruppe von 1-4 Personen; Familie\/Freunde). Sind Sie mehr als 4 Personen? Dann kontaktieren Sie mich bitte. Startzeit vereinbaren wir (normalerweise zwischen 8-9 Uhr) Sonnenaufgangs \u2013 (einfach) tour &amp; Sonnenuntergangs \u2013 (einfach) tour kosten 170,00 EUR inkl. [&hellip;]<\/p>\n","protected":false},"author":5,"featured_media":0,"parent":0,"menu_order":0,"comment_status":"closed","ping_status":"closed","template":"elementor_header_footer","meta":{"_joinchat":[],"footnotes":""},"class_list":["post-10158","page","type-page","status-publish","hentry"],"_links":{"self":[{"href":"https:\/\/trailsofmenorca.com\/de\/wp-json\/wp\/v2\/pages\/10158","targetHints":{"allow":["GET"]}}],"collection":[{"href":"https:\/\/trailsofmenorca.com\/de\/wp-json\/wp\/v2\/pages"}],"about":[{"href":"https:\/\/trailsofmenorca.com\/de\/wp-json\/wp\/v2\/types\/page"}],"author":[{"embeddable":true,"href":"https:\/\/trailsofmenorca.com\/de\/wp-json\/wp\/v2\/users\/5"}],"replies":[{"embeddable":true,"href":"https:\/\/trailsofmenorca.com\/de\/wp-json\/wp\/v2\/comments?post=10158"}],"version-history":[{"count":21,"href":"https:\/\/trailsofmenorca.com\/de\/wp-json\/wp\/v2\/pages\/10158\/revisions"}],"predecessor-version":[{"id":14189,"href":"https:\/\/trailsofmenorca.com\/de\/wp-json\/wp\/v2\/pages\/10158\/revisions\/14189"}],"wp:attachment":[{"href":"https:\/\/trailsofmenorca.com\/de\/wp-json\/wp\/v2\/media?parent=10158"}],"curies":[{"name":"wp","href":"https:\/\/api.w.org\/{rel}","templated":true}]}}